
{"id":66,"date":"2023-01-11T15:00:48","date_gmt":"2023-01-11T18:00:48","guid":{"rendered":"http:\/\/localhost\/multisites\/modelo\/?page_id=49"},"modified":"2026-03-30T14:36:06","modified_gmt":"2026-03-30T17:36:06","slug":"homepage","status":"publish","type":"page","link":"https:\/\/goias.gov.br\/ocupagoias\/","title":{"rendered":"Homepage"},"content":{"rendered":"\t\t<div data-elementor-type=\"wp-page\" data-elementor-id=\"66\" class=\"elementor elementor-66\">\n\t\t\t\t<div class=\"elementor-element elementor-element-94b25b8 e-grid e-con-boxed e-con e-parent\" data-id=\"94b25b8\" data-element_type=\"container\" data-e-type=\"container\" data-settings=\"{&quot;background_background&quot;:&quot;classic&quot;}\">\n\t\t\t\t\t<div class=\"e-con-inner\">\n\t\t\t\t<div class=\"elementor-element elementor-element-5f424a6 elementor-widget elementor-widget-image\" data-id=\"5f424a6\" data-element_type=\"widget\" data-e-type=\"widget\" data-widget_type=\"image.default\">\n\t\t\t\t\t\t\t\t\t\t\t\t<figure class=\"wp-caption\">\n\t\t\t\t\t\t\t\t\t\t\t<a href=\"\/ocupagoias\/artes-visuais\/\">\n\t\t\t\t\t\t\t<img decoding=\"async\" src=\"http:\/\/goias.gov.br\/ocupagoias\/wp-content\/uploads\/sites\/46\/2024\/09\/1-ARTES-VISUAIS.png\" title=\"\" alt=\"\" loading=\"lazy\" \/>\t\t\t\t\t\t\t\t<\/a>\n\t\t\t\t\t\t\t\t\t\t\t<figcaption class=\"widget-image-caption wp-caption-text\">Artes Visuais<\/figcaption>\n\t\t\t\t\t\t\t\t\t\t<\/figure>\n\t\t\t\t\t\t\t\t\t<\/div>\n\t\t\t\t<div class=\"elementor-element elementor-element-52c7bb3 elementor-widget elementor-widget-image\" data-id=\"52c7bb3\" data-element_type=\"widget\" data-e-type=\"widget\" data-widget_type=\"image.default\">\n\t\t\t\t\t\t\t\t\t\t\t\t<figure class=\"wp-caption\">\n\t\t\t\t\t\t\t\t\t\t\t<a href=\"\/ocupagoias\/concertos\/\">\n\t\t\t\t\t\t\t<img decoding=\"async\" src=\"http:\/\/goias.gov.br\/ocupagoias\/wp-content\/uploads\/sites\/46\/2024\/09\/2-CONCERTOS.png\" title=\"\" alt=\"\" loading=\"lazy\" \/>\t\t\t\t\t\t\t\t<\/a>\n\t\t\t\t\t\t\t\t\t\t\t<figcaption class=\"widget-image-caption wp-caption-text\">Concertos<\/figcaption>\n\t\t\t\t\t\t\t\t\t\t<\/figure>\n\t\t\t\t\t\t\t\t\t<\/div>\n\t\t\t\t<div class=\"elementor-element elementor-element-748374f elementor-widget elementor-widget-image\" data-id=\"748374f\" data-element_type=\"widget\" data-e-type=\"widget\" data-widget_type=\"image.default\">\n\t\t\t\t\t\t\t\t\t\t\t\t<figure class=\"wp-caption\">\n\t\t\t\t\t\t\t\t\t\t\t<a href=\"\/ocupagoias\/danca\/\">\n\t\t\t\t\t\t\t<img decoding=\"async\" src=\"http:\/\/goias.gov.br\/ocupagoias\/wp-content\/uploads\/sites\/46\/2024\/09\/3-DANCA.png\" title=\"\" alt=\"\" loading=\"lazy\" \/>\t\t\t\t\t\t\t\t<\/a>\n\t\t\t\t\t\t\t\t\t\t\t<figcaption class=\"widget-image-caption wp-caption-text\">Dan\u00e7a<\/figcaption>\n\t\t\t\t\t\t\t\t\t\t<\/figure>\n\t\t\t\t\t\t\t\t\t<\/div>\n\t\t\t\t<div class=\"elementor-element elementor-element-d19301e elementor-widget elementor-widget-image\" data-id=\"d19301e\" data-element_type=\"widget\" data-e-type=\"widget\" data-widget_type=\"image.default\">\n\t\t\t\t\t\t\t\t\t\t\t\t<figure class=\"wp-caption\">\n\t\t\t\t\t\t\t\t\t\t\t<a href=\"\/ocupagoias\/exposicoes\/\">\n\t\t\t\t\t\t\t<img decoding=\"async\" src=\"http:\/\/goias.gov.br\/ocupagoias\/wp-content\/uploads\/sites\/46\/2024\/09\/4-EXPOSICOES.png\" title=\"\" alt=\"\" loading=\"lazy\" \/>\t\t\t\t\t\t\t\t<\/a>\n\t\t\t\t\t\t\t\t\t\t\t<figcaption class=\"widget-image-caption wp-caption-text\">Exposi\u00e7\u00f5es<\/figcaption>\n\t\t\t\t\t\t\t\t\t\t<\/figure>\n\t\t\t\t\t\t\t\t\t<\/div>\n\t\t\t\t<div class=\"elementor-element elementor-element-671a718 elementor-widget elementor-widget-image\" data-id=\"671a718\" data-element_type=\"widget\" data-e-type=\"widget\" data-widget_type=\"image.default\">\n\t\t\t\t\t\t\t\t\t\t\t\t<figure class=\"wp-caption\">\n\t\t\t\t\t\t\t\t\t\t\t<a href=\"\/ocupagoias\/shows\/\">\n\t\t\t\t\t\t\t<img decoding=\"async\" src=\"http:\/\/goias.gov.br\/ocupagoias\/wp-content\/uploads\/sites\/46\/2024\/09\/5-SHOWS.png\" title=\"\" alt=\"\" loading=\"lazy\" \/>\t\t\t\t\t\t\t\t<\/a>\n\t\t\t\t\t\t\t\t\t\t\t<figcaption class=\"widget-image-caption wp-caption-text\">Shows<\/figcaption>\n\t\t\t\t\t\t\t\t\t\t<\/figure>\n\t\t\t\t\t\t\t\t\t<\/div>\n\t\t\t\t<div class=\"elementor-element elementor-element-721f238 elementor-widget elementor-widget-image\" data-id=\"721f238\" data-element_type=\"widget\" data-e-type=\"widget\" data-widget_type=\"image.default\">\n\t\t\t\t\t\t\t\t\t\t\t\t<figure class=\"wp-caption\">\n\t\t\t\t\t\t\t\t\t\t\t<a href=\"\/ocupagoias\/teatro\/\">\n\t\t\t\t\t\t\t<img decoding=\"async\" src=\"http:\/\/goias.gov.br\/ocupagoias\/wp-content\/uploads\/sites\/46\/2024\/09\/6-TEATRO.png\" title=\"\" alt=\"\" loading=\"lazy\" \/>\t\t\t\t\t\t\t\t<\/a>\n\t\t\t\t\t\t\t\t\t\t\t<figcaption class=\"widget-image-caption wp-caption-text\">Teatro<\/figcaption>\n\t\t\t\t\t\t\t\t\t\t<\/figure>\n\t\t\t\t\t\t\t\t\t<\/div>\n\t\t\t\t<div class=\"elementor-element elementor-element-4b7b06b elementor-widget elementor-widget-image\" data-id=\"4b7b06b\" data-element_type=\"widget\" data-e-type=\"widget\" data-widget_type=\"image.default\">\n\t\t\t\t\t\t\t\t\t\t\t\t<figure class=\"wp-caption\">\n\t\t\t\t\t\t\t\t\t\t\t<a href=\"\/ocupagoias\/locais\/\">\n\t\t\t\t\t\t\t<img decoding=\"async\" src=\"http:\/\/goias.gov.br\/ocupagoias\/wp-content\/uploads\/sites\/46\/2024\/09\/7-LOCAIS.png\" title=\"\" alt=\"\" loading=\"lazy\" \/>\t\t\t\t\t\t\t\t<\/a>\n\t\t\t\t\t\t\t\t\t\t\t<figcaption class=\"widget-image-caption wp-caption-text\">Locais<\/figcaption>\n\t\t\t\t\t\t\t\t\t\t<\/figure>\n\t\t\t\t\t\t\t\t\t<\/div>\n\t\t\t\t\t<\/div>\n\t\t\t\t<\/div>\n\t\t<div class=\"elementor-element elementor-element-1d7d664 e-flex e-con-boxed e-con e-parent\" data-id=\"1d7d664\" data-element_type=\"container\" data-e-type=\"container\">\n\t\t\t\t\t<div class=\"e-con-inner\">\n\t\t\t\t<div class=\"elementor-element elementor-element-84dcc7d elementor-widget elementor-widget-image\" data-id=\"84dcc7d\" data-element_type=\"widget\" data-e-type=\"widget\" data-widget_type=\"image.default\">\n\t\t\t\t\t\t\t\t\t\t\t\t\t\t\t<img decoding=\"async\" src=\"http:\/\/goias.gov.br\/ocupagoias\/wp-content\/uploads\/sites\/46\/2025\/01\/06_01_25-WEBBANNER-OCUPA-GOIAS_1280x246.png\" title=\"\" alt=\"\" loading=\"lazy\" \/>\t\t\t\t\t\t\t\t\t\t\t\t\t\t\t<\/div>\n\t\t\t\t\t<\/div>\n\t\t\t\t<\/div>\n\t\t<div class=\"elementor-element elementor-element-568afed e-flex e-con-boxed e-con e-parent\" data-id=\"568afed\" data-element_type=\"container\" data-e-type=\"container\">\n\t\t\t\t\t<div class=\"e-con-inner\">\n\t\t\t\t<div class=\"elementor-element elementor-element-8fc45ac elementor-widget elementor-widget-heading\" data-id=\"8fc45ac\" data-element_type=\"widget\" data-e-type=\"widget\" data-widget_type=\"heading.default\">\n\t\t\t\t\t<h5 class=\"elementor-heading-title elementor-size-default\">\u00daltimas Postagens<\/h5>\t\t\t\t<\/div>\n\t\t\t\t<div class=\"elementor-element elementor-element-69f3936 elementor-widget elementor-widget-shortcode\" data-id=\"69f3936\" data-element_type=\"widget\" data-e-type=\"widget\" data-widget_type=\"shortcode.default\">\n\t\t\t\t\t\t\t<div class=\"elementor-shortcode\"><div class=\"em em-view-container\" id=\"em-view-2113646163\" data-view=\"list\">\r\n\t<div class=\"em pixelbones em-list em-events-list\" id=\"em-events-list-2113646163\" data-view-id=\"2113646163\">\r\n\t\n<li id=\"eventos-home-ocupagoias-ultimas\">\n\t<div class=\"em-item em-event\">\n\t\t<div class=\"em-item-image has-placeholder\">\n\t\t\t\n\t\t\t\n\t\t\t<div class=\"em-item-image-placeholder\">\n\t\t\t\t<div class=\"date\">\n\t\t\t\t\t<span class=\"day\">11<\/span>\n\t\t\t\t\t<span class=\"month\">mar<\/span>\n\t\t\t\t<\/div>\n\t\t\t<\/div>\n\t\t\t\n\t\t<\/div>\n\t\t<div class=\"em-item-info\">\n\t\t\t<div class=\"em-item-name\"><a href=\"https:\/\/goias.gov.br\/ocupagoias\/eventos\/exposicao-manarairema-arte-contemporanea-em-goias\/\">Exposi\u00e7\u00e3o \u201cManarairema \u2013 Arte Contempor\u00e2nea em Goi\u00e1s\u201d<\/a><\/div>\n\t\t\t<div class=\"em-item-meta\">\n\t\t\t\t<div class=\"em-event-date em-event-meta-datetime\">\n\t\t\t\t\t<span class=\"em-icon em-icon-calendar\"><\/span>\n\t\t\t\t\t<span>11 de mar\u00e7o de 2026 - 17 de maio de 2026<\/span>\n\t\t\t\t<\/div>\n\t\t\t\t<div class=\"em-event-location em-event-meta-location\">\n\t\t\t\t\t<span class=\"em-icon em-icon-location\"><\/span>\n\t\t\t\t\t<span>Goi\u00e2nia<\/span>\n\t\t\t\t<\/div>\n\t\t\t<\/div>\n\t\t<\/div>\n\t<\/div>\n<\/li>\n\n<style>\n    #eventos-home-ocupagoias-ultimas {        \n       .em-item img  {\n            width: 120px !important;\n        }\n\t\t.em-item-image {\n\t\t\twidth: 130px;\n\t\t\tmin-width: 120px;\n\t\t}\n        .em-item {\n            display: flex;\t\t\t\n        }\n        .em-item-meta {\n            \/* margin-top: 0px !important; *\/\n\t\t\tdisplay: block;\n        }\n\n\t\t.em-item-info .em-item-name a {\n\t\t\tcolor: #0a4a22 !important;\n\t\t}\n\n\t\t.em-event-location {\n\t\t\tmargin-top: 5px;\n\t\t}\n    }\n    \n<\/style>\n\n<li id=\"eventos-home-ocupagoias-ultimas\">\n\t<div class=\"em-item em-event\">\n\t\t<div class=\"em-item-image \">\n\t\t\t\n\t\t\t<img decoding=\"async\" width=\"120\" height=\"120\" src=\"https:\/\/goias.gov.br\/ocupagoias\/wp-content\/uploads\/sites\/46\/2026\/02\/GrupodeEstudoJcyJR-divulgacaoresidencia-1-576x1024-2-150x150.jpeg\" class=\"attachment-120x120 size-120x120 wp-post-image\" alt=\"Resid\u00eancia art\u00edstica \u201cTranscartografar: arte e transgeneridade em Goi\u00e1s\u201d\" \/>\n\t\t\t\n\t\t\t\n\t\t<\/div>\n\t\t<div class=\"em-item-info\">\n\t\t\t<div class=\"em-item-name\"><a href=\"https:\/\/goias.gov.br\/ocupagoias\/eventos\/residencia-artistica-transcartografar-arte-e-transgeneridade-em-goias\/\">Resid\u00eancia art\u00edstica \u201cTranscartografar: arte e transgeneridade em Goi\u00e1s\u201d<\/a><\/div>\n\t\t\t<div class=\"em-item-meta\">\n\t\t\t\t<div class=\"em-event-date em-event-meta-datetime\">\n\t\t\t\t\t<span class=\"em-icon em-icon-calendar\"><\/span>\n\t\t\t\t\t<span>1 de mar\u00e7o de 2026 - 30 de junho de 2026<\/span>\n\t\t\t\t<\/div>\n\t\t\t\t<div class=\"em-event-location em-event-meta-location\">\n\t\t\t\t\t<span class=\"em-icon em-icon-location\"><\/span>\n\t\t\t\t\t<span>Goi\u00e2nia<\/span>\n\t\t\t\t<\/div>\n\t\t\t<\/div>\n\t\t<\/div>\n\t<\/div>\n<\/li>\n\n<style>\n    #eventos-home-ocupagoias-ultimas {        \n       .em-item img  {\n            width: 120px !important;\n        }\n\t\t.em-item-image {\n\t\t\twidth: 130px;\n\t\t\tmin-width: 120px;\n\t\t}\n        .em-item {\n            display: flex;\t\t\t\n        }\n        .em-item-meta {\n            \/* margin-top: 0px !important; *\/\n\t\t\tdisplay: block;\n        }\n\n\t\t.em-item-info .em-item-name a {\n\t\t\tcolor: #0a4a22 !important;\n\t\t}\n\n\t\t.em-event-location {\n\t\t\tmargin-top: 5px;\n\t\t}\n    }\n    \n<\/style>\n\t<\/div>\r\n<\/div><\/div>\n\t\t\t\t\t\t<\/div>\n\t\t\t\t\t<\/div>\n\t\t\t\t<\/div>\n\t\t<div class=\"elementor-element elementor-element-40dbd33 e-flex e-con-boxed e-con e-parent\" data-id=\"40dbd33\" data-element_type=\"container\" data-e-type=\"container\">\n\t\t\t\t\t<div class=\"e-con-inner\">\n\t\t\t\t<div class=\"elementor-element elementor-element-72920d0 elementor-widget elementor-widget-heading\" data-id=\"72920d0\" data-element_type=\"widget\" data-e-type=\"widget\" data-widget_type=\"heading.default\">\n\t\t\t\t\t<h5 class=\"elementor-heading-title elementor-size-default\">\u00daltimas Not\u00edcias<\/h5>\t\t\t\t<\/div>\n\t\t\t\t<div class=\"elementor-element elementor-element-d1c8cfc elementor-widget elementor-widget-shortcode\" data-id=\"d1c8cfc\" data-element_type=\"widget\" data-e-type=\"widget\" data-widget_type=\"shortcode.default\">\n\t\t\t\t\t\t\t<div class=\"elementor-shortcode\"><style type='text\/css' media='all'>#rt-tpg-container-685191539 .rt-holder .rt-woo-info .price{color:#0367bf;}body .rt-tpg-container .rt-tpg-isotope-buttons .selected,\n\t\t\t\t\t#rt-tpg-container-685191539 .layout12 .rt-holder:hover .rt-detail,\n\t\t\t\t\t#rt-tpg-container-685191539 .isotope8 .rt-holder:hover .rt-detail,\n\t\t\t\t\t#rt-tpg-container-685191539 .carousel8 .rt-holder:hover .rt-detail,\n\t\t\t\t\t#rt-tpg-container-685191539 .layout13 .rt-holder .overlay .post-info,\n\t\t\t\t\t#rt-tpg-container-685191539 .isotope9 .rt-holder .overlay .post-info,\n\t\t\t\t\t#rt-tpg-container-685191539.rt-tpg-container .layout4 .rt-holder .rt-detail,\n\t\t\t\t\t.rt-modal-685191539 .md-content,\n\t\t\t\t\t.rt-modal-685191539 .md-content > .rt-md-content-holder .rt-md-content,\n\t\t\t\t\t.rt-popup-wrap-685191539.rt-popup-wrap .rt-popup-navigation-wrap,\n\t\t\t\t\t#rt-tpg-container-685191539 .carousel9 .rt-holder .overlay .post-info{background-color:#0367bf;}#rt-tpg-container-685191539 .layout5 .rt-holder .overlay, #rt-tpg-container-685191539 .isotope2 .rt-holder .overlay, #rt-tpg-container-685191539 .carousel2 .rt-holder .overlay,#rt-tpg-container-685191539 .layout15 .rt-holder h3, #rt-tpg-container-685191539 .isotope11 .rt-holder h3, #rt-tpg-container-685191539 .carousel11 .rt-holder h3, #rt-tpg-container-685191539 .layout16 .rt-holder h3,\n\t\t\t\t\t#rt-tpg-container-685191539 .isotope12 .rt-holder h3, #rt-tpg-container-685191539 .carousel12 .rt-holder h3 {background-color:rgba(3,103,191,0.8);}#rt-tpg-container-685191539 .read-more a{border-radius:px;}#rt-tpg-container-685191539 .rt-img-holder img.rt-img-responsive,#rt-tpg-container-685191539 .rt-img-holder,\n\t\t\t\t\t#rt-tpg-container-685191539 .rt-post-overlay .post-img,\n\t\t\t\t\t#rt-tpg-container-685191539 .post-sm .post-img,\n\t\t\t\t\t#rt-tpg-container-685191539 .rt-post-grid .post-img,\n\t\t\t\t\t#rt-tpg-container-685191539 .post-img img {border-radius:px;}<\/style><div class='rt-container-fluid rt-tpg-container tpg-shortcode-main-wrapper destaque' id='rt-tpg-container-685191539'   data-layout='layout1' data-grid-style='even' data-desktop-col='4'  data-tab-col='2'  data-mobile-col='1' data-sc-id='200266'><div data-title='Loading ...' class='rt-row rt-content-loader   layout1 tpg-even '><div class=\"rt-col-md-3 rt-col-sm-6 rt-col-xs-12 even-grid-item rt-grid-item\" data-id=\"203529\"><div class=\"rt-holder\"><div class=\"rt-img-holder\"><a data-id=\"203529\" class=\"\" href=\"https:\/\/goias.gov.br\/ocupagoias\/nova-programacao-do-cine-cultura-traz-estreias-relancamento-de-classico-e-sessao-terror\/\"><img fetchpriority=\"high\" decoding=\"async\" width=\"1024\" height=\"512\" src=\"https:\/\/goias.gov.br\/ocupagoias\/wp-content\/uploads\/sites\/46\/2026\/03\/foto_filme_o_agente_secreto_credito_victor_juca-1200x600-c-default-1024x512.webp\" class=\"rt-img-responsive \" alt=\"\" \/><\/a><\/div><div class='rt-detail'><h3 class=\"entry-title\"><a data-id=\"203529\" class=\"\" href=\"https:\/\/goias.gov.br\/ocupagoias\/nova-programacao-do-cine-cultura-traz-estreias-relancamento-de-classico-e-sessao-terror\/\">Nova programa\u00e7\u00e3o do Cine Cultura traz estreias, relan\u00e7amento de cl\u00e1ssico e sess\u00e3o terror<\/a><\/h3><div class='tpg-excerpt'>Al\u00e9m de dois filmes rec\u00e9m-chegados, a novidade na sala de cinema \u00e9 um ciclo mensal...<\/div><\/div><\/div><\/div><div class=\"rt-col-md-3 rt-col-sm-6 rt-col-xs-12 even-grid-item rt-grid-item\" data-id=\"203520\"><div class=\"rt-holder\"><div class=\"rt-img-holder\"><a data-id=\"203520\" class=\"\" href=\"https:\/\/goias.gov.br\/ocupagoias\/feira-raiz-feminina-realiza-mais-uma-edicao-no-martim-cerere-neste-domingo-15-3\/\"><img decoding=\"async\" width=\"768\" height=\"512\" src=\"https:\/\/goias.gov.br\/ocupagoias\/wp-content\/uploads\/sites\/46\/2026\/03\/FEIRA-RAIZ-FEMININA-foto-Silvio-Simoes-768x512-1.jpg\" class=\"rt-img-responsive \" alt=\"\" \/><\/a><\/div><div class='rt-detail'><h3 class=\"entry-title\"><a data-id=\"203520\" class=\"\" href=\"https:\/\/goias.gov.br\/ocupagoias\/feira-raiz-feminina-realiza-mais-uma-edicao-no-martim-cerere-neste-domingo-15-3\/\">Feira Raiz Feminina realiza mais uma edi\u00e7\u00e3o no Martim Cerer\u00ea neste domingo (15\/3)<\/a><\/h3><div class='tpg-excerpt'>Evento voltado para o empreendedorismo feminino e economia criativa tem entrada gratuita, com in\u00edcio \u00e0s...<\/div><\/div><\/div><\/div><div class=\"rt-col-md-3 rt-col-sm-6 rt-col-xs-12 even-grid-item rt-grid-item\" data-id=\"203526\"><div class=\"rt-holder\"><div class=\"rt-img-holder\"><a data-id=\"203526\" class=\"\" href=\"https:\/\/goias.gov.br\/ocupagoias\/exposicao-manarairema-arte-contemporanea-em-goias-e-aberta-em-reinauguracao-do-muza\/\"><img loading=\"lazy\" decoding=\"async\" width=\"300\" height=\"200\" src=\"https:\/\/goias.gov.br\/ocupagoias\/wp-content\/uploads\/sites\/46\/2026\/03\/exposicaoMuzmanarairema-fotosSecultGoias-6-300x200-1.jpeg\" class=\"rt-img-responsive \" alt=\"\" \/><\/a><\/div><div class='rt-detail'><h3 class=\"entry-title\"><a data-id=\"203526\" class=\"\" href=\"https:\/\/goias.gov.br\/ocupagoias\/exposicao-manarairema-arte-contemporanea-em-goias-e-aberta-em-reinauguracao-do-muza\/\">Exposi\u00e7\u00e3o \u201cManarairema \u2013 Arte Contempor\u00e2nea em Goi\u00e1s\u201d \u00e9 aberta em reinaugura\u00e7\u00e3o do Muza<\/a><\/h3><div class='tpg-excerpt'>Coletiva re\u00fane 24 artistas e inaugura nova fase do Museu Goiano Zoroastro Artiaga, na Pra\u00e7a...<\/div><\/div><\/div><\/div><div class=\"rt-col-md-3 rt-col-sm-6 rt-col-xs-12 even-grid-item rt-grid-item\" data-id=\"203523\"><div class=\"rt-holder\"><div class=\"rt-img-holder\"><a data-id=\"203523\" class=\"\" href=\"https:\/\/goias.gov.br\/ocupagoias\/suspense-e-classico-do-rock-marcam-o-fim-de-semana-no-cine-ferroviario\/\"><img loading=\"lazy\" decoding=\"async\" width=\"1024\" height=\"512\" src=\"https:\/\/goias.gov.br\/ocupagoias\/wp-content\/uploads\/sites\/46\/2026\/03\/um-broto-legal-filme-696x450-1-1200x600-c-default-1024x512.jpg\" class=\"rt-img-responsive \" alt=\"\" \/><\/a><\/div><div class='rt-detail'><h3 class=\"entry-title\"><a data-id=\"203523\" class=\"\" href=\"https:\/\/goias.gov.br\/ocupagoias\/suspense-e-classico-do-rock-marcam-o-fim-de-semana-no-cine-ferroviario\/\">Suspense e cl\u00e1ssico do rock marcam o fim de semana no Cine Ferrovi\u00e1rio<\/a><\/h3><div class='tpg-excerpt'>Programa\u00e7\u00e3o gratuita em Pires do Rio ter\u00e1 sess\u00e3o surpresa de terror nesta sexta-feira (13), e...<\/div><\/div><\/div><\/div><\/div><\/div><\/div>\n\t\t\t\t\t\t<\/div>\n\t\t\t\t\t<\/div>\n\t\t\t\t<\/div>\n\t\t<div class=\"elementor-element elementor-element-c1d64d4 e-flex e-con-boxed e-con e-parent\" data-id=\"c1d64d4\" data-element_type=\"container\" data-e-type=\"container\" data-settings=\"{&quot;background_background&quot;:&quot;classic&quot;}\">\n\t\t\t\t\t<div class=\"e-con-inner\">\n\t\t\t\t<div class=\"elementor-element elementor-element-7e32641 elementor-widget elementor-widget-heading\" data-id=\"7e32641\" data-element_type=\"widget\" data-e-type=\"widget\" data-widget_type=\"heading.default\">\n\t\t\t\t\t<h5 class=\"elementor-heading-title elementor-size-default\">Pr\u00f3ximos Eventos<\/h5>\t\t\t\t<\/div>\n\t\t\t\t<div class=\"elementor-element elementor-element-0ad7756 elementor-widget elementor-widget-shortcode\" data-id=\"0ad7756\" data-element_type=\"widget\" data-e-type=\"widget\" data-widget_type=\"shortcode.default\">\n\t\t\t\t\t\t\t<div class=\"elementor-shortcode\"><div class=\"em em-view-container\" id=\"em-view-1007355317\" data-view=\"list\">\r\n\t<div class=\"em pixelbones em-list em-events-list\" id=\"em-events-list-1007355317\" data-view-id=\"1007355317\">\r\n\t\n<li id=\"eventos-home-ocupagoias-proximos\">\n\t<div class=\"em-item em-event\">\n\t\t<div class=\"em-item-image has-placeholder\">\n\t\t\t\n\t\t\t\n\t\t\t<div class=\"em-item-image-placeholder\">\n\t\t\t\t<div class=\"date\">\n\t\t\t\t\t<span class=\"day\">11<\/span>\n\t\t\t\t\t<span class=\"month\">mar<\/span>\n\t\t\t\t<\/div>\n\t\t\t<\/div>\n\t\t\t\n\t\t<\/div>\n\t\t<div class=\"em-item-info\">\n\t\t\t<div class=\"em-item-name\"><a href=\"https:\/\/goias.gov.br\/ocupagoias\/eventos\/exposicao-manarairema-arte-contemporanea-em-goias\/\">Exposi\u00e7\u00e3o \u201cManarairema \u2013 Arte Contempor\u00e2nea em Goi\u00e1s\u201d<\/a><\/div>\n\t\t\t<div class=\"em-item-meta\">\n\t\t\t\t<div class=\"em-event-location em-event-meta-location\">\n\t\t\t\t\t<span class=\"em-icon em-icon-location\"><\/span>\n\t\t\t\t\t<span>Goi\u00e2nia<\/span>\n\t\t\t\t<\/div>\n\t\t\t\t<div class=\"em-event-date em-event-meta-datetime\">\n\t\t\t\t\t<span class=\"em-icon em-icon-calendar\"><\/span>\n\t\t\t\t\t<span>11 de mar\u00e7o de 2026 - 17 de maio de 2026<\/span>\n\t\t\t\t<\/div>\n\t\t\t<\/div>\n\t\t<\/div>\n\t<\/div>\n<\/li>\n\n<style>\n    #eventos-home-ocupagoias-proximos {        \n       .em-item img  {\n            width: 120px !important;\n        }\n\t\t.em-item-image {\n\t\t\twidth: 130px;\n\t\t\tmin-width: 120px;\n\t\t}\n        .em-item {\n            display: flex;\t\t\t\n        }\n        .em-item-meta {\n\t\t\tdisplay: block;\n        }\n\n\t\t.em-item-info .em-item-name a {\n\t\t\tcolor: #0a4a22 !important;\n\t\t}\n\n\t\t.em-event-date {\n\t\t\tmargin-top: 5px;\n\t\t}\n\t\t\n\t\t\/* .em-item,\n        .em-event {\n            background-color: #ffffff00;\n            box-shadow: none !important;\n        } *\/\n    }\n    \n<\/style>\n\n<li id=\"eventos-home-ocupagoias-proximos\">\n\t<div class=\"em-item em-event\">\n\t\t<div class=\"em-item-image \">\n\t\t\t\n\t\t\t<img decoding=\"async\" width=\"120\" height=\"120\" src=\"https:\/\/goias.gov.br\/ocupagoias\/wp-content\/uploads\/sites\/46\/2026\/02\/GrupodeEstudoJcyJR-divulgacaoresidencia-1-576x1024-2-150x150.jpeg\" class=\"attachment-120x120 size-120x120 wp-post-image\" alt=\"Resid\u00eancia art\u00edstica \u201cTranscartografar: arte e transgeneridade em Goi\u00e1s\u201d\" \/>\n\t\t\t\n\t\t\t\n\t\t<\/div>\n\t\t<div class=\"em-item-info\">\n\t\t\t<div class=\"em-item-name\"><a href=\"https:\/\/goias.gov.br\/ocupagoias\/eventos\/residencia-artistica-transcartografar-arte-e-transgeneridade-em-goias\/\">Resid\u00eancia art\u00edstica \u201cTranscartografar: arte e transgeneridade em Goi\u00e1s\u201d<\/a><\/div>\n\t\t\t<div class=\"em-item-meta\">\n\t\t\t\t<div class=\"em-event-location em-event-meta-location\">\n\t\t\t\t\t<span class=\"em-icon em-icon-location\"><\/span>\n\t\t\t\t\t<span>Goi\u00e2nia<\/span>\n\t\t\t\t<\/div>\n\t\t\t\t<div class=\"em-event-date em-event-meta-datetime\">\n\t\t\t\t\t<span class=\"em-icon em-icon-calendar\"><\/span>\n\t\t\t\t\t<span>1 de mar\u00e7o de 2026 - 30 de junho de 2026<\/span>\n\t\t\t\t<\/div>\n\t\t\t<\/div>\n\t\t<\/div>\n\t<\/div>\n<\/li>\n\n<style>\n    #eventos-home-ocupagoias-proximos {        \n       .em-item img  {\n            width: 120px !important;\n        }\n\t\t.em-item-image {\n\t\t\twidth: 130px;\n\t\t\tmin-width: 120px;\n\t\t}\n        .em-item {\n            display: flex;\t\t\t\n        }\n        .em-item-meta {\n\t\t\tdisplay: block;\n        }\n\n\t\t.em-item-info .em-item-name a {\n\t\t\tcolor: #0a4a22 !important;\n\t\t}\n\n\t\t.em-event-date {\n\t\t\tmargin-top: 5px;\n\t\t}\n\t\t\n\t\t\/* .em-item,\n        .em-event {\n            background-color: #ffffff00;\n            box-shadow: none !important;\n        } *\/\n    }\n    \n<\/style>\n\t<\/div>\r\n<\/div><\/div>\n\t\t\t\t\t\t<\/div>\n\t\t\t\t\t<\/div>\n\t\t\t\t<\/div>\n\t\t\t\t<\/div>\n\t\t","protected":false},"excerpt":{"rendered":"<p>Artes Visuais Concertos Dan\u00e7a Exposi\u00e7\u00f5es Shows Teatro Locais \u00daltimas Postagens \u00daltimas Not\u00edcias Pr\u00f3ximos Eventos<\/p>\n","protected":false},"author":1,"featured_media":0,"parent":0,"menu_order":0,"comment_status":"closed","ping_status":"closed","template":"elementor_header_footer","meta":{"footnotes":""},"class_list":["post-66","page","type-page","status-publish","hentry"],"rttpg_featured_image_url":null,"rttpg_author":{"display_name":"wagner.viana","author_link":"https:\/\/goias.gov.br\/ocupagoias\/author\/wagner-viana\/"},"rttpg_comment":0,"rttpg_category":"","rttpg_excerpt":"Artes Visuais Concertos Dan\u00e7a Exposi\u00e7\u00f5es Shows Teatro Locais \u00daltimas Postagens \u00daltimas Not\u00edcias Pr\u00f3ximos Eventos","_links":{"self":[{"href":"https:\/\/goias.gov.br\/ocupagoias\/wp-json\/wp\/v2\/pages\/66","targetHints":{"allow":["GET"]}}],"collection":[{"href":"https:\/\/goias.gov.br\/ocupagoias\/wp-json\/wp\/v2\/pages"}],"about":[{"href":"https:\/\/goias.gov.br\/ocupagoias\/wp-json\/wp\/v2\/types\/page"}],"author":[{"embeddable":true,"href":"https:\/\/goias.gov.br\/ocupagoias\/wp-json\/wp\/v2\/users\/1"}],"replies":[{"embeddable":true,"href":"https:\/\/goias.gov.br\/ocupagoias\/wp-json\/wp\/v2\/comments?post=66"}],"version-history":[{"count":2,"href":"https:\/\/goias.gov.br\/ocupagoias\/wp-json\/wp\/v2\/pages\/66\/revisions"}],"predecessor-version":[{"id":203538,"href":"https:\/\/goias.gov.br\/ocupagoias\/wp-json\/wp\/v2\/pages\/66\/revisions\/203538"}],"wp:attachment":[{"href":"https:\/\/goias.gov.br\/ocupagoias\/wp-json\/wp\/v2\/media?parent=66"}],"curies":[{"name":"wp","href":"https:\/\/api.w.org\/{rel}","templated":true}]}}