
{"id":201359,"date":"2024-08-29T16:08:17","date_gmt":"2024-08-29T19:08:17","guid":{"rendered":"https:\/\/goias.gov.br\/ocupagoias\/?page_id=201359"},"modified":"2025-12-02T13:58:33","modified_gmt":"2025-12-02T16:58:33","slug":"instituto-goiano-do-livro-igl","status":"publish","type":"page","link":"https:\/\/goias.gov.br\/ocupagoias\/instituto-goiano-do-livro-igl\/","title":{"rendered":"Instituto Goiano do Livro (IGL)"},"content":{"rendered":"\t\t<div data-elementor-type=\"wp-page\" data-elementor-id=\"201359\" class=\"elementor elementor-201359\">\n\t\t\t\t<div class=\"elementor-element elementor-element-b79609a e-flex e-con-boxed e-con e-parent\" data-id=\"b79609a\" data-element_type=\"container\" data-e-type=\"container\" data-settings=\"{&quot;background_background&quot;:&quot;classic&quot;}\">\n\t\t\t\t\t<div class=\"e-con-inner\">\n\t\t\t\t\t<\/div>\n\t\t\t\t<\/div>\n\t\t<div class=\"elementor-element elementor-element-4463750 e-flex e-con-boxed e-con e-parent\" data-id=\"4463750\" data-element_type=\"container\" data-e-type=\"container\">\n\t\t\t\t\t<div class=\"e-con-inner\">\n\t\t<div class=\"elementor-element elementor-element-2940883 e-con-full e-flex e-con e-child\" data-id=\"2940883\" data-element_type=\"container\" data-e-type=\"container\">\n\t\t\t\t<div class=\"elementor-element elementor-element-cc2a4b4 elementor-widget elementor-widget-text-editor\" data-id=\"cc2a4b4\" data-element_type=\"widget\" data-e-type=\"widget\" data-widget_type=\"text-editor.default\">\n\t\t\t\t\t\t\t\t\t<h2 style=\"text-align: center;\">Endere\u00e7o<\/h2><p style=\"text-align: left;\"><i class=\"fas fa-map-marker-alt\"><\/i> Pra\u00e7a C\u00edvica (Pra\u00e7a Pedro Ludovico Teixeira) n\u00ba 2 \u2013 Setor Central &#8211; Goi\u00e2nia\/GO &#8211; CEP: 74003-010<\/p><p><iframe style=\"border: 0;\" src=\"https:\/\/www.google.com\/maps\/embed?pb=!1m14!1m8!1m3!1d15287.702959504022!2d-49.2557123!3d-16.6805991!3m2!1i1024!2i768!4f13.1!3m3!1m2!1s0x935ef164fa960527%3A0xa183e92473331ed!2sCentro%20Cultural%20Marietta%20Telles%20Machado%20-%20Pra%C3%A7a%20C%C3%ADvica%2C%20n%C2%BA%202%2C%20Pra%C3%A7a%20Dr.%20Pedro%20Ludovico%20Teixeira%20-%20St.%20Central%2C%20Goi%C3%A2nia%20-%20GO%2C%2074003-010!5e0!3m2!1spt-BR!2sbr!4v1724957437241!5m2!1spt-BR!2sbr\" width=\"600\" height=\"450\" allowfullscreen=\"allowfullscreen\" data-mce-fragment=\"1\"><\/iframe><\/p>\t\t\t\t\t\t\t\t<\/div>\n\t\t\t\t<\/div>\n\t\t<div class=\"elementor-element elementor-element-c333624 e-con-full e-flex e-con e-child\" data-id=\"c333624\" data-element_type=\"container\" data-e-type=\"container\">\n\t\t\t\t<div class=\"elementor-element elementor-element-8708bd1 elementor-widget elementor-widget-text-editor\" data-id=\"8708bd1\" data-element_type=\"widget\" data-e-type=\"widget\" data-widget_type=\"text-editor.default\">\n\t\t\t\t\t\t\t\t\t<h2 style=\"text-align: center;\">Eventos<\/h2>\t\t\t\t\t\t\t\t<\/div>\n\t\t\t\t<div class=\"elementor-element elementor-element-394672f elementor-widget elementor-widget-shortcode\" data-id=\"394672f\" data-element_type=\"widget\" data-e-type=\"widget\" data-widget_type=\"shortcode.default\">\n\t\t\t\t\t\t\t<div class=\"elementor-shortcode\"><div class=\"em em-view-container\" id=\"em-view-547622936\" data-view=\"list\">\r\n\t<div class=\"em pixelbones em-list em-events-list\" id=\"em-events-list-547622936\" data-view-id=\"547622936\">\r\n\tNenhum evento cadastrado.\t<\/div>\r\n<\/div><\/div>\n\t\t\t\t\t\t<\/div>\n\t\t\t\t<\/div>\n\t\t\t\t\t<\/div>\n\t\t\t\t<\/div>\n\t\t\t\t<\/div>\n\t\t","protected":false},"excerpt":{"rendered":"<p>Endere\u00e7o Pra\u00e7a C\u00edvica (Pra\u00e7a Pedro Ludovico Teixeira) n\u00ba 2 \u2013 Setor Central &#8211; Goi\u00e2nia\/GO &#8211; CEP: 74003-010 Eventos<\/p>\n","protected":false},"author":5,"featured_media":0,"parent":0,"menu_order":0,"comment_status":"closed","ping_status":"closed","template":"","meta":{"footnotes":""},"class_list":["post-201359","page","type-page","status-publish","hentry"],"rttpg_featured_image_url":null,"rttpg_author":{"display_name":"jamyscosta","author_link":"https:\/\/goias.gov.br\/ocupagoias\/author\/jamyscosta\/"},"rttpg_comment":0,"rttpg_category":null,"rttpg_excerpt":"Endere\u00e7o Pra\u00e7a C\u00edvica (Pra\u00e7a Pedro Ludovico Teixeira) n\u00ba 2 \u2013 Setor Central &#8211; Goi\u00e2nia\/GO &#8211; CEP: 74003-010 Eventos","_links":{"self":[{"href":"https:\/\/goias.gov.br\/ocupagoias\/wp-json\/wp\/v2\/pages\/201359","targetHints":{"allow":["GET"]}}],"collection":[{"href":"https:\/\/goias.gov.br\/ocupagoias\/wp-json\/wp\/v2\/pages"}],"about":[{"href":"https:\/\/goias.gov.br\/ocupagoias\/wp-json\/wp\/v2\/types\/page"}],"author":[{"embeddable":true,"href":"https:\/\/goias.gov.br\/ocupagoias\/wp-json\/wp\/v2\/users\/5"}],"replies":[{"embeddable":true,"href":"https:\/\/goias.gov.br\/ocupagoias\/wp-json\/wp\/v2\/comments?post=201359"}],"version-history":[{"count":2,"href":"https:\/\/goias.gov.br\/ocupagoias\/wp-json\/wp\/v2\/pages\/201359\/revisions"}],"predecessor-version":[{"id":203182,"href":"https:\/\/goias.gov.br\/ocupagoias\/wp-json\/wp\/v2\/pages\/201359\/revisions\/203182"}],"wp:attachment":[{"href":"https:\/\/goias.gov.br\/ocupagoias\/wp-json\/wp\/v2\/media?parent=201359"}],"curies":[{"name":"wp","href":"https:\/\/api.w.org\/{rel}","templated":true}]}}