
{"id":201214,"date":"2024-08-14T15:34:06","date_gmt":"2024-08-14T18:34:06","guid":{"rendered":"https:\/\/goias.gov.br\/ocupagoias\/?page_id=201214"},"modified":"2025-12-02T14:23:46","modified_gmt":"2025-12-02T17:23:46","slug":"locais","status":"publish","type":"page","link":"https:\/\/goias.gov.br\/ocupagoias\/locais\/","title":{"rendered":"Locais"},"content":{"rendered":"\t\t<div data-elementor-type=\"wp-page\" data-elementor-id=\"201214\" class=\"elementor elementor-201214\">\n\t\t\t\t<div class=\"elementor-element elementor-element-6925d2d e-flex e-con-boxed e-con e-parent\" data-id=\"6925d2d\" data-element_type=\"container\" data-e-type=\"container\">\n\t\t\t\t\t<div class=\"e-con-inner\">\n\t\t<div class=\"elementor-element elementor-element-841da1b e-con-full e-flex e-con e-child\" data-id=\"841da1b\" data-element_type=\"container\" data-e-type=\"container\">\n\t\t\t\t<div class=\"elementor-element elementor-element-d0db487 elementor-widget elementor-widget-image\" data-id=\"d0db487\" data-element_type=\"widget\" data-e-type=\"widget\" data-widget_type=\"image.default\">\n\t\t\t\t\t\t\t\t\t\t\t\t<figure class=\"wp-caption\">\n\t\t\t\t\t\t\t\t\t\t\t<a href=\"https:\/\/goias.gov.br\/ocupagoias\/palacio-pedro-ludovico-teixeira\/\">\n\t\t\t\t\t\t\t<img decoding=\"async\" src=\"http:\/\/goias.gov.br\/ocupagoias\/wp-content\/uploads\/sites\/46\/2024\/08\/imagem-4-scaled.jpg\" title=\"\" alt=\"\" loading=\"lazy\" \/>\t\t\t\t\t\t\t\t<\/a>\n\t\t\t\t\t\t\t\t\t\t\t<figcaption class=\"widget-image-caption wp-caption-text\">Pal\u00e1cio Pedro Ludovico Teixeira<\/figcaption>\n\t\t\t\t\t\t\t\t\t\t<\/figure>\n\t\t\t\t\t\t\t\t\t<\/div>\n\t\t\t\t<\/div>\n\t\t<div class=\"elementor-element elementor-element-70a7704 e-con-full e-flex e-con e-child\" data-id=\"70a7704\" data-element_type=\"container\" data-e-type=\"container\">\n\t\t\t\t<div class=\"elementor-element elementor-element-b0663c2 elementor-widget elementor-widget-image\" data-id=\"b0663c2\" data-element_type=\"widget\" data-e-type=\"widget\" data-widget_type=\"image.default\">\n\t\t\t\t\t\t\t\t\t\t\t\t<figure class=\"wp-caption\">\n\t\t\t\t\t\t\t\t\t\t\t<a href=\"https:\/\/goias.gov.br\/ocupagoias\/centro-cultural-marietta-telles-machado\/\">\n\t\t\t\t\t\t\t<img decoding=\"async\" src=\"http:\/\/goias.gov.br\/ocupagoias\/wp-content\/uploads\/sites\/46\/2024\/08\/Foto-Kamilla-Brandao-7-1-scaled.jpg\" title=\"\" alt=\"\" loading=\"lazy\" \/>\t\t\t\t\t\t\t\t<\/a>\n\t\t\t\t\t\t\t\t\t\t\t<figcaption class=\"widget-image-caption wp-caption-text\">Centro Cultural Marietta Telles Machado<\/figcaption>\n\t\t\t\t\t\t\t\t\t\t<\/figure>\n\t\t\t\t\t\t\t\t\t<\/div>\n\t\t\t\t<\/div>\n\t\t\t\t\t<\/div>\n\t\t\t\t<\/div>\n\t\t<div class=\"elementor-element elementor-element-f9efde4 e-flex e-con-boxed e-con e-parent\" data-id=\"f9efde4\" data-element_type=\"container\" data-e-type=\"container\">\n\t\t\t\t\t<div class=\"e-con-inner\">\n\t\t<div class=\"elementor-element elementor-element-ab165c7 e-con-full e-flex e-con e-child\" data-id=\"ab165c7\" data-element_type=\"container\" data-e-type=\"container\">\n\t\t\t\t<div class=\"elementor-element elementor-element-6062fc6 elementor-widget elementor-widget-image\" data-id=\"6062fc6\" data-element_type=\"widget\" data-e-type=\"widget\" data-widget_type=\"image.default\">\n\t\t\t\t\t\t\t\t\t\t\t\t<figure class=\"wp-caption\">\n\t\t\t\t\t\t\t\t\t\t\t<a href=\"https:\/\/goias.gov.br\/ocupagoias\/centro-cultural-martim-cerere\/\">\n\t\t\t\t\t\t\t<img decoding=\"async\" src=\"http:\/\/goias.gov.br\/ocupagoias\/wp-content\/uploads\/sites\/46\/2024\/08\/DSC0536-1-scaled.jpg\" title=\"\" alt=\"\" loading=\"lazy\" \/>\t\t\t\t\t\t\t\t<\/a>\n\t\t\t\t\t\t\t\t\t\t\t<figcaption class=\"widget-image-caption wp-caption-text\">Centro Cultural Martin Cerer\u00ea<\/figcaption>\n\t\t\t\t\t\t\t\t\t\t<\/figure>\n\t\t\t\t\t\t\t\t\t<\/div>\n\t\t\t\t<\/div>\n\t\t<div class=\"elementor-element elementor-element-d619ae3 e-con-full e-flex e-con e-child\" data-id=\"d619ae3\" data-element_type=\"container\" data-e-type=\"container\">\n\t\t\t\t<div class=\"elementor-element elementor-element-442115e elementor-widget elementor-widget-image\" data-id=\"442115e\" data-element_type=\"widget\" data-e-type=\"widget\" data-widget_type=\"image.default\">\n\t\t\t\t\t\t\t\t\t\t\t\t<figure class=\"wp-caption\">\n\t\t\t\t\t\t\t\t\t\t\t<a href=\"https:\/\/goias.gov.br\/ocupagoias\/centro-cultural-octo-marques\/\">\n\t\t\t\t\t\t\t<img decoding=\"async\" src=\"http:\/\/goias.gov.br\/ocupagoias\/wp-content\/uploads\/sites\/46\/2024\/08\/WhatsApp-Image-2024-04-04-at-5.01.16-PM.jpeg\" title=\"\" alt=\"\" loading=\"lazy\" \/>\t\t\t\t\t\t\t\t<\/a>\n\t\t\t\t\t\t\t\t\t\t\t<figcaption class=\"widget-image-caption wp-caption-text\">Centro Cultural Octo Marques<\/figcaption>\n\t\t\t\t\t\t\t\t\t\t<\/figure>\n\t\t\t\t\t\t\t\t\t<\/div>\n\t\t\t\t<\/div>\n\t\t\t\t\t<\/div>\n\t\t\t\t<\/div>\n\t\t<div class=\"elementor-element elementor-element-e20149f e-flex e-con-boxed e-con e-parent\" data-id=\"e20149f\" data-element_type=\"container\" data-e-type=\"container\">\n\t\t\t\t\t<div class=\"e-con-inner\">\n\t\t<div class=\"elementor-element elementor-element-3528091 e-con-full e-flex e-con e-child\" data-id=\"3528091\" data-element_type=\"container\" data-e-type=\"container\">\n\t\t\t\t<div class=\"elementor-element elementor-element-6223fb6 elementor-widget elementor-widget-image\" data-id=\"6223fb6\" data-element_type=\"widget\" data-e-type=\"widget\" data-widget_type=\"image.default\">\n\t\t\t\t\t\t\t\t\t\t\t\t<figure class=\"wp-caption\">\n\t\t\t\t\t\t\t\t\t\t\t<a href=\"\/ocupagoias\/cine-teatro-sao-joaquim\/\">\n\t\t\t\t\t\t\t<img decoding=\"async\" src=\"http:\/\/goias.gov.br\/ocupagoias\/wp-content\/uploads\/sites\/46\/2024\/08\/05-06-18-TeatroSaoJoaquim-Goias-Leoiran-2-scaled.jpg\" title=\"\" alt=\"\" loading=\"lazy\" \/>\t\t\t\t\t\t\t\t<\/a>\n\t\t\t\t\t\t\t\t\t\t\t<figcaption class=\"widget-image-caption wp-caption-text\">Cine Teatro S\u00e3o Joaquim<\/figcaption>\n\t\t\t\t\t\t\t\t\t\t<\/figure>\n\t\t\t\t\t\t\t\t\t<\/div>\n\t\t\t\t<\/div>\n\t\t<div class=\"elementor-element elementor-element-1e91c29 e-con-full e-flex e-con e-child\" data-id=\"1e91c29\" data-element_type=\"container\" data-e-type=\"container\">\n\t\t\t\t<div class=\"elementor-element elementor-element-c1fedd7 elementor-widget elementor-widget-image\" data-id=\"c1fedd7\" data-element_type=\"widget\" data-e-type=\"widget\" data-widget_type=\"image.default\">\n\t\t\t\t\t\t\t\t\t\t\t\t<figure class=\"wp-caption\">\n\t\t\t\t\t\t\t\t\t\t\t<a href=\"\/ocupagoias\/theatro-sebastiao-pompeu-de-pina-pirenopolis\/\">\n\t\t\t\t\t\t\t<img decoding=\"async\" src=\"http:\/\/goias.gov.br\/ocupagoias\/wp-content\/uploads\/sites\/46\/2024\/08\/teatro-piri.jpg\" title=\"\" alt=\"\" loading=\"lazy\" \/>\t\t\t\t\t\t\t\t<\/a>\n\t\t\t\t\t\t\t\t\t\t\t<figcaption class=\"widget-image-caption wp-caption-text\">Theatro Sebasti\u00e3o Pompeu de Pina<\/figcaption>\n\t\t\t\t\t\t\t\t\t\t<\/figure>\n\t\t\t\t\t\t\t\t\t<\/div>\n\t\t\t\t<\/div>\n\t\t\t\t\t<\/div>\n\t\t\t\t<\/div>\n\t\t<div class=\"elementor-element elementor-element-be8568b e-flex e-con-boxed e-con e-parent\" data-id=\"be8568b\" data-element_type=\"container\" data-e-type=\"container\">\n\t\t\t\t\t<div class=\"e-con-inner\">\n\t\t<div class=\"elementor-element elementor-element-ad37306 e-con-full e-flex e-con e-child\" data-id=\"ad37306\" data-element_type=\"container\" data-e-type=\"container\">\n\t\t\t\t<div class=\"elementor-element elementor-element-be862f5 elementor-widget elementor-widget-image\" data-id=\"be862f5\" data-element_type=\"widget\" data-e-type=\"widget\" data-widget_type=\"image.default\">\n\t\t\t\t\t\t\t\t\t\t\t\t<figure class=\"wp-caption\">\n\t\t\t\t\t\t\t\t\t\t\t<a href=\"https:\/\/goias.gov.br\/ocupagoias\/museu-pedro-ludovico\/\">\n\t\t\t\t\t\t\t<img decoding=\"async\" src=\"http:\/\/goias.gov.br\/ocupagoias\/wp-content\/uploads\/sites\/46\/2024\/08\/WhatsApp-Image-2023-07-11-at-08.13.52.jpeg\" title=\"\" alt=\"\" loading=\"lazy\" \/>\t\t\t\t\t\t\t\t<\/a>\n\t\t\t\t\t\t\t\t\t\t\t<figcaption class=\"widget-image-caption wp-caption-text\">Museu Pedro Ludovico<\/figcaption>\n\t\t\t\t\t\t\t\t\t\t<\/figure>\n\t\t\t\t\t\t\t\t\t<\/div>\n\t\t\t\t<\/div>\n\t\t<div class=\"elementor-element elementor-element-da33b99 e-con-full e-flex e-con e-child\" data-id=\"da33b99\" data-element_type=\"container\" data-e-type=\"container\">\n\t\t\t\t<div class=\"elementor-element elementor-element-9e8b2bf elementor-widget elementor-widget-image\" data-id=\"9e8b2bf\" data-element_type=\"widget\" data-e-type=\"widget\" data-widget_type=\"image.default\">\n\t\t\t\t\t\t\t\t\t\t\t\t<figure class=\"wp-caption\">\n\t\t\t\t\t\t\t\t\t\t\t<a href=\"https:\/\/goias.gov.br\/ocupagoias\/museu-ferroviario-de-pires-do-rio\/\">\n\t\t\t\t\t\t\t<img decoding=\"async\" src=\"http:\/\/goias.gov.br\/ocupagoias\/wp-content\/uploads\/sites\/46\/2024\/04\/7aa5e002-834c-4da3-8b74-b2c83c5f72da.jpg\" title=\"\" alt=\"\" loading=\"lazy\" \/>\t\t\t\t\t\t\t\t<\/a>\n\t\t\t\t\t\t\t\t\t\t\t<figcaption class=\"widget-image-caption wp-caption-text\">Museu Ferrovi\u00e1rio de Pires do Rio<\/figcaption>\n\t\t\t\t\t\t\t\t\t\t<\/figure>\n\t\t\t\t\t\t\t\t\t<\/div>\n\t\t\t\t<\/div>\n\t\t\t\t\t<\/div>\n\t\t\t\t<\/div>\n\t\t<div class=\"elementor-element elementor-element-0e005be e-flex e-con-boxed e-con e-parent\" data-id=\"0e005be\" data-element_type=\"container\" data-e-type=\"container\">\n\t\t\t\t\t<div class=\"e-con-inner\">\n\t\t<div class=\"elementor-element elementor-element-76cc0e3 e-con-full e-flex e-con e-child\" data-id=\"76cc0e3\" data-element_type=\"container\" data-e-type=\"container\">\n\t\t\t\t<div class=\"elementor-element elementor-element-e0fe2f3 elementor-widget elementor-widget-image\" data-id=\"e0fe2f3\" data-element_type=\"widget\" data-e-type=\"widget\" data-widget_type=\"image.default\">\n\t\t\t\t\t\t\t\t\t\t\t\t<figure class=\"wp-caption\">\n\t\t\t\t\t\t\t\t\t\t\t<a href=\"https:\/\/goias.gov.br\/ocupagoias\/museu-zoroastro-artiaga\/\">\n\t\t\t\t\t\t\t<img decoding=\"async\" src=\"http:\/\/goias.gov.br\/ocupagoias\/wp-content\/uploads\/sites\/46\/2024\/04\/14-09-21-Museu-ZoroastoA-Secult-GovGo-leoiran-18.jpg\" title=\"\" alt=\"\" loading=\"lazy\" \/>\t\t\t\t\t\t\t\t<\/a>\n\t\t\t\t\t\t\t\t\t\t\t<figcaption class=\"widget-image-caption wp-caption-text\">Museu Zoroastro Artiaga<\/figcaption>\n\t\t\t\t\t\t\t\t\t\t<\/figure>\n\t\t\t\t\t\t\t\t\t<\/div>\n\t\t\t\t<\/div>\n\t\t<div class=\"elementor-element elementor-element-6b0771f e-con-full e-flex e-con e-child\" data-id=\"6b0771f\" data-element_type=\"container\" data-e-type=\"container\">\n\t\t\t\t<div class=\"elementor-element elementor-element-28aa634 elementor-widget elementor-widget-image\" data-id=\"28aa634\" data-element_type=\"widget\" data-e-type=\"widget\" data-widget_type=\"image.default\">\n\t\t\t\t\t\t\t\t\t\t\t\t<figure class=\"wp-caption\">\n\t\t\t\t\t\t\t\t\t\t\t<a href=\"https:\/\/goias.gov.br\/ocupagoias\/palacio-conde-dos-arcos\/\">\n\t\t\t\t\t\t\t<img decoding=\"async\" src=\"http:\/\/goias.gov.br\/ocupagoias\/wp-content\/uploads\/sites\/46\/2024\/04\/WhatsApp-Image-2023-03-27-at-16.12.20-4-1.jpeg\" title=\"\" alt=\"\" loading=\"lazy\" \/>\t\t\t\t\t\t\t\t<\/a>\n\t\t\t\t\t\t\t\t\t\t\t<figcaption class=\"widget-image-caption wp-caption-text\">Pal\u00e1cio Conde dos Arcos<\/figcaption>\n\t\t\t\t\t\t\t\t\t\t<\/figure>\n\t\t\t\t\t\t\t\t\t<\/div>\n\t\t\t\t<\/div>\n\t\t\t\t\t<\/div>\n\t\t\t\t<\/div>\n\t\t<div class=\"elementor-element elementor-element-c47631f e-flex e-con-boxed e-con e-parent\" data-id=\"c47631f\" data-element_type=\"container\" data-e-type=\"container\">\n\t\t\t\t\t<div class=\"e-con-inner\">\n\t\t<div class=\"elementor-element elementor-element-8ca238b e-con-full e-flex e-con e-child\" data-id=\"8ca238b\" data-element_type=\"container\" data-e-type=\"container\">\n\t\t\t\t<div class=\"elementor-element elementor-element-b2d8c7f elementor-widget elementor-widget-image\" data-id=\"b2d8c7f\" data-element_type=\"widget\" data-e-type=\"widget\" data-widget_type=\"image.default\">\n\t\t\t\t\t\t\t\t\t\t\t\t<figure class=\"wp-caption\">\n\t\t\t\t\t\t\t\t\t\t\t<a href=\"https:\/\/goias.gov.br\/ocupagoias\/teatro-goiania\/\">\n\t\t\t\t\t\t\t<img decoding=\"async\" src=\"http:\/\/goias.gov.br\/ocupagoias\/wp-content\/uploads\/sites\/46\/2024\/04\/teatro-goiania-2.jpg\" title=\"\" alt=\"\" loading=\"lazy\" \/>\t\t\t\t\t\t\t\t<\/a>\n\t\t\t\t\t\t\t\t\t\t\t<figcaption class=\"widget-image-caption wp-caption-text\">Teatro Goi\u00e2nia<\/figcaption>\n\t\t\t\t\t\t\t\t\t\t<\/figure>\n\t\t\t\t\t\t\t\t\t<\/div>\n\t\t\t\t<\/div>\n\t\t<div class=\"elementor-element elementor-element-6dc760a e-con-full e-flex e-con e-child\" data-id=\"6dc760a\" data-element_type=\"container\" data-e-type=\"container\">\n\t\t\t\t<div class=\"elementor-element elementor-element-4928ff2 elementor-widget elementor-widget-image\" data-id=\"4928ff2\" data-element_type=\"widget\" data-e-type=\"widget\" data-widget_type=\"image.default\">\n\t\t\t\t\t\t\t\t\t\t\t\t<figure class=\"wp-caption\">\n\t\t\t\t\t\t\t\t\t\t\t<a href=\"https:\/\/goias.gov.br\/ocupagoias\/vila-cultural-cora-coralina\/\">\n\t\t\t\t\t\t\t<img decoding=\"async\" src=\"http:\/\/goias.gov.br\/ocupagoias\/wp-content\/uploads\/sites\/46\/2024\/04\/20230627_171338-1.jpg\" title=\"\" alt=\"\" loading=\"lazy\" \/>\t\t\t\t\t\t\t\t<\/a>\n\t\t\t\t\t\t\t\t\t\t\t<figcaption class=\"widget-image-caption wp-caption-text\">Vila Cultural Cora Coralina<\/figcaption>\n\t\t\t\t\t\t\t\t\t\t<\/figure>\n\t\t\t\t\t\t\t\t\t<\/div>\n\t\t\t\t<\/div>\n\t\t\t\t\t<\/div>\n\t\t\t\t<\/div>\n\t\t<div class=\"elementor-element elementor-element-d8704bd e-flex e-con-boxed e-con e-parent\" data-id=\"d8704bd\" data-element_type=\"container\" data-e-type=\"container\">\n\t\t\t\t\t<div class=\"e-con-inner\">\n\t\t<div class=\"elementor-element elementor-element-c0c03ec e-con-full e-flex e-con e-child\" data-id=\"c0c03ec\" data-element_type=\"container\" data-e-type=\"container\">\n\t\t\t\t<div class=\"elementor-element elementor-element-821a693 elementor-widget elementor-widget-image\" data-id=\"821a693\" data-element_type=\"widget\" data-e-type=\"widget\" data-widget_type=\"image.default\">\n\t\t\t\t\t\t\t\t\t\t\t\t<figure class=\"wp-caption\">\n\t\t\t\t\t\t\t\t\t\t\t<a href=\"https:\/\/goias.gov.br\/ocupagoias\/teatro-escola-basileu-franca\/\">\n\t\t\t\t\t\t\t<img decoding=\"async\" src=\"http:\/\/goias.gov.br\/ocupagoias\/wp-content\/uploads\/sites\/46\/2024\/08\/imagem-3-scaled.jpg\" title=\"\" alt=\"\" loading=\"lazy\" \/>\t\t\t\t\t\t\t\t<\/a>\n\t\t\t\t\t\t\t\t\t\t\t<figcaption class=\"widget-image-caption wp-caption-text\">Teatro Escola Basileu Fran\u00e7a<\/figcaption>\n\t\t\t\t\t\t\t\t\t\t<\/figure>\n\t\t\t\t\t\t\t\t\t<\/div>\n\t\t\t\t<\/div>\n\t\t<div class=\"elementor-element elementor-element-4935fe1 e-con-full e-flex e-con e-child\" data-id=\"4935fe1\" data-element_type=\"container\" data-e-type=\"container\">\n\t\t\t\t<div class=\"elementor-element elementor-element-93942b1 elementor-widget elementor-widget-image\" data-id=\"93942b1\" data-element_type=\"widget\" data-e-type=\"widget\" data-widget_type=\"image.default\">\n\t\t\t\t\t\t\t\t\t\t\t\t<figure class=\"wp-caption\">\n\t\t\t\t\t\t\t\t\t\t\t<a href=\"https:\/\/goias.gov.br\/ocupagoias\/centro-cultural-oscar-niemeyer\/\">\n\t\t\t\t\t\t\t<img decoding=\"async\" src=\"http:\/\/goias.gov.br\/ocupagoias\/wp-content\/uploads\/sites\/46\/2024\/03\/Centro-Cultural-Oscar-Niemeyer-850x563-1.webp\" title=\"\" alt=\"\" loading=\"lazy\" \/>\t\t\t\t\t\t\t\t<\/a>\n\t\t\t\t\t\t\t\t\t\t\t<figcaption class=\"widget-image-caption wp-caption-text\">Centro Cultural Oscar Niemeyer<\/figcaption>\n\t\t\t\t\t\t\t\t\t\t<\/figure>\n\t\t\t\t\t\t\t\t\t<\/div>\n\t\t\t\t<\/div>\n\t\t\t\t\t<\/div>\n\t\t\t\t<\/div>\n\t\t<div class=\"elementor-element elementor-element-20fb3ec e-flex e-con-boxed e-con e-parent\" data-id=\"20fb3ec\" data-element_type=\"container\" data-e-type=\"container\">\n\t\t\t\t\t<div class=\"e-con-inner\">\n\t\t<div class=\"elementor-element elementor-element-b4ed968 e-con-full e-flex e-con e-child\" data-id=\"b4ed968\" data-element_type=\"container\" data-e-type=\"container\">\n\t\t\t\t<div class=\"elementor-element elementor-element-d77c2e8 elementor-widget elementor-widget-image\" data-id=\"d77c2e8\" data-element_type=\"widget\" data-e-type=\"widget\" data-widget_type=\"image.default\">\n\t\t\t\t\t\t\t\t\t\t\t\t<figure class=\"wp-caption\">\n\t\t\t\t\t\t\t\t\t\t\t<a href=\"https:\/\/goias.gov.br\/ocupagoias\/centro-de-convencoes-de-anapolis\/\">\n\t\t\t\t\t\t\t<img decoding=\"async\" src=\"http:\/\/goias.gov.br\/ocupagoias\/wp-content\/uploads\/sites\/46\/2024\/03\/Centro-de-Convencoes-de-Anapolis-Anapolis-GO-.jpg\" title=\"\" alt=\"\" loading=\"lazy\" \/>\t\t\t\t\t\t\t\t<\/a>\n\t\t\t\t\t\t\t\t\t\t\t<figcaption class=\"widget-image-caption wp-caption-text\">Centro de Conven\u00e7\u00f5es de An\u00e1polis<\/figcaption>\n\t\t\t\t\t\t\t\t\t\t<\/figure>\n\t\t\t\t\t\t\t\t\t<\/div>\n\t\t\t\t<\/div>\n\t\t<div class=\"elementor-element elementor-element-2067808 e-con-full e-flex e-con e-child\" data-id=\"2067808\" data-element_type=\"container\" data-e-type=\"container\">\n\t\t\t\t<\/div>\n\t\t\t\t\t<\/div>\n\t\t\t\t<\/div>\n\t\t\t\t<\/div>\n\t\t","protected":false},"excerpt":{"rendered":"<p>Pal\u00e1cio Pedro Ludovico Teixeira Centro Cultural Marietta Telles Machado Centro Cultural Martin Cerer\u00ea Centro Cultural Octo Marques Cine Teatro S\u00e3o Joaquim Theatro Sebasti\u00e3o Pompeu de Pina Museu Pedro Ludovico Museu Ferrovi\u00e1rio de Pires do Rio Museu Zoroastro Artiaga Pal\u00e1cio Conde dos Arcos Teatro Goi\u00e2nia Vila Cultural Cora Coralina Teatro Escola Basileu Fran\u00e7a Centro Cultural Oscar [&hellip;]<\/p>\n","protected":false},"author":5,"featured_media":0,"parent":0,"menu_order":0,"comment_status":"closed","ping_status":"closed","template":"","meta":{"footnotes":""},"class_list":["post-201214","page","type-page","status-publish","hentry"],"rttpg_featured_image_url":null,"rttpg_author":{"display_name":"jamyscosta","author_link":"https:\/\/goias.gov.br\/ocupagoias\/author\/jamyscosta\/"},"rttpg_comment":0,"rttpg_category":null,"rttpg_excerpt":"Pal\u00e1cio Pedro Ludovico Teixeira Centro Cultural Marietta Telles Machado Centro Cultural Martin Cerer\u00ea Centro Cultural Octo Marques Cine Teatro S\u00e3o Joaquim Theatro Sebasti\u00e3o Pompeu de Pina Museu Pedro Ludovico Museu Ferrovi\u00e1rio de Pires do Rio Museu Zoroastro Artiaga Pal\u00e1cio Conde dos Arcos Teatro Goi\u00e2nia Vila Cultural Cora Coralina Teatro Escola Basileu Fran\u00e7a Centro Cultural Oscar&hellip;","_links":{"self":[{"href":"https:\/\/goias.gov.br\/ocupagoias\/wp-json\/wp\/v2\/pages\/201214","targetHints":{"allow":["GET"]}}],"collection":[{"href":"https:\/\/goias.gov.br\/ocupagoias\/wp-json\/wp\/v2\/pages"}],"about":[{"href":"https:\/\/goias.gov.br\/ocupagoias\/wp-json\/wp\/v2\/types\/page"}],"author":[{"embeddable":true,"href":"https:\/\/goias.gov.br\/ocupagoias\/wp-json\/wp\/v2\/users\/5"}],"replies":[{"embeddable":true,"href":"https:\/\/goias.gov.br\/ocupagoias\/wp-json\/wp\/v2\/comments?post=201214"}],"version-history":[{"count":2,"href":"https:\/\/goias.gov.br\/ocupagoias\/wp-json\/wp\/v2\/pages\/201214\/revisions"}],"predecessor-version":[{"id":203194,"href":"https:\/\/goias.gov.br\/ocupagoias\/wp-json\/wp\/v2\/pages\/201214\/revisions\/203194"}],"wp:attachment":[{"href":"https:\/\/goias.gov.br\/ocupagoias\/wp-json\/wp\/v2\/media?parent=201214"}],"curies":[{"name":"wp","href":"https:\/\/api.w.org\/{rel}","templated":true}]}}