
{"id":200628,"date":"2024-04-10T08:45:32","date_gmt":"2024-04-10T11:45:32","guid":{"rendered":"https:\/\/goias.gov.br\/ocupagoias\/?page_id=200628"},"modified":"2024-10-09T11:57:32","modified_gmt":"2024-10-09T14:57:32","slug":"exposicoes","status":"publish","type":"page","link":"https:\/\/goias.gov.br\/ocupagoias\/exposicoes\/","title":{"rendered":"Exposi\u00e7\u00f5es"},"content":{"rendered":"\n<div class=\"em em-view-container\" id=\"em-view-1496980788\" data-view=\"list\">\r\n\t<div class=\"em pixelbones em-list em-events-list\" id=\"em-events-list-1496980788\" data-view-id=\"1496980788\">\r\n\t<div class=\"em-event em-item \" style=\"--default-border:#FFFFFF;\">\n\t<div class=\"em-item-image has-placeholder\">\n\t\t\n\t\t\n\t\t<div class=\"em-item-image-placeholder\">\n\t\t\t<div class=\"date\">\n\t\t\t\t<span class=\"day\">11<\/span>\n\t\t\t\t<span class=\"month\">mar<\/span>\n\t\t\t<\/div>\n\t\t<\/div>\n\t\t\n\t<\/div>\n\t<div class=\"em-item-info\">\n\t\t<h3 class=\"em-item-title\"><a href=\"https:\/\/goias.gov.br\/ocupagoias\/eventos\/exposicao-manarairema-arte-contemporanea-em-goias\/\">Exposi\u00e7\u00e3o \u201cManarairema \u2013 Arte Contempor\u00e2nea em Goi\u00e1s\u201d<\/a><\/h3>\n\t\t\n\t\t<div class=\"em-event-meta em-item-meta\">\n\t\t\t<div class=\"em-item-meta-line em-event-date em-event-meta-datetime\">\n\t\t\t\t<span class=\"em-icon-calendar em-icon\"><\/span>\n\t\t\t\t11 de mar\u00e7o de 2026 - 17 de maio de 2026&nbsp;&nbsp;&nbsp;&nbsp;\n\t\t\t<\/div>\n\t\t\t<div class=\"em-item-meta-line em-event-time em-event-meta-datetime\">\n\t\t\t\t<span class=\"em-icon-clock em-icon\"><\/span>\n\t\t\t\t09:00 - 17:00\n\t\t\t<\/div>\n\t\t\t\n\t\t\t\n\t\t\t<div class=\"em-item-meta-line em-event-location\">\n\t\t\t\t<span class=\"em-icon-location em-icon\"><\/span>\n\t\t\t\t<a href=\"https:\/\/goias.gov.br\/ocupagoias\/locais\/museu-zoroastro-artiaga\/\">Museu Zoroastro Artiaga<\/a>\n\t\t\t<\/div>\n\t\t\t\n\t\t\t\n\t\t\t\n\t\t\t<div class=\"em-item-meta-line em-item-taxonomy em-event-categories\">\n\t\t\t\t<span class=\"em-icon-category em-icon\"><\/span>\n\t\t\t\t<div>\t<ul class=\"event-categories\">\r\n\t\t\t\t\t<li><a href=\"https:\/\/goias.gov.br\/ocupagoias\/categorias\/eventos\/exposicoes\/\">Exposi\u00e7\u00f5es<\/a><\/li>\r\n\t\t\t<\/ul>\r\n\t<\/div>\n\t\t\t<\/div>\n\t\t\t\n\t\t\t\n\t\t<\/div>\n\t\t<div class=\"em-item-desc\">\n\t\t\tServi\u00e7o\r\n\r\nExposi\u00e7\u00e3o: Manarairema \u2013 Arte Contempor\u00e2nea em Goi\u00e1s\r\n\r\nLocal: Museu Goiano Zoroastro Artiaga \u2013 Pra\u00e7a C\u00edvica, Goi\u00e2nia\r\n\r\nVisita\u00e7\u00e3o: at\u00e9 17\/5\n\t\t<\/div>\n\t\t<div class=\"em-item-actions input\">\n\t\t\t<a class=\"em-item-read-more button\" href=\"https:\/\/goias.gov.br\/ocupagoias\/eventos\/exposicao-manarairema-arte-contemporanea-em-goias\/\">Mais Informa\u00e7\u00f5es<\/a>\n\t\t\t\n\t\t<\/div>\n\t<\/div>\n<\/div>\t<\/div>\r\n<\/div>\n","protected":false},"excerpt":{"rendered":"","protected":false},"author":1,"featured_media":0,"parent":0,"menu_order":0,"comment_status":"closed","ping_status":"closed","template":"","meta":{"footnotes":""},"class_list":["post-200628","page","type-page","status-publish","hentry"],"rttpg_featured_image_url":null,"rttpg_author":{"display_name":"wagner.viana","author_link":"https:\/\/goias.gov.br\/ocupagoias\/author\/wagner-viana\/"},"rttpg_comment":0,"rttpg_category":null,"rttpg_excerpt":null,"_links":{"self":[{"href":"https:\/\/goias.gov.br\/ocupagoias\/wp-json\/wp\/v2\/pages\/200628","targetHints":{"allow":["GET"]}}],"collection":[{"href":"https:\/\/goias.gov.br\/ocupagoias\/wp-json\/wp\/v2\/pages"}],"about":[{"href":"https:\/\/goias.gov.br\/ocupagoias\/wp-json\/wp\/v2\/types\/page"}],"author":[{"embeddable":true,"href":"https:\/\/goias.gov.br\/ocupagoias\/wp-json\/wp\/v2\/users\/1"}],"replies":[{"embeddable":true,"href":"https:\/\/goias.gov.br\/ocupagoias\/wp-json\/wp\/v2\/comments?post=200628"}],"version-history":[{"count":1,"href":"https:\/\/goias.gov.br\/ocupagoias\/wp-json\/wp\/v2\/pages\/200628\/revisions"}],"predecessor-version":[{"id":200629,"href":"https:\/\/goias.gov.br\/ocupagoias\/wp-json\/wp\/v2\/pages\/200628\/revisions\/200629"}],"wp:attachment":[{"href":"https:\/\/goias.gov.br\/ocupagoias\/wp-json\/wp\/v2\/media?parent=200628"}],"curies":[{"name":"wp","href":"https:\/\/api.w.org\/{rel}","templated":true}]}}