
{"id":200620,"date":"2024-04-10T08:43:15","date_gmt":"2024-04-10T11:43:15","guid":{"rendered":"https:\/\/goias.gov.br\/ocupagoias\/?page_id=200620"},"modified":"2024-04-10T08:43:17","modified_gmt":"2024-04-10T11:43:17","slug":"artes-visuais","status":"publish","type":"page","link":"https:\/\/goias.gov.br\/ocupagoias\/artes-visuais\/","title":{"rendered":"Artes visuais"},"content":{"rendered":"\n<div class=\"em em-view-container\" id=\"em-view-457942231\" data-view=\"list\">\r\n\t<div class=\"em pixelbones em-list em-events-list\" id=\"em-events-list-457942231\" data-view-id=\"457942231\">\r\n\t<div class=\"em-event em-item \" style=\"--default-border:#FFFFFF;\">\n\t<div class=\"em-item-image \">\n\t\t\n\t\t<img src='https:\/\/goias.gov.br\/ocupagoias\/wp-content\/uploads\/sites\/46\/2026\/02\/GrupodeEstudoJcyJR-divulgacaoresidencia-1-576x1024-2.jpeg' alt='Resid\u00eancia art\u00edstica \u201cTranscartografar: arte e transgeneridade em Goi\u00e1s\u201d'\/>\n\t\t\n\t\t\n\t<\/div>\n\t<div class=\"em-item-info\">\n\t\t<h3 class=\"em-item-title\"><a href=\"https:\/\/goias.gov.br\/ocupagoias\/eventos\/residencia-artistica-transcartografar-arte-e-transgeneridade-em-goias\/\">Resid\u00eancia art\u00edstica \u201cTranscartografar: arte e transgeneridade em Goi\u00e1s\u201d<\/a><\/h3>\n\t\t\n\t\t<div class=\"em-event-meta em-item-meta\">\n\t\t\t<div class=\"em-item-meta-line em-event-date em-event-meta-datetime\">\n\t\t\t\t<span class=\"em-icon-calendar em-icon\"><\/span>\n\t\t\t\t1 de mar\u00e7o de 2026 - 30 de junho de 2026&nbsp;&nbsp;&nbsp;&nbsp;\n\t\t\t<\/div>\n\t\t\t<div class=\"em-item-meta-line em-event-time em-event-meta-datetime\">\n\t\t\t\t<span class=\"em-icon-clock em-icon\"><\/span>\n\t\t\t\t14:00\n\t\t\t<\/div>\n\t\t\t\n\t\t\t\n\t\t\t<div class=\"em-item-meta-line em-event-location\">\n\t\t\t\t<span class=\"em-icon-location em-icon\"><\/span>\n\t\t\t\t<a href=\"https:\/\/goias.gov.br\/ocupagoias\/locais\/escola-de-artes-visuais\/\">Escola de Artes Visuais<\/a>\n\t\t\t<\/div>\n\t\t\t\n\t\t\t\n\t\t\t\n\t\t\t<div class=\"em-item-meta-line em-item-taxonomy em-event-categories\">\n\t\t\t\t<span class=\"em-icon-category em-icon\"><\/span>\n\t\t\t\t<div>\t<ul class=\"event-categories\">\r\n\t\t\t\t\t<li><a href=\"https:\/\/goias.gov.br\/ocupagoias\/categorias\/eventos\/artes-visuais\/\">Artes visuais<\/a><\/li>\r\n\t\t\t<\/ul>\r\n\t<\/div>\n\t\t\t<\/div>\n\t\t\t\n\t\t\t\n\t\t<\/div>\n\t\t<div class=\"em-item-desc\">\n\t\t\tA Escola de Artes Visuais (EAV) receber\u00e1, a partir de mar\u00e7o, uma resid\u00eancia art\u00edstica promovida pelo projeto de pesquisa \u201cTranscartografar: arte e transgeneridade em Goi\u00e1s\u201d. A iniciativa \u00e9 vinculada ao Grupo de Pesquisa Corpo, Cultura e Consumo do Programa de P\u00f3s-gradua\u00e7\u00e3o em Arte e Cultura Visual da Faculdade de Artes Visuais da Universidade Federal de Goi\u00e1s (PPGACV\/FAV\/UFG).\r\n\r\nServi\u00e7o\r\n\r\nInscri\u00e7\u00f5es gratuitas: de 10\/2 a 9\/3\/2026\r\n\r\nPer\u00edodo da Resid\u00eancia: mar\u00e7o a junho de 2026\r\n\r\nLocal: Escola de Artes Visuais \u2013 Centro Cultural Octo Marques\r\n\r\nEndere\u00e7o: Edif\u00edcio Parthenon Center, Rua 4, n\u00ba 515, Centro, (mezanino \u2013 entrada pela rua 7)\n\t\t<\/div>\n\t\t<div class=\"em-item-actions input\">\n\t\t\t<a class=\"em-item-read-more button\" href=\"https:\/\/goias.gov.br\/ocupagoias\/eventos\/residencia-artistica-transcartografar-arte-e-transgeneridade-em-goias\/\">Mais Informa\u00e7\u00f5es<\/a>\n\t\t\t\n\t\t<\/div>\n\t<\/div>\n<\/div>\t<\/div>\r\n<\/div>\n","protected":false},"excerpt":{"rendered":"","protected":false},"author":1,"featured_media":0,"parent":0,"menu_order":0,"comment_status":"closed","ping_status":"closed","template":"","meta":{"footnotes":""},"class_list":["post-200620","page","type-page","status-publish","hentry"],"rttpg_featured_image_url":null,"rttpg_author":{"display_name":"wagner.viana","author_link":"https:\/\/goias.gov.br\/ocupagoias\/author\/wagner-viana\/"},"rttpg_comment":0,"rttpg_category":null,"rttpg_excerpt":null,"_links":{"self":[{"href":"https:\/\/goias.gov.br\/ocupagoias\/wp-json\/wp\/v2\/pages\/200620","targetHints":{"allow":["GET"]}}],"collection":[{"href":"https:\/\/goias.gov.br\/ocupagoias\/wp-json\/wp\/v2\/pages"}],"about":[{"href":"https:\/\/goias.gov.br\/ocupagoias\/wp-json\/wp\/v2\/types\/page"}],"author":[{"embeddable":true,"href":"https:\/\/goias.gov.br\/ocupagoias\/wp-json\/wp\/v2\/users\/1"}],"replies":[{"embeddable":true,"href":"https:\/\/goias.gov.br\/ocupagoias\/wp-json\/wp\/v2\/comments?post=200620"}],"version-history":[{"count":1,"href":"https:\/\/goias.gov.br\/ocupagoias\/wp-json\/wp\/v2\/pages\/200620\/revisions"}],"predecessor-version":[{"id":200621,"href":"https:\/\/goias.gov.br\/ocupagoias\/wp-json\/wp\/v2\/pages\/200620\/revisions\/200621"}],"wp:attachment":[{"href":"https:\/\/goias.gov.br\/ocupagoias\/wp-json\/wp\/v2\/media?parent=200620"}],"curies":[{"name":"wp","href":"https:\/\/api.w.org\/{rel}","templated":true}]}}