
{"id":66,"date":"2023-01-11T15:00:48","date_gmt":"2023-01-11T18:00:48","guid":{"rendered":"http:\/\/localhost\/multisites\/modelo\/?page_id=49"},"modified":"2026-04-17T15:06:14","modified_gmt":"2026-04-17T18:06:14","slug":"homepage","status":"publish","type":"page","link":"https:\/\/goias.gov.br\/observatoriodoturismo\/","title":{"rendered":"Homepage"},"content":{"rendered":"\t\t<div data-elementor-type=\"wp-page\" data-elementor-id=\"66\" class=\"elementor elementor-66\">\n\t\t\t\t<div class=\"elementor-element elementor-element-bd3a0de e-flex e-con-boxed e-con e-parent\" data-id=\"bd3a0de\" data-element_type=\"container\" data-e-type=\"container\">\n\t\t\t\t\t<div class=\"e-con-inner\">\n\t\t\t\t<div class=\"elementor-element elementor-element-53aa5b7 elementor-widget elementor-widget-html\" data-id=\"53aa5b7\" data-element_type=\"widget\" data-e-type=\"widget\" data-widget_type=\"html.default\">\n\t\t\t\t<div class=\"elementor-widget-container\">\n\t\t\t\t\t<div style=\"\r\n  display: flex;\r\n  flex-wrap: wrap;\r\n  align-items: center;\r\n  gap: 30px;\r\n  background-color: #f2f2f2;\r\n  padding: 40px;\r\n  border-radius: 16px;\r\n  font-family: Arial, sans-serif;\r\n\">\r\n  <!-- Bloco da imagem -->\r\n  <div style=\"\r\n    flex: 1 1 300px;\r\n    display: flex;\r\n    justify-content: center;\r\n    align-items: center;\r\n  \">\r\n    <img decoding=\"async\" \r\n      src=\"https:\/\/goias.gov.br\/observatoriodoturismo\/wp-content\/uploads\/sites\/64\/2025\/06\/obs_tur_goias_logo.png\" \r\n      alt=\"Logotipo do Observat\u00f3rio do Turismo do Estado de Goi\u00e1s\" \r\n      style=\"width: 100%; max-width: 280px; height: auto;\" \r\n    \/>\r\n  <\/div>\r\n\r\n  <!-- Bloco do texto -->\r\n  <div style=\"flex: 2 1 400px;\">\r\n    <h2 style=\"\r\n      color: #003D5C;\r\n      margin-top: 0;\r\n      margin-bottom: 20px;\r\n      font-size: 24px;\r\n    \">\r\n      O QUE \u00c9 O OBSERVAT\u00d3RIO DO TURISMO DO ESTADO DE GOI\u00c1S?\r\n    <\/h2>\r\n\r\n    <div style=\"\r\n      background-color: #003D5C;\r\n      padding: 25px;\r\n      border-radius: 10px;\r\n      color: white;\r\n    \">\r\n      <p style=\"\r\n        margin: 0 0 24px 0;\r\n        font-size: 16px;\r\n        line-height: 1.7;\r\n        text-align: justify;\r\n        text-indent: 30px;\r\n      \">\r\n       Criado em 2008 (Senac Goi\u00e1s + FAPEG), foi incorporado \u00e0 Goi\u00e1s Turismo em 2010 como IPTUR e depois passou a se chamar Observat\u00f3rio do Turismo de Goi\u00e1s. Atualmente, \u00e9 o departamento de pesquisa da Goi\u00e1s Turismo, vinculado \u00e0 Diretoria de Fomento ao Turismo e \u00e0 Ger\u00eancia de Estudos, Pesquisa e Qualifica\u00e7\u00e3o (GEPQ). Realiza pesquisas em todo o estado para gerar dados qualificados que apoiam o planejamento, a gest\u00e3o e o monitoramento dos destinos tur\u00edsticos. Com equipe multidisciplinar, \u00e9 refer\u00eancia nacional e integra a Rede Brasileira dos Observat\u00f3rios de Turismo (RBOT).\r\n      <\/p>\r\n\r\n      <div style=\"text-align: center;\">\r\n        <a \r\n          href=\"https:\/\/goias.gov.br\/observatoriodoturismo\/wp-content\/uploads\/sites\/64\/2026\/04\/PORTFOLIO-OBSERVATUR-2026.pdf\" \r\n          target=\"_blank\" \r\n          aria-label=\"Abrir portf\u00f3lio em PDF\"\r\n          style=\"\r\n            display: inline-block;\r\n            padding: 12px 24px;\r\n            background-color: #9BDB27;\r\n            color: #003D5C;\r\n            text-decoration: none;\r\n            border-radius: 6px;\r\n            font-weight: bold;\r\n            transition: background-color 0.3s;\r\n          \"\r\n          onmouseover=\"this.style.backgroundColor='#86c522'\"\r\n          onmouseout=\"this.style.backgroundColor='#9BDB27'\"\r\n        >\r\n          Saiba mais\r\n        <\/a>\r\n      <\/div>\r\n    <\/div>\r\n  <\/div>\r\n<\/div>\r\n\t\t\t\t<\/div>\n\t\t\t\t<\/div>\n\t\t\t\t\t<\/div>\n\t\t\t\t<\/div>\n\t\t\t\t<\/div>\n\t\t","protected":false},"excerpt":{"rendered":"<p>O QUE \u00c9 O OBSERVAT\u00d3RIO DO TURISMO DO ESTADO DE GOI\u00c1S? Criado em 2008 (Senac Goi\u00e1s + FAPEG), foi incorporado \u00e0 Goi\u00e1s Turismo em 2010 como IPTUR e depois passou a se chamar Observat\u00f3rio do Turismo de Goi\u00e1s. Atualmente, \u00e9 o departamento de pesquisa da Goi\u00e1s Turismo, vinculado \u00e0 Diretoria de Fomento ao Turismo e [&hellip;]<\/p>\n","protected":false},"author":1,"featured_media":0,"parent":0,"menu_order":0,"comment_status":"closed","ping_status":"closed","template":"elementor_header_footer","meta":{"footnotes":""},"class_list":["post-66","page","type-page","status-publish","hentry"],"rttpg_featured_image_url":null,"rttpg_author":{"display_name":"wagner.viana","author_link":"https:\/\/goias.gov.br\/observatoriodoturismo\/author\/wagner-viana\/"},"rttpg_comment":0,"rttpg_category":null,"rttpg_excerpt":"O QUE \u00c9 O OBSERVAT\u00d3RIO DO TURISMO DO ESTADO DE GOI\u00c1S? Criado em 2008 (Senac Goi\u00e1s + FAPEG), foi incorporado \u00e0 Goi\u00e1s Turismo em 2010 como IPTUR e depois passou a se chamar Observat\u00f3rio do Turismo de Goi\u00e1s. Atualmente, \u00e9 o departamento de pesquisa da Goi\u00e1s Turismo, vinculado \u00e0 Diretoria de Fomento ao Turismo e&hellip;","_links":{"self":[{"href":"https:\/\/goias.gov.br\/observatoriodoturismo\/wp-json\/wp\/v2\/pages\/66","targetHints":{"allow":["GET"]}}],"collection":[{"href":"https:\/\/goias.gov.br\/observatoriodoturismo\/wp-json\/wp\/v2\/pages"}],"about":[{"href":"https:\/\/goias.gov.br\/observatoriodoturismo\/wp-json\/wp\/v2\/types\/page"}],"author":[{"embeddable":true,"href":"https:\/\/goias.gov.br\/observatoriodoturismo\/wp-json\/wp\/v2\/users\/1"}],"replies":[{"embeddable":true,"href":"https:\/\/goias.gov.br\/observatoriodoturismo\/wp-json\/wp\/v2\/comments?post=66"}],"version-history":[{"count":2,"href":"https:\/\/goias.gov.br\/observatoriodoturismo\/wp-json\/wp\/v2\/pages\/66\/revisions"}],"predecessor-version":[{"id":209562,"href":"https:\/\/goias.gov.br\/observatoriodoturismo\/wp-json\/wp\/v2\/pages\/66\/revisions\/209562"}],"wp:attachment":[{"href":"https:\/\/goias.gov.br\/observatoriodoturismo\/wp-json\/wp\/v2\/media?parent=66"}],"curies":[{"name":"wp","href":"https:\/\/api.w.org\/{rel}","templated":true}]}}