
{"id":65,"date":"2023-01-11T15:00:11","date_gmt":"2023-01-11T18:00:11","guid":{"rendered":"http:\/\/localhost\/multisites\/modelo\/?page_id=47"},"modified":"2025-10-13T17:53:41","modified_gmt":"2025-10-13T20:53:41","slug":"mapa-do-site","status":"publish","type":"page","link":"https:\/\/goias.gov.br\/observatoriodoturismo\/mapa-do-site\/","title":{"rendered":"Mapa do site"},"content":{"rendered":"<div id=\"custom-sitemap\" class=\"sitemap-container\"><div class='sitemap-group'><h3>A<\/h3><ul><li><a href='https:\/\/portal.al.go.leg.br\/' target='_blank'>ASSEMBLEIA LEGISLATIVA DO ESTADO DE GOI\u00c1S<\/a><\/li><li><a href='https:\/\/goias.gov.br\/observatoriodoturismo\/agenda-de-autoridades\/' target='_blank'>AGENDA DE AUTORIDADES<\/a><\/li><li><a href='https:\/\/goias.gov.br\/turismo\/termos-de-colaboracao-termos-de-fomento-acordos-de-cooperacao\/' target='_blank'>ACORDOS SEM TRANSFER\u00caNCIA DE RECURSOS<\/a><\/li><li><a href='https:\/\/goias.gov.br\/turismo\/autoridade-de-monitoramento-de-pedidos-de-acesso-a-informacao\/' target='_blank'>AUTORIDADE DE MONITORAMENTO DA APLICA\u00c7\u00c3O DA LAI<\/a><\/li><\/ul><\/div><div class='sitemap-group'><h3>B<\/h3><ul><li><a href='https:\/\/goias.gov.br\/observatoriodoturismo\/boletim-bimensal-comentado-cadastur\/' target='_blank'>BOLETIM COMENTADO: CADASTUR BIMENSAL<\/a><\/li><li><a href='https:\/\/goias.gov.br\/observatoriodoturismo\/boletim-comentado-pesquisa-mensal-de-servicos-pms\/' target='_blank'>BOLETIM COMENTADO: PESQUISA MENSAL DE SERVI\u00c7OS (PMS)<\/a><\/li><li><a href='https:\/\/goias.gov.br\/observatoriodoturismo\/boletim-de-dados\/' target='_blank'>BOLETIM DE DADOS DO TURISMO EM GOI\u00c1S<\/a><\/li><li><a href='https:\/\/goias.gov.br\/observatoriodoturismo\/boletim-do-turismo-religioso-goias\/' target='_blank'>BOLETIM DO TURISMO RELIGIOSO<\/a><\/li><li><a href='https:\/\/goias.gov.br\/turismo\/wp-content\/uploads\/sites\/4\/2024\/05\/Relatorio-de-Bens-Moveis.pdf' target='_blank'>BENS M\u00d3VEIS<\/a><\/li><li><a href='https:\/\/goias.gov.br\/turismo\/bens-imoveis\/' target='_blank'>BENS IM\u00d3VEIS<\/a><\/li><\/ul><\/div><div class='sitemap-group'><h3>C<\/h3><ul><li><a href='https:\/\/goias.gov.br\/observatoriodoturismo\/censos-hoteleiros\/' target='_blank'>CENSOS HOTELEIROS<\/a><\/li><li><a href='https:\/\/goias.gov.br\/controladoria' target='_blank'>CONTROLADORIA-GERAL DO ESTADO DE GOI\u00c1S<\/a><\/li><li><a href='https:\/\/goias.gov.br\/governo\/cadastro-de-autoridade\/' target='_blank'>CADASTRO DE AUTORIDADES<\/a><\/li><li><a href='https:\/\/goias.gov.br\/turismo\/a-autarquia\/' target='_blank'>COMPET\u00caNCIAS<\/a><\/li><li><a href='https:\/\/goias.gov.br\/turismo\/cargos-e-seus-ocupantes\/' target='_blank'>CARGOS E SEUS OCUPANTES\u00a0<\/a><\/li><li><a href='https:\/\/www.go.gov.br\/servicos\/servicos-por-orgao\/agencia-estadual-de-turismo' target='_blank'>CARTA DE SERVI\u00c7OS<\/a><\/li><li><a href='https:\/\/goias.gov.br\/turismo\/conselhos\/' target='_blank'>CONSELHOS<\/a><\/li><li><a href='https:\/\/goias.gov.br\/turismo\/convenios\/' target='_blank'>CONV\u00caNIOS RECEBIDOS<\/a><\/li><li><a href='https:\/\/goias.gov.br\/turismo\/convenios-concedidos\/' target='_blank'>CONV\u00caNIOS CONCEDIDOS<\/a><\/li><li><a href='http:\/\/www.comprasnet.go.gov.br\/' target='_blank'>COMPRASNET<\/a><\/li><li><a href='https:\/\/goias.gov.br\/turismo\/chamamento-publico\/' target='_blank'>CHAMAMENTO P\u00daBLICO<\/a><\/li><li><a href='http:\/\/www.transparencia.go.gov.br\/lai.php?painel=contratos_detalhamento&orgao=goiasturismo' target='_blank'>CONTRATOS<\/a><\/li><li><a href='https:\/\/goias.gov.br\/turismo\/contrato-de-bens-imoveis\/' target='_blank'>CONTRATO DE LOCA\u00c7\u00c3O DE IM\u00d3VEIS<\/a><\/li><li><a href='https:\/\/goias.gov.br\/turismo\/classificacao-das-informacoes-sigilosas\/' target='_blank'>CLASSIFICA\u00c7\u00c3O DAS INFORMA\u00c7\u00d5ES SIGILOSAS<\/a><\/li><\/ul><\/div><div class='sitemap-group'><h3>D<\/h3><ul><li><a href='http:\/\/diariooficial.abc.go.gov.br\/' target='_blank'>DI\u00c1RIO OFICIAL<\/a><\/li><li><a href='https:\/\/dadosabertos.go.gov.br\/' target='_blank'>DADOS ABERTOS GOI\u00c1S<\/a><\/li><li><a href='http:\/\/www.transparencia.go.gov.br\/lai.php?painel=diarias&orgao=goiasturismo' target='_blank'>DI\u00c1RIAS<\/a><\/li><\/ul><\/div><div class='sitemap-group'><h3>E<\/h3><ul><li><a href='https:\/\/goias.gov.br\/observatoriodoturismo\/estudos-estrategicos-com-dados-primarios-e-secundarios\/' target='_blank'>ESTUDOS ESTRAT\u00c9GICOS<\/a><\/li><li><a href='https:\/\/www.go.gov.br\/servicos-digitais\/cge\/nova-ouvidoria\/pedido-informacao-publica?orgao=15&tipo_manifestacao=7' target='_blank'>E-SIC - SERVI\u00c7O ELETR\u00d4NICO DE INFORMA\u00c7\u00c3O AO CIDAD\u00c3O<\/a><\/li><li><a href='https:\/\/www.go.gov.br\/' target='_blank'>EXPRESSO GOI\u00c1S<\/a><\/li><li><a href='https:\/\/portal.go.gov.br\/' target='_blank'>EXPRESSO APLICA\u00c7\u00d5ES<\/a><\/li><li><a href='https:\/\/www.go.gov.br\/' target='_blank'>EXPRESSO SERVIDOR<\/a><\/li><li><a href='https:\/\/goias.gov.br\/escoladegoverno\/' target='_blank'>ESCOLA DE GOVERNO<\/a><\/li><li><a href='https:\/\/goias.gov.br\/administracao\/agencia-estadual-de-turismo-goias-turismo-dados-gerais\/' target='_blank'>ESTRUTURA ORGANIZACIONAL<\/a><\/li><li><a href='https:\/\/goias.gov.br\/turismo\/ramais-goias-turismo\/' target='_blank'>ENDERE\u00c7OS, TELEFONES, E-MAILS E HOR\u00c1RIOS DE ATENDIMENTO<\/a><\/li><li><a href='https:\/\/www.transparencia.go.gov.br\/wp-content\/uploads\/sites\/2\/painel\/lai.php?painel=empenhos&orgao=goiasturismo' target='_blank'>EMPENHOS E PAGAMENTOS<\/a><\/li><li><a href='https:\/\/www.transparencia.go.gov.br\/lai.php?painel=execucao_orcamentaria_visao_geral&orgao=goiasturismo' target='_blank'>EXECU\u00c7\u00c3O OR\u00c7AMENT\u00c1RIA<\/a><\/li><li><a href='https:\/\/www.go.gov.br\/servicos-digitais\/cge\/nova-ouvidoria\/nova-manifestacao?orgao=15' target='_blank'>E-SIC ELETR\u00d4NICO<\/a><\/li><li><a href='https:\/\/goias.gov.br\/turismo\/lei-geral-de-protecao-de-dados\/' target='_blank'>ENCARREGADO PELO TRATAMENTO DOS DADOS PESSOAIS<\/a><\/li><\/ul><\/div><div class='sitemap-group'><h3>F<\/h3><ul><li><a href='http:\/\/www.transparencia.go.gov.br\/lai.php?painel=folha_de_pagamento_salarios_de_servidores_ativos&orgao=goiasturismo' target='_blank'>FOLHA DE PAGAMENTO<\/a><\/li><\/ul><\/div><div class='sitemap-group'><h3>G<\/h3><ul><li><a href='https:\/\/www.gov.br\/' target='_blank'>GOVERNO FEDERAL<\/a><\/li><li><a href='https:\/\/transparencia.go.gov.br\/' target='_blank'>GOI\u00c1S TRANSPAR\u00caNCIA<\/a><\/li><li><a href='http:\/\/www.transparencia.go.gov.br\/lai.php?painel=gastos_governamentais&orgao=goiasturismo' target='_blank'>GASTOS GOVERNAMENTAIS<\/a><\/li><li><a href='https:\/\/www.transparencia.go.gov.br\/lai.php?painel=publicidade_propaganda&orgao=goiasturismo' target='_blank'>GASTOS EM PUBLICIDADE E PROPAGANDA<\/a><\/li><\/ul><\/div><div class='sitemap-group'><h3>I<\/h3><ul><li><a href='https:\/\/goias.gov.br\/observatoriodoturismo\/' target='_blank'>IN\u00cdCIO<\/a><\/li><li><a href='https:\/\/goias.gov.br\/observatoriodoturismo\/indice-de-reputacao-dos-atrativos-turisticos-de-goias-2\/' target='_blank'>\u00cdNDICE DE REPUTA\u00c7\u00c3O DOS ATRATIVOS TUR\u00cdSTICOS DE GOI\u00c1S<\/a><\/li><li><a href='https:\/\/goias.gov.br\/observatoriodoturismo\/ipe-painel-do-turismo-goiano\/' target='_blank'>IP\u00ca (POWER  BI)<\/a><\/li><li><a href='https:\/\/goias.gov.br\/observatoriodoturismo\/inventarios-de-oferta-turistica\/' target='_blank'>INVENT\u00c1RIOS TUR\u00cdSTICOS<\/a><\/li><\/ul><\/div><div class='sitemap-group'><h3>J<\/h3><ul><li><a href='https:\/\/goias.gov.br\/turismo\/julgamento-das-contas-pelo-tribunal-de-contas-do-estado\/' target='_blank'>JULGAMENTO DAS CONTAS PELO TCE-GO<\/a><\/li><\/ul><\/div><div class='sitemap-group'><h3>L<\/h3><ul><li><a href='https:\/\/goias.gov.br\/turismo\/legislacao-aplicavel\/' target='_blank'>LEGISLA\u00c7\u00c3O APLIC\u00c1VEL<\/a><\/li><li><a href='https:\/\/www.transparencia.go.gov.br\/wp-content\/uploads\/sites\/2\/painel\/lai.php?painel=folha_de_pagamento_salarios_de_estagiarios_ativos&orgao=goiasturismo' target='_blank'>LISTA DE ESTAGI\u00c1RIOS<\/a><\/li><li><a href='http:\/\/www.transparencia.go.gov.br\/lai.php?painel=licitacoes_licitacoes_concluidas&orgao=goiasturismo' target='_blank'>LICITA\u00c7\u00d5ES - COMPRASNET<\/a><\/li><li><a href='https:\/\/www.transparencia.go.gov.br\/wp-content\/uploads\/sites\/2\/painel\/lai.php?painel=licitacoes_concluidas_sislog&orgao=goiasturismo' target='_blank'>LICITA\u00c7\u00d5ES - SISLOG<\/a><\/li><li><a href='https:\/\/transparencia.go.gov.br\/fornecedores-impedidos\/' target='_blank'>LICITANTES SANCIONADOS ADMINISTRATIVAMENTE\u00a0<\/a><\/li><li><a href='https:\/\/goias.gov.br\/turismo\/pregao-eletronico\/' target='_blank'>LICITA\u00c7\u00d5ES<\/a><\/li><li><a href='https:\/\/transparencia.go.gov.br\/orcamento-e-planejamento-pecas\/' target='_blank'>LDO\/LOA<\/a><\/li><li><a href='https:\/\/legisla.casacivil.go.gov.br\/pesquisa_legislacao\/90142\/lei-18025' target='_blank'>LEI DE ACESSO A INFORMA\u00c7\u00c3O ESTADUAL<\/a><\/li><\/ul><\/div><div class='sitemap-group'><h3>M<\/h3><ul><li><a href='https:\/\/goias.gov.br\/observatoriodoturismo\/manuais-materias-didaticos\/' target='_blank'>MANUAIS\/MATERIAIS DID\u00c1TICOS<\/a><\/li><li><a href='https:\/\/goias.gov.br\/observatoriodoturismo\/mapeamento-situacional-municipios-goianos\/' target='_blank'>MAPEAMENTOS SITUACIONAIS<\/a><\/li><li><a href='https:\/\/www.mpgo.mp.br\/portal\/' target='_blank'>MINIST\u00c9RIO P\u00daBLICO DO ESTADO DE GOI\u00c1S<\/a><\/li><li><a href='https:\/\/goias.gov.br\/turismo\/relatorios-de-gestao-ou-atividades\/' target='_blank'>MONITORAMENTO DE PROGRAMAS, PROJETOS, A\u00c7\u00d5ES E ATIVIDADES<\/a><\/li><\/ul><\/div><div class='sitemap-group'><h3>O<\/h3><ul><li><a href='https:\/\/www.go.gov.br\/servicos-digitais\/cge\/nova-ouvidoria?orgao=15' target='_blank'>OUVIDORIA SETORIAL (EXPRESSO)<\/a><\/li><li><a href='https:\/\/goias.gov.br\/turismo\/ouvidoria-setorial\/' target='_blank'>OUVIDORIA SETORIAL (PRESENCIAL)<\/a><\/li><li><a href='http:\/\/www.transparencia.go.gov.br\/lai.php?painel=ordem_cronologica_despesas&orgao=goiasturismo' target='_blank'>ORDEM CRONOL\u00d3GICA DE PAGAMENTOS<\/a><\/li><li><a href='https:\/\/app.powerbi.com\/view?r=eyJrIjoiOWNiNGMwOTYtNTllYS00ODkzLWE3ZjktOTk1YmFmYjM1YmFlIiwidCI6IjY3ZmQ0MzFjLWIyYWQtNDg2Ny04MWJjLWQ3NTYyMjBiNTZkNCJ9' target='_blank'>OBRAS<\/a><\/li><li><a href='https:\/\/app.powerbi.com\/view?r=eyJrIjoiOWNiNGMwOTYtNTllYS00ODkzLWE3ZjktOTk1YmFmYjM1YmFlIiwidCI6IjY3ZmQ0MzFjLWIyYWQtNDg2Ny04MWJjLWQ3NTYyMjBiNTZkNCJ9' target='_blank'>OBRAS PARALISADAS<\/a><\/li><li><a href='https:\/\/goias.gov.br\/turismo\/atendimento-presencial-ouvidoria\/' target='_blank'>OUVIDORIA - ATENDIMENTO PRESENCIAL<\/a><\/li><\/ul><\/div><div class='sitemap-group'><h3>P<\/h3><ul><li><a href='https:\/\/goias.gov.br\/observatoriodoturismo\/painel-de-indicadores-das-regioes-turisticas\/' target='_blank'>PAINEL DE INDICADORES DAS REGI\u00d5ES TUR\u00cdSTICAS<\/a><\/li><li><a href='https:\/\/goias.gov.br\/observatoriodoturismo\/panorama-do-turismo-em-goias-frente-a-retomada\/' target='_blank'>PANORAMADA DA RETOMADA<\/a><\/li><li><a href='https:\/\/goias.gov.br\/observatoriodoturismo\/pesquisa\/' target='_blank'>PANORAMA DO TURISMO EM GOI\u00c1S FRENTE A COVID-19<\/a><\/li><li><a href='https:\/\/goias.gov.br\/observatoriodoturismo\/boletins-especiais\/' target='_blank'>PESQUISA NACIONAL POR AMOSTRA DE DOMIC\u00cdLIOS (PNAD)<\/a><\/li><li><a href='https:\/\/goias.gov.br\/observatoriodoturismo\/planejamentos-estrategicos\/' target='_blank'>PLANEJAMENTOS ESTRAT\u00c9GICOS<\/a><\/li><li><a href='https:\/\/goias.gov.br\/observatoriodoturismo\/relatorios-anuais\/' target='_blank'>PRODU\u00c7\u00c3O ANUAL<\/a><\/li><li><a href='https:\/\/goias.gov.br\/procuradoria\/' target='_blank'>PROCURADORIA-GERAL DO ESTADO DE GOI\u00c1S<\/a><\/li><li><a href='https:\/\/sislog.go.gov.br\/Pca' target='_blank'>PCA - PLANO DE CONTRATA\u00c7\u00d5ES ANUAL<\/a><\/li><li><a href='https:\/\/goias.gov.br\/turismo\/planejamento-estrategico-da-goias-turismo\/' target='_blank'>PLANO ESTRAT\u00c9GICO INSTITUCIONAL<\/a><\/li><li><a href='https:\/\/ppa.go.gov.br\/' target='_blank'>PPA<\/a><\/li><li><a href='https:\/\/www.planalto.gov.br\/ccivil_03\/_ato2015-2018\/2018\/lei\/l13709.htm' target='_blank'>POL\u00cdTICA DE PRIVACIDADE E PROTE\u00c7\u00c3O DE DADOS<\/a><\/li><li><a href='https:\/\/app.powerbi.com\/view?r=eyJrIjoiNmRhN2MzZmYtMWZkMi00ODdmLWJhNGQtYTJkODcwNDJlMTU4IiwidCI6IjY3ZmQ0MzFjLWIyYWQtNDg2Ny04MWJjLWQ3NTYyMjBiNTZkNCJ9' target='_blank'>PESQUISA DE SATISFA\u00c7\u00c3O<\/a><\/li><li><a href='https:\/\/transparencia.go.gov.br\/' target='_blank'>PORTAL GOI\u00c1S TRANSPARENTE<\/a><\/li><li><a href='https:\/\/goias.gov.br\/turismo\/projetos-de-participacao-social\/' target='_blank'>PROJETOS DE PARTICIPA\u00c7\u00c3O SOCIAL<\/a><\/li><li><a href='https:\/\/goias.gov.br\/turismo\/projetos-de-inovacao-no-servico-publico\/' target='_blank'>PROJETOS DE INOVA\u00c7\u00c3O NO SERVI\u00c7O P\u00daBLICO<\/a><\/li><\/ul><\/div><div class='sitemap-group'><h3>Q<\/h3><ul><li><a href='https:\/\/goias.gov.br\/observatoriodoturismo\/wp-content\/uploads\/sites\/64\/2026\/04\/PORTFOLIO-OBSERVATUR-2026.pdf' target='_blank'>QUEM SOMOS<\/a><\/li><li><a href='http:\/\/www.transparencia.go.gov.br\/lai.php?painel=folha_de_pagamento_cargos_por_orgaos&orgao=goiasturismo' target='_blank'>QUANTITATIVO DE CARGOS<\/a><\/li><\/ul><\/div><div class='sitemap-group'><h3>R<\/h3><ul><li><a href='https:\/\/goias.gov.br\/observatoriodoturismo\/relatorios-tecnicos-de-pesquisas\/' target='_blank'>RELAT\u00d3RIOS T\u00c9CNICOS (EVENTOS\/ETC)<\/a><\/li><li><a href='http:\/\/www.transparencia.go.gov.br\/lai.php?painel=receitas_estaduais&orgao=goiasturismo' target='_blank'>RECEITA ESTADUAL<\/a><\/li><li><a href='https:\/\/goias.gov.br\/turismo\/relacao-de-terceirizados\/' target='_blank'>RELA\u00c7\u00c3O DE TERCEIRIZADOS<\/a><\/li><li><a href='https:\/\/www.transparencia.go.gov.br\/wp-content\/uploads\/sites\/2\/painel\/lai.php?painel=contratos_fiscais_e_gestores&orgao=goiasturismo' target='_blank'>RELA\u00c7\u00c3O DOS FISCAIS DOS CONTRATOS<\/a><\/li><li><a href='https:\/\/goias.gov.br\/turismo\/relacao-de-veiculos\/' target='_blank'>RELA\u00c7\u00c3O DE VE\u00cdCULOS<\/a><\/li><li><a href='https:\/\/goias.gov.br\/turismo\/relatorios-de-gestao-ou-atividades\/' target='_blank'>RELAT\u00d3RIO DE GEST\u00c3O OU ATIVIDADES<\/a><\/li><li><a href='https:\/\/www.transparencia.go.gov.br\/rreo-e-rgf\/' target='_blank'>RGF\/RREO<\/a><\/li><li><a href='https:\/\/www.ouvidoriageral.go.gov.br\/api\/relatorio_gestao.php?tipo=7&orgao=15' target='_blank'>RELAT\u00d3RIOS DE PEDIDOS DE ACESSO \u00c0 INFORMA\u00c7\u00c3O<\/a><\/li><li><a href='https:\/\/goias.gov.br\/turismo\/wp-content\/uploads\/sites\/4\/2024\/12\/RELATORIO-ANUAL-2023-OUVIDORIA-GOIAS-TURISMO.pdf' target='_blank'>RELAT\u00d3RIO DE GEST\u00c3O 2023 \u2013 OUVIDORIA ADJUNTA<\/a><\/li><li><a href='https:\/\/goias.gov.br\/turismo\/wp-content\/uploads\/sites\/4\/2024\/12\/RELATORIO-GERENCIAL-DOS-INDICADORES-DA-OUVIDORIA.pdf' target='_blank'>RELAT\u00d3RIO DE GEST\u00c3O 2024 \u2013 OUVIDORIA ADJUNTA<\/a><\/li><\/ul><\/div><div class='sitemap-group'><h3>S<\/h3><ul><li><a href='https:\/\/www.go.gov.br\/unidadesvaptvupt' target='_blank'>SIC - SERVI\u00c7O DE INFORMA\u00c7\u00c3O AO CIDAD\u00c3O<\/a><\/li><li><a href='https:\/\/sei.go.gov.br\/sei\/modulos\/goias\/login-sei\/MdGoiasLoginSEI.php?acao=md_goias_login_SEI&sigla_orgao_sistema=GOVERNADORIA&sigla_sistema=SEI&infra_url=L3NlaS8=' target='_blank'>SEI GOVERNADORIA<\/a><\/li><li><a href='https:\/\/goias.gov.br\/turismo\/sobre-a-goias-turismo\/' target='_blank'>SOBRE A GOI\u00c1S TURISMO<\/a><\/li><li><a href='https:\/\/goias.gov.br\/turismo\/sobre-o-cadastur\/' target='_blank'>SOBRE O CADASTUR<\/a><\/li><li><a href='https:\/\/goias.gov.br\/turismo\/documentos-programa-de-compliance-publico\/' target='_blank'>SOBRE O PROGRAMA DE COMPLIANCE P\u00daBLICO<\/a><\/li><li><a href='https:\/\/goias.gov.br\/turismo\/sobre-ouvidoria-geral\/' target='_blank'>SOBRE OUVIDORIA GERAL<\/a><\/li><li><a href='https:\/\/goias.gov.br\/turismo\/sobre-a-retomada-do-turismo-em-goias\/' target='_blank'>SOBRE A RETOMADA DO TURISMO EM GOI\u00c1S<\/a><\/li><li><a href='https:\/\/sislog.go.gov.br' target='_blank'>SISLOG<\/a><\/li><li><a href='https:\/\/vaptvupt.go.gov.br\/unidades' target='_blank'>SIC F\u00cdSICO - UNIDADES DO VAPT VUPT<\/a><\/li><\/ul><\/div><div class='sitemap-group'><h3>T<\/h3><ul><li><a href='https:\/\/www.tjgo.jus.br\/' target='_blank'>TRIBUNAL DE JUSTI\u00c7A DO ESTADO DE GOI\u00c1S<\/a><\/li><li><a href='https:\/\/goias.gov.br\/turismo\/tomada-de-preco-2\/' target='_blank'>TOMADA DE PRE\u00c7O<\/a><\/li><\/ul><\/div><\/div>\n","protected":false},"excerpt":{"rendered":"","protected":false},"author":1,"featured_media":0,"parent":0,"menu_order":0,"comment_status":"closed","ping_status":"closed","template":"","meta":{"footnotes":""},"class_list":["post-65","page","type-page","status-publish","hentry"],"rttpg_featured_image_url":null,"rttpg_author":{"display_name":"wagner.viana","author_link":"https:\/\/goias.gov.br\/observatoriodoturismo\/author\/wagner-viana\/"},"rttpg_comment":0,"rttpg_category":null,"rttpg_excerpt":null,"_links":{"self":[{"href":"https:\/\/goias.gov.br\/observatoriodoturismo\/wp-json\/wp\/v2\/pages\/65","targetHints":{"allow":["GET"]}}],"collection":[{"href":"https:\/\/goias.gov.br\/observatoriodoturismo\/wp-json\/wp\/v2\/pages"}],"about":[{"href":"https:\/\/goias.gov.br\/observatoriodoturismo\/wp-json\/wp\/v2\/types\/page"}],"author":[{"embeddable":true,"href":"https:\/\/goias.gov.br\/observatoriodoturismo\/wp-json\/wp\/v2\/users\/1"}],"replies":[{"embeddable":true,"href":"https:\/\/goias.gov.br\/observatoriodoturismo\/wp-json\/wp\/v2\/comments?post=65"}],"version-history":[{"count":2,"href":"https:\/\/goias.gov.br\/observatoriodoturismo\/wp-json\/wp\/v2\/pages\/65\/revisions"}],"predecessor-version":[{"id":208530,"href":"https:\/\/goias.gov.br\/observatoriodoturismo\/wp-json\/wp\/v2\/pages\/65\/revisions\/208530"}],"wp:attachment":[{"href":"https:\/\/goias.gov.br\/observatoriodoturismo\/wp-json\/wp\/v2\/media?parent=65"}],"curies":[{"name":"wp","href":"https:\/\/api.w.org\/{rel}","templated":true}]}}