
{"id":207959,"date":"2025-05-21T13:45:40","date_gmt":"2025-05-21T16:45:40","guid":{"rendered":"https:\/\/goias.gov.br\/observatoriodoturismo\/?page_id=207959"},"modified":"2025-10-13T17:48:07","modified_gmt":"2025-10-13T20:48:07","slug":"estudos-estrategicos-com-dados-primarios-e-secundarios","status":"publish","type":"page","link":"https:\/\/goias.gov.br\/observatoriodoturismo\/estudos-estrategicos-com-dados-primarios-e-secundarios\/","title":{"rendered":"Estudos Estrat\u00e9gicos com dados prim\u00e1rios e secund\u00e1rios"},"content":{"rendered":"\t\t<div data-elementor-type=\"wp-page\" data-elementor-id=\"207959\" class=\"elementor elementor-207959\">\n\t\t\t\t<div class=\"elementor-element elementor-element-a76382c e-flex e-con-boxed e-con e-parent\" data-id=\"a76382c\" data-element_type=\"container\" data-e-type=\"container\">\n\t\t\t\t\t<div class=\"e-con-inner\">\n\t\t\t\t<div class=\"elementor-element elementor-element-2b9f1a2 elementor-widget elementor-widget-n-accordion\" data-id=\"2b9f1a2\" data-element_type=\"widget\" data-e-type=\"widget\" data-settings=\"{&quot;default_state&quot;:&quot;all_collapsed&quot;,&quot;max_items_expended&quot;:&quot;one&quot;,&quot;n_accordion_animation_duration&quot;:{&quot;unit&quot;:&quot;ms&quot;,&quot;size&quot;:400,&quot;sizes&quot;:[]}}\" data-widget_type=\"nested-accordion.default\">\n\t\t\t\t<div class=\"elementor-widget-container\">\n\t\t\t\t\t\t\t<div class=\"e-n-accordion\" aria-label=\"Accordion. Open links with Enter or Space, close with Escape, and navigate with Arrow Keys\">\n\t\t\t\t\t\t<details id=\"e-n-accordion-item-4570\" class=\"e-n-accordion-item\" >\n\t\t\t\t<summary class=\"e-n-accordion-item-title\" data-accordion-index=\"1\" tabindex=\"0\" aria-expanded=\"false\" aria-controls=\"e-n-accordion-item-4570\" >\n\t\t\t\t\t<span class='e-n-accordion-item-title-header'><div class=\"e-n-accordion-item-title-text\"> 2020 <\/div><\/span>\n\t\t\t\t\t\t\t<span class='e-n-accordion-item-title-icon'>\n\t\t\t<span class='e-opened' ><svg aria-hidden=\"true\" class=\"e-font-icon-svg e-fas-minus\" viewBox=\"0 0 448 512\" xmlns=\"http:\/\/www.w3.org\/2000\/svg\"><path d=\"M416 208H32c-17.67 0-32 14.33-32 32v32c0 17.67 14.33 32 32 32h384c17.67 0 32-14.33 32-32v-32c0-17.67-14.33-32-32-32z\"><\/path><\/svg><\/span>\n\t\t\t<span class='e-closed'><svg aria-hidden=\"true\" class=\"e-font-icon-svg e-fas-plus\" viewBox=\"0 0 448 512\" xmlns=\"http:\/\/www.w3.org\/2000\/svg\"><path d=\"M416 208H272V64c0-17.67-14.33-32-32-32h-32c-17.67 0-32 14.33-32 32v144H32c-17.67 0-32 14.33-32 32v32c0 17.67 14.33 32 32 32h144v144c0 17.67 14.33 32 32 32h32c17.67 0 32-14.33 32-32V304h144c17.67 0 32-14.33 32-32v-32c0-17.67-14.33-32-32-32z\"><\/path><\/svg><\/span>\n\t\t<\/span>\n\n\t\t\t\t\t\t<\/summary>\n\t\t\t\t<div role=\"region\" aria-labelledby=\"e-n-accordion-item-4570\" class=\"elementor-element elementor-element-2587fb5 e-con-full e-flex e-con e-child\" data-id=\"2587fb5\" data-element_type=\"container\" data-e-type=\"container\">\n\t\t\t\t<div class=\"elementor-element elementor-element-41d7469 elementor-widget elementor-widget-text-editor\" data-id=\"41d7469\" data-element_type=\"widget\" data-e-type=\"widget\" data-widget_type=\"text-editor.default\">\n\t\t\t\t<div class=\"elementor-widget-container\">\n\t\t\t\t\t\t\t\t\t<p><a id=\"wp-block-file--media-83a1750b-2c66-4855-b947-4f9640b75760\" href=\"https:\/\/goias.gov.br\/turismo\/wp-content\/uploads\/sites\/4\/2023\/10\/Estudo-Estrategico-Baseado-Nos-Dados-da-Juceg.pdf\">Estudo-Estrategico-Baseado-Nos-Dados-da-Juceg<\/a><\/p><p><a id=\"wp-block-file--media-a13d44b7-bafb-4b04-be07-e5fae5e03110\" href=\"https:\/\/goias.gov.br\/turismo\/wp-content\/uploads\/sites\/4\/2023\/10\/Estudo-Estrategico-Cidades-do-Estado-de-Goias-Mais-Visitadas-Parte-1.pdf\">Estudo-Estrategico-Cidades-do-Estado-de-Goias-Mais-Visitadas-Parte-1<\/a><\/p><p><a id=\"wp-block-file--media-10a6c6b9-187a-4c4c-af29-7b04c04d5341\" href=\"https:\/\/goias.gov.br\/turismo\/wp-content\/uploads\/sites\/4\/2023\/10\/Estudo-Estrategico-Cidades-do-Estado-de-Goias-Mais-Visitadas-Parte-2.pdf\">Estudo-Estrategico-Cidades-do-Estado-de-Goias-Mais-Visitadas-Parte-2<\/a><\/p><p><a id=\"wp-block-file--media-a46810f9-3fa7-4c9c-921e-296b7f92f643\" href=\"https:\/\/goias.gov.br\/turismo\/wp-content\/uploads\/sites\/4\/2023\/10\/Estudo-de-Estimacao-de-Perda-no-Mercado-de-Eventos-em-Goiania.pdf\">Estudo-de-Estimacao-de-Perda-no-Mercado-de-Eventos-em-Goiania<\/a><\/p><p><a id=\"wp-block-file--media-07c069d1-13af-4436-bbc9-600fe2c6b657\" href=\"https:\/\/goias.gov.br\/turismo\/wp-content\/uploads\/sites\/4\/2023\/10\/Estudos-Estrategicos-Estimativa-do-Impacto-Economico-Regiao-Vale-do-Araguaia-Temporada.pdf\">Estudos-Estrategicos-Estimativa-do-Impacto-Economico-Regiao-Vale-do-Araguaia-Temporada<\/a><\/p><p><a id=\"wp-block-file--media-40baa73b-e33c-4ec8-8fa9-ae53157c47a9\" href=\"https:\/\/goias.gov.br\/turismo\/wp-content\/uploads\/sites\/4\/2023\/10\/Dados-do-Turismo-do-Estado-de-Goias.pdf\">Dados-do-Turismo-do-Estado-de-Goias<\/a><\/p><p><a id=\"wp-block-file--media-6f7db3ab-34b5-4aed-a9c0-dbfba7449c35\" href=\"https:\/\/goias.gov.br\/turismo\/wp-content\/uploads\/sites\/4\/2023\/10\/Estudo-das-Atividades-de-Alimentacao-que-Compoem-as-ACTS.pdf\">Estudo-das-Atividades-de-Alimentacao-que-Compoem-as-ACTS<\/a><\/p><p><a id=\"wp-block-file--media-69c41ab8-6fc5-40a1-9f07-127a6c7229d3\" href=\"https:\/\/goias.gov.br\/turismo\/wp-content\/uploads\/sites\/4\/2023\/10\/Dados-do-Setor-de-Eventos-em-Goias.pdf\">Dados-do-Setor-de-Eventos-em-Goias<\/a><\/p><p><a id=\"wp-block-file--media-10fb9bfd-e158-45e9-9936-23cae4f91336\" href=\"https:\/\/goias.gov.br\/turismo\/wp-content\/uploads\/sites\/4\/2023\/10\/Estimativa-de-Fluxo-Turistico-para-Goiania.pdf\">Estimativa-de-Fluxo-Turistico-para-Goiania<\/a><\/p><p><a id=\"wp-block-file--media-752b6283-9ccc-4dbb-9c18-899376bdb2ca\" href=\"https:\/\/goias.gov.br\/turismo\/wp-content\/uploads\/sites\/4\/2023\/10\/Quantitativo-de-Hoteis-no-Estado-de-Goias.pdf\">Quantitativo-de-Hoteis-no-Estado-de-Goias<\/a><\/p>\t\t\t\t\t\t\t\t<\/div>\n\t\t\t\t<\/div>\n\t\t\t\t<\/div>\n\t\t\t\t\t<\/details>\n\t\t\t\t\t\t<details id=\"e-n-accordion-item-4571\" class=\"e-n-accordion-item\" >\n\t\t\t\t<summary class=\"e-n-accordion-item-title\" data-accordion-index=\"2\" tabindex=\"-1\" aria-expanded=\"false\" aria-controls=\"e-n-accordion-item-4571\" >\n\t\t\t\t\t<span class='e-n-accordion-item-title-header'><div class=\"e-n-accordion-item-title-text\"> 2021 <\/div><\/span>\n\t\t\t\t\t\t\t<span class='e-n-accordion-item-title-icon'>\n\t\t\t<span class='e-opened' ><svg aria-hidden=\"true\" class=\"e-font-icon-svg e-fas-minus\" viewBox=\"0 0 448 512\" xmlns=\"http:\/\/www.w3.org\/2000\/svg\"><path d=\"M416 208H32c-17.67 0-32 14.33-32 32v32c0 17.67 14.33 32 32 32h384c17.67 0 32-14.33 32-32v-32c0-17.67-14.33-32-32-32z\"><\/path><\/svg><\/span>\n\t\t\t<span class='e-closed'><svg aria-hidden=\"true\" class=\"e-font-icon-svg e-fas-plus\" viewBox=\"0 0 448 512\" xmlns=\"http:\/\/www.w3.org\/2000\/svg\"><path d=\"M416 208H272V64c0-17.67-14.33-32-32-32h-32c-17.67 0-32 14.33-32 32v144H32c-17.67 0-32 14.33-32 32v32c0 17.67 14.33 32 32 32h144v144c0 17.67 14.33 32 32 32h32c17.67 0 32-14.33 32-32V304h144c17.67 0 32-14.33 32-32v-32c0-17.67-14.33-32-32-32z\"><\/path><\/svg><\/span>\n\t\t<\/span>\n\n\t\t\t\t\t\t<\/summary>\n\t\t\t\t<div role=\"region\" aria-labelledby=\"e-n-accordion-item-4571\" class=\"elementor-element elementor-element-cd8d9f5 e-con-full e-flex e-con e-child\" data-id=\"cd8d9f5\" data-element_type=\"container\" data-e-type=\"container\">\n\t\t\t\t<div class=\"elementor-element elementor-element-f6ce68f elementor-widget elementor-widget-text-editor\" data-id=\"f6ce68f\" data-element_type=\"widget\" data-e-type=\"widget\" data-widget_type=\"text-editor.default\">\n\t\t\t\t<div class=\"elementor-widget-container\">\n\t\t\t\t\t\t\t\t\t<p><a id=\"wp-block-file--media-fc087f2b-3e65-4f01-bba0-82f8d2b007c9\" href=\"https:\/\/goias.gov.br\/turismo\/wp-content\/uploads\/sites\/4\/2023\/10\/Valor-Adicionado-Produto-Interno-Bruto-Estado-de-Goias.pdf\">Valor-Adicionado-Produto-Interno-Bruto-Estado-de-Goias<\/a><\/p><p><a id=\"wp-block-file--media-114514cd-a4fb-488d-8f00-04bd1758bc5a\" href=\"https:\/\/goias.gov.br\/turismo\/wp-content\/uploads\/sites\/4\/2023\/10\/Arrecadacao-de-ICMS-por-meio-de-atividades-do-Turismo-em-Goias.pdf\">Arrecadacao-de-ICMS-por-meio-de-atividades-do-Turismo-em-Goias<\/a><\/p><p><a id=\"wp-block-file--media-fdfc9646-2a25-4cdc-b674-0d66a6a33de7\" href=\"https:\/\/goias.gov.br\/turismo\/wp-content\/uploads\/sites\/4\/2023\/10\/Dados-do-Turismo-do-Estado-de-Goias-1.pdf\">Dados-do-Turismo-do-Estado-de-Goias-1<\/a><\/p><p><a id=\"wp-block-file--media-404499eb-10de-405d-86c6-61e96ba55829\" href=\"https:\/\/goias.gov.br\/turismo\/wp-content\/uploads\/sites\/4\/2023\/10\/Dados-do-Turismo-no-Municipio-de-Pirenopolis.pdf\">Dados-do-Turismo-no-Municipio-de-Pirenopolis<\/a><\/p><p><a id=\"wp-block-file--media-d0e17ec5-fcbe-4a9a-8aed-7fef55e12fcd\" href=\"https:\/\/goias.gov.br\/turismo\/wp-content\/uploads\/sites\/4\/2023\/10\/Estudo-Economico-de-Abadiania.pdf\">Estudo-Economico-de-Abadiania<\/a><\/p><p><a id=\"wp-block-file--media-c8827145-863d-4edc-8e17-480aaa1728f0\" href=\"https:\/\/goias.gov.br\/turismo\/wp-content\/uploads\/sites\/4\/2023\/10\/Estudos-Estrategicos-Caldas-Novas-e-Rio-Quente.pdf\">Estudos-Estrategicos-Caldas-Novas-e-Rio-Quente<\/a><\/p><p><a id=\"wp-block-file--media-12478400-ad6f-4411-a64b-df139ed84c34\" href=\"https:\/\/goias.gov.br\/turismo\/wp-content\/uploads\/sites\/4\/2023\/10\/Relatorio-Cadastur.pdf\">Relatorio-Cadastur<\/a><\/p><p><a id=\"wp-block-file--media-8e72cd22-0162-4315-a051-3fbf75f25824\" href=\"https:\/\/goias.gov.br\/turismo\/wp-content\/uploads\/sites\/4\/2023\/10\/Resumo-Boletim-Especial-da-Retomada.pdf\">Resumo-Boletim-Especial-da-Retomada<\/a><\/p><p><a id=\"wp-block-file--media-a7486fc0-d783-4ce6-b509-38c6fce8f922\" href=\"https:\/\/goias.gov.br\/turismo\/wp-content\/uploads\/sites\/4\/2023\/10\/Plano-de-Retomada-do-Turismo-de-Cavalcante-Parte-1.pdf\">Plano-de-Retomada-do-Turismo-de-Cavalcante-Parte-1<\/a><\/p><p><a id=\"wp-block-file--media-a9151feb-6f99-4eb6-b22c-389eec95b371\" href=\"https:\/\/goias.gov.br\/turismo\/wp-content\/uploads\/sites\/4\/2023\/10\/Plano-de-Retomada-do-Turismo-de-Cavalcante-Parte-2.pdf\">Plano-de-Retomada-do-Turismo-de-Cavalcante-Parte-2<\/a><\/p><p><a id=\"wp-block-file--media-e2c0451f-994f-487f-bc48-cd28b6dd29a4\" href=\"https:\/\/goias.gov.br\/turismo\/wp-content\/uploads\/sites\/4\/2023\/10\/Plano-de-Retomada-do-Turismo-de-Cavalcante-Parte-3.pdf\">Plano-de-Retomada-do-Turismo-de-Cavalcante-Parte-3<\/a><\/p>\t\t\t\t\t\t\t\t<\/div>\n\t\t\t\t<\/div>\n\t\t\t\t<\/div>\n\t\t\t\t\t<\/details>\n\t\t\t\t\t\t<details id=\"e-n-accordion-item-4572\" class=\"e-n-accordion-item\" >\n\t\t\t\t<summary class=\"e-n-accordion-item-title\" data-accordion-index=\"3\" tabindex=\"-1\" aria-expanded=\"false\" aria-controls=\"e-n-accordion-item-4572\" >\n\t\t\t\t\t<span class='e-n-accordion-item-title-header'><div class=\"e-n-accordion-item-title-text\"> 2022 <\/div><\/span>\n\t\t\t\t\t\t\t<span class='e-n-accordion-item-title-icon'>\n\t\t\t<span class='e-opened' ><svg aria-hidden=\"true\" class=\"e-font-icon-svg e-fas-minus\" viewBox=\"0 0 448 512\" xmlns=\"http:\/\/www.w3.org\/2000\/svg\"><path d=\"M416 208H32c-17.67 0-32 14.33-32 32v32c0 17.67 14.33 32 32 32h384c17.67 0 32-14.33 32-32v-32c0-17.67-14.33-32-32-32z\"><\/path><\/svg><\/span>\n\t\t\t<span class='e-closed'><svg aria-hidden=\"true\" class=\"e-font-icon-svg e-fas-plus\" viewBox=\"0 0 448 512\" xmlns=\"http:\/\/www.w3.org\/2000\/svg\"><path d=\"M416 208H272V64c0-17.67-14.33-32-32-32h-32c-17.67 0-32 14.33-32 32v144H32c-17.67 0-32 14.33-32 32v32c0 17.67 14.33 32 32 32h144v144c0 17.67 14.33 32 32 32h32c17.67 0 32-14.33 32-32V304h144c17.67 0 32-14.33 32-32v-32c0-17.67-14.33-32-32-32z\"><\/path><\/svg><\/span>\n\t\t<\/span>\n\n\t\t\t\t\t\t<\/summary>\n\t\t\t\t<div role=\"region\" aria-labelledby=\"e-n-accordion-item-4572\" class=\"elementor-element elementor-element-33324e1 e-con-full e-flex e-con e-child\" data-id=\"33324e1\" data-element_type=\"container\" data-e-type=\"container\">\n\t\t\t\t<div class=\"elementor-element elementor-element-4d6c9b1 elementor-widget elementor-widget-text-editor\" data-id=\"4d6c9b1\" data-element_type=\"widget\" data-e-type=\"widget\" data-widget_type=\"text-editor.default\">\n\t\t\t\t<div class=\"elementor-widget-container\">\n\t\t\t\t\t\t\t\t\t<p><a id=\"wp-block-file--media-42ca4d3f-36c9-4e41-b0da-e82822907a35\" href=\"https:\/\/goias.gov.br\/turismo\/wp-content\/uploads\/sites\/4\/2023\/10\/Informacoes-para-Estudo-de-Demanda-e-Inteligencia-de-Mercado-Aeroportuaria.pdf\">Informacoes-para-Estudo-de-Demanda-e-Inteligencia-de-Mercado-Aeroportuaria<\/a><\/p><p><a id=\"wp-block-file--media-ac2aa5c3-1d2b-4616-9b3f-07432f21dd82\" href=\"https:\/\/goias.gov.br\/turismo\/wp-content\/uploads\/sites\/4\/2023\/10\/Dados-do-Caged-em-Goias.pdf\">Dados-do-Caged-em-Goias<\/a><\/p>\t\t\t\t\t\t\t\t<\/div>\n\t\t\t\t<\/div>\n\t\t\t\t<\/div>\n\t\t\t\t\t<\/details>\n\t\t\t\t\t\t<details id=\"e-n-accordion-item-4573\" class=\"e-n-accordion-item\" >\n\t\t\t\t<summary class=\"e-n-accordion-item-title\" data-accordion-index=\"4\" tabindex=\"-1\" aria-expanded=\"false\" aria-controls=\"e-n-accordion-item-4573\" >\n\t\t\t\t\t<span class='e-n-accordion-item-title-header'><div class=\"e-n-accordion-item-title-text\"> 2023 <\/div><\/span>\n\t\t\t\t\t\t\t<span class='e-n-accordion-item-title-icon'>\n\t\t\t<span class='e-opened' ><svg aria-hidden=\"true\" class=\"e-font-icon-svg e-fas-minus\" viewBox=\"0 0 448 512\" xmlns=\"http:\/\/www.w3.org\/2000\/svg\"><path d=\"M416 208H32c-17.67 0-32 14.33-32 32v32c0 17.67 14.33 32 32 32h384c17.67 0 32-14.33 32-32v-32c0-17.67-14.33-32-32-32z\"><\/path><\/svg><\/span>\n\t\t\t<span class='e-closed'><svg aria-hidden=\"true\" class=\"e-font-icon-svg e-fas-plus\" viewBox=\"0 0 448 512\" xmlns=\"http:\/\/www.w3.org\/2000\/svg\"><path d=\"M416 208H272V64c0-17.67-14.33-32-32-32h-32c-17.67 0-32 14.33-32 32v144H32c-17.67 0-32 14.33-32 32v32c0 17.67 14.33 32 32 32h144v144c0 17.67 14.33 32 32 32h32c17.67 0 32-14.33 32-32V304h144c17.67 0 32-14.33 32-32v-32c0-17.67-14.33-32-32-32z\"><\/path><\/svg><\/span>\n\t\t<\/span>\n\n\t\t\t\t\t\t<\/summary>\n\t\t\t\t<div role=\"region\" aria-labelledby=\"e-n-accordion-item-4573\" class=\"elementor-element elementor-element-fa3a8d0 e-flex e-con-boxed e-con e-child\" data-id=\"fa3a8d0\" data-element_type=\"container\" data-e-type=\"container\">\n\t\t\t\t\t<div class=\"e-con-inner\">\n\t\t\t\t<div class=\"elementor-element elementor-element-3048070 elementor-widget elementor-widget-text-editor\" data-id=\"3048070\" data-element_type=\"widget\" data-e-type=\"widget\" data-widget_type=\"text-editor.default\">\n\t\t\t\t<div class=\"elementor-widget-container\">\n\t\t\t\t\t\t\t\t\t<p><a id=\"wp-block-file--media-cf60ce47-2302-4362-823c-b5ed7a84b777\" href=\"https:\/\/goias.gov.br\/turismo\/wp-content\/uploads\/sites\/4\/2023\/10\/Estudo-Estrategico-Acompanhamento-Google-Trends-Parte-1.pdf\">Estudo-Estrategico-Acompanhamento-Google-Trends-Parte-1<\/a><\/p><p><a id=\"wp-block-file--media-98bf93aa-b5af-4eb3-96c5-0824d3bd608f\" href=\"https:\/\/goias.gov.br\/turismo\/wp-content\/uploads\/sites\/4\/2023\/10\/Estudo-Estrategico-Acompanhamento-Google-Trends-Parte-2.pdf\">Estudo-Estrategico-Acompanhamento-Google-Trends-Parte-2<\/a><\/p><p><a id=\"wp-block-file--media-ab5a5fa0-75cf-4767-a350-4915577b09f3\" href=\"https:\/\/goias.gov.br\/turismo\/wp-content\/uploads\/sites\/4\/2023\/10\/Estudo-Estrategico-Regiao-das-Aguas-Quentes.pdf\">Estudo-Estrategico-Regiao-das-Aguas-Quentes<\/a><\/p><p><a id=\"wp-block-file--media-530d16f4-fd9c-4e60-b8f1-226ea576cb5e\" href=\"https:\/\/goias.gov.br\/turismo\/wp-content\/uploads\/sites\/4\/2023\/10\/PesquisaEmRede.pdf\">PesquisaEmRede<\/a><\/p><p><a id=\"wp-block-file--media-23e8ecb3-41f8-4a19-bc25-ecfcebd8140d\" href=\"https:\/\/goias.gov.br\/turismo\/wp-content\/uploads\/sites\/4\/2023\/10\/Estudo-Estrategico-Caldas-Novas-e-Rio-Quente.pdf\">Estudo-Estrategico-Caldas-Novas-e-Rio-Quente<\/a><\/p><p><a id=\"wp-block-file--media-a581a3a5-b7df-4800-adaf-8a1c4539b62a\" href=\"https:\/\/goias.gov.br\/turismo\/wp-content\/uploads\/sites\/4\/2024\/01\/Acompanhamento-Google-Vol-3.pdf\">Acompanhamento-Google-Vol-3<\/a><\/p><p><a id=\"wp-block-file--media-4cae0417-3d39-45ee-8813-2ff805868158\" href=\"https:\/\/goias.gov.br\/turismo\/wp-content\/uploads\/sites\/4\/2024\/04\/acompanhamento_GoogleTrends4.pdf\">acompanhamento_GoogleTrends4<\/a><\/p><p><a id=\"wp-block-file--media-78f73a89-2f48-43a6-a031-2d6313aec6ac\" href=\"https:\/\/goias.gov.br\/turismo\/wp-content\/uploads\/sites\/4\/2020\/01\/mercado_eventos_goiania.pdf\">mercado_eventos_goiania<\/a><\/p>\t\t\t\t\t\t\t\t<\/div>\n\t\t\t\t<\/div>\n\t\t\t\t\t<\/div>\n\t\t\t\t<\/div>\n\t\t\t\t\t<\/details>\n\t\t\t\t\t\t<details id=\"e-n-accordion-item-4574\" class=\"e-n-accordion-item\" >\n\t\t\t\t<summary class=\"e-n-accordion-item-title\" data-accordion-index=\"5\" tabindex=\"-1\" aria-expanded=\"false\" aria-controls=\"e-n-accordion-item-4574\" >\n\t\t\t\t\t<span class='e-n-accordion-item-title-header'><div class=\"e-n-accordion-item-title-text\"> 2024 <\/div><\/span>\n\t\t\t\t\t\t\t<span class='e-n-accordion-item-title-icon'>\n\t\t\t<span class='e-opened' ><svg aria-hidden=\"true\" class=\"e-font-icon-svg e-fas-minus\" viewBox=\"0 0 448 512\" xmlns=\"http:\/\/www.w3.org\/2000\/svg\"><path d=\"M416 208H32c-17.67 0-32 14.33-32 32v32c0 17.67 14.33 32 32 32h384c17.67 0 32-14.33 32-32v-32c0-17.67-14.33-32-32-32z\"><\/path><\/svg><\/span>\n\t\t\t<span class='e-closed'><svg aria-hidden=\"true\" class=\"e-font-icon-svg e-fas-plus\" viewBox=\"0 0 448 512\" xmlns=\"http:\/\/www.w3.org\/2000\/svg\"><path d=\"M416 208H272V64c0-17.67-14.33-32-32-32h-32c-17.67 0-32 14.33-32 32v144H32c-17.67 0-32 14.33-32 32v32c0 17.67 14.33 32 32 32h144v144c0 17.67 14.33 32 32 32h32c17.67 0 32-14.33 32-32V304h144c17.67 0 32-14.33 32-32v-32c0-17.67-14.33-32-32-32z\"><\/path><\/svg><\/span>\n\t\t<\/span>\n\n\t\t\t\t\t\t<\/summary>\n\t\t\t\t<div role=\"region\" aria-labelledby=\"e-n-accordion-item-4574\" class=\"elementor-element elementor-element-8acd4e8 e-flex e-con-boxed e-con e-child\" data-id=\"8acd4e8\" data-element_type=\"container\" data-e-type=\"container\">\n\t\t\t\t\t<div class=\"e-con-inner\">\n\t\t\t\t<div class=\"elementor-element elementor-element-52386dd elementor-widget elementor-widget-text-editor\" data-id=\"52386dd\" data-element_type=\"widget\" data-e-type=\"widget\" data-widget_type=\"text-editor.default\">\n\t\t\t\t<div class=\"elementor-widget-container\">\n\t\t\t\t\t\t\t\t\t<p><a id=\"wp-block-file--media-b93256d5-936e-41d0-bc6e-f319407822fd\" href=\"https:\/\/goias.gov.br\/observatoriodoturismo\/wp-content\/uploads\/sites\/64\/2025\/07\/acompanhamento_GoogleTrends5-1-2.pdf\" target=\"_blank\" rel=\"noopener\">acompanhamento_GoogleTrends5<\/a><\/p><p><a id=\"wp-block-file--media-df11c71c-6092-4fcc-b1d0-efdba8eb8244\" href=\"https:\/\/goias.gov.br\/turismo\/wp-content\/uploads\/sites\/4\/2020\/01\/Caged-Novembro-de-2024.pdf\" target=\"_blank\" rel=\"noopener\">Caged Novembro de 2024<\/a><\/p><p><a href=\"https:\/\/goias.gov.br\/observatoriodoturismo\/wp-content\/uploads\/sites\/64\/2025\/08\/Estudo-Estrategico-JUSEG.pdf\" target=\"_blank\" rel=\"noopener\">Estudo Estrategico JUCEG<\/a><\/p><p><a href=\"https:\/\/goias.gov.br\/observatoriodoturismo\/wp-content\/uploads\/sites\/64\/2025\/08\/Estimativa-Alto-Paraiso-de-Goias.pdf\" target=\"_blank\" rel=\"noopener\">Estimativa Alto Para\u00edso de Goi\u00e1s<\/a><\/p><p><a href=\"https:\/\/goias.gov.br\/observatoriodoturismo\/wp-content\/uploads\/sites\/64\/2025\/08\/Estimativa-Carnaval-e-Temporada-do-Araguaia.pdf\" target=\"_blank\" rel=\"noopener\">Estimativa Carnaval e Temporada do Araguaia<\/a><\/p><p><a href=\"https:\/\/goias.gov.br\/observatoriodoturismo\/wp-content\/uploads\/sites\/64\/2025\/08\/Estimativas-de-turistas-internacionais-finalizada.pdf\" target=\"_blank\" rel=\"noopener\">Estimativas de turistas internacionais Cidade de Goi\u00e1s<\/a><\/p>\t\t\t\t\t\t\t\t<\/div>\n\t\t\t\t<\/div>\n\t\t\t\t\t<\/div>\n\t\t\t\t<\/div>\n\t\t\t\t\t<\/details>\n\t\t\t\t\t\t<details id=\"e-n-accordion-item-4575\" class=\"e-n-accordion-item\" >\n\t\t\t\t<summary class=\"e-n-accordion-item-title\" data-accordion-index=\"6\" tabindex=\"-1\" aria-expanded=\"false\" aria-controls=\"e-n-accordion-item-4575\" >\n\t\t\t\t\t<span class='e-n-accordion-item-title-header'><div class=\"e-n-accordion-item-title-text\"> 2025 <\/div><\/span>\n\t\t\t\t\t\t\t<span class='e-n-accordion-item-title-icon'>\n\t\t\t<span class='e-opened' ><svg aria-hidden=\"true\" class=\"e-font-icon-svg e-fas-minus\" viewBox=\"0 0 448 512\" xmlns=\"http:\/\/www.w3.org\/2000\/svg\"><path d=\"M416 208H32c-17.67 0-32 14.33-32 32v32c0 17.67 14.33 32 32 32h384c17.67 0 32-14.33 32-32v-32c0-17.67-14.33-32-32-32z\"><\/path><\/svg><\/span>\n\t\t\t<span class='e-closed'><svg aria-hidden=\"true\" class=\"e-font-icon-svg e-fas-plus\" viewBox=\"0 0 448 512\" xmlns=\"http:\/\/www.w3.org\/2000\/svg\"><path d=\"M416 208H272V64c0-17.67-14.33-32-32-32h-32c-17.67 0-32 14.33-32 32v144H32c-17.67 0-32 14.33-32 32v32c0 17.67 14.33 32 32 32h144v144c0 17.67 14.33 32 32 32h32c17.67 0 32-14.33 32-32V304h144c17.67 0 32-14.33 32-32v-32c0-17.67-14.33-32-32-32z\"><\/path><\/svg><\/span>\n\t\t<\/span>\n\n\t\t\t\t\t\t<\/summary>\n\t\t\t\t<div role=\"region\" aria-labelledby=\"e-n-accordion-item-4575\" class=\"elementor-element elementor-element-1905158 e-flex e-con-boxed e-con e-child\" data-id=\"1905158\" data-element_type=\"container\" data-e-type=\"container\">\n\t\t\t\t\t<div class=\"e-con-inner\">\n\t\t\t\t<div class=\"elementor-element elementor-element-2093ba1 elementor-widget elementor-widget-text-editor\" data-id=\"2093ba1\" data-element_type=\"widget\" data-e-type=\"widget\" data-widget_type=\"text-editor.default\">\n\t\t\t\t<div class=\"elementor-widget-container\">\n\t\t\t\t\t\t\t\t\t<p><a href=\"https:\/\/goias.gov.br\/observatoriodoturismo\/wp-content\/uploads\/sites\/64\/2025\/07\/acompanhamento_GoogleTrends6.pdf\" target=\"_blank\" rel=\"noopener\">Acompanhamento Google Trends Vol. 6<\/a><\/p>\t\t\t\t\t\t\t\t<\/div>\n\t\t\t\t<\/div>\n\t\t\t\t\t<\/div>\n\t\t\t\t<\/div>\n\t\t\t\t\t<\/details>\n\t\t\t\t\t<\/div>\n\t\t\t\t\t\t<\/div>\n\t\t\t\t<\/div>\n\t\t\t\t\t<\/div>\n\t\t\t\t<\/div>\n\t\t\t\t<\/div>\n\t\t","protected":false},"excerpt":{"rendered":"<p>2020 Estudo-Estrategico-Baseado-Nos-Dados-da-Juceg Estudo-Estrategico-Cidades-do-Estado-de-Goias-Mais-Visitadas-Parte-1 Estudo-Estrategico-Cidades-do-Estado-de-Goias-Mais-Visitadas-Parte-2 Estudo-de-Estimacao-de-Perda-no-Mercado-de-Eventos-em-Goiania Estudos-Estrategicos-Estimativa-do-Impacto-Economico-Regiao-Vale-do-Araguaia-Temporada Dados-do-Turismo-do-Estado-de-Goias Estudo-das-Atividades-de-Alimentacao-que-Compoem-as-ACTS Dados-do-Setor-de-Eventos-em-Goias Estimativa-de-Fluxo-Turistico-para-Goiania Quantitativo-de-Hoteis-no-Estado-de-Goias 2021 Valor-Adicionado-Produto-Interno-Bruto-Estado-de-Goias Arrecadacao-de-ICMS-por-meio-de-atividades-do-Turismo-em-Goias Dados-do-Turismo-do-Estado-de-Goias-1 Dados-do-Turismo-no-Municipio-de-Pirenopolis Estudo-Economico-de-Abadiania Estudos-Estrategicos-Caldas-Novas-e-Rio-Quente Relatorio-Cadastur Resumo-Boletim-Especial-da-Retomada Plano-de-Retomada-do-Turismo-de-Cavalcante-Parte-1 Plano-de-Retomada-do-Turismo-de-Cavalcante-Parte-2 Plano-de-Retomada-do-Turismo-de-Cavalcante-Parte-3 2022 Informacoes-para-Estudo-de-Demanda-e-Inteligencia-de-Mercado-Aeroportuaria Dados-do-Caged-em-Goias 2023 Estudo-Estrategico-Acompanhamento-Google-Trends-Parte-1 Estudo-Estrategico-Acompanhamento-Google-Trends-Parte-2 Estudo-Estrategico-Regiao-das-Aguas-Quentes PesquisaEmRede Estudo-Estrategico-Caldas-Novas-e-Rio-Quente Acompanhamento-Google-Vol-3 acompanhamento_GoogleTrends4 mercado_eventos_goiania 2024 acompanhamento_GoogleTrends5 Caged Novembro de 2024 Estudo Estrategico JUCEG Estimativa Alto Para\u00edso de Goi\u00e1s Estimativa Carnaval e Temporada do Araguaia [&hellip;]<\/p>\n","protected":false},"author":1471,"featured_media":0,"parent":0,"menu_order":0,"comment_status":"closed","ping_status":"closed","template":"","meta":{"footnotes":""},"class_list":["post-207959","page","type-page","status-publish","hentry"],"rttpg_featured_image_url":null,"rttpg_author":{"display_name":"","author_link":"https:\/\/goias.gov.br\/observatoriodoturismo\/author\/"},"rttpg_comment":0,"rttpg_category":null,"rttpg_excerpt":"2020 Estudo-Estrategico-Baseado-Nos-Dados-da-Juceg Estudo-Estrategico-Cidades-do-Estado-de-Goias-Mais-Visitadas-Parte-1 Estudo-Estrategico-Cidades-do-Estado-de-Goias-Mais-Visitadas-Parte-2 Estudo-de-Estimacao-de-Perda-no-Mercado-de-Eventos-em-Goiania Estudos-Estrategicos-Estimativa-do-Impacto-Economico-Regiao-Vale-do-Araguaia-Temporada Dados-do-Turismo-do-Estado-de-Goias Estudo-das-Atividades-de-Alimentacao-que-Compoem-as-ACTS Dados-do-Setor-de-Eventos-em-Goias Estimativa-de-Fluxo-Turistico-para-Goiania Quantitativo-de-Hoteis-no-Estado-de-Goias 2021 Valor-Adicionado-Produto-Interno-Bruto-Estado-de-Goias Arrecadacao-de-ICMS-por-meio-de-atividades-do-Turismo-em-Goias Dados-do-Turismo-do-Estado-de-Goias-1 Dados-do-Turismo-no-Municipio-de-Pirenopolis Estudo-Economico-de-Abadiania Estudos-Estrategicos-Caldas-Novas-e-Rio-Quente Relatorio-Cadastur Resumo-Boletim-Especial-da-Retomada Plano-de-Retomada-do-Turismo-de-Cavalcante-Parte-1 Plano-de-Retomada-do-Turismo-de-Cavalcante-Parte-2 Plano-de-Retomada-do-Turismo-de-Cavalcante-Parte-3 2022 Informacoes-para-Estudo-de-Demanda-e-Inteligencia-de-Mercado-Aeroportuaria Dados-do-Caged-em-Goias 2023 Estudo-Estrategico-Acompanhamento-Google-Trends-Parte-1 Estudo-Estrategico-Acompanhamento-Google-Trends-Parte-2 Estudo-Estrategico-Regiao-das-Aguas-Quentes PesquisaEmRede Estudo-Estrategico-Caldas-Novas-e-Rio-Quente Acompanhamento-Google-Vol-3 acompanhamento_GoogleTrends4 mercado_eventos_goiania 2024 acompanhamento_GoogleTrends5 Caged Novembro de 2024 Estudo Estrategico JUCEG Estimativa Alto Para\u00edso de Goi\u00e1s Estimativa Carnaval e Temporada do Araguaia&hellip;","_links":{"self":[{"href":"https:\/\/goias.gov.br\/observatoriodoturismo\/wp-json\/wp\/v2\/pages\/207959","targetHints":{"allow":["GET"]}}],"collection":[{"href":"https:\/\/goias.gov.br\/observatoriodoturismo\/wp-json\/wp\/v2\/pages"}],"about":[{"href":"https:\/\/goias.gov.br\/observatoriodoturismo\/wp-json\/wp\/v2\/types\/page"}],"author":[{"embeddable":true,"href":"https:\/\/goias.gov.br\/observatoriodoturismo\/wp-json\/wp\/v2\/users\/1471"}],"replies":[{"embeddable":true,"href":"https:\/\/goias.gov.br\/observatoriodoturismo\/wp-json\/wp\/v2\/comments?post=207959"}],"version-history":[{"count":2,"href":"https:\/\/goias.gov.br\/observatoriodoturismo\/wp-json\/wp\/v2\/pages\/207959\/revisions"}],"predecessor-version":[{"id":208529,"href":"https:\/\/goias.gov.br\/observatoriodoturismo\/wp-json\/wp\/v2\/pages\/207959\/revisions\/208529"}],"wp:attachment":[{"href":"https:\/\/goias.gov.br\/observatoriodoturismo\/wp-json\/wp\/v2\/media?parent=207959"}],"curies":[{"name":"wp","href":"https:\/\/api.w.org\/{rel}","templated":true}]}}