
{"id":200495,"date":"2024-05-02T14:22:22","date_gmt":"2024-05-02T17:22:22","guid":{"rendered":"https:\/\/siteshom.goias.gov.br\/observatoriodeinovacao\/?page_id=200495"},"modified":"2026-04-17T13:28:01","modified_gmt":"2026-04-17T16:28:01","slug":"biblioteca","status":"publish","type":"page","link":"https:\/\/goias.gov.br\/observatoriodeinovacao\/biblioteca\/","title":{"rendered":"BIBLIOTECA"},"content":{"rendered":"\t\t<div data-elementor-type=\"wp-page\" data-elementor-id=\"200495\" class=\"elementor elementor-200495\">\n\t\t\t\t<div class=\"elementor-element elementor-element-064a95b e-con-full e-flex e-con e-parent\" data-id=\"064a95b\" data-element_type=\"container\" data-e-type=\"container\">\n\t\t\t\t<div class=\"elementor-element elementor-element-8923f3d elementor-widget__width-auto elementor-hidden-tablet elementor-hidden-mobile elementor-widget elementor-widget-image\" data-id=\"8923f3d\" data-element_type=\"widget\" data-e-type=\"widget\" data-widget_type=\"image.default\">\n\t\t\t\t\t\t\t\t\t\t\t\t\t\t\t<img decoding=\"async\" src=\"https:\/\/goias.gov.br\/observatoriodeinovacao\/wp-content\/uploads\/sites\/57\/2024\/05\/Rectangle-354-4.png\" title=\"\" alt=\"\" loading=\"lazy\" \/>\t\t\t\t\t\t\t\t\t\t\t\t\t\t\t<\/div>\n\t\t<div class=\"elementor-element elementor-element-86c3e01 e-con-full e-flex e-con e-child\" data-id=\"86c3e01\" data-element_type=\"container\" data-e-type=\"container\" data-settings=\"{&quot;position&quot;:&quot;absolute&quot;}\">\n\t\t<div class=\"elementor-element elementor-element-8f08c0d e-con-full elementor-hidden-tablet elementor-hidden-mobile e-flex e-con e-child\" data-id=\"8f08c0d\" data-element_type=\"container\" data-e-type=\"container\" data-settings=\"{&quot;background_background&quot;:&quot;classic&quot;}\">\n\t\t<div class=\"elementor-element elementor-element-2f56bf2 e-con-full e-flex e-con e-child\" data-id=\"2f56bf2\" data-element_type=\"container\" data-e-type=\"container\">\n\t\t\t\t<div class=\"elementor-element elementor-element-8872fbe font-meridiana elementor-widget elementor-widget-button\" data-id=\"8872fbe\" data-element_type=\"widget\" data-e-type=\"widget\" data-widget_type=\"button.default\">\n\t\t\t\t\t\t\t\t\t\t<a class=\"elementor-button elementor-button-link elementor-size-sm\" href=\"#\">\n\t\t\t\t\t\t<span class=\"elementor-button-content-wrapper\">\n\t\t\t\t\t\t\t\t\t<span class=\"elementor-button-text\">REPOSIT\u00d3RIO<\/span>\n\t\t\t\t\t<\/span>\n\t\t\t\t\t<\/a>\n\t\t\t\t\t\t\t\t<\/div>\n\t\t\t\t<div class=\"elementor-element elementor-element-d93aacf font-meridiana elementor-widget elementor-widget-heading\" data-id=\"d93aacf\" data-element_type=\"widget\" data-e-type=\"widget\" data-widget_type=\"heading.default\">\n\t\t\t\t\t<h1 class=\"elementor-heading-title elementor-size-default\">CONHECIMENTO \u00c0\n<br>\nDISPOSI\u00c7\u00c3O DE TODOS<\/h1>\t\t\t\t<\/div>\n\t\t\t\t<\/div>\n\t\t\t\t<\/div>\n\t\t\t\t<\/div>\n\t\t\t\t<\/div>\n\t\t<div class=\"elementor-element elementor-element-8f0dc1e elementor-hidden-desktop e-flex e-con-boxed e-con e-parent\" data-id=\"8f0dc1e\" data-element_type=\"container\" data-e-type=\"container\">\n\t\t\t\t\t<div class=\"e-con-inner\">\n\t\t<div class=\"elementor-element elementor-element-b0e38f8 e-con-full elementor-hidden-desktop e-flex e-con e-child\" data-id=\"b0e38f8\" data-element_type=\"container\" data-e-type=\"container\" data-settings=\"{&quot;background_background&quot;:&quot;classic&quot;}\">\n\t\t<div class=\"elementor-element elementor-element-59eaac9 e-con-full e-flex e-con e-child\" data-id=\"59eaac9\" data-element_type=\"container\" data-e-type=\"container\">\n\t\t\t\t<div class=\"elementor-element elementor-element-19420d1 elementor-widget elementor-widget-button\" data-id=\"19420d1\" data-element_type=\"widget\" data-e-type=\"widget\" data-widget_type=\"button.default\">\n\t\t\t\t\t\t\t\t\t\t<a class=\"elementor-button elementor-button-link elementor-size-sm\" href=\"#\">\n\t\t\t\t\t\t<span class=\"elementor-button-content-wrapper\">\n\t\t\t\t\t\t\t\t\t<span class=\"elementor-button-text\">REPOSIT\u00d3RIO<\/span>\n\t\t\t\t\t<\/span>\n\t\t\t\t\t<\/a>\n\t\t\t\t\t\t\t\t<\/div>\n\t\t\t\t<div class=\"elementor-element elementor-element-3ec398f elementor-widget elementor-widget-heading\" data-id=\"3ec398f\" data-element_type=\"widget\" data-e-type=\"widget\" data-widget_type=\"heading.default\">\n\t\t\t\t\t<h2 class=\"elementor-heading-title elementor-size-default\">CONHECIMENTO \u00c0\n<br>\nDISPOSI\u00c7\u00c3O DE TODOS<\/h2>\t\t\t\t<\/div>\n\t\t\t\t<\/div>\n\t\t\t\t<\/div>\n\t\t\t\t\t<\/div>\n\t\t\t\t<\/div>\n\t\t<div class=\"elementor-element elementor-element-e2254b0 e-con-full elementor-hidden-mobile e-flex e-con e-parent\" data-id=\"e2254b0\" data-element_type=\"container\" data-e-type=\"container\">\n\t\t<div class=\"elementor-element elementor-element-054b6af e-flex e-con-boxed e-con e-child\" data-id=\"054b6af\" data-element_type=\"container\" data-e-type=\"container\">\n\t\t\t\t\t<div class=\"e-con-inner\">\n\t\t\t\t<div class=\"elementor-element elementor-element-adcdbb0 elementor-widget elementor-widget-button\" data-id=\"adcdbb0\" data-element_type=\"widget\" data-e-type=\"widget\" data-widget_type=\"button.default\">\n\t\t\t\t\t\t\t\t\t\t<a class=\"elementor-button elementor-button-link elementor-size-sm\" href=\"\/observatoriodeinovacao\/?page_id=205759\">\n\t\t\t\t\t\t<span class=\"elementor-button-content-wrapper\">\n\t\t\t\t\t\t\t\t\t<span class=\"elementor-button-text\">PANORAMA DE TD<\/span>\n\t\t\t\t\t<\/span>\n\t\t\t\t\t<\/a>\n\t\t\t\t\t\t\t\t<\/div>\n\t\t\t\t<div class=\"elementor-element elementor-element-79a1d91 elementor-widget elementor-widget-button\" data-id=\"79a1d91\" data-element_type=\"widget\" data-e-type=\"widget\" data-widget_type=\"button.default\">\n\t\t\t\t\t\t\t\t\t\t<a class=\"elementor-button elementor-button-link elementor-size-sm\" href=\"\/observatoriodeinovacao\/solucoes-publicas-inovadoras\/#aba-bottons\">\n\t\t\t\t\t\t<span class=\"elementor-button-content-wrapper\">\n\t\t\t\t\t\t\t\t\t<span class=\"elementor-button-text\">SOLU\u00c7\u00d5ES P\u00daBLICAS INOVADORAS<\/span>\n\t\t\t\t\t<\/span>\n\t\t\t\t\t<\/a>\n\t\t\t\t\t\t\t\t<\/div>\n\t\t\t\t<div class=\"elementor-element elementor-element-0383896 elementor-widget elementor-widget-button\" data-id=\"0383896\" data-element_type=\"widget\" data-e-type=\"widget\" data-widget_type=\"button.default\">\n\t\t\t\t\t\t\t\t\t\t<a class=\"elementor-button elementor-button-link elementor-size-sm\" href=\"\/observatoriodeinovacao\/biblioteca\/\">\n\t\t\t\t\t\t<span class=\"elementor-button-content-wrapper\">\n\t\t\t\t\t\t\t\t\t<span class=\"elementor-button-text\">BIBLIOTECA<\/span>\n\t\t\t\t\t<\/span>\n\t\t\t\t\t<\/a>\n\t\t\t\t\t\t\t\t<\/div>\n\t\t\t\t\t<\/div>\n\t\t\t\t<\/div>\n\t\t\t\t<\/div>\n\t\t<div class=\"elementor-element elementor-element-5587381 e-flex e-con-boxed e-con e-parent\" data-id=\"5587381\" data-element_type=\"container\" data-e-type=\"container\">\n\t\t\t\t\t<div class=\"e-con-inner\">\n\t\t<div class=\"elementor-element elementor-element-f7cdda7 e-con-full e-flex e-con e-child\" data-id=\"f7cdda7\" data-element_type=\"container\" data-e-type=\"container\">\n\t\t\t\t<div class=\"elementor-element elementor-element-7f4cfad elementor-widget elementor-widget-text-editor\" data-id=\"7f4cfad\" data-element_type=\"widget\" data-e-type=\"widget\" data-widget_type=\"text-editor.default\">\n\t\t\t\t\t\t\t\t\t<h6><span style=\"font-size: 12pt;\">Explore nossa biblioteca de Transforma\u00e7\u00e3o Digital:\u00a0 encontre documentos, pesquisas, estudos, relat\u00f3rios, bases de dados e outros materiais valiosos.\u00a0 Essa biblioteca virtual ser\u00e1 um reposit\u00f3rio abrangente e din\u00e2mico, oferecendo acesso a uma gama de recursos para gestores p\u00fablicos, estudantes, pesquisadores, profissionais da \u00e1rea e o p\u00fablico em geral.<\/span><\/h6>\t\t\t\t\t\t\t\t<\/div>\n\t\t\t\t<\/div>\n\t\t\t\t\t<\/div>\n\t\t\t\t<\/div>\n\t\t<div class=\"elementor-element elementor-element-9b93f2f e-flex e-con-boxed e-con e-parent\" data-id=\"9b93f2f\" data-element_type=\"container\" data-e-type=\"container\">\n\t\t\t\t\t<div class=\"e-con-inner\">\n\t\t<div class=\"elementor-element elementor-element-8c76255 e-con-full e-flex e-con e-child\" data-id=\"8c76255\" data-element_type=\"container\" data-e-type=\"container\">\n\t\t\t\t<div class=\"elementor-element elementor-element-17dba04 elementor-widget elementor-widget-shortcode\" data-id=\"17dba04\" data-element_type=\"widget\" data-e-type=\"widget\" data-widget_type=\"shortcode.default\">\n\t\t\t\t\t\t\t<div class=\"elementor-shortcode\"><input type=\"hidden\" id=\"fc_id_category\" value=\"28\"><div class=\"fc_flex-container\"><div class=\"fc_menu_header\"><div class=\"fc_info_text\"> >>>>> VEJA POR ANO DE CRIA\u00c7\u00c3O<\/div><\/div><div class=\"fc_content_header\"><button\n                    id=\"year2026\"\n                    class=\"fc_btn_default fc_btn_year\"\n                    data-year=\"2026\">2026<\/button><button\n                    id=\"year2024\"\n                    class=\"fc_btn_default fc_btn_year\"\n                    data-year=\"2024\">2024<\/button><button\n                    id=\"year2023\"\n                    class=\"fc_btn_default fc_btn_year\"\n                    data-year=\"2023\">2023<\/button><button\n                    id=\"year2022\"\n                    class=\"fc_btn_default fc_btn_year\"\n                    data-year=\"2022\">2022<\/button><button\n                    id=\"year2021\"\n                    class=\"fc_btn_default fc_btn_year\"\n                    data-year=\"2021\">2021<\/button><button\n                    id=\"year2020\"\n                    class=\"fc_btn_default fc_btn_year\"\n                    data-year=\"2020\">2020<\/button><button\n                    id=\"year2019\"\n                    class=\"fc_btn_default fc_btn_year\"\n                    data-year=\"2019\">2019<\/button><button\n                    id=\"year2018\"\n                    class=\"fc_btn_default fc_btn_year\"\n                    data-year=\"2018\">2018<\/button><\/div><\/div><div class=\"fc_flex-container\">\n                <div class=\"fc_menu\">\n                    <span class=\"fc_header_tx\">FILTRAR POR:<\/span><ul class=\"fc_ul\"><li class=\"fc_li parent\">\n                        <button\n                            id=\"category57\"\n                            class=\"btn-menu-cat-default btn-menu-cat\"\n                            data-category=\"57\">\n                            <span class=\"yellow_pointer\"> > <\/span>\n                            Estudos\n                        <\/button>\n                      <\/li><li class=\"fc_li child\">\n                        <button\n                            id=\"category62\"\n                            class=\"btn-menu-cat-default btn-menu-cat\"\n                            data-category=\"62\">\n                            <span class=\"yellow_pointer\"> > <\/span>\n                            Ci\u00eancia e tecnologia\n                        <\/button>\n                      <\/li><li class=\"fc_li child\">\n                        <button\n                            id=\"category66\"\n                            class=\"btn-menu-cat-default btn-menu-cat\"\n                            data-category=\"66\">\n                            <span class=\"yellow_pointer\"> > <\/span>\n                            Desenvolvimento sustent\u00e1vel\n                        <\/button>\n                      <\/li><li class=\"fc_li child\">\n                        <button\n                            id=\"category65\"\n                            class=\"btn-menu-cat-default btn-menu-cat\"\n                            data-category=\"65\">\n                            <span class=\"yellow_pointer\"> > <\/span>\n                            Inclus\u00e3o digital\n                        <\/button>\n                      <\/li><li class=\"fc_li child\">\n                        <button\n                            id=\"category63\"\n                            class=\"btn-menu-cat-default btn-menu-cat\"\n                            data-category=\"63\">\n                            <span class=\"yellow_pointer\"> > <\/span>\n                            Inova\u00e7\u00e3o\n                        <\/button>\n                      <\/li><li class=\"fc_li child\">\n                        <button\n                            id=\"category64\"\n                            class=\"btn-menu-cat-default btn-menu-cat\"\n                            data-category=\"64\">\n                            <span class=\"yellow_pointer\"> > <\/span>\n                            Transforma\u00e7\u00e3o digital\n                        <\/button>\n                      <\/li><li class=\"fc_li parent\">\n                        <button\n                            id=\"category29\"\n                            class=\"btn-menu-cat-default btn-menu-cat\"\n                            data-category=\"29\">\n                            <span class=\"yellow_pointer\"> > <\/span>\n                            Legisla\u00e7\u00f5es\n                        <\/button>\n                      <\/li><li class=\"fc_li child\">\n                        <button\n                            id=\"category61\"\n                            class=\"btn-menu-cat-default btn-menu-cat\"\n                            data-category=\"61\">\n                            <span class=\"yellow_pointer\"> > <\/span>\n                            Ci\u00eancia e tecnologia\n                        <\/button>\n                      <\/li><li class=\"fc_li child\">\n                        <button\n                            id=\"category60\"\n                            class=\"btn-menu-cat-default btn-menu-cat\"\n                            data-category=\"60\">\n                            <span class=\"yellow_pointer\"> > <\/span>\n                            Desenvolvimento sustent\u00e1vel\n                        <\/button>\n                      <\/li><li class=\"fc_li child\">\n                        <button\n                            id=\"category59\"\n                            class=\"btn-menu-cat-default btn-menu-cat\"\n                            data-category=\"59\">\n                            <span class=\"yellow_pointer\"> > <\/span>\n                            Inclus\u00e3o digital\n                        <\/button>\n                      <\/li><li class=\"fc_li child\">\n                        <button\n                            id=\"category56\"\n                            class=\"btn-menu-cat-default btn-menu-cat\"\n                            data-category=\"56\">\n                            <span class=\"yellow_pointer\"> > <\/span>\n                            Inova\u00e7\u00e3o\n                        <\/button>\n                      <\/li><li class=\"fc_li child\">\n                        <button\n                            id=\"category58\"\n                            class=\"btn-menu-cat-default btn-menu-cat\"\n                            data-category=\"58\">\n                            <span class=\"yellow_pointer\"> > <\/span>\n                            Transforma\u00e7\u00e3o digital\n                        <\/button>\n                      <\/li><\/ul><\/div>\n                <div id=\"fc_content\" class=\"fc_content\">\n\n                    <div id=\"fc_content_load\">\n                        <img decoding=\"async\" id=\"fcload\"\n                            src=\"https:\/\/goias.gov.br\/observatoriodeinovacao\/wp-content\/plugins\/filtro-categoria\/assets\/load_pic.gif\"\n                            alt=\"Loading\">\n                    <\/div>\n\n                    <div id=\"post_container\" class=\"post_container\"><\/div>\n\n                    <div id=\"fcpagination\" class=\"fcpagination\">\n                        <div class=\"fcpags\">\n                            <span class=\"fcarrow\">\u2190<\/span>\n                            Anterior\n                        <\/div>\n\n                        <div id=\"pgNumber\" class=\"pgNumber\"><\/div>\n\n                        <div class=\"fcpagp\">\n                            Pr\u00f3ximo <span class=\"fcarrow\">\u2192<\/span>\n                        <\/div>\n                    <\/div>\n\n                <\/div>\n            <\/div><\/div>\n\t\t\t\t\t\t<\/div>\n\t\t\t\t<\/div>\n\t\t\t\t\t<\/div>\n\t\t\t\t<\/div>\n\t\t<div class=\"elementor-element elementor-element-9f413cb e-flex e-con-boxed e-con e-parent\" data-id=\"9f413cb\" data-element_type=\"container\" data-e-type=\"container\">\n\t\t\t\t\t<div class=\"e-con-inner\">\n\t\t\t\t<div class=\"elementor-element elementor-element-79fca17 elementor-widget elementor-widget-html\" data-id=\"79fca17\" data-element_type=\"widget\" data-e-type=\"widget\" data-widget_type=\"html.default\">\n\t\t\t\t\t<style>\n.font-meridiana, .font-meridiana span {\n    font-family: meridiana !important;\n}\n<\/style>\t\t\t\t<\/div>\n\t\t\t\t\t<\/div>\n\t\t\t\t<\/div>\n\t\t\t\t<\/div>\n\t\t","protected":false},"excerpt":{"rendered":"<p>REPOSIT\u00d3RIO CONHECIMENTO \u00c0 DISPOSI\u00c7\u00c3O DE TODOS REPOSIT\u00d3RIO CONHECIMENTO \u00c0 DISPOSI\u00c7\u00c3O DE TODOS PANORAMA DE TD SOLU\u00c7\u00d5ES P\u00daBLICAS INOVADORAS BIBLIOTECA Explore nossa biblioteca de Transforma\u00e7\u00e3o Digital:\u00a0 encontre documentos, pesquisas, estudos, relat\u00f3rios, bases de dados e outros materiais valiosos.\u00a0 Essa biblioteca virtual ser\u00e1 um reposit\u00f3rio abrangente e din\u00e2mico, oferecendo acesso a uma gama de recursos para gestores [&hellip;]<\/p>\n","protected":false},"author":1,"featured_media":0,"parent":0,"menu_order":0,"comment_status":"closed","ping_status":"closed","template":"elementor_header_footer","meta":{"footnotes":"","_links_to":"","_links_to_target":""},"class_list":["post-200495","page","type-page","status-publish","hentry"],"rttpg_featured_image_url":null,"rttpg_author":{"display_name":"wagner.viana","author_link":"https:\/\/goias.gov.br\/observatoriodeinovacao\/author\/wagner-viana\/"},"rttpg_comment":0,"rttpg_category":"","rttpg_excerpt":"REPOSIT\u00d3RIO CONHECIMENTO \u00c0 DISPOSI\u00c7\u00c3O DE TODOS REPOSIT\u00d3RIO CONHECIMENTO \u00c0 DISPOSI\u00c7\u00c3O DE TODOS PANORAMA DE TD SOLU\u00c7\u00d5ES P\u00daBLICAS INOVADORAS BIBLIOTECA Explore nossa biblioteca de Transforma\u00e7\u00e3o Digital:\u00a0 encontre documentos, pesquisas, estudos, relat\u00f3rios, bases de dados e outros materiais valiosos.\u00a0 Essa biblioteca virtual ser\u00e1 um reposit\u00f3rio abrangente e din\u00e2mico, oferecendo acesso a uma gama de recursos para gestores&hellip;","_links":{"self":[{"href":"https:\/\/goias.gov.br\/observatoriodeinovacao\/wp-json\/wp\/v2\/pages\/200495","targetHints":{"allow":["GET"]}}],"collection":[{"href":"https:\/\/goias.gov.br\/observatoriodeinovacao\/wp-json\/wp\/v2\/pages"}],"about":[{"href":"https:\/\/goias.gov.br\/observatoriodeinovacao\/wp-json\/wp\/v2\/types\/page"}],"author":[{"embeddable":true,"href":"https:\/\/goias.gov.br\/observatoriodeinovacao\/wp-json\/wp\/v2\/users\/1"}],"replies":[{"embeddable":true,"href":"https:\/\/goias.gov.br\/observatoriodeinovacao\/wp-json\/wp\/v2\/comments?post=200495"}],"version-history":[{"count":2,"href":"https:\/\/goias.gov.br\/observatoriodeinovacao\/wp-json\/wp\/v2\/pages\/200495\/revisions"}],"predecessor-version":[{"id":206812,"href":"https:\/\/goias.gov.br\/observatoriodeinovacao\/wp-json\/wp\/v2\/pages\/200495\/revisions\/206812"}],"wp:attachment":[{"href":"https:\/\/goias.gov.br\/observatoriodeinovacao\/wp-json\/wp\/v2\/media?parent=200495"}],"curies":[{"name":"wp","href":"https:\/\/api.w.org\/{rel}","templated":true}]}}