
{"id":200317,"date":"2024-04-15T17:30:06","date_gmt":"2024-04-15T20:30:06","guid":{"rendered":"https:\/\/siteshom.goias.gov.br\/observatoriodeinovacao\/?page_id=200317"},"modified":"2024-04-15T17:30:07","modified_gmt":"2024-04-15T20:30:07","slug":"inovacao-setor-publico","status":"publish","type":"page","link":"https:\/\/goias.gov.br\/observatoriodeinovacao\/inovacao-setor-publico\/","title":{"rendered":"Inova\u00e7\u00e3o Setor P\u00fablico"},"content":{"rendered":"","protected":false},"excerpt":{"rendered":"","protected":false},"author":1,"featured_media":0,"parent":0,"menu_order":0,"comment_status":"closed","ping_status":"closed","template":"","meta":{"footnotes":"","_links_to":"","_links_to_target":""},"class_list":["post-200317","page","type-page","status-publish","hentry"],"rttpg_featured_image_url":null,"rttpg_author":{"display_name":"wagner.viana","author_link":"https:\/\/goias.gov.br\/observatoriodeinovacao\/author\/wagner-viana\/"},"rttpg_comment":0,"rttpg_category":null,"rttpg_excerpt":null,"_links":{"self":[{"href":"https:\/\/goias.gov.br\/observatoriodeinovacao\/wp-json\/wp\/v2\/pages\/200317","targetHints":{"allow":["GET"]}}],"collection":[{"href":"https:\/\/goias.gov.br\/observatoriodeinovacao\/wp-json\/wp\/v2\/pages"}],"about":[{"href":"https:\/\/goias.gov.br\/observatoriodeinovacao\/wp-json\/wp\/v2\/types\/page"}],"author":[{"embeddable":true,"href":"https:\/\/goias.gov.br\/observatoriodeinovacao\/wp-json\/wp\/v2\/users\/1"}],"replies":[{"embeddable":true,"href":"https:\/\/goias.gov.br\/observatoriodeinovacao\/wp-json\/wp\/v2\/comments?post=200317"}],"version-history":[{"count":1,"href":"https:\/\/goias.gov.br\/observatoriodeinovacao\/wp-json\/wp\/v2\/pages\/200317\/revisions"}],"predecessor-version":[{"id":200318,"href":"https:\/\/goias.gov.br\/observatoriodeinovacao\/wp-json\/wp\/v2\/pages\/200317\/revisions\/200318"}],"wp:attachment":[{"href":"https:\/\/goias.gov.br\/observatoriodeinovacao\/wp-json\/wp\/v2\/media?parent=200317"}],"curies":[{"name":"wp","href":"https:\/\/api.w.org\/{rel}","templated":true}]}}