
{"id":200304,"date":"2024-04-15T15:44:25","date_gmt":"2024-04-15T18:44:25","guid":{"rendered":"https:\/\/siteshom.goias.gov.br\/observatoriodeinovacao\/?page_id=200304"},"modified":"2026-03-23T08:26:31","modified_gmt":"2026-03-23T11:26:31","slug":"lista-eventos","status":"publish","type":"page","link":"https:\/\/goias.gov.br\/observatoriodeinovacao\/lista-eventos\/","title":{"rendered":"Eventos"},"content":{"rendered":"\t\t<div data-elementor-type=\"wp-page\" data-elementor-id=\"200304\" class=\"elementor elementor-200304\">\n\t\t\t\t<div class=\"elementor-element elementor-element-dc3d0fd e-con-full e-flex e-con e-parent\" data-id=\"dc3d0fd\" data-element_type=\"container\" data-e-type=\"container\">\n\t\t\t\t<div class=\"elementor-element elementor-element-9ad82d2 elementor-widget__width-auto elementor-hidden-tablet elementor-hidden-mobile elementor-widget elementor-widget-image\" data-id=\"9ad82d2\" data-element_type=\"widget\" data-e-type=\"widget\" data-widget_type=\"image.default\">\n\t\t\t\t\t\t\t\t\t\t\t\t\t\t\t<img decoding=\"async\" src=\"https:\/\/goias.gov.br\/observatoriodeinovacao\/wp-content\/uploads\/sites\/57\/2024\/05\/Rectangle-354-3.png\" title=\"\" alt=\"\" loading=\"lazy\" \/>\t\t\t\t\t\t\t\t\t\t\t\t\t\t\t<\/div>\n\t\t<div class=\"elementor-element elementor-element-1ad5dcb e-con-full e-flex e-con e-child\" data-id=\"1ad5dcb\" data-element_type=\"container\" data-e-type=\"container\" data-settings=\"{&quot;position&quot;:&quot;absolute&quot;}\">\n\t\t<div class=\"elementor-element elementor-element-75bc8b8 e-con-full elementor-hidden-tablet elementor-hidden-mobile e-flex e-con e-child\" data-id=\"75bc8b8\" data-element_type=\"container\" data-e-type=\"container\" data-settings=\"{&quot;background_background&quot;:&quot;classic&quot;}\">\n\t\t<div class=\"elementor-element elementor-element-a726749 e-con-full e-flex e-con e-child\" data-id=\"a726749\" data-element_type=\"container\" data-e-type=\"container\">\n\t\t\t\t<div class=\"elementor-element elementor-element-621d322 elementor-widget elementor-widget-button\" data-id=\"621d322\" data-element_type=\"widget\" data-e-type=\"widget\" data-widget_type=\"button.default\">\n\t\t\t\t\t\t\t\t\t\t<a class=\"elementor-button elementor-button-link elementor-size-sm\" href=\"#\">\n\t\t\t\t\t\t<span class=\"elementor-button-content-wrapper\">\n\t\t\t\t\t\t\t\t\t<span class=\"elementor-button-text\">EVENTOS<\/span>\n\t\t\t\t\t<\/span>\n\t\t\t\t\t<\/a>\n\t\t\t\t\t\t\t\t<\/div>\n\t\t\t\t<div class=\"elementor-element elementor-element-cd13ade elementor-widget elementor-widget-heading\" data-id=\"cd13ade\" data-element_type=\"widget\" data-e-type=\"widget\" data-widget_type=\"heading.default\">\n\t\t\t\t\t<h1 class=\"elementor-heading-title elementor-size-default\">FIQUE  LIGADO NO QUE VAI\n<br>\nROLAR!<\/h1>\t\t\t\t<\/div>\n\t\t\t\t<\/div>\n\t\t\t\t<\/div>\n\t\t\t\t<\/div>\n\t\t\t\t<\/div>\n\t\t<div class=\"elementor-element elementor-element-41a46c8 e-flex e-con-boxed e-con e-parent\" data-id=\"41a46c8\" data-element_type=\"container\" data-e-type=\"container\">\n\t\t\t\t\t<div class=\"e-con-inner\">\n\t\t\t\t<div class=\"elementor-element elementor-element-8f05420 elementor-widget elementor-widget-shortcode\" data-id=\"8f05420\" data-element_type=\"widget\" data-e-type=\"widget\" data-widget_type=\"shortcode.default\">\n\t\t\t\t\t\t\t<div class=\"elementor-shortcode\"><div class=\"em em-view-container\" id=\"em-view-939893580\" data-view=\"list\">\r\n\t<div class=\"em pixelbones em-list em-events-list\" id=\"em-events-list-939893580\" data-view-id=\"939893580\">\r\n\t<div class=\"em-event em-item \" style=\"--default-border:#a8d144;\">\n\t<div class=\"em-item-image \">\n\t\t\n\t\t<img src='https:\/\/goias.gov.br\/observatoriodeinovacao\/wp-content\/uploads\/sites\/57\/2026\/04\/df0cdf69-607d-44be-8249-9c9281623eef-1.jpg' alt='Circuito da Rede Goiana de Laborat\u00f3rios de Inova\u00e7\u00e3o'\/>\n\t\t\n\t\t\n\t<\/div>\n\t<div class=\"em-item-info\">\n\t\t<h3 class=\"em-item-title\"><a href=\"https:\/\/goias.gov.br\/observatoriodeinovacao\/events\/circuito-da-rede-goiana-de-laboratorios-de-inovacao\/\">Circuito da Rede Goiana de Laborat\u00f3rios de Inova\u00e7\u00e3o<\/a><\/h3>\n\t\t\n\t\t<div class=\"em-event-meta em-item-meta\">\n\t\t\t<div class=\"em-item-meta-line em-event-date em-event-meta-datetime\">\n\t\t\t\t<span class=\"em-icon-calendar em-icon\"><\/span>\n\t\t\t\t28 de abril de 2026&nbsp;&nbsp;&nbsp;&nbsp;\n\t\t\t<\/div>\n\t\t\t<div class=\"em-item-meta-line em-event-time em-event-meta-datetime\">\n\t\t\t\t<span class=\"em-icon-clock em-icon\"><\/span>\n\t\t\t\t14:00 - 16:30\n\t\t\t<\/div>\n\t\t\t\n\t\t\t\n\t\t\t\n\t\t\t\n\t\t\t<div class=\"em-item-meta-line em-item-taxonomy em-event-categories\">\n\t\t\t\t<span class=\"em-icon-category em-icon\"><\/span>\n\t\t\t\t<div>\t<ul class=\"event-categories\">\r\n\t\t\t\t\t<li><a href=\"https:\/\/goias.gov.br\/observatoriodeinovacao\/events\/categories\/eventos\/\">Eventos<\/a><\/li>\r\n\t\t\t<\/ul>\r\n\t<\/div>\n\t\t\t<\/div>\n\t\t\t\n\t\t\t\n\t\t\t<div class=\"em-item-meta-line em-item-taxonomy em-event-tags\">\n\t\t\t\t<span class=\"em-icon-tag em-icon\"><\/span>\n\t\t\t\t<div><a href=\"https:\/\/goias.gov.br\/observatoriodeinovacao\/events\/tags\/inovacao\/\">Inova\u00e7\u00e3o<\/a>, <a href=\"https:\/\/goias.gov.br\/observatoriodeinovacao\/events\/tags\/laboratorios\/\">Laborat\u00f3rios<\/a><\/div>\n\t\t\t<\/div>\n\t\t\t\n\t\t<\/div>\n\t\t<div class=\"em-item-desc\">\n\t\t\tO Lab\u00a0E-NOVA\u00a0nos\u00a0receber\u00e1 para compartilhar a iniciativas que vem promovendo,\u00a0com destaque para aplica\u00e7\u00f5es pr\u00e1ticas em servi\u00e7os como o IPVA e o uso de ci\u00eancia comportamental para [...]\n\t\t<\/div>\n\t\t<div class=\"em-item-actions input\">\n\t\t\t<a class=\"em-item-read-more button\" href=\"https:\/\/goias.gov.br\/observatoriodeinovacao\/events\/circuito-da-rede-goiana-de-laboratorios-de-inovacao\/\">Mais Informa\u00e7\u00f5es<\/a>\n\t\t\t\n\t\t<\/div>\n\t<\/div>\n<\/div><div class=\"em-event em-item \" style=\"--default-border:#a8d144;\">\n\t<div class=\"em-item-image \">\n\t\t\n\t\t<img src='https:\/\/goias.gov.br\/observatoriodeinovacao\/wp-content\/uploads\/sites\/57\/2026\/04\/afea40e3-f22e-4b1c-b638-23293762de47-2.jpg' alt='Encontro de Labs 2026'\/>\n\t\t\n\t\t\n\t<\/div>\n\t<div class=\"em-item-info\">\n\t\t<h3 class=\"em-item-title\"><a href=\"https:\/\/goias.gov.br\/observatoriodeinovacao\/events\/encontro-de-labs-2026\/\">Encontro de Labs 2026<\/a><\/h3>\n\t\t\n\t\t<div class=\"em-event-meta em-item-meta\">\n\t\t\t<div class=\"em-item-meta-line em-event-date em-event-meta-datetime\">\n\t\t\t\t<span class=\"em-icon-calendar em-icon\"><\/span>\n\t\t\t\t13 de maio de 2026 - 14 de maio de 2026&nbsp;&nbsp;&nbsp;&nbsp;\n\t\t\t<\/div>\n\t\t\t<div class=\"em-item-meta-line em-event-time em-event-meta-datetime\">\n\t\t\t\t<span class=\"em-icon-clock em-icon\"><\/span>\n\t\t\t\to dia inteiro.\n\t\t\t<\/div>\n\t\t\t\n\t\t\t\n\t\t\t\n\t\t\t\n\t\t\t<div class=\"em-item-meta-line em-item-taxonomy em-event-categories\">\n\t\t\t\t<span class=\"em-icon-category em-icon\"><\/span>\n\t\t\t\t<div>\t<ul class=\"event-categories\">\r\n\t\t\t\t\t<li><a href=\"https:\/\/goias.gov.br\/observatoriodeinovacao\/events\/categories\/eventos\/\">Eventos<\/a><\/li>\r\n\t\t\t<\/ul>\r\n\t<\/div>\n\t\t\t<\/div>\n\t\t\t\n\t\t\t\n\t\t<\/div>\n\t\t<div class=\"em-item-desc\">\n\t\t\tAs inscri\u00e7\u00f5es para o Encontro de Labs 2026 est\u00e3o abertas! Nos dias 13 e 14 de maio, a Enap, por meio do GNova, realizar\u00e1 o [...]\n\t\t<\/div>\n\t\t<div class=\"em-item-actions input\">\n\t\t\t<a class=\"em-item-read-more button\" href=\"https:\/\/goias.gov.br\/observatoriodeinovacao\/events\/encontro-de-labs-2026\/\">Mais Informa\u00e7\u00f5es<\/a>\n\t\t\t\n\t\t<\/div>\n\t<\/div>\n<\/div>\t<\/div>\r\n<\/div><\/div>\n\t\t\t\t\t\t<\/div>\n\t\t\t\t\t<\/div>\n\t\t\t\t<\/div>\n\t\t\t\t<\/div>\n\t\t","protected":false},"excerpt":{"rendered":"<p>EVENTOS FIQUE LIGADO NO QUE VAI ROLAR!<\/p>\n","protected":false},"author":1,"featured_media":0,"parent":0,"menu_order":0,"comment_status":"closed","ping_status":"closed","template":"elementor_header_footer","meta":{"footnotes":"","_links_to":"","_links_to_target":""},"class_list":["post-200304","page","type-page","status-publish","hentry"],"rttpg_featured_image_url":null,"rttpg_author":{"display_name":"wagner.viana","author_link":"https:\/\/goias.gov.br\/observatoriodeinovacao\/author\/wagner-viana\/"},"rttpg_comment":0,"rttpg_category":null,"rttpg_excerpt":"EVENTOS FIQUE LIGADO NO QUE VAI ROLAR!","_links":{"self":[{"href":"https:\/\/goias.gov.br\/observatoriodeinovacao\/wp-json\/wp\/v2\/pages\/200304","targetHints":{"allow":["GET"]}}],"collection":[{"href":"https:\/\/goias.gov.br\/observatoriodeinovacao\/wp-json\/wp\/v2\/pages"}],"about":[{"href":"https:\/\/goias.gov.br\/observatoriodeinovacao\/wp-json\/wp\/v2\/types\/page"}],"author":[{"embeddable":true,"href":"https:\/\/goias.gov.br\/observatoriodeinovacao\/wp-json\/wp\/v2\/users\/1"}],"replies":[{"embeddable":true,"href":"https:\/\/goias.gov.br\/observatoriodeinovacao\/wp-json\/wp\/v2\/comments?post=200304"}],"version-history":[{"count":3,"href":"https:\/\/goias.gov.br\/observatoriodeinovacao\/wp-json\/wp\/v2\/pages\/200304\/revisions"}],"predecessor-version":[{"id":206776,"href":"https:\/\/goias.gov.br\/observatoriodeinovacao\/wp-json\/wp\/v2\/pages\/200304\/revisions\/206776"}],"wp:attachment":[{"href":"https:\/\/goias.gov.br\/observatoriodeinovacao\/wp-json\/wp\/v2\/media?parent=200304"}],"curies":[{"name":"wp","href":"https:\/\/api.w.org\/{rel}","templated":true}]}}