
{"id":219556,"date":"2024-01-26T11:41:55","date_gmt":"2024-01-26T14:41:55","guid":{"rendered":"https:\/\/siteshom.goias.gov.br\/nfgoiana\/?page_id=219556"},"modified":"2026-03-23T09:18:35","modified_gmt":"2026-03-23T12:18:35","slug":"nota-fiscal-goiania-2023","status":"publish","type":"page","link":"https:\/\/goias.gov.br\/nfgoiana\/","title":{"rendered":"Nota Fiscal Goiania"},"content":{"rendered":"\t\t<div data-elementor-type=\"wp-page\" data-elementor-id=\"219556\" class=\"elementor elementor-219556\">\n\t\t\t\t<div class=\"elementor-element elementor-element-d94d6b3 e-flex e-con-boxed e-con e-parent\" data-id=\"d94d6b3\" data-element_type=\"container\" data-e-type=\"container\" data-settings=\"{&quot;background_background&quot;:&quot;classic&quot;}\">\n\t\t\t\t\t<div class=\"e-con-inner\">\n\t\t<div class=\"elementor-element elementor-element-989c3d3 e-con-full elementor-hidden-tablet elementor-hidden-mobile e-flex e-con e-child\" data-id=\"989c3d3\" data-element_type=\"container\" data-e-type=\"container\">\n\t\t\t\t<div class=\"elementor-element elementor-element-003c597 elementor-widget elementor-widget-button\" data-id=\"003c597\" data-element_type=\"widget\" data-e-type=\"widget\" data-widget_type=\"button.default\">\n\t\t\t\t\t\t\t\t\t\t<a class=\"elementor-button elementor-button-link elementor-size-sm\" href=\"https:\/\/nfgoiana.economia.go.gov.br\/nfg\/cidadao\/cadastrar\">\n\t\t\t\t\t\t<span class=\"elementor-button-content-wrapper\">\n\t\t\t\t\t\t\t\t\t<span class=\"elementor-button-text\">Cadastre-se aqui<\/span>\n\t\t\t\t\t<\/span>\n\t\t\t\t\t<\/a>\n\t\t\t\t\t\t\t\t<\/div>\n\t\t\t\t<div class=\"elementor-element elementor-element-dd03371 elementor-widget__width-initial elementor-widget elementor-widget-text-editor\" data-id=\"dd03371\" data-element_type=\"widget\" data-e-type=\"widget\" data-widget_type=\"text-editor.default\">\n\t\t\t\t\t\t\t\t\t<p><span style=\"font-size: 14pt;\"><strong>E sempre que comprar, diga SIM para o CPF na nota.<\/strong><\/span><\/p>\t\t\t\t\t\t\t\t<\/div>\n\t\t\t\t<\/div>\n\t\t<div class=\"elementor-element elementor-element-0ecdac6 e-con-full e-flex e-con e-child\" data-id=\"0ecdac6\" data-element_type=\"container\" data-e-type=\"container\">\n\t\t\t\t<div class=\"elementor-element elementor-element-bc01c6e elementor-widget elementor-widget-image\" data-id=\"bc01c6e\" data-element_type=\"widget\" data-e-type=\"widget\" data-widget_type=\"image.default\">\n\t\t\t\t\t\t\t\t\t\t\t\t\t\t\t<img decoding=\"async\" src=\"https:\/\/goias.gov.br\/nfgoiana\/wp-content\/uploads\/sites\/44\/2025\/07\/CPF-NA-NOTA.png\" title=\"\" alt=\"\" loading=\"lazy\" \/>\t\t\t\t\t\t\t\t\t\t\t\t\t\t\t<\/div>\n\t\t\t\t<\/div>\n\t\t\t\t\t<\/div>\n\t\t\t\t<\/div>\n\t\t<div class=\"elementor-element elementor-element-729a630 e-flex e-con-boxed e-con e-parent\" data-id=\"729a630\" data-element_type=\"container\" data-e-type=\"container\">\n\t\t\t\t\t<div class=\"e-con-inner\">\n\t\t\t\t\t<\/div>\n\t\t\t\t<\/div>\n\t\t<div class=\"elementor-element elementor-element-acf1c8d e-con-full elementor-hidden-desktop e-flex e-con e-child\" data-id=\"acf1c8d\" data-element_type=\"container\" data-e-type=\"container\">\n\t\t\t\t<div class=\"elementor-element elementor-element-e9570b3 elementor-widget elementor-widget-button\" data-id=\"e9570b3\" data-element_type=\"widget\" data-e-type=\"widget\" data-widget_type=\"button.default\">\n\t\t\t\t\t\t\t\t\t\t<a class=\"elementor-button elementor-button-link elementor-size-sm\" href=\"https:\/\/nfgoiana.economia.go.gov.br\/nfg\/cidadao\/cadastrar\">\n\t\t\t\t\t\t<span class=\"elementor-button-content-wrapper\">\n\t\t\t\t\t\t\t\t\t<span class=\"elementor-button-text\">Cadastre-se aqui<\/span>\n\t\t\t\t\t<\/span>\n\t\t\t\t\t<\/a>\n\t\t\t\t\t\t\t\t<\/div>\n\t\t\t\t<div class=\"elementor-element elementor-element-e307803 elementor-widget__width-initial elementor-widget elementor-widget-text-editor\" data-id=\"e307803\" data-element_type=\"widget\" data-e-type=\"widget\" data-widget_type=\"text-editor.default\">\n\t\t\t\t\t\t\t\t\t<p style=\"text-align: center;\"><span style=\"font-size: 14pt;\"><strong>E sempre que comprar, diga SIM para o CPF na nota.<\/strong><\/span><\/p>\t\t\t\t\t\t\t\t<\/div>\n\t\t\t\t<\/div>\n\t\t<div class=\"elementor-element elementor-element-a1ee96c e-flex e-con-boxed e-con e-parent\" data-id=\"a1ee96c\" data-element_type=\"container\" data-e-type=\"container\">\n\t\t\t\t\t<div class=\"e-con-inner\">\n\t\t\t\t<div class=\"elementor-element elementor-element-b1787eb elementor-widget elementor-widget-text-editor\" data-id=\"b1787eb\" data-element_type=\"widget\" data-e-type=\"widget\" data-widget_type=\"text-editor.default\">\n\t\t\t\t\t\t\t\t\t<h2>NOT\u00cdCIAS \u00a0\u00a0 \u00a0\u00a0<a href=\"\/nfgoiana\/categoria\/nfgoiana-noticias\/\">Ler todas not\u00edcias<\/a>\u00a0 \u00a0 <img decoding=\"async\" src=\"\/nfgoiana\/wp-content\/uploads\/sites\/44\/2024\/01\/arrow-gray.png\" width=\"43px\" height=\"22px\" \/><\/h2>\t\t\t\t\t\t\t\t<\/div>\n\t\t\t\t<div class=\"elementor-element elementor-element-6ed4453 elementor-widget elementor-widget-shortcode\" data-id=\"6ed4453\" data-element_type=\"widget\" data-e-type=\"widget\" data-widget_type=\"shortcode.default\">\n\t\t\t\t\t\t\t<div class=\"elementor-shortcode\"><style type='text\/css' media='all'>#rt-tpg-container-1311318990 .read-more a{border-radius:px;}#rt-tpg-container-1311318990 .rt-img-holder img.rt-img-responsive,#rt-tpg-container-1311318990 .rt-img-holder,\n\t\t\t\t\t#rt-tpg-container-1311318990 .rt-post-overlay .post-img,\n\t\t\t\t\t#rt-tpg-container-1311318990 .post-sm .post-img,\n\t\t\t\t\t#rt-tpg-container-1311318990 .rt-post-grid .post-img,\n\t\t\t\t\t#rt-tpg-container-1311318990 .post-img img {border-radius:px;}#rt-tpg-container-1311318990 .layout1 .rt-holder h2.entry-title,\n\t\t\t\t\t#rt-tpg-container-1311318990 .layout1 .rt-holder h3.entry-title,\n\t\t\t\t\t#rt-tpg-container-1311318990 .layout1 .rt-holder h4.entry-title,\n\t\t\t\t\t#rt-tpg-container-1311318990 .layout1 .rt-holder h2.entry-title a,\n\t\t\t\t\t#rt-tpg-container-1311318990 .layout1 .rt-holder h3.entry-title a,\n\t\t\t\t\t#rt-tpg-container-1311318990 .layout1 .rt-holder h4.entry-title a,\n\t\t\t\t\t#rt-tpg-container-1311318990 .rt-holder .rt-woo-info h2 a,\n\t\t\t\t\t#rt-tpg-container-1311318990 .rt-holder .rt-woo-info h3 a,\n\t\t\t\t\t#rt-tpg-container-1311318990 .rt-holder .rt-woo-info h4 a,\n\t\t\t\t\t#rt-tpg-container-1311318990 .post-content .post-title,\n\t\t\t\t\t#rt-tpg-container-1311318990 .rt-post-grid .post-title,\n\t\t\t\t\t#rt-tpg-container-1311318990 .rt-post-grid .post-title a,\n\t\t\t\t\t#rt-tpg-container-1311318990 .post-content .post-title a,\n\t\t\t\t\t#rt-tpg-container-1311318990 .rt-holder .rt-woo-info h2,\n\t\t\t\t\t#rt-tpg-container-1311318990 .rt-holder .rt-woo-info h3,\n\t\t\t\t\t#rt-tpg-container-1311318990 .rt-holder .rt-woo-info h4{color:#0a4a22;font-weight:700;}<\/style><div class='rt-container-fluid rt-tpg-container tpg-shortcode-main-wrapper cl-remove-hover' id='rt-tpg-container-1311318990'   data-layout='layout1' data-grid-style='even' data-desktop-col='3'  data-tab-col='2'  data-mobile-col='1' data-sc-id='219559'><div data-title='Loading ...' class='rt-row rt-content-loader   layout1 tpg-even '><div class=\"rt-col-md-4 rt-col-sm-6 rt-col-xs-12 even-grid-item rt-grid-item img_no_effect\" data-id=\"225423\"><div class=\"rt-holder\"><div class=\"rt-img-holder\"><a data-id=\"225423\" class=\"\" href=\"https:\/\/goias.gov.br\/nfgoiana\/compras-de-pascoa-podem-render-premios-de-ate-r-50-mil-na-nota-fiscal-goiana\/\"><img fetchpriority=\"high\" decoding=\"async\" width=\"1024\" height=\"512\" src=\"https:\/\/goias.gov.br\/nfgoiana\/wp-content\/uploads\/sites\/44\/2026\/04\/NFG_20260401-1-1024x512.jpeg\" class=\"rt-img-responsive \" alt=\"\" \/><\/a><\/div><div class='rt-detail'><h3 class=\"entry-title\"><a data-id=\"225423\" class=\"\" href=\"https:\/\/goias.gov.br\/nfgoiana\/compras-de-pascoa-podem-render-premios-de-ate-r-50-mil-na-nota-fiscal-goiana\/\">Compras de P\u00e1scoa podem render pr\u00eamios de at\u00e9 R$ 50 mil na Nota Fiscal Goiana<\/a><\/h3><\/div><\/div><\/div><div class=\"rt-col-md-4 rt-col-sm-6 rt-col-xs-12 even-grid-item rt-grid-item img_no_effect\" data-id=\"225413\"><div class=\"rt-holder\"><div class=\"rt-img-holder\"><a data-id=\"225413\" class=\"\" href=\"https:\/\/goias.gov.br\/nfgoiana\/nota-fiscal-goiana-distribui-r-12-milhao-em-premios-para-consumidores-e-times-de-futebol\/\"><img decoding=\"async\" width=\"1024\" height=\"682\" src=\"https:\/\/goias.gov.br\/nfgoiana\/wp-content\/uploads\/sites\/44\/2026\/03\/NFG_20260327-1-1024x682.jpeg\" class=\"rt-img-responsive \" alt=\"\" \/><\/a><\/div><div class='rt-detail'><h3 class=\"entry-title\"><a data-id=\"225413\" class=\"\" href=\"https:\/\/goias.gov.br\/nfgoiana\/nota-fiscal-goiana-distribui-r-12-milhao-em-premios-para-consumidores-e-times-de-futebol\/\">Nota Fiscal Goiana distribui R$ 1,2 milh\u00e3o em pr\u00eamios para consumidores e times de futebol<\/a><\/h3><\/div><\/div><\/div><div class=\"rt-col-md-4 rt-col-sm-6 rt-col-xs-12 even-grid-item rt-grid-item img_no_effect\" data-id=\"225382\"><div class=\"rt-holder\"><div class=\"rt-img-holder\"><a data-id=\"225382\" class=\"\" href=\"https:\/\/goias.gov.br\/nfgoiana\/ganhadores-de-fevereiro-na-nota-goiana-tem-ate-2-de-junho-para-resgatar-premio\/\"><img decoding=\"async\" width=\"768\" height=\"512\" src=\"https:\/\/goias.gov.br\/nfgoiana\/wp-content\/uploads\/sites\/44\/2026\/03\/NFG_20260305.jpg\" class=\"rt-img-responsive \" alt=\"\" \/><\/a><\/div><div class='rt-detail'><h3 class=\"entry-title\"><a data-id=\"225382\" class=\"\" href=\"https:\/\/goias.gov.br\/nfgoiana\/ganhadores-de-fevereiro-na-nota-goiana-tem-ate-2-de-junho-para-resgatar-premio\/\">Ganhadores de fevereiro na Nota Goiana t\u00eam at\u00e9 2 de junho para resgatar pr\u00eamio<\/a><\/h3><\/div><\/div><\/div><\/div><\/div><\/div>\n\t\t\t\t\t\t<\/div>\n\t\t\t\t\t<\/div>\n\t\t\t\t<\/div>\n\t\t\t\t<\/div>\n\t\t","protected":false},"excerpt":{"rendered":"<p>Cadastre-se aqui E sempre que comprar, diga SIM para o CPF na nota. Cadastre-se aqui E sempre que comprar, diga SIM para o CPF na nota. NOT\u00cdCIAS \u00a0\u00a0 \u00a0\u00a0Ler todas not\u00edcias\u00a0 \u00a0<\/p>\n","protected":false},"author":7,"featured_media":0,"parent":0,"menu_order":0,"comment_status":"closed","ping_status":"closed","template":"elementor_header_footer","meta":{"footnotes":""},"class_list":["post-219556","page","type-page","status-publish","hentry"],"rttpg_featured_image_url":null,"rttpg_author":{"display_name":"gustavogoncalves","author_link":"https:\/\/goias.gov.br\/nfgoiana\/author\/gustavogoncalves\/"},"rttpg_comment":0,"rttpg_category":"","rttpg_excerpt":"Cadastre-se aqui E sempre que comprar, diga SIM para o CPF na nota. Cadastre-se aqui E sempre que comprar, diga SIM para o CPF na nota. NOT\u00cdCIAS \u00a0\u00a0 \u00a0\u00a0Ler todas not\u00edcias\u00a0 \u00a0","_links":{"self":[{"href":"https:\/\/goias.gov.br\/nfgoiana\/wp-json\/wp\/v2\/pages\/219556","targetHints":{"allow":["GET"]}}],"collection":[{"href":"https:\/\/goias.gov.br\/nfgoiana\/wp-json\/wp\/v2\/pages"}],"about":[{"href":"https:\/\/goias.gov.br\/nfgoiana\/wp-json\/wp\/v2\/types\/page"}],"author":[{"embeddable":true,"href":"https:\/\/goias.gov.br\/nfgoiana\/wp-json\/wp\/v2\/users\/7"}],"replies":[{"embeddable":true,"href":"https:\/\/goias.gov.br\/nfgoiana\/wp-json\/wp\/v2\/comments?post=219556"}],"version-history":[{"count":2,"href":"https:\/\/goias.gov.br\/nfgoiana\/wp-json\/wp\/v2\/pages\/219556\/revisions"}],"predecessor-version":[{"id":225397,"href":"https:\/\/goias.gov.br\/nfgoiana\/wp-json\/wp\/v2\/pages\/219556\/revisions\/225397"}],"wp:attachment":[{"href":"https:\/\/goias.gov.br\/nfgoiana\/wp-json\/wp\/v2\/media?parent=219556"}],"curies":[{"name":"wp","href":"https:\/\/api.w.org\/{rel}","templated":true}]}}