

{"id":8722,"date":"2024-06-07T09:50:31","date_gmt":"2024-06-07T12:50:31","guid":{"rendered":"https:\/\/goias.gov.br\/metrobus\/?page_id=8722"},"modified":"2025-06-02T11:56:26","modified_gmt":"2025-06-02T14:56:26","slug":"quem-somos","status":"publish","type":"page","link":"https:\/\/goias.gov.br\/metrobus\/quem-somos\/","title":{"rendered":"Quem Somos?"},"content":{"rendered":"\n<p>A <strong>METROBUS TRANSPORTE COLETIVO S\/A<\/strong>\u00a0\u00e9 uma sociedade de economia mista, criada em 1997 em decorr\u00eancia da cis\u00e3o que ocorreu na TRANSURB. Passou a ser concession\u00e1ria dos servi\u00e7os de transporte coletivo na Capital do estado de Goi\u00e1s em face da mencionada cis\u00e3o e a consequente sub-roga\u00e7\u00e3o, por ela, da concess\u00e3o de que a TRANSURB era titular.<\/p>\n<p>Atualmente opera o principal corredor do sistema de transporte coletivo da Regi\u00e3o Metropolitana de Goi\u00e2nia, o EIXO-ANHANGUERA, com uma frota patrimonial composta por 78 \u00f4nibus, sendo 50 articulados 28 biarticulados. O Cons\u00f3rcio REDEMOB \u00e9 o respons\u00e1vel pela opera\u00e7\u00e3o, manuten\u00e7\u00e3o e conserva\u00e7\u00e3o das 19 Esta\u00e7\u00f5es de Embarque\/desembarque e 05 terminais de integra\u00e7\u00e3o instalados ao longo do corredor. (Padre Pel\u00e1gio, DERGO, Pra\u00e7a A, Pra\u00e7a da B\u00edblia e Novo Mundo).<\/p>\n<p>A for\u00e7a de trabalho \u00e9 composta por quase 450 pessoas (Incluindo a m\u00e3o de obra vinculada \u00e0s prestadoras de servi\u00e7os).<\/p>\n<h4 class=\"artigo\"><span style=\"color: #008000\">Miss\u00e3o<\/span><\/h4>\n<p>Oferecer a melhor op\u00e7\u00e3o em transporte coletivo, com seguran\u00e7a, pontualidade, regularidade e conforto, transformando cada viagem em um momento de prazer, aliando inova\u00e7\u00e3o e qualidade.<\/p>\n<h4 class=\"artigo\"><span style=\"color: #008000\">Princ\u00edpios<\/span><\/h4>\n<p>Ser refer\u00eancia na provis\u00e3o de servi\u00e7os de transporte coletivo, proporcionando conforto e qualidade nas viagens, com inova\u00e7\u00e3o tecnol\u00f3gica, e sustentabilidade, tendo como seu principal pilar o respeito ao cliente por meio do engajamento dos colaboradores.<\/p>\n<h4 class=\"artigo\"><span style=\"color: #008000\">Valores<\/span><\/h4>\n<p>Orienta\u00e7\u00e3o para resultados, foco no cliente, colaboradores satisfeitos e valorizados, sempre buscando a legalidade, responsabilidade, transpar\u00eancia e \u00e9tica em conjunto com melhoria dos processos e utiliza\u00e7\u00e3o de tecnologia avan\u00e7ada.<\/p>\n<p><em>Fonte: Ata reuni\u00e3o da Diretoria Executiva da Metrobus, realizada no dia 27 de mar\u00e7o de 2024.<\/em><\/p>\n","protected":false},"excerpt":{"rendered":"<p>A METROBUS TRANSPORTE COLETIVO S\/A\u00a0\u00e9 uma sociedade de economia mista, criada em 1997 em decorr\u00eancia da cis\u00e3o que ocorreu na TRANSURB. Passou a ser concession\u00e1ria dos servi\u00e7os de transporte coletivo na Capital do estado de Goi\u00e1s em face da mencionada cis\u00e3o e a consequente sub-roga\u00e7\u00e3o, por ela, da concess\u00e3o de que a TRANSURB era titular. [&hellip;]<\/p>\n","protected":false},"author":62,"featured_media":0,"parent":0,"menu_order":0,"comment_status":"closed","ping_status":"closed","template":"","meta":{"footnotes":""},"class_list":["post-8722","page","type-page","status-publish","hentry"],"rttpg_featured_image_url":null,"rttpg_author":{"display_name":"italoreis","author_link":"https:\/\/goias.gov.br\/metrobus\/author\/italoreis\/"},"rttpg_comment":0,"rttpg_category":null,"rttpg_excerpt":"A METROBUS TRANSPORTE COLETIVO S\/A\u00a0\u00e9 uma sociedade de economia mista, criada em 1997 em decorr\u00eancia da cis\u00e3o que ocorreu na TRANSURB. Passou a ser concession\u00e1ria dos servi\u00e7os de transporte coletivo na Capital do estado de Goi\u00e1s em face da mencionada cis\u00e3o e a consequente sub-roga\u00e7\u00e3o, por ela, da concess\u00e3o de que a TRANSURB era titular.&hellip;","_links":{"self":[{"href":"https:\/\/goias.gov.br\/metrobus\/wp-json\/wp\/v2\/pages\/8722","targetHints":{"allow":["GET"]}}],"collection":[{"href":"https:\/\/goias.gov.br\/metrobus\/wp-json\/wp\/v2\/pages"}],"about":[{"href":"https:\/\/goias.gov.br\/metrobus\/wp-json\/wp\/v2\/types\/page"}],"author":[{"embeddable":true,"href":"https:\/\/goias.gov.br\/metrobus\/wp-json\/wp\/v2\/users\/62"}],"replies":[{"embeddable":true,"href":"https:\/\/goias.gov.br\/metrobus\/wp-json\/wp\/v2\/comments?post=8722"}],"version-history":[{"count":2,"href":"https:\/\/goias.gov.br\/metrobus\/wp-json\/wp\/v2\/pages\/8722\/revisions"}],"predecessor-version":[{"id":16702,"href":"https:\/\/goias.gov.br\/metrobus\/wp-json\/wp\/v2\/pages\/8722\/revisions\/16702"}],"wp:attachment":[{"href":"https:\/\/goias.gov.br\/metrobus\/wp-json\/wp\/v2\/media?parent=8722"}],"curies":[{"name":"wp","href":"https:\/\/api.w.org\/{rel}","templated":true}]}}