

{"id":8713,"date":"2024-06-07T09:15:55","date_gmt":"2024-06-07T12:15:55","guid":{"rendered":"https:\/\/goias.gov.br\/metrobus\/?page_id=8713"},"modified":"2026-02-06T11:36:57","modified_gmt":"2026-02-06T14:36:57","slug":"estrutura-organizacional","status":"publish","type":"page","link":"https:\/\/goias.gov.br\/metrobus\/estrutura-organizacional\/","title":{"rendered":"Estrutura Organizacional"},"content":{"rendered":"\n<figure class=\"wp-block-image size-large\"><a href=\"https:\/\/goias.gov.br\/metrobus\/wp-content\/uploads\/sites\/13\/2026\/02\/Orgonograma-Hierarquico_page-0001-1.jpg\"><img fetchpriority=\"high\" decoding=\"async\" width=\"1024\" height=\"640\" src=\"https:\/\/goias.gov.br\/metrobus\/wp-content\/uploads\/sites\/13\/2026\/02\/Orgonograma-Hierarquico_page-0001-1-1024x640.jpg\" alt=\"\" class=\"wp-image-24100\" srcset=\"https:\/\/goias.gov.br\/metrobus\/wp-content\/uploads\/sites\/13\/2026\/02\/Orgonograma-Hierarquico_page-0001-1-1024x640.jpg 1024w, https:\/\/goias.gov.br\/metrobus\/wp-content\/uploads\/sites\/13\/2026\/02\/Orgonograma-Hierarquico_page-0001-1-300x188.jpg 300w, https:\/\/goias.gov.br\/metrobus\/wp-content\/uploads\/sites\/13\/2026\/02\/Orgonograma-Hierarquico_page-0001-1-768x480.jpg 768w, https:\/\/goias.gov.br\/metrobus\/wp-content\/uploads\/sites\/13\/2026\/02\/Orgonograma-Hierarquico_page-0001-1-1536x960.jpg 1536w, https:\/\/goias.gov.br\/metrobus\/wp-content\/uploads\/sites\/13\/2026\/02\/Orgonograma-Hierarquico_page-0001-1-2048x1280.jpg 2048w\" sizes=\"(max-width: 1024px) 100vw, 1024px\" \/><\/a><\/figure>\n\n\n\n<p>Fonte:\u00a0 <a href=\"https:\/\/goias.gov.br\/metrobus\/wp-content\/uploads\/sites\/13\/2018\/05\/Metrobus-EstatutoSocial-atualizadoagosto-20-d96.pdf\">Estatuto Social da Metrobus Transportes Coletivos<\/a><\/p>\n<p>Saiba quem s\u00e3o nossos servidores e as fun\u00e7\u00f5es que exercem:<\/p>\n<ul>\n<li><a href=\"https:\/\/goias.gov.br\/metrobus\/cargos-e-seus-ocupantes\/\">Cargos e seus ocupantes<\/a><\/li>\n<li><a href=\"https:\/\/goias.gov.br\/metrobus\/wp-content\/uploads\/sites\/13\/2018\/05\/Metrobus-EstatutoSocial-atualizadoagosto-20-d96.pdf\">Estatuto Social<\/a><\/li>\n<\/ul>\n","protected":false},"excerpt":{"rendered":"<p>Fonte:\u00a0 Estatuto Social da Metrobus Transportes Coletivos Saiba quem s\u00e3o nossos servidores e as fun\u00e7\u00f5es que exercem: Cargos e seus ocupantes Estatuto Social<\/p>\n","protected":false},"author":62,"featured_media":0,"parent":0,"menu_order":0,"comment_status":"closed","ping_status":"closed","template":"","meta":{"footnotes":""},"class_list":["post-8713","page","type-page","status-publish","hentry"],"rttpg_featured_image_url":null,"rttpg_author":{"display_name":"italoreis","author_link":"https:\/\/goias.gov.br\/metrobus\/author\/italoreis\/"},"rttpg_comment":0,"rttpg_category":null,"rttpg_excerpt":"Fonte:\u00a0 Estatuto Social da Metrobus Transportes Coletivos Saiba quem s\u00e3o nossos servidores e as fun\u00e7\u00f5es que exercem: Cargos e seus ocupantes Estatuto Social","_links":{"self":[{"href":"https:\/\/goias.gov.br\/metrobus\/wp-json\/wp\/v2\/pages\/8713","targetHints":{"allow":["GET"]}}],"collection":[{"href":"https:\/\/goias.gov.br\/metrobus\/wp-json\/wp\/v2\/pages"}],"about":[{"href":"https:\/\/goias.gov.br\/metrobus\/wp-json\/wp\/v2\/types\/page"}],"author":[{"embeddable":true,"href":"https:\/\/goias.gov.br\/metrobus\/wp-json\/wp\/v2\/users\/62"}],"replies":[{"embeddable":true,"href":"https:\/\/goias.gov.br\/metrobus\/wp-json\/wp\/v2\/comments?post=8713"}],"version-history":[{"count":2,"href":"https:\/\/goias.gov.br\/metrobus\/wp-json\/wp\/v2\/pages\/8713\/revisions"}],"predecessor-version":[{"id":24101,"href":"https:\/\/goias.gov.br\/metrobus\/wp-json\/wp\/v2\/pages\/8713\/revisions\/24101"}],"wp:attachment":[{"href":"https:\/\/goias.gov.br\/metrobus\/wp-json\/wp\/v2\/media?parent=8713"}],"curies":[{"name":"wp","href":"https:\/\/api.w.org\/{rel}","templated":true}]}}