

{"id":8709,"date":"2024-06-07T09:11:08","date_gmt":"2024-06-07T12:11:08","guid":{"rendered":"https:\/\/goias.gov.br\/metrobus\/?page_id=8709"},"modified":"2025-12-09T14:23:15","modified_gmt":"2025-12-09T17:23:15","slug":"canais-de-atendimento","status":"publish","type":"page","link":"https:\/\/goias.gov.br\/metrobus\/canais-de-atendimento\/","title":{"rendered":"Endere\u00e7os, Telefones, E-mails e Hor\u00e1rios de Atendimento"},"content":{"rendered":"\n<p>Rua Patriarca, n\u00ba 299<br>Vila Regina &#8211;  Goi\u00e2nia\/GO \u2013 CEP: 74453-610<br>Atendimento: 08h \u00e0s 12h e 13h \u00e0s 17h<\/p>\n\n\n\n<p><strong>Atendimento ao Cidad\u00e3o<\/strong><br>E-mail:&nbsp;<a href=\"mailto:atendimento@metrobus.go.gov.br\">atendimento@metrobus.go.gov.br<\/a><br>Telefone:&nbsp;(62) 3230-7500<\/p>\n\n\n\n<p><strong>Ouvidoria Setorial<\/strong><br>E-mail:\u00a0<a href=\"mailto:ouvidoria@metrobus.go.gov.br\">ouvidoria@metrobus.go.gov.br<\/a><br>Telefone:\u00a0(62) 3230-7537 e\/ou no Whatsapp (62) 99602-8704<\/p>\n\n\n\n<p><strong>Imprensa<\/strong><br>E-mail:&nbsp;<a href=\"leticia.ojanuario@metrobus.go.gov.br\">leticia.ojanuario@metrobus.go.gov.br<\/a><br>Telefone:&nbsp;(62) 3230-7507<\/p>\n","protected":false},"excerpt":{"rendered":"<p>Rua Patriarca, n\u00ba 299Vila Regina &#8211; Goi\u00e2nia\/GO \u2013 CEP: 74453-610Atendimento: 08h \u00e0s 12h e 13h \u00e0s 17h Atendimento ao Cidad\u00e3oE-mail:&nbsp;atendimento@metrobus.go.gov.brTelefone:&nbsp;(62) 3230-7500 Ouvidoria SetorialE-mail:\u00a0ouvidoria@metrobus.go.gov.brTelefone:\u00a0(62) 3230-7537 e\/ou no Whatsapp (62) 99602-8704 ImprensaE-mail:&nbsp;leticia.ojanuario@metrobus.go.gov.brTelefone:&nbsp;(62) 3230-7507<\/p>\n","protected":false},"author":62,"featured_media":0,"parent":0,"menu_order":0,"comment_status":"closed","ping_status":"closed","template":"","meta":{"footnotes":""},"class_list":["post-8709","page","type-page","status-publish","hentry"],"rttpg_featured_image_url":null,"rttpg_author":{"display_name":"italoreis","author_link":"https:\/\/goias.gov.br\/metrobus\/author\/italoreis\/"},"rttpg_comment":0,"rttpg_category":null,"rttpg_excerpt":"Rua Patriarca, n\u00ba 299Vila Regina &#8211; Goi\u00e2nia\/GO \u2013 CEP: 74453-610Atendimento: 08h \u00e0s 12h e 13h \u00e0s 17h Atendimento ao Cidad\u00e3oE-mail:&nbsp;atendimento@metrobus.go.gov.brTelefone:&nbsp;(62) 3230-7500 Ouvidoria SetorialE-mail:\u00a0ouvidoria@metrobus.go.gov.brTelefone:\u00a0(62) 3230-7537 e\/ou no Whatsapp (62) 99602-8704 ImprensaE-mail:&nbsp;leticia.ojanuario@metrobus.go.gov.brTelefone:&nbsp;(62) 3230-7507","_links":{"self":[{"href":"https:\/\/goias.gov.br\/metrobus\/wp-json\/wp\/v2\/pages\/8709","targetHints":{"allow":["GET"]}}],"collection":[{"href":"https:\/\/goias.gov.br\/metrobus\/wp-json\/wp\/v2\/pages"}],"about":[{"href":"https:\/\/goias.gov.br\/metrobus\/wp-json\/wp\/v2\/types\/page"}],"author":[{"embeddable":true,"href":"https:\/\/goias.gov.br\/metrobus\/wp-json\/wp\/v2\/users\/62"}],"replies":[{"embeddable":true,"href":"https:\/\/goias.gov.br\/metrobus\/wp-json\/wp\/v2\/comments?post=8709"}],"version-history":[{"count":2,"href":"https:\/\/goias.gov.br\/metrobus\/wp-json\/wp\/v2\/pages\/8709\/revisions"}],"predecessor-version":[{"id":21815,"href":"https:\/\/goias.gov.br\/metrobus\/wp-json\/wp\/v2\/pages\/8709\/revisions\/21815"}],"wp:attachment":[{"href":"https:\/\/goias.gov.br\/metrobus\/wp-json\/wp\/v2\/media?parent=8709"}],"curies":[{"name":"wp","href":"https:\/\/api.w.org\/{rel}","templated":true}]}}