

{"id":8705,"date":"2024-06-07T09:07:38","date_gmt":"2024-06-07T12:07:38","guid":{"rendered":"https:\/\/goias.gov.br\/metrobus\/?page_id=8705"},"modified":"2025-07-24T08:31:47","modified_gmt":"2025-07-24T11:31:47","slug":"competencias","status":"publish","type":"page","link":"https:\/\/goias.gov.br\/metrobus\/competencias\/","title":{"rendered":"Compet\u00eancias"},"content":{"rendered":"\n<p>Tem a finalidade explorar a opera\u00e7\u00e3o de servi\u00e7os de transporte coletivo de passageiros, de caracter\u00edsticas urbanas, em munic\u00edpios, aglomerados urbanos e \u00e1reas metropolitanas, mediante contratos de concess\u00e3o.<\/p>\n\n\n\n<p><a href=\"https:\/\/goias.gov.br\/metrobus\/wp-content\/uploads\/sites\/13\/2018\/05\/Metrobus-EstatutoSocial-atualizadoagosto-20-d96.pdf\"><em>Fonte: Estatuto Social \u2013 atualizado na AGE de 19\/08\/2020 \u2013 Registrado na JUCEG sob o n\u00ba. 20201051982 em 23\/08\/2020<\/em><\/a><\/p>\n\n\n\n<h4><span style=\"color: #008000\">Saiba mais<\/span><\/h4>\n<ul>\n<li><a href=\"https:\/\/goias.gov.br\/metrobus\/quem-somos\/\">Quem Somos?<\/a><\/li>\n<li><a href=\"https:\/\/goias.gov.br\/metrobus\/wp-content\/uploads\/sites\/13\/2018\/07\/ATA-AGE-E-ESTATUTO-19-08-20-REGISTRADA.pdf\">Ata da Assembleia Geral Extraordin\u00e1ria de Acionista da Metrobus Transporte Coletivo S\/A, realizada no dia 19 de agosto de 2020<\/a><\/li>\n<\/ul>\n<p>\u00a0<\/p>\n","protected":false},"excerpt":{"rendered":"<p>Tem a finalidade explorar a opera\u00e7\u00e3o de servi\u00e7os de transporte coletivo de passageiros, de caracter\u00edsticas urbanas, em munic\u00edpios, aglomerados urbanos e \u00e1reas metropolitanas, mediante contratos de concess\u00e3o. Fonte: Estatuto Social \u2013 atualizado na AGE de 19\/08\/2020 \u2013 Registrado na JUCEG sob o n\u00ba. 20201051982 em 23\/08\/2020 Saiba mais Quem Somos? Ata da Assembleia Geral Extraordin\u00e1ria [&hellip;]<\/p>\n","protected":false},"author":62,"featured_media":0,"parent":0,"menu_order":0,"comment_status":"closed","ping_status":"closed","template":"","meta":{"footnotes":""},"class_list":["post-8705","page","type-page","status-publish","hentry"],"rttpg_featured_image_url":null,"rttpg_author":{"display_name":"italoreis","author_link":"https:\/\/goias.gov.br\/metrobus\/author\/italoreis\/"},"rttpg_comment":0,"rttpg_category":null,"rttpg_excerpt":"Tem a finalidade explorar a opera\u00e7\u00e3o de servi\u00e7os de transporte coletivo de passageiros, de caracter\u00edsticas urbanas, em munic\u00edpios, aglomerados urbanos e \u00e1reas metropolitanas, mediante contratos de concess\u00e3o. Fonte: Estatuto Social \u2013 atualizado na AGE de 19\/08\/2020 \u2013 Registrado na JUCEG sob o n\u00ba. 20201051982 em 23\/08\/2020 Saiba mais Quem Somos? Ata da Assembleia Geral Extraordin\u00e1ria&hellip;","_links":{"self":[{"href":"https:\/\/goias.gov.br\/metrobus\/wp-json\/wp\/v2\/pages\/8705","targetHints":{"allow":["GET"]}}],"collection":[{"href":"https:\/\/goias.gov.br\/metrobus\/wp-json\/wp\/v2\/pages"}],"about":[{"href":"https:\/\/goias.gov.br\/metrobus\/wp-json\/wp\/v2\/types\/page"}],"author":[{"embeddable":true,"href":"https:\/\/goias.gov.br\/metrobus\/wp-json\/wp\/v2\/users\/62"}],"replies":[{"embeddable":true,"href":"https:\/\/goias.gov.br\/metrobus\/wp-json\/wp\/v2\/comments?post=8705"}],"version-history":[{"count":2,"href":"https:\/\/goias.gov.br\/metrobus\/wp-json\/wp\/v2\/pages\/8705\/revisions"}],"predecessor-version":[{"id":10871,"href":"https:\/\/goias.gov.br\/metrobus\/wp-json\/wp\/v2\/pages\/8705\/revisions\/10871"}],"wp:attachment":[{"href":"https:\/\/goias.gov.br\/metrobus\/wp-json\/wp\/v2\/media?parent=8705"}],"curies":[{"name":"wp","href":"https:\/\/api.w.org\/{rel}","templated":true}]}}