

{"id":10259,"date":"2024-10-04T14:38:45","date_gmt":"2024-10-04T17:38:45","guid":{"rendered":"https:\/\/goias.gov.br\/metrobus\/?page_id=10259"},"modified":"2025-06-25T11:09:25","modified_gmt":"2025-06-25T14:09:25","slug":"ouvidoria-setorial","status":"publish","type":"page","link":"https:\/\/goias.gov.br\/metrobus\/ouvidoria-setorial\/","title":{"rendered":"Ouvidoria Setorial"},"content":{"rendered":"\n<h4 class=\"wp-block-heading\"><span style=\"color: #008000\">Atendimento Presencial<\/span><\/h4>\n\n\n\n<p>Ouvidor Setorial: <strong>MANOEL FRANCISCO DA SILVA<\/strong><\/p>\n\n\n\n<div class=\"wp-block-group\"><div class=\"wp-block-group__inner-container is-layout-constrained wp-block-group-is-layout-constrained\">\n<p>Endere\u00e7o: Rua Patriarca, esq. com Rua Manoel Silva, n\u00ba 299<br \/>Vila Regina, Goi\u00e2nia-GO, CEP: 74.453-610<br \/>Hor\u00e1rio de Atendimento: 08h \u00e0s 12h e das 14h \u00e0s 18h<br \/>E-mail: <a href=\"mailto:ouvidoria@metrobus.go.gov.br\">ouvidoria@metrobus.go.gov.br<\/a><br \/>Telefone PABX: (62) 3230-7500 <br \/>Telefone Ouvidoria: (62) 3230-7537\u00a0<br \/>Whatsapp Ouvidoria: (62) 99602-8704<br \/>Unidade SEI: 19679<\/p>\n<\/div><\/div>\n","protected":false},"excerpt":{"rendered":"<p>Atendimento Presencial Ouvidor Setorial: MANOEL FRANCISCO DA SILVA Endere\u00e7o: Rua Patriarca, esq. com Rua Manoel Silva, n\u00ba 299Vila Regina, Goi\u00e2nia-GO, CEP: 74.453-610Hor\u00e1rio de Atendimento: 08h \u00e0s 12h e das 14h \u00e0s 18hE-mail: ouvidoria@metrobus.go.gov.brTelefone PABX: (62) 3230-7500 Telefone Ouvidoria: (62) 3230-7537\u00a0Whatsapp Ouvidoria: (62) 99602-8704Unidade SEI: 19679<\/p>\n","protected":false},"author":62,"featured_media":0,"parent":0,"menu_order":0,"comment_status":"closed","ping_status":"closed","template":"","meta":{"footnotes":""},"class_list":["post-10259","page","type-page","status-publish","hentry"],"rttpg_featured_image_url":null,"rttpg_author":{"display_name":"italoreis","author_link":"https:\/\/goias.gov.br\/metrobus\/author\/italoreis\/"},"rttpg_comment":0,"rttpg_category":null,"rttpg_excerpt":"Atendimento Presencial Ouvidor Setorial: MANOEL FRANCISCO DA SILVA Endere\u00e7o: Rua Patriarca, esq. com Rua Manoel Silva, n\u00ba 299Vila Regina, Goi\u00e2nia-GO, CEP: 74.453-610Hor\u00e1rio de Atendimento: 08h \u00e0s 12h e das 14h \u00e0s 18hE-mail: ouvidoria@metrobus.go.gov.brTelefone PABX: (62) 3230-7500 Telefone Ouvidoria: (62) 3230-7537\u00a0Whatsapp Ouvidoria: (62) 99602-8704Unidade SEI: 19679","_links":{"self":[{"href":"https:\/\/goias.gov.br\/metrobus\/wp-json\/wp\/v2\/pages\/10259","targetHints":{"allow":["GET"]}}],"collection":[{"href":"https:\/\/goias.gov.br\/metrobus\/wp-json\/wp\/v2\/pages"}],"about":[{"href":"https:\/\/goias.gov.br\/metrobus\/wp-json\/wp\/v2\/types\/page"}],"author":[{"embeddable":true,"href":"https:\/\/goias.gov.br\/metrobus\/wp-json\/wp\/v2\/users\/62"}],"replies":[{"embeddable":true,"href":"https:\/\/goias.gov.br\/metrobus\/wp-json\/wp\/v2\/comments?post=10259"}],"version-history":[{"count":2,"href":"https:\/\/goias.gov.br\/metrobus\/wp-json\/wp\/v2\/pages\/10259\/revisions"}],"predecessor-version":[{"id":17380,"href":"https:\/\/goias.gov.br\/metrobus\/wp-json\/wp\/v2\/pages\/10259\/revisions\/17380"}],"wp:attachment":[{"href":"https:\/\/goias.gov.br\/metrobus\/wp-json\/wp\/v2\/media?parent=10259"}],"curies":[{"name":"wp","href":"https:\/\/api.w.org\/{rel}","templated":true}]}}