

{"id":94367,"date":"2025-05-20T14:23:02","date_gmt":"2025-05-20T17:23:02","guid":{"rendered":"https:\/\/goias.gov.br\/meioambiente\/?page_id=94367"},"modified":"2026-03-06T14:01:46","modified_gmt":"2026-03-06T17:01:46","slug":"logistica-reversa","status":"publish","type":"page","link":"https:\/\/goias.gov.br\/meioambiente\/logistica-reversa\/","title":{"rendered":"Log\u00edstica reversa"},"content":{"rendered":"\t\t<div data-elementor-type=\"wp-page\" data-elementor-id=\"94367\" class=\"elementor elementor-94367\">\n\t\t\t\t<div class=\"elementor-element elementor-element-f7b6c22 e-flex e-con-boxed e-con e-parent\" data-id=\"f7b6c22\" data-element_type=\"container\" data-e-type=\"container\" data-settings=\"{&quot;background_background&quot;:&quot;classic&quot;}\">\n\t\t\t\t\t<div class=\"e-con-inner\">\n\t\t\t\t<div class=\"elementor-element elementor-element-1f8d5b8 elementor-widget elementor-widget-heading\" data-id=\"1f8d5b8\" data-element_type=\"widget\" data-e-type=\"widget\" data-widget_type=\"heading.default\">\n\t\t\t\t\t<h3 class=\"elementor-heading-title elementor-size-default\">Log\u00edstica reversa<\/h3>\t\t\t\t<\/div>\n\t\t\t\t<div class=\"elementor-element elementor-element-e18ba38 elementor-widget elementor-widget-heading\" data-id=\"e18ba38\" data-element_type=\"widget\" data-e-type=\"widget\" data-widget_type=\"heading.default\">\n\t\t\t\t\t<h4 class=\"elementor-heading-title elementor-size-default\">Redu\u00e7\u00e3o de res\u00edduos que seguem para disposi\u00e7\u00e3o final nos aterros sanit\u00e1rios<\/h4>\t\t\t\t<\/div>\n\t\t\t\t\t<\/div>\n\t\t\t\t<\/div>\n\t\t<div class=\"elementor-element elementor-element-98e00ef e-flex e-con-boxed e-con e-parent\" data-id=\"98e00ef\" data-element_type=\"container\" data-e-type=\"container\">\n\t\t\t\t\t<div class=\"e-con-inner\">\n\t\t<div class=\"elementor-element elementor-element-e2bf58e e-con-full e-flex e-con e-child\" data-id=\"e2bf58e\" data-element_type=\"container\" data-e-type=\"container\">\n\t\t\t\t<div class=\"elementor-element elementor-element-c017b70 elementor-widget elementor-widget-text-editor\" data-id=\"c017b70\" data-element_type=\"widget\" data-e-type=\"widget\" data-widget_type=\"text-editor.default\">\n\t\t\t\t\t\t\t\t\t<p>Desde o <strong>decreto estadual n\u00ba 10.255\/2023<\/strong>, o Governo de Goi\u00e1s promove o monitoramento cont\u00ednuo das a\u00e7\u00f5es de log\u00edstica reversa de embalagens em geral. Os resultados alcan\u00e7ados refletem o compromisso do Estado com a sustentabilidade, a responsabilidade compartilhada e a consolida\u00e7\u00e3o de uma economia circular.<\/p>\t\t\t\t\t\t\t\t<\/div>\n\t\t\t\t<\/div>\n\t\t<div class=\"elementor-element elementor-element-05ba9aa e-con-full e-flex e-con e-child\" data-id=\"05ba9aa\" data-element_type=\"container\" data-e-type=\"container\">\n\t\t\t\t<div class=\"elementor-element elementor-element-c2e674f elementor-widget elementor-widget-text-editor\" data-id=\"c2e674f\" data-element_type=\"widget\" data-e-type=\"widget\" data-widget_type=\"text-editor.default\">\n\t\t\t\t\t\t\t\t\t<p>Em seu <strong>primeiro ano de execu\u00e7\u00e3o, com ano base 2022<\/strong>, o sistema estadual de log\u00edstica reversa superou a meta estabelecida para a recupera\u00e7\u00e3o de embalagens, alcan\u00e7ando mais de <strong>22% da massa total comercializada em Goi\u00e1s<\/strong>. A meta para os ciclos seguintes ser\u00e1 progressivamente maior.\u00a0<\/p>\t\t\t\t\t\t\t\t<\/div>\n\t\t\t\t<\/div>\n\t\t\t\t\t<\/div>\n\t\t\t\t<\/div>\n\t\t<div class=\"elementor-element elementor-element-94ebf76 e-flex e-con-boxed e-con e-parent\" data-id=\"94ebf76\" data-element_type=\"container\" data-e-type=\"container\">\n\t\t\t\t\t<div class=\"e-con-inner\">\n\t\t\t\t<div class=\"elementor-element elementor-element-9ccd9e0 elementor-widget elementor-widget-image\" data-id=\"9ccd9e0\" data-element_type=\"widget\" data-e-type=\"widget\" data-widget_type=\"image.default\">\n\t\t\t\t\t\t\t\t\t\t\t\t\t\t\t<img decoding=\"async\" src=\"https:\/\/goias.gov.br\/meioambiente\/wp-content\/uploads\/sites\/33\/2025\/05\/MATERIAL-PRODUZIDO-Ton-1.png\" title=\"\" alt=\"\" loading=\"lazy\" \/>\t\t\t\t\t\t\t\t\t\t\t\t\t\t\t<\/div>\n\t\t\t\t\t<\/div>\n\t\t\t\t<\/div>\n\t\t<div class=\"elementor-element elementor-element-c452a47 e-flex e-con-boxed e-con e-parent\" data-id=\"c452a47\" data-element_type=\"container\" data-e-type=\"container\">\n\t\t\t\t\t<div class=\"e-con-inner\">\n\t\t<div class=\"elementor-element elementor-element-83bd509 e-con-full e-flex e-con e-child\" data-id=\"83bd509\" data-element_type=\"container\" data-e-type=\"container\">\n\t\t\t\t<div class=\"elementor-element elementor-element-1d717f4 elementor-widget elementor-widget-text-editor\" data-id=\"1d717f4\" data-element_type=\"widget\" data-e-type=\"widget\" data-widget_type=\"text-editor.default\">\n\t\t\t\t\t\t\t\t\t<p>A\u00a0<strong>log\u00edstica reversa<\/strong>\u00a0\u00e9 um instrumento criado na Lei Federal n\u00ba 12.305, de 2 de agosto de 2010, que institui a Pol\u00edtica Nacional de Res\u00edduos S\u00f3lidos, e regulamentado pelos Decretos n\u00ba 10.936 de 12 de janeiro de 2022, e n\u00ba 11.413, de 13 de fevereiro de 2023.<\/p><p>De acordo com a PNRS<strong>, fabricantes, importadores, distribuidores e comerciantes<\/strong> s\u00e3o respons\u00e1veis por adotar todas as medidas necess\u00e1rias para\u00a0assegurar a <strong>implementa\u00e7\u00e3o e a operacionaliza\u00e7\u00e3o do sistema de log\u00edstica reversa<\/strong> sob sua responsabilidade.<\/p>\t\t\t\t\t\t\t\t<\/div>\n\t\t\t\t<\/div>\n\t\t<div class=\"elementor-element elementor-element-eed7f6d e-con-full e-flex e-con e-child\" data-id=\"eed7f6d\" data-element_type=\"container\" data-e-type=\"container\">\n\t\t\t\t<div class=\"elementor-element elementor-element-17c8d97 elementor-widget elementor-widget-text-editor\" data-id=\"17c8d97\" data-element_type=\"widget\" data-e-type=\"widget\" data-widget_type=\"text-editor.default\">\n\t\t\t\t\t\t\t\t\t<p>Esse instrumento \u00e9 fundamental para a gest\u00e3o adequada dos res\u00edduos s\u00f3lidos e est\u00e1 estrategicamente alinhado \u00e0 economia circular, um modelo que promove o retorno dos materiais ao ciclo produtivo, viabilizando a reutiliza\u00e7\u00e3o, a reciclagem, e a redu\u00e7\u00e3o dos impactos ambientais associados ao descarte inadequado de res\u00edduos.<\/p>\t\t\t\t\t\t\t\t<\/div>\n\t\t\t\t<div class=\"elementor-element elementor-element-3efc393 elementor-align-center elementor-widget elementor-widget-button\" data-id=\"3efc393\" data-element_type=\"widget\" data-e-type=\"widget\" data-widget_type=\"button.default\">\n\t\t\t\t\t\t\t\t\t\t<a class=\"elementor-button elementor-button-link elementor-size-sm\" href=\"https:\/\/www.planalto.gov.br\/ccivil_03\/_ato2007-2010\/2010\/lei\/l12305.htm\" target=\"_blank\">\n\t\t\t\t\t\t<span class=\"elementor-button-content-wrapper\">\n\t\t\t\t\t\t\t\t\t<span class=\"elementor-button-text\">Veja aqui a lei federal 12.305\/2010<\/span>\n\t\t\t\t\t<\/span>\n\t\t\t\t\t<\/a>\n\t\t\t\t\t\t\t\t<\/div>\n\t\t\t\t<\/div>\n\t\t\t\t\t<\/div>\n\t\t\t\t<\/div>\n\t\t<div class=\"elementor-element elementor-element-4015ce5 e-flex e-con-boxed e-con e-parent\" data-id=\"4015ce5\" data-element_type=\"container\" data-e-type=\"container\">\n\t\t\t\t\t<div class=\"e-con-inner\">\n\t\t\t\t<div class=\"elementor-element elementor-element-627ef32 elementor-widget elementor-widget-image\" data-id=\"627ef32\" data-element_type=\"widget\" data-e-type=\"widget\" data-widget_type=\"image.default\">\n\t\t\t\t\t\t\t\t\t\t\t\t\t\t\t<img decoding=\"async\" src=\"https:\/\/goias.gov.br\/meioambiente\/wp-content\/uploads\/sites\/33\/2025\/05\/LOGISTICA-2.jpg\" title=\"\" alt=\"\" loading=\"lazy\" \/>\t\t\t\t\t\t\t\t\t\t\t\t\t\t\t<\/div>\n\t\t\t\t\t<\/div>\n\t\t\t\t<\/div>\n\t\t<div class=\"elementor-element elementor-element-fad1b04 e-flex e-con-boxed e-con e-parent\" data-id=\"fad1b04\" data-element_type=\"container\" data-e-type=\"container\" data-settings=\"{&quot;background_background&quot;:&quot;classic&quot;}\">\n\t\t\t\t\t<div class=\"e-con-inner\">\n\t\t\t\t<div class=\"elementor-element elementor-element-42ffcd0 elementor-widget elementor-widget-heading\" data-id=\"42ffcd0\" data-element_type=\"widget\" data-e-type=\"widget\" data-widget_type=\"heading.default\">\n\t\t\t\t\t<h3 class=\"elementor-heading-title elementor-size-default\">Log\u00edstica reversa em Goi\u00e1s<\/h3>\t\t\t\t<\/div>\n\t\t\t\t<div class=\"elementor-element elementor-element-105d956 elementor-widget elementor-widget-heading\" data-id=\"105d956\" data-element_type=\"widget\" data-e-type=\"widget\" data-widget_type=\"heading.default\">\n\t\t\t\t\t<h4 class=\"elementor-heading-title elementor-size-default\">Entenda como o sistema foi estruturado<\/h4>\t\t\t\t<\/div>\n\t\t\t\t\t<\/div>\n\t\t\t\t<\/div>\n\t\t<div class=\"elementor-element elementor-element-5bd2199 e-flex e-con-boxed e-con e-parent\" data-id=\"5bd2199\" data-element_type=\"container\" data-e-type=\"container\">\n\t\t\t\t\t<div class=\"e-con-inner\">\n\t\t<div class=\"elementor-element elementor-element-7dce38c e-con-full e-flex e-con e-child\" data-id=\"7dce38c\" data-element_type=\"container\" data-e-type=\"container\">\n\t\t\t\t<div class=\"elementor-element elementor-element-008c964 elementor-widget elementor-widget-text-editor\" data-id=\"008c964\" data-element_type=\"widget\" data-e-type=\"widget\" data-widget_type=\"text-editor.default\">\n\t\t\t\t\t\t\t\t\t<p>No estado de Goi\u00e1s, a log\u00edstica reversa de embalagens em geral foi regulamentada por meio do <strong>Decreto n\u00ba 10.255, de 17 de abril de 2023<\/strong>, que abrange embalagens em geral fabricadas em vidro, papel, papel\u00e3o, pl\u00e1stico, metal e outros materiais recicl\u00e1veis.<\/p><p>Para planejar e coordenar as a\u00e7\u00f5es voltadas \u00e0 implementa\u00e7\u00e3o da log\u00edstica reversa no estado, foi institu\u00eddo o <strong>Comit\u00ea de Log\u00edstica Reversa<\/strong>, conforme previsto no artigo 19 do Decreto Estadual n\u00ba 10.255\/2023.<\/p><p>Posteriormente, a <strong>Portaria n\u00ba 246, de 20 de mar\u00e7o de 2024<\/strong>, aprovou o <strong>Regimento Interno<\/strong> do Comit\u00ea, estabelecendo seus princ\u00edpios, diretrizes, objetivos, instrumentos e procedimentos operacionais. A estrutura organizacional do Comit\u00ea \u00e9 composta por:<\/p><ul><li>Presid\u00eancia<\/li><li>Secretaria Executiva<\/li><li>Colegiado<\/li><\/ul><p><strong>Entidades representativas que comp\u00f5em o Comit\u00ea <\/strong><strong>\ud83c\udfdb\ufe0f<\/strong><\/p><ol><li>Secretaria de Estado de Meio Ambiente e Desenvolvimento Sustent\u00e1vel (Presid\u00eancia)<\/li><li>Secretaria de Estado de Ind\u00fastria, Com\u00e9rcio e Servi\u00e7os (Secretaria Executiva)<\/li><li>Secretaria de Estado da Retomada<\/li><li>Secretaria de Estado da Economia<\/li><li>Secretaria-Geral da Governadoria (Instituto Mauro Borges)<\/li><li>Companhia de Investimentos e Parcerias do Estado de Goi\u00e1s<\/li><li>Ag\u00eancia de Regula\u00e7\u00e3o, Controle e Fiscaliza\u00e7\u00e3o (AGR)<\/li><li>Minist\u00e9rio P\u00fablico do Estado de Goi\u00e1s<\/li><\/ol>\t\t\t\t\t\t\t\t<\/div>\n\t\t\t\t<\/div>\n\t\t<div class=\"elementor-element elementor-element-0f2536e e-con-full e-flex e-con e-child\" data-id=\"0f2536e\" data-element_type=\"container\" data-e-type=\"container\">\n\t\t\t\t<div class=\"elementor-element elementor-element-bf9c5f6 elementor-widget elementor-widget-image\" data-id=\"bf9c5f6\" data-element_type=\"widget\" data-e-type=\"widget\" data-widget_type=\"image.default\">\n\t\t\t\t\t\t\t\t\t\t\t\t\t\t\t<img decoding=\"async\" src=\"https:\/\/goias.gov.br\/meioambiente\/wp-content\/uploads\/sites\/33\/2025\/05\/brasil-registra-reciclagem-de-987-de-latas-de-aluminio-em-2021-1649953120.jpeg\" title=\"\" alt=\"\" loading=\"lazy\" \/>\t\t\t\t\t\t\t\t\t\t\t\t\t\t\t<\/div>\n\t\t\t\t<div class=\"elementor-element elementor-element-4a968bc elementor-widget elementor-widget-text-editor\" data-id=\"4a968bc\" data-element_type=\"widget\" data-e-type=\"widget\" data-widget_type=\"text-editor.default\">\n\t\t\t\t\t\t\t\t\t<p><strong>Atribui\u00e7\u00f5es do Comit\u00ea de Log\u00edstica Reversa<\/strong><\/p><p>O Comit\u00ea \u00e9 o <strong>\u00f3rg\u00e3o respons\u00e1vel pela supervis\u00e3o, coordena\u00e7\u00e3o e monitoramento<\/strong> das a\u00e7\u00f5es de log\u00edstica reversa em Goi\u00e1s. Entre suas principais fun\u00e7\u00f5es est\u00e3o:<\/p><ul><li>Garantir o funcionamento eficaz do sistema de log\u00edstica reversa;<\/li><li>Articular com pol\u00edticas p\u00fablicas relacionadas para alinhar a\u00e7\u00f5es;<\/li><li>Promover a integra\u00e7\u00e3o entre os setores p\u00fablico e privado;<\/li><li>Monitorar o cumprimento das metas estabelecidas;<\/li><li>Avaliar os resultados obtidos e assegurar o atendimento \u00e0s <strong>normas legais e regulat\u00f3rias<\/strong>;<\/li><li>Gerenciar os dados recebidos no sistema <strong>Recicla Goi\u00e1s<\/strong>, validando informa\u00e7\u00f5es e elaborando <strong>relat\u00f3rios e an\u00e1lises t\u00e9cnicas<\/strong>.<\/li><\/ul>\t\t\t\t\t\t\t\t<\/div>\n\t\t\t\t<\/div>\n\t\t\t\t\t<\/div>\n\t\t\t\t<\/div>\n\t\t<div class=\"elementor-element elementor-element-344f735 e-flex e-con-boxed e-con e-parent\" data-id=\"344f735\" data-element_type=\"container\" data-e-type=\"container\" data-settings=\"{&quot;background_background&quot;:&quot;classic&quot;}\">\n\t\t\t\t\t<div class=\"e-con-inner\">\n\t\t\t\t<div class=\"elementor-element elementor-element-0a74efc elementor-widget elementor-widget-heading\" data-id=\"0a74efc\" data-element_type=\"widget\" data-e-type=\"widget\" data-widget_type=\"heading.default\">\n\t\t\t\t\t<h3 class=\"elementor-heading-title elementor-size-default\">Relat\u00f3rios anuais<\/h3>\t\t\t\t<\/div>\n\t\t\t\t<div class=\"elementor-element elementor-element-207df53 elementor-widget elementor-widget-heading\" data-id=\"207df53\" data-element_type=\"widget\" data-e-type=\"widget\" data-widget_type=\"heading.default\">\n\t\t\t\t\t<h4 class=\"elementor-heading-title elementor-size-default\">Atividades realizadas e resultados alcan\u00e7ados<\/h4>\t\t\t\t<\/div>\n\t\t\t\t\t<\/div>\n\t\t\t\t<\/div>\n\t\t<div class=\"elementor-element elementor-element-8a3d546 e-flex e-con-boxed e-con e-parent\" data-id=\"8a3d546\" data-element_type=\"container\" data-e-type=\"container\">\n\t\t\t\t\t<div class=\"e-con-inner\">\n\t\t<div class=\"elementor-element elementor-element-c1dbaf0 e-con-full e-flex e-con e-child\" data-id=\"c1dbaf0\" data-element_type=\"container\" data-e-type=\"container\">\n\t\t\t\t<div class=\"elementor-element elementor-element-d35706b elementor-widget elementor-widget-text-editor\" data-id=\"d35706b\" data-element_type=\"widget\" data-e-type=\"widget\" data-widget_type=\"text-editor.default\">\n\t\t\t\t\t\t\t\t\t<p>Os relat\u00f3rios disponibilizados pelo Governo de Goi\u00e1s t\u00eam como objetivo apresentar, de forma transparente, as a\u00e7\u00f5es realizadas, os dados consolidados, as metas cumpridas e os desafios enfrentados na implementa\u00e7\u00e3o do Decreto Estadual n\u00ba 10.255\/2023.<\/p>\t\t\t\t\t\t\t\t<\/div>\n\t\t\t\t<\/div>\n\t\t<div class=\"elementor-element elementor-element-801cbaa e-con-full e-flex e-con e-child\" data-id=\"801cbaa\" data-element_type=\"container\" data-e-type=\"container\">\n\t\t\t\t<div class=\"elementor-element elementor-element-898f7c4 elementor-widget elementor-widget-button\" data-id=\"898f7c4\" data-element_type=\"widget\" data-e-type=\"widget\" data-widget_type=\"button.default\">\n\t\t\t\t\t\t\t\t\t\t<a class=\"elementor-button elementor-button-link elementor-size-sm\" href=\"https:\/\/goias.gov.br\/meioambiente\/wp-content\/uploads\/sites\/33\/2025\/05\/SEI-202500017006034-relatorio-2024-1.pdf\" target=\"_blank\">\n\t\t\t\t\t\t<span class=\"elementor-button-content-wrapper\">\n\t\t\t\t\t\t\t\t\t<span class=\"elementor-button-text\"><i class=\"fas fa-caret-square-right\"><\/i> Relat\u00f3rio do ano-base 2022<\/span>\n\t\t\t\t\t<\/span>\n\t\t\t\t\t<\/a>\n\t\t\t\t\t\t\t\t<\/div>\n\t\t\t\t<\/div>\n\t\t\t\t\t<\/div>\n\t\t\t\t<\/div>\n\t\t<div class=\"elementor-element elementor-element-891430e e-flex e-con-boxed e-con e-parent\" data-id=\"891430e\" data-element_type=\"container\" data-e-type=\"container\">\n\t\t\t\t\t<div class=\"e-con-inner\">\n\t\t<div class=\"elementor-element elementor-element-27b50dc e-con-full e-flex e-con e-child\" data-id=\"27b50dc\" data-element_type=\"container\" data-e-type=\"container\">\n\t\t\t\t<div class=\"elementor-element elementor-element-602fe49 elementor-widget elementor-widget-image\" data-id=\"602fe49\" data-element_type=\"widget\" data-e-type=\"widget\" data-widget_type=\"image.default\">\n\t\t\t\t\t\t\t\t\t\t\t\t\t\t\t<img decoding=\"async\" src=\"https:\/\/goias.gov.br\/meioambiente\/wp-content\/uploads\/sites\/33\/2025\/04\/WhatsApp-Image-2024-10-12-at-22.46.18-1.jpeg\" title=\"\" alt=\"\" loading=\"lazy\" \/>\t\t\t\t\t\t\t\t\t\t\t\t\t\t\t<\/div>\n\t\t\t\t<\/div>\n\t\t<div class=\"elementor-element elementor-element-45f0dbe e-con-full e-flex e-con e-child\" data-id=\"45f0dbe\" data-element_type=\"container\" data-e-type=\"container\">\n\t\t\t\t<div class=\"elementor-element elementor-element-0f93919 elementor-widget elementor-widget-text-editor\" data-id=\"0f93919\" data-element_type=\"widget\" data-e-type=\"widget\" data-widget_type=\"text-editor.default\">\n\t\t\t\t\t\t\t\t\t<h3>Em caso de d\u00favidas, fale conosco<\/h3><p><strong>Ger\u00eancia de Instrumentos e Apoios \u00e0 Pol\u00edtica de Res\u00edduos S\u00f3lidos<\/strong><\/p><p><strong>E-mail: logisticareversa.meioambiente@goias.gov.br<\/strong><\/p><p>Telefone: 62 9975-4853 (whatsapp)<\/p>\t\t\t\t\t\t\t\t<\/div>\n\t\t\t\t<div class=\"elementor-element elementor-element-f83add6 elementor-shape-square e-grid-align-left elementor-grid-0 elementor-widget elementor-widget-social-icons\" data-id=\"f83add6\" data-element_type=\"widget\" data-e-type=\"widget\" data-widget_type=\"social-icons.default\">\n\t\t\t\t\t\t\t<div class=\"elementor-social-icons-wrapper elementor-grid\" role=\"list\">\n\t\t\t\t\t\t\t<span class=\"elementor-grid-item\" role=\"listitem\">\n\t\t\t\t\t<a class=\"elementor-icon elementor-social-icon elementor-social-icon-instagram elementor-repeater-item-eb216f3\" href=\"https:\/\/www.instagram.com\/semadgoias.reserva\/\" target=\"_blank\">\n\t\t\t\t\t\t<span class=\"elementor-screen-only\">Instagram<\/span>\n\t\t\t\t\t\t<svg aria-hidden=\"true\" class=\"e-font-icon-svg e-fab-instagram\" viewBox=\"0 0 448 512\" xmlns=\"http:\/\/www.w3.org\/2000\/svg\"><path d=\"M224.1 141c-63.6 0-114.9 51.3-114.9 114.9s51.3 114.9 114.9 114.9S339 319.5 339 255.9 287.7 141 224.1 141zm0 189.6c-41.1 0-74.7-33.5-74.7-74.7s33.5-74.7 74.7-74.7 74.7 33.5 74.7 74.7-33.6 74.7-74.7 74.7zm146.4-194.3c0 14.9-12 26.8-26.8 26.8-14.9 0-26.8-12-26.8-26.8s12-26.8 26.8-26.8 26.8 12 26.8 26.8zm76.1 27.2c-1.7-35.9-9.9-67.7-36.2-93.9-26.2-26.2-58-34.4-93.9-36.2-37-2.1-147.9-2.1-184.9 0-35.8 1.7-67.6 9.9-93.9 36.1s-34.4 58-36.2 93.9c-2.1 37-2.1 147.9 0 184.9 1.7 35.9 9.9 67.7 36.2 93.9s58 34.4 93.9 36.2c37 2.1 147.9 2.1 184.9 0 35.9-1.7 67.7-9.9 93.9-36.2 26.2-26.2 34.4-58 36.2-93.9 2.1-37 2.1-147.8 0-184.8zM398.8 388c-7.8 19.6-22.9 34.7-42.6 42.6-29.5 11.7-99.5 9-132.1 9s-102.7 2.6-132.1-9c-19.6-7.8-34.7-22.9-42.6-42.6-11.7-29.5-9-99.5-9-132.1s-2.6-102.7 9-132.1c7.8-19.6 22.9-34.7 42.6-42.6 29.5-11.7 99.5-9 132.1-9s102.7-2.6 132.1 9c19.6 7.8 34.7 22.9 42.6 42.6 11.7 29.5 9 99.5 9 132.1s2.7 102.7-9 132.1z\"><\/path><\/svg>\t\t\t\t\t<\/a>\n\t\t\t\t<\/span>\n\t\t\t\t\t\t\t<span class=\"elementor-grid-item\" role=\"listitem\">\n\t\t\t\t\t<a class=\"elementor-icon elementor-social-icon elementor-social-icon-youtube elementor-repeater-item-0ead35b\" href=\"https:\/\/www.youtube.com\/@semadgoias\/streams\" target=\"_blank\">\n\t\t\t\t\t\t<span class=\"elementor-screen-only\">Youtube<\/span>\n\t\t\t\t\t\t<svg aria-hidden=\"true\" class=\"e-font-icon-svg e-fab-youtube\" viewBox=\"0 0 576 512\" xmlns=\"http:\/\/www.w3.org\/2000\/svg\"><path d=\"M549.655 124.083c-6.281-23.65-24.787-42.276-48.284-48.597C458.781 64 288 64 288 64S117.22 64 74.629 75.486c-23.497 6.322-42.003 24.947-48.284 48.597-11.412 42.867-11.412 132.305-11.412 132.305s0 89.438 11.412 132.305c6.281 23.65 24.787 41.5 48.284 47.821C117.22 448 288 448 288 448s170.78 0 213.371-11.486c23.497-6.321 42.003-24.171 48.284-47.821 11.412-42.867 11.412-132.305 11.412-132.305s0-89.438-11.412-132.305zm-317.51 213.508V175.185l142.739 81.205-142.739 81.201z\"><\/path><\/svg>\t\t\t\t\t<\/a>\n\t\t\t\t<\/span>\n\t\t\t\t\t<\/div>\n\t\t\t\t\t\t<\/div>\n\t\t\t\t<\/div>\n\t\t\t\t\t<\/div>\n\t\t\t\t<\/div>\n\t\t\t\t<\/div>\n\t\t","protected":false},"excerpt":{"rendered":"<p>Log\u00edstica reversa Redu\u00e7\u00e3o de res\u00edduos que seguem para disposi\u00e7\u00e3o final nos aterros sanit\u00e1rios Desde o decreto estadual n\u00ba 10.255\/2023, o Governo de Goi\u00e1s promove o monitoramento cont\u00ednuo das a\u00e7\u00f5es de log\u00edstica reversa de embalagens em geral. Os resultados alcan\u00e7ados refletem o compromisso do Estado com a sustentabilidade, a responsabilidade compartilhada e a consolida\u00e7\u00e3o de uma [&hellip;]<\/p>\n","protected":false},"author":231,"featured_media":0,"parent":0,"menu_order":0,"comment_status":"closed","ping_status":"closed","template":"wppb_theme_template","meta":{"footnotes":"","_links_to":"","_links_to_target":""},"class_list":["post-94367","page","type-page","status-publish","hentry"],"rttpg_featured_image_url":null,"rttpg_author":{"display_name":"alexandrebittencourt","author_link":"https:\/\/goias.gov.br\/meioambiente\/author\/alexandrebittencourt\/"},"rttpg_comment":0,"rttpg_category":null,"rttpg_excerpt":"Log\u00edstica reversa Redu\u00e7\u00e3o de res\u00edduos que seguem para disposi\u00e7\u00e3o final nos aterros sanit\u00e1rios Desde o decreto estadual n\u00ba 10.255\/2023, o Governo de Goi\u00e1s promove o monitoramento cont\u00ednuo das a\u00e7\u00f5es de log\u00edstica reversa de embalagens em geral. Os resultados alcan\u00e7ados refletem o compromisso do Estado com a sustentabilidade, a responsabilidade compartilhada e a consolida\u00e7\u00e3o de uma&hellip;","_links":{"self":[{"href":"https:\/\/goias.gov.br\/meioambiente\/wp-json\/wp\/v2\/pages\/94367","targetHints":{"allow":["GET"]}}],"collection":[{"href":"https:\/\/goias.gov.br\/meioambiente\/wp-json\/wp\/v2\/pages"}],"about":[{"href":"https:\/\/goias.gov.br\/meioambiente\/wp-json\/wp\/v2\/types\/page"}],"author":[{"embeddable":true,"href":"https:\/\/goias.gov.br\/meioambiente\/wp-json\/wp\/v2\/users\/231"}],"replies":[{"embeddable":true,"href":"https:\/\/goias.gov.br\/meioambiente\/wp-json\/wp\/v2\/comments?post=94367"}],"version-history":[{"count":2,"href":"https:\/\/goias.gov.br\/meioambiente\/wp-json\/wp\/v2\/pages\/94367\/revisions"}],"predecessor-version":[{"id":298006,"href":"https:\/\/goias.gov.br\/meioambiente\/wp-json\/wp\/v2\/pages\/94367\/revisions\/298006"}],"wp:attachment":[{"href":"https:\/\/goias.gov.br\/meioambiente\/wp-json\/wp\/v2\/media?parent=94367"}],"curies":[{"name":"wp","href":"https:\/\/api.w.org\/{rel}","templated":true}]}}