

{"id":88309,"date":"2025-04-23T12:53:50","date_gmt":"2025-04-23T15:53:50","guid":{"rendered":"https:\/\/goias.gov.br\/meioambiente\/?page_id=88309"},"modified":"2026-03-09T08:29:51","modified_gmt":"2026-03-09T11:29:51","slug":"alocacao","status":"publish","type":"page","link":"https:\/\/goias.gov.br\/meioambiente\/alocacao\/","title":{"rendered":"Aloca\u00e7\u00e3o"},"content":{"rendered":"\t\t<div data-elementor-type=\"wp-page\" data-elementor-id=\"88309\" class=\"elementor elementor-88309\">\n\t\t\t\t<div class=\"elementor-element elementor-element-0911a80 e-con-full e-flex e-con e-parent\" data-id=\"0911a80\" data-element_type=\"container\" data-e-type=\"container\" data-settings=\"{&quot;background_background&quot;:&quot;classic&quot;}\">\n\t\t\t\t<div class=\"elementor-element elementor-element-4c9c86b elementor-widget elementor-widget-heading\" data-id=\"4c9c86b\" data-element_type=\"widget\" data-e-type=\"widget\" data-widget_type=\"heading.default\">\n\t\t\t\t\t<h3 class=\"elementor-heading-title elementor-size-default\">Aloca\u00e7\u00e3o Negociada da \u00c1gua<\/h3>\t\t\t\t<\/div>\n\t\t\t\t<div class=\"elementor-element elementor-element-dda9c2d elementor-widget elementor-widget-heading\" data-id=\"dda9c2d\" data-element_type=\"widget\" data-e-type=\"widget\" data-widget_type=\"heading.default\">\n\t\t\t\t\t<h4 class=\"elementor-heading-title elementor-size-default\">Processo de distribui\u00e7\u00e3o de \u00e1gua entre os usu\u00e1rios<\/h4>\t\t\t\t<\/div>\n\t\t\t\t<\/div>\n\t\t<div class=\"elementor-element elementor-element-8527d45 e-con-full e-flex e-con e-parent\" data-id=\"8527d45\" data-element_type=\"container\" data-e-type=\"container\">\n\t\t\t\t<div class=\"elementor-element elementor-element-59c0e58 elementor-widget elementor-widget-text-editor\" data-id=\"59c0e58\" data-element_type=\"widget\" data-e-type=\"widget\" data-widget_type=\"text-editor.default\">\n\t\t\t\t\t\t\t\t\t<p>A <strong>aloca\u00e7\u00e3o negociada de recursos h\u00eddricos<\/strong> \u00e9 um processo participativo e coordenado de distribui\u00e7\u00e3o da \u00e1gua entre m\u00faltiplos usu\u00e1rios, com base no di\u00e1logo entre os atores envolvidos (usu\u00e1rios, gestores, sociedade civil e \u00f3rg\u00e3os reguladores), considerando a disponibilidade h\u00eddrica limitada, as demandas existentes e os usos priorit\u00e1rios definidos por lei. Esse processo visa promover o uso equitativo, eficiente e sustent\u00e1vel dos recursos h\u00eddricos, prevenindo conflitos e garantindo a seguran\u00e7a h\u00eddrica em bacias hidrogr\u00e1ficas.<\/p>\t\t\t\t\t\t\t\t<\/div>\n\t\t\t\t<\/div>\n\t\t<div class=\"elementor-element elementor-element-9a5397c e-con-full e-flex e-con e-parent\" data-id=\"9a5397c\" data-element_type=\"container\" data-e-type=\"container\">\n\t\t\t\t<div class=\"elementor-element elementor-element-3a65b89 elementor-widget elementor-widget-text-editor\" data-id=\"3a65b89\" data-element_type=\"widget\" data-e-type=\"widget\" data-widget_type=\"text-editor.default\">\n\t\t\t\t\t\t\t\t\t<p><strong><span style=\"font-size: 14pt;\">Marco regulat\u00f3rio de recursos h\u00eddricos<\/span><\/strong><\/p><p><a href=\"https:\/\/www.gov.br\/ana\/pt-br\/assuntos\/regulacao-e-fiscalizacao\/alocacao-de-agua-e-marcos-regulatorios\/marcos-regulatorios\/marcos-regulatorios-go\"><strong><span style=\"color: #0000ff;\">Marco regulat\u00f3rio de recursos h\u00eddricos<\/span><\/strong><\/a> \u00e9 o arcabou\u00e7o legal e institucional que define as regras, princ\u00edpios e diretrizes para a gest\u00e3o das \u00e1guas em determinada bacia hidrogr\u00e1fica ou conjunto de bacias hidrogr\u00e1ficas.<\/p><p>Esse instrumento de gest\u00e3o estabelece como a \u00e1gua deve ser gerida, quem s\u00e3o os respons\u00e1veis por essa gest\u00e3o, quais s\u00e3o os direitos e deveres dos usu\u00e1rios, e quais instrumentos devem ser utilizados \u2014 como outorga, cobran\u00e7a pelo uso da \u00e1gua, enquadramento dos corpos d\u2019\u00e1gua e planos de recursos h\u00eddricos. O marco regulat\u00f3rio busca assegurar o uso sustent\u00e1vel da \u00e1gua, promover a aloca\u00e7\u00e3o equilibrada entre os diferentes usos e prevenir conflitos, com base nos princ\u00edpios da gest\u00e3o descentralizada, participativa e integrada.<\/p>\t\t\t\t\t\t\t\t<\/div>\n\t\t\t\t<\/div>\n\t\t<div class=\"elementor-element elementor-element-d9f3362 e-con-full e-flex e-con e-parent\" data-id=\"d9f3362\" data-element_type=\"container\" data-e-type=\"container\">\n\t\t<div class=\"elementor-element elementor-element-b0cabbf e-con-full e-flex e-con e-child\" data-id=\"b0cabbf\" data-element_type=\"container\" data-e-type=\"container\">\n\t\t\t\t<div class=\"elementor-element elementor-element-d7a6be0 elementor-widget elementor-widget-text-editor\" data-id=\"d7a6be0\" data-element_type=\"widget\" data-e-type=\"widget\" data-widget_type=\"text-editor.default\">\n\t\t\t\t\t\t\t\t\t<p><strong><span style=\"font-size: 14pt;\">Bacia do Alto S\u00e3o Marcos<\/span><\/strong><\/p><p>A bacia hidrogr\u00e1fica do rio S\u00e3o Marcos, que abrange os estados de Goi\u00e1s, Minas Gerais e o Distrito Federal, \u00e9 uma importante sub-bacia do rio Parana\u00edba, e por consequ\u00eancia integrante da bacia do rio Paran\u00e1. Seu potencial h\u00eddrico \u00e9 essencial para m\u00faltiplos usos, incluindo abastecimento urbano, gera\u00e7\u00e3o de energia e, especialmente, irriga\u00e7\u00e3o agr\u00edcola \u2014 atividade que vem crescendo de forma expressiva nos \u00faltimos anos.<\/p><p><strong><a href=\"https:\/\/goias.gov.br\/meioambiente\/wp-content\/uploads\/sites\/33\/2026\/02\/SEI_0148773_Edital_de_Convocacao_Conjunto_1-1.pdf\" target=\"_blank\" rel=\"noopener\">Edital de Convoca\u00e7\u00e3o Conjunto n\u00ba 01\/2026<\/a> <\/strong>(<a href=\"https:\/\/goias.gov.br\/meioambiente\/wp-content\/uploads\/sites\/33\/2026\/02\/Publicacoes-secao-3-2.2.2026.pdf\" target=\"_blank\" rel=\"noopener\">DOU<\/a>)<\/p>\t\t\t\t\t\t\t\t<\/div>\n\t\t\t\t<\/div>\n\t\t<div class=\"elementor-element elementor-element-d2b87ba e-con-full e-flex e-con e-child\" data-id=\"d2b87ba\" data-element_type=\"container\" data-e-type=\"container\">\n\t\t\t\t<div class=\"elementor-element elementor-element-a7cdb59 elementor-widget elementor-widget-image\" data-id=\"a7cdb59\" data-element_type=\"widget\" data-e-type=\"widget\" data-widget_type=\"image.default\">\n\t\t\t\t\t\t\t\t\t\t\t\t<figure class=\"wp-caption\">\n\t\t\t\t\t\t\t\t\t\t<img decoding=\"async\" src=\"https:\/\/goias.gov.br\/meioambiente\/wp-content\/uploads\/sites\/33\/2025\/04\/sao-marcos-1200x600-c-default.jpg\" title=\"\" alt=\"\" loading=\"lazy\" \/>\t\t\t\t\t\t\t\t\t\t\t<figcaption class=\"widget-image-caption wp-caption-text\">Rio S\u00e3o Marcos: olhar atento da Semad<\/figcaption>\n\t\t\t\t\t\t\t\t\t\t<\/figure>\n\t\t\t\t\t\t\t\t\t<\/div>\n\t\t\t\t<\/div>\n\t\t\t\t<\/div>\n\t\t<div class=\"elementor-element elementor-element-d9497ff e-con-full e-flex e-con e-parent\" data-id=\"d9497ff\" data-element_type=\"container\" data-e-type=\"container\">\n\t\t<div class=\"elementor-element elementor-element-576165f e-flex e-con-boxed e-con e-child\" data-id=\"576165f\" data-element_type=\"container\" data-e-type=\"container\">\n\t\t\t\t\t<div class=\"e-con-inner\">\n\t\t\t\t<div class=\"elementor-element elementor-element-53c1f44 elementor-widget elementor-widget-text-editor\" data-id=\"53c1f44\" data-element_type=\"widget\" data-e-type=\"widget\" data-widget_type=\"text-editor.default\">\n\t\t\t\t\t\t\t\t\t<p>Esse crescimento da demanda por \u00e1gua, aliado a per\u00edodos de escassez h\u00eddrica e \u00e0 aus\u00eancia de um instrumento de regula\u00e7\u00e3o espec\u00edfico para a bacia, intensificou conflitos entre os diversos usu\u00e1rios. Como resposta a esse desafio, foi institu\u00eddo o <strong>marco regulat\u00f3rio do uso da \u00e1gua nos corpos h\u00eddricos superficiais da bacia do rio S\u00e3o Marcos (MRSM)<\/strong>, por meio da <span style=\"color: #0000ff;\"><a style=\"color: #0000ff;\" href=\"https:\/\/arquivos.ana.gov.br\/_viewpdf\/web\/?file=https:\/\/arquivos.ana.gov.br\/resolucoes\/2021\/0109-2021_Ato_Normativo_23112021_20211124075006.pdf\"><strong>Resolu\u00e7\u00e3o Conjunta n\u00ba 109\/2021<\/strong><\/a><\/span><\/p><p>A resolu\u00e7\u00e3o \u00e9 fruto da articula\u00e7\u00e3o entre a Ag\u00eancia Nacional de \u00c1guas e Saneamento B\u00e1sico (ANA), a Ag\u00eancia Reguladora de \u00c1guas, Energia e Saneamento B\u00e1sico do Distrito Federal (Adasa), o Instituto Mineiro de Gest\u00e3o das \u00c1guas (Igam), e as secretarias estaduais de Meio Ambiente de Minas Gerais (Semad\/MG) e de Goi\u00e1s (Semad\/GO). O objetivo \u00e9 promover uma gest\u00e3o integrada, sustent\u00e1vel e compartilhada dos recursos h\u00eddricos da bacia. Entre as diretrizes do MRSM, destacam-se:<\/p>\t\t\t\t\t\t\t\t<\/div>\n\t\t\t\t\t<\/div>\n\t\t\t\t<\/div>\n\t\t<div class=\"elementor-element elementor-element-9aad45c e-flex e-con-boxed e-con e-child\" data-id=\"9aad45c\" data-element_type=\"container\" data-e-type=\"container\">\n\t\t\t\t\t<div class=\"e-con-inner\">\n\t\t\t\t<div class=\"elementor-element elementor-element-026f2b3 elementor-widget elementor-widget-text-editor\" data-id=\"026f2b3\" data-element_type=\"widget\" data-e-type=\"widget\" data-widget_type=\"text-editor.default\">\n\t\t\t\t\t\t\t\t\t<ul><li>O estabelecimento de limite m\u00e1ximo de outorga anual de <strong>13,61 m\u00b3\/s<\/strong> para usos consuntivos, a montante da Usina Hidrel\u00e9trica de Batalha;<\/li><li>A prioriza\u00e7\u00e3o de outorgas <span style=\"text-decoration: underline;\">com maior efici\u00eancia no uso<\/span> da \u00e1gua, exigindo sistemas de irriga\u00e7\u00e3o com efici\u00eancia m\u00ednima de 85%;<\/li><li>A implementa\u00e7\u00e3o de um <span style=\"text-decoration: underline;\">processo de regulariza\u00e7\u00e3o dos usos existentes<\/span>, com base em crit\u00e9rios t\u00e9cnicos e operacionais;<\/li><li>A cria\u00e7\u00e3o do Grupo T\u00e9cnico Operacional (GTO), <span style=\"text-decoration: underline;\">respons\u00e1vel por acompanhar a aplica\u00e7\u00e3o do marco, propor ajustes e articular<\/span> os \u00f3rg\u00e3os gestores.<\/li><\/ul><p>O <strong>marco regulat\u00f3rio do rio S\u00e3o Marcos<\/strong> representa um avan\u00e7o importante na governan\u00e7a dos recursos h\u00eddricos da regi\u00e3o, ao definir regras claras e promover o equil\u00edbrio entre o desenvolvimento socioecon\u00f4mico e a conserva\u00e7\u00e3o dos recursos naturais.<\/p>\t\t\t\t\t\t\t\t<\/div>\n\t\t\t\t\t<\/div>\n\t\t\t\t<\/div>\n\t\t\t\t<\/div>\n\t\t<div class=\"elementor-element elementor-element-92d2e06 e-con-full e-flex e-con e-parent\" data-id=\"92d2e06\" data-element_type=\"container\" data-e-type=\"container\">\n\t\t<div class=\"elementor-element elementor-element-444c0ae e-con-full e-flex e-con e-child\" data-id=\"444c0ae\" data-element_type=\"container\" data-e-type=\"container\">\n\t\t\t\t<div class=\"elementor-element elementor-element-3eac83d elementor-widget elementor-widget-image\" data-id=\"3eac83d\" data-element_type=\"widget\" data-e-type=\"widget\" data-widget_type=\"image.default\">\n\t\t\t\t\t\t\t\t\t\t\t\t\t\t\t\t<a href=\"https:\/\/app.fabric.microsoft.com\/view?r=eyJrIjoiMDQ2MDA1ZTEtNmQ3My00NmFkLTgxOGItNzFhNjJjZTg2N2MwIiwidCI6ImUwYmI0MDEyLTgxMGItNDY5YS04YjRkLTY2N2ZjZDFiYWY4OCJ9\" target=\"_blank\">\n\t\t\t\t\t\t\t<img decoding=\"async\" src=\"https:\/\/goias.gov.br\/meioambiente\/wp-content\/uploads\/sites\/33\/2025\/04\/13.png\" title=\"\" alt=\"\" loading=\"lazy\" \/>\t\t\t\t\t\t\t\t<\/a>\n\t\t\t\t\t\t\t\t\t\t\t\t\t\t\t<\/div>\n\t\t\t\t<\/div>\n\t\t<div class=\"elementor-element elementor-element-3dcfb26 e-con-full e-flex e-con e-child\" data-id=\"3dcfb26\" data-element_type=\"container\" data-e-type=\"container\">\n\t\t\t\t<div class=\"elementor-element elementor-element-7fe032f elementor-widget elementor-widget-image\" data-id=\"7fe032f\" data-element_type=\"widget\" data-e-type=\"widget\" data-widget_type=\"image.default\">\n\t\t\t\t\t\t\t\t\t\t\t\t\t\t\t\t<a href=\"https:\/\/goias.gov.br\/meioambiente\/wp-content\/uploads\/sites\/33\/2025\/04\/Resolucao_109-2021_Ato_Normativo_23_11_2021.pdf\" target=\"_blank\">\n\t\t\t\t\t\t\t<img decoding=\"async\" src=\"https:\/\/goias.gov.br\/meioambiente\/wp-content\/uploads\/sites\/33\/2025\/04\/12.jpg\" title=\"\" alt=\"\" loading=\"lazy\" \/>\t\t\t\t\t\t\t\t<\/a>\n\t\t\t\t\t\t\t\t\t\t\t\t\t\t\t<\/div>\n\t\t\t\t<\/div>\n\t\t\t\t<\/div>\n\t\t\t\t<\/div>\n\t\t","protected":false},"excerpt":{"rendered":"<p>Aloca\u00e7\u00e3o Negociada da \u00c1gua Processo de distribui\u00e7\u00e3o de \u00e1gua entre os usu\u00e1rios A aloca\u00e7\u00e3o negociada de recursos h\u00eddricos \u00e9 um processo participativo e coordenado de distribui\u00e7\u00e3o da \u00e1gua entre m\u00faltiplos usu\u00e1rios, com base no di\u00e1logo entre os atores envolvidos (usu\u00e1rios, gestores, sociedade civil e \u00f3rg\u00e3os reguladores), considerando a disponibilidade h\u00eddrica limitada, as demandas existentes e [&hellip;]<\/p>\n","protected":false},"author":231,"featured_media":0,"parent":0,"menu_order":0,"comment_status":"closed","ping_status":"closed","template":"wppb_theme_template","meta":{"footnotes":"","_links_to":"","_links_to_target":""},"class_list":["post-88309","page","type-page","status-publish","hentry"],"rttpg_featured_image_url":null,"rttpg_author":{"display_name":"alexandrebittencourt","author_link":"https:\/\/goias.gov.br\/meioambiente\/author\/alexandrebittencourt\/"},"rttpg_comment":0,"rttpg_category":null,"rttpg_excerpt":"Aloca\u00e7\u00e3o Negociada da \u00c1gua Processo de distribui\u00e7\u00e3o de \u00e1gua entre os usu\u00e1rios A aloca\u00e7\u00e3o negociada de recursos h\u00eddricos \u00e9 um processo participativo e coordenado de distribui\u00e7\u00e3o da \u00e1gua entre m\u00faltiplos usu\u00e1rios, com base no di\u00e1logo entre os atores envolvidos (usu\u00e1rios, gestores, sociedade civil e \u00f3rg\u00e3os reguladores), considerando a disponibilidade h\u00eddrica limitada, as demandas existentes e&hellip;","_links":{"self":[{"href":"https:\/\/goias.gov.br\/meioambiente\/wp-json\/wp\/v2\/pages\/88309","targetHints":{"allow":["GET"]}}],"collection":[{"href":"https:\/\/goias.gov.br\/meioambiente\/wp-json\/wp\/v2\/pages"}],"about":[{"href":"https:\/\/goias.gov.br\/meioambiente\/wp-json\/wp\/v2\/types\/page"}],"author":[{"embeddable":true,"href":"https:\/\/goias.gov.br\/meioambiente\/wp-json\/wp\/v2\/users\/231"}],"replies":[{"embeddable":true,"href":"https:\/\/goias.gov.br\/meioambiente\/wp-json\/wp\/v2\/comments?post=88309"}],"version-history":[{"count":2,"href":"https:\/\/goias.gov.br\/meioambiente\/wp-json\/wp\/v2\/pages\/88309\/revisions"}],"predecessor-version":[{"id":302346,"href":"https:\/\/goias.gov.br\/meioambiente\/wp-json\/wp\/v2\/pages\/88309\/revisions\/302346"}],"wp:attachment":[{"href":"https:\/\/goias.gov.br\/meioambiente\/wp-json\/wp\/v2\/media?parent=88309"}],"curies":[{"name":"wp","href":"https:\/\/api.w.org\/{rel}","templated":true}]}}