

{"id":70223,"date":"2025-03-18T18:17:11","date_gmt":"2025-03-18T21:17:11","guid":{"rendered":"https:\/\/goias.gov.br\/meioambiente\/?page_id=70223"},"modified":"2026-03-06T13:22:19","modified_gmt":"2026-03-06T16:22:19","slug":"parque-estadual-terra-ronca","status":"publish","type":"page","link":"https:\/\/goias.gov.br\/meioambiente\/parque-estadual-terra-ronca\/","title":{"rendered":"parque estadual terra ronca"},"content":{"rendered":"\t\t<div data-elementor-type=\"wp-page\" data-elementor-id=\"70223\" class=\"elementor elementor-70223\">\n\t\t\t\t<div class=\"elementor-element elementor-element-8617309 e-con-full e-flex e-con e-parent\" data-id=\"8617309\" data-element_type=\"container\" data-e-type=\"container\" data-settings=\"{&quot;background_background&quot;:&quot;classic&quot;}\">\n\t\t\t\t<div class=\"elementor-element elementor-element-5d29cf6 elementor-widget elementor-widget-heading\" data-id=\"5d29cf6\" data-element_type=\"widget\" data-e-type=\"widget\" data-widget_type=\"heading.default\">\n\t\t\t\t\t<h3 class=\"elementor-heading-title elementor-size-default\">Parque Estadual de Terra Ronca \u2013 PETeR<\/h3>\t\t\t\t<\/div>\n\t\t\t\t<\/div>\n\t\t<div class=\"elementor-element elementor-element-89fd97a e-con-full e-flex e-con e-parent\" data-id=\"89fd97a\" data-element_type=\"container\" data-e-type=\"container\">\n\t\t\t\t<div class=\"elementor-element elementor-element-b40c428 elementor-widget elementor-widget-text-editor\" data-id=\"b40c428\" data-element_type=\"widget\" data-e-type=\"widget\" data-widget_type=\"text-editor.default\">\n\t\t\t\t\t\t\t\t\t<h2><span style=\"font-family: arial, helvetica, sans-serif;\"><strong>Import\u00e2ncia<\/strong><\/span><\/h2><p><span style=\"font-family: arial, helvetica, sans-serif;\">O PETeR abriga um dos mais importantes conjuntos espeleol\u00f3gicos da Am\u00e9rica do Sul. Existe na \u00e1rea fei\u00e7\u00f5es como cavernas, grutas e dolinas, al\u00e9m da riqueza da fauna e flora exclusivas do ambiente cavern\u00edcola, bem como esp\u00e9cies do Cerrado amea\u00e7adas de extin\u00e7\u00e3o. Possui belezas c\u00eanicas como cascatas, cachoeiras e rios de \u00e1guas cristalinas, com grande potencial para o desenvolvimento do ecoturismo.<\/span><\/p>\t\t\t\t\t\t\t\t<\/div>\n\t\t\t\t<\/div>\n\t\t<div class=\"elementor-element elementor-element-79f778a e-con-full e-flex e-con e-parent\" data-id=\"79f778a\" data-element_type=\"container\" data-e-type=\"container\" data-settings=\"{&quot;background_background&quot;:&quot;classic&quot;}\">\n\t\t<div class=\"elementor-element elementor-element-c59f6ca e-flex e-con-boxed e-con e-child\" data-id=\"c59f6ca\" data-element_type=\"container\" data-e-type=\"container\">\n\t\t\t\t\t<div class=\"e-con-inner\">\n\t\t\t\t<div class=\"elementor-element elementor-element-4cfce3f elementor-widget elementor-widget-text-editor\" data-id=\"4cfce3f\" data-element_type=\"widget\" data-e-type=\"widget\" data-widget_type=\"text-editor.default\">\n\t\t\t\t\t\t\t\t\t<h4><span style=\"font-family: arial, helvetica, sans-serif;\"><strong>Localiza\u00e7\u00e3o<\/strong><\/span><\/h4><p><span style=\"font-family: arial, helvetica, sans-serif;\">Localiza-se nos munic\u00edpios de S\u00e3o Domingos e Guarani de Goi\u00e1s.<\/span><\/p>\t\t\t\t\t\t\t\t<\/div>\n\t\t\t\t\t<\/div>\n\t\t\t\t<\/div>\n\t\t<div class=\"elementor-element elementor-element-8b61c1e e-flex e-con-boxed e-con e-child\" data-id=\"8b61c1e\" data-element_type=\"container\" data-e-type=\"container\">\n\t\t\t\t\t<div class=\"e-con-inner\">\n\t\t\t\t<div class=\"elementor-element elementor-element-f1e0084 elementor-widget elementor-widget-text-editor\" data-id=\"f1e0084\" data-element_type=\"widget\" data-e-type=\"widget\" data-widget_type=\"text-editor.default\">\n\t\t\t\t\t\t\t\t\t<h4><span style=\"font-family: arial, helvetica, sans-serif;\"><strong>\u00c1rea<\/strong><\/span><\/h4><p><span style=\"font-family: arial, helvetica, sans-serif;\">Mapa do Parque Estatual de Terra Ronca \u2013Aproximadamente 57.000 ha.<\/span><\/p>\t\t\t\t\t\t\t\t<\/div>\n\t\t\t\t\t<\/div>\n\t\t\t\t<\/div>\n\t\t<div class=\"elementor-element elementor-element-836dcfb e-flex e-con-boxed e-con e-child\" data-id=\"836dcfb\" data-element_type=\"container\" data-e-type=\"container\">\n\t\t\t\t\t<div class=\"e-con-inner\">\n\t\t\t\t<div class=\"elementor-element elementor-element-a2ffc7d elementor-widget elementor-widget-text-editor\" data-id=\"a2ffc7d\" data-element_type=\"widget\" data-e-type=\"widget\" data-widget_type=\"text-editor.default\">\n\t\t\t\t\t\t\t\t\t<h4><span style=\"font-family: arial, helvetica, sans-serif;\"><strong>Regulariza\u00e7\u00e3o Fundi\u00e1ria<\/strong><\/span><\/h4><p><span style=\"font-family: arial, helvetica, sans-serif;\">Maiores informa\u00e7\u00f5es podem ser adquiridas na p\u00e1gina sobre\u00a0<a href=\"https:\/\/www.meioambiente.go.gov.br\/component\/content\/article\/118-meio-ambiente\/unidades-de-conserva%C3%A7%C3%A3o\/1168-regulariza%C3%A7%C3%A3o-fundi%C3%A1ria.html?Itemid=101\" target=\"_blank\" rel=\"noopener\">Regulariza\u00e7\u00e3o Fundi\u00e1ria<\/a>.<\/span><\/p>\t\t\t\t\t\t\t\t<\/div>\n\t\t\t\t\t<\/div>\n\t\t\t\t<\/div>\n\t\t\t\t<\/div>\n\t\t<div class=\"elementor-element elementor-element-eaadd0c e-con-full e-flex e-con e-parent\" data-id=\"eaadd0c\" data-element_type=\"container\" data-e-type=\"container\">\n\t\t\t\t<div class=\"elementor-element elementor-element-708178e elementor-widget elementor-widget-text-editor\" data-id=\"708178e\" data-element_type=\"widget\" data-e-type=\"widget\" data-widget_type=\"text-editor.default\">\n\t\t\t\t\t\t\t\t\t<h2><span style=\"font-family: arial, helvetica, sans-serif;\"><strong>Objetivo<\/strong><\/span><\/h2><p><span style=\"font-family: arial, helvetica, sans-serif;\">O PETeR destina-se a preservar a flora, a fauna, os mananciais e, em particular, as \u00e1reas de ocorr\u00eancia de cavidades naturais subterr\u00e2neas e seu entorno, protegendo s\u00edtios naturais de relev\u00e2ncia ecol\u00f3gica e reconhecida import\u00e2ncia tur\u00edstica.<\/span><\/p>\t\t\t\t\t\t\t\t<\/div>\n\t\t\t\t<\/div>\n\t\t<div class=\"elementor-element elementor-element-121dda5 e-con-full e-flex e-con e-parent\" data-id=\"121dda5\" data-element_type=\"container\" data-e-type=\"container\" data-settings=\"{&quot;background_background&quot;:&quot;classic&quot;}\">\n\t\t<div class=\"elementor-element elementor-element-9bee30c e-flex e-con-boxed e-con e-child\" data-id=\"9bee30c\" data-element_type=\"container\" data-e-type=\"container\">\n\t\t\t\t\t<div class=\"e-con-inner\">\n\t\t\t\t<div class=\"elementor-element elementor-element-3d08afa elementor-widget elementor-widget-text-editor\" data-id=\"3d08afa\" data-element_type=\"widget\" data-e-type=\"widget\" data-widget_type=\"text-editor.default\">\n\t\t\t\t\t\t\t\t\t<h4><span style=\"font-family: arial, helvetica, sans-serif;\"><strong>Plano de Manejo Espeleol\u00f3gico<\/strong><\/span><\/h4><ul><li><span style=\"font-family: arial, helvetica, sans-serif;\"><a id=\"\" title=\"\" href=\"https:\/\/goias.gov.br\/meioambiente\/wp-content\/uploads\/sites\/33\/2016\/06\/PME_PETER_Final_revisao_compressed-7c8.pdf\" target=\"_blank\" rel=\"noopener\">Plano Completo<\/a><\/span><\/li><li><span style=\"font-family: arial, helvetica, sans-serif;\"><a id=\"\" title=\"\" href=\"https:\/\/goias.gov.br\/meioambiente\/wp-content\/uploads\/sites\/33\/2016\/06\/PME_PETER_Guia_Final_revisao-e98.pdf\" target=\"_blank\" rel=\"noopener\">Guia R\u00e1pido de Aplica\u00e7\u00e3o<\/a><\/span><\/li><li><span style=\"font-family: arial, helvetica, sans-serif;\"><a id=\"\" title=\"\" href=\"https:\/\/goias.gov.br\/meioambiente\/wp-content\/uploads\/sites\/33\/2016\/06\/Portaria496-2023-ac4.pdf\" target=\"_blank\" rel=\"noopener\">Portaria n\u00ba 496\/2023<\/a><\/span><\/li><\/ul>\t\t\t\t\t\t\t\t<\/div>\n\t\t\t\t\t<\/div>\n\t\t\t\t<\/div>\n\t\t<div class=\"elementor-element elementor-element-57e5016 e-flex e-con-boxed e-con e-child\" data-id=\"57e5016\" data-element_type=\"container\" data-e-type=\"container\">\n\t\t\t\t\t<div class=\"e-con-inner\">\n\t\t\t\t<div class=\"elementor-element elementor-element-b4423d2 elementor-widget elementor-widget-text-editor\" data-id=\"b4423d2\" data-element_type=\"widget\" data-e-type=\"widget\" data-widget_type=\"text-editor.default\">\n\t\t\t\t\t\t\t\t\t<h4><span style=\"font-family: arial, helvetica, sans-serif;\"><strong>Ato Legal de Cria\u00e7\u00e3o\u00a0<\/strong><\/span><\/h4><ul><li><span style=\"font-family: arial, helvetica, sans-serif;\">O PETeR foi criado pela <a href=\"http:\/\/www.gabinetecivil.go.gov.br\/pagina_leis.php?id=5399\" target=\"_blank\" rel=\"noopener\">Lei n\u00ba 10.879\/1989<\/a>.<\/span><\/li><li><span style=\"font-family: arial, helvetica, sans-serif;\">Foi delimitado pelo <a href=\"http:\/\/www.gabinetecivil.go.gov.br\/pagina_decretos.php?id=5074\" target=\"_blank\" rel=\"noopener\">Decreto n\u00ba 4.700\/1996<\/a>.<\/span><\/li><li><span style=\"font-family: arial, helvetica, sans-serif;\">Teve renovado sua delimita\u00e7\u00e3o e declara\u00e7\u00e3o de utilidade p\u00fablica pelo <a href=\"http:\/\/www.gabinetecivil.go.gov.br\/pagina_decretos.php?id=11723\" target=\"_blank\" rel=\"noopener\">Decreto n\u00ba 7.996\/2013<\/a>.<\/span><\/li><\/ul>\t\t\t\t\t\t\t\t<\/div>\n\t\t\t\t\t<\/div>\n\t\t\t\t<\/div>\n\t\t<div class=\"elementor-element elementor-element-c507e70 e-flex e-con-boxed e-con e-child\" data-id=\"c507e70\" data-element_type=\"container\" data-e-type=\"container\">\n\t\t\t\t\t<div class=\"e-con-inner\">\n\t\t\t\t<div class=\"elementor-element elementor-element-b20b4b4 elementor-widget elementor-widget-text-editor\" data-id=\"b20b4b4\" data-element_type=\"widget\" data-e-type=\"widget\" data-widget_type=\"text-editor.default\">\n\t\t\t\t\t\t\t\t\t<h4><span style=\"font-family: arial, helvetica, sans-serif;\"><strong>Conselho Consultivo<\/strong><\/span><\/h4><p><span style=\"font-family: arial, helvetica, sans-serif;\">Acesse o conselho consultivo pelo bot\u00e3o abaixo.<\/span><\/p>\t\t\t\t\t\t\t\t<\/div>\n\t\t\t\t<div class=\"elementor-element elementor-element-a759fd9 elementor-align-justify elementor-widget elementor-widget-button\" data-id=\"a759fd9\" data-element_type=\"widget\" data-e-type=\"widget\" data-widget_type=\"button.default\">\n\t\t\t\t\t\t\t\t\t\t<a class=\"elementor-button elementor-button-link elementor-size-sm\" href=\"https:\/\/trello.com\/b\/vrxGyEVL\/peter-apa-serra-geral-conselho\" target=\"_blank\">\n\t\t\t\t\t\t<span class=\"elementor-button-content-wrapper\">\n\t\t\t\t\t\t\t\t\t<span class=\"elementor-button-text\">Acessar agora<\/span>\n\t\t\t\t\t<\/span>\n\t\t\t\t\t<\/a>\n\t\t\t\t\t\t\t\t<\/div>\n\t\t\t\t\t<\/div>\n\t\t\t\t<\/div>\n\t\t\t\t<\/div>\n\t\t<div class=\"elementor-element elementor-element-4ec6f12 e-con-full e-flex e-con e-parent\" data-id=\"4ec6f12\" data-element_type=\"container\" data-e-type=\"container\">\n\t\t\t\t<div class=\"elementor-element elementor-element-47b133d elementor-widget elementor-widget-text-editor\" data-id=\"47b133d\" data-element_type=\"widget\" data-e-type=\"widget\" data-widget_type=\"text-editor.default\">\n\t\t\t\t\t\t\t\t\t<h2><span style=\"font-family: arial, helvetica, sans-serif;\"><strong>Uso P\u00fablico<\/strong><\/span><\/h2><p><span style=\"font-family: arial, helvetica, sans-serif;\">No PETeR a visita\u00e7\u00e3o \u00e9 permitida atrav\u00e9s do seu Plano Emergencial de Visita\u00e7\u00e3o (<a href=\"https:\/\/goias.gov.br\/meioambiente\/wp-content\/uploads\/sites\/33\/2016\/06\/portaria-220-2012-peter-visitacao-d13.pdf\">Portaria n\u00ba 220\/2012<\/a>).<\/span><\/p><p><span style=\"font-family: arial, helvetica, sans-serif;\">Os atrativos abertos (cavernas) s\u00e3o: Terra Ronca I e II, Ang\u00e9lica, S\u00e3o Bernardo e S\u00e3o Mateus.<\/span><\/p>\t\t\t\t\t\t\t\t<\/div>\n\t\t\t\t<\/div>\n\t\t<div class=\"elementor-element elementor-element-cd72112 e-con-full e-flex e-con e-parent\" data-id=\"cd72112\" data-element_type=\"container\" data-e-type=\"container\" data-settings=\"{&quot;background_background&quot;:&quot;classic&quot;}\">\n\t\t\t\t<div class=\"elementor-element elementor-element-07346eb elementor-widget elementor-widget-text-editor\" data-id=\"07346eb\" data-element_type=\"widget\" data-e-type=\"widget\" data-widget_type=\"text-editor.default\">\n\t\t\t\t\t\t\t\t\t<h2><span style=\"font-family: arial, helvetica, sans-serif;\"><strong>As regras gerais de visita\u00e7\u00e3o s\u00e3o:<\/strong><\/span><\/h2><ul><li><span style=\"font-family: arial, helvetica, sans-serif;\">Cada integrante do grupo dever\u00e1 possuir no m\u00ednimo uma lanterna port\u00e1til alimentada por baterias el\u00e9tricas ou similares, e baterias reservas;<\/span><\/li><li><span style=\"font-family: arial, helvetica, sans-serif;\">O visitante dever\u00e1 utilizar obrigatoriamente cal\u00e7ado fechado (anti-derrapante), capacete espec\u00edfico, e utilizar, preferencialmente, vestimenta adequada (cal\u00e7a, camiseta com manga, etc.) e demais itens que aumentem sua seguran\u00e7a;<\/span><\/li><li><span style=\"font-family: arial, helvetica, sans-serif;\">Todo grupo dever\u00e1 ser acompanhado por pelo menos um condutor que seja credenciado pelo parque;<\/span><\/li><li><span style=\"font-family: arial, helvetica, sans-serif;\">O grupo deve permanecer sempre coeso, sem que haja dispers\u00e3o de visitantes pela caverna;<\/span><\/li><li><span style=\"font-family: arial, helvetica, sans-serif;\">\u00c9 vedada a entrada de pessoas alcoolizadas ou portando bebidas alco\u00f3licas;<\/span><\/li><li><span style=\"font-family: arial, helvetica, sans-serif;\">Aos visitantes fica proibido o uso de ilumina\u00e7\u00e3o baseada no acetileno (carbureteiras), ou outros sistemas de ilumina\u00e7\u00e3o que emitam calor ou fuligem em demasia;<\/span><\/li><li><span style=\"font-family: arial, helvetica, sans-serif;\">O hor\u00e1rio de visita\u00e7\u00e3o para as cavernas fica definido como sendo das\u00a0<strong>08h \u00e0s 17h (<\/strong>hor\u00e1rio normal), e das\u00a0<strong>08h \u00e0s 18h<\/strong>\u00a0(hor\u00e1rio de ver\u00e3o);<\/span><\/li><li><span style=\"font-family: arial, helvetica, sans-serif;\">Fica proibida a entrada nas cavernas com animais dom\u00e9sticos.<\/span><\/li><\/ul><p><span style=\"font-family: arial, helvetica, sans-serif;\"><em>Obs.: as normas espec\u00edficas para cada caverna est\u00e1 no interior da portaria.\u00a0<\/em><\/span><\/p>\t\t\t\t\t\t\t\t<\/div>\n\t\t\t\t<\/div>\n\t\t<div class=\"elementor-element elementor-element-648070f e-con-full e-flex e-con e-parent\" data-id=\"648070f\" data-element_type=\"container\" data-e-type=\"container\">\n\t\t<div class=\"elementor-element elementor-element-7fa901f e-flex e-con-boxed e-con e-child\" data-id=\"7fa901f\" data-element_type=\"container\" data-e-type=\"container\">\n\t\t\t\t\t<div class=\"e-con-inner\">\n\t\t\t\t<div class=\"elementor-element elementor-element-f7cea64 elementor-widget elementor-widget-text-editor\" data-id=\"f7cea64\" data-element_type=\"widget\" data-e-type=\"widget\" data-widget_type=\"text-editor.default\">\n\t\t\t\t\t\t\t\t\t<h2><span style=\"font-family: arial, helvetica, sans-serif;\"><strong>Contato<\/strong><\/span><\/h2><p><span style=\"font-family: arial, helvetica, sans-serif;\">Sede do PETeR: Zona Rural, \u00e0 13 Km do Povoado de S\u00e3o Jo\u00e3o Evangelista, atrav\u00e9s da estrada de terra que liga o povoado at\u00e9 o Povoado da Piteira, munic\u00edpio de S\u00e3o Domingos-GO.<\/span><\/p><p><span style=\"font-family: arial, helvetica, sans-serif;\">Telefone sede: (62) 3439-6005<\/span><\/p><ul><li><span style=\"font-family: arial, helvetica, sans-serif;\"><span style=\"font-size: medium;\">E-mail: <b>wesley.andrade@goias.gov.br<\/b><\/span><\/span><\/li><li><span style=\"font-family: arial, helvetica, sans-serif;\"><span style=\"font-size: medium;\">E-mail: peter.meioambiente@goias.gov.br<\/span><\/span><\/li><\/ul>\t\t\t\t\t\t\t\t<\/div>\n\t\t\t\t\t<\/div>\n\t\t\t\t<\/div>\n\t\t<div class=\"elementor-element elementor-element-1e98b0b e-flex e-con-boxed e-con e-child\" data-id=\"1e98b0b\" data-element_type=\"container\" data-e-type=\"container\">\n\t\t\t\t\t<div class=\"e-con-inner\">\n\t\t\t\t<div class=\"elementor-element elementor-element-e7fcf84 elementor-widget elementor-widget-text-editor\" data-id=\"e7fcf84\" data-element_type=\"widget\" data-e-type=\"widget\" data-widget_type=\"text-editor.default\">\n\t\t\t\t\t\t\t\t\t<h2><span style=\"font-family: arial, helvetica, sans-serif;\"><strong>Demais contatos<\/strong><\/span><\/h2><p><span style=\"font-family: arial, helvetica, sans-serif;\"><span style=\"font-size: medium;\">Superintend\u00eancia de Unidades de Conserva\u00e7\u00e3o e Regulariza\u00e7\u00e3o Ambiental: (62) 3201-5295<\/span><\/span><\/p><p><span style=\"font-family: arial, helvetica, sans-serif;\"><span style=\"font-size: medium;\">Ger\u00eancia de Cria\u00e7\u00e3o e Manejo de Unidades de Conserva\u00e7\u00e3o: (62) 3265-1381<\/span><\/span><\/p><p><span style=\"font-family: arial, helvetica, sans-serif;\"><span style=\"font-size: medium;\">Ger\u00eancia de Uso P\u00fablico, Regulariza\u00e7\u00e3o Fundi\u00e1ria e Gest\u00e3o Socioambiental de Unidades de Conserva\u00e7\u00e3o: (62) 3265-1340<\/span><\/span><\/p><p><span style=\"font-family: arial, helvetica, sans-serif;\"><span style=\"font-size: medium;\">Chefe da Unidade de Conserva\u00e7\u00e3o: WESLEY J\u00daNIO DE ANDRADE<\/span><\/span><\/p>\t\t\t\t\t\t\t\t<\/div>\n\t\t\t\t\t<\/div>\n\t\t\t\t<\/div>\n\t\t\t\t<\/div>\n\t\t\t\t<\/div>\n\t\t","protected":false},"excerpt":{"rendered":"<p>Parque Estadual de Terra Ronca \u2013 PETeR Import\u00e2ncia O PETeR abriga um dos mais importantes conjuntos espeleol\u00f3gicos da Am\u00e9rica do Sul. Existe na \u00e1rea fei\u00e7\u00f5es como cavernas, grutas e dolinas, al\u00e9m da riqueza da fauna e flora exclusivas do ambiente cavern\u00edcola, bem como esp\u00e9cies do Cerrado amea\u00e7adas de extin\u00e7\u00e3o. Possui belezas c\u00eanicas como cascatas, cachoeiras [&hellip;]<\/p>\n","protected":false},"author":670,"featured_media":0,"parent":0,"menu_order":0,"comment_status":"closed","ping_status":"closed","template":"","meta":{"footnotes":"","_links_to":"","_links_to_target":""},"class_list":["post-70223","page","type-page","status-publish","hentry"],"rttpg_featured_image_url":null,"rttpg_author":{"display_name":"amandaassantos","author_link":"https:\/\/goias.gov.br\/meioambiente\/author\/amandaassantos\/"},"rttpg_comment":0,"rttpg_category":null,"rttpg_excerpt":"Parque Estadual de Terra Ronca \u2013 PETeR Import\u00e2ncia O PETeR abriga um dos mais importantes conjuntos espeleol\u00f3gicos da Am\u00e9rica do Sul. Existe na \u00e1rea fei\u00e7\u00f5es como cavernas, grutas e dolinas, al\u00e9m da riqueza da fauna e flora exclusivas do ambiente cavern\u00edcola, bem como esp\u00e9cies do Cerrado amea\u00e7adas de extin\u00e7\u00e3o. Possui belezas c\u00eanicas como cascatas, cachoeiras&hellip;","_links":{"self":[{"href":"https:\/\/goias.gov.br\/meioambiente\/wp-json\/wp\/v2\/pages\/70223","targetHints":{"allow":["GET"]}}],"collection":[{"href":"https:\/\/goias.gov.br\/meioambiente\/wp-json\/wp\/v2\/pages"}],"about":[{"href":"https:\/\/goias.gov.br\/meioambiente\/wp-json\/wp\/v2\/types\/page"}],"author":[{"embeddable":true,"href":"https:\/\/goias.gov.br\/meioambiente\/wp-json\/wp\/v2\/users\/670"}],"replies":[{"embeddable":true,"href":"https:\/\/goias.gov.br\/meioambiente\/wp-json\/wp\/v2\/comments?post=70223"}],"version-history":[{"count":2,"href":"https:\/\/goias.gov.br\/meioambiente\/wp-json\/wp\/v2\/pages\/70223\/revisions"}],"predecessor-version":[{"id":297715,"href":"https:\/\/goias.gov.br\/meioambiente\/wp-json\/wp\/v2\/pages\/70223\/revisions\/297715"}],"wp:attachment":[{"href":"https:\/\/goias.gov.br\/meioambiente\/wp-json\/wp\/v2\/media?parent=70223"}],"curies":[{"name":"wp","href":"https:\/\/api.w.org\/{rel}","templated":true}]}}