

{"id":317762,"date":"2026-03-24T18:22:05","date_gmt":"2026-03-24T21:22:05","guid":{"rendered":"https:\/\/goias.gov.br\/meioambiente\/?page_id=317762"},"modified":"2026-04-07T12:02:37","modified_gmt":"2026-04-07T15:02:37","slug":"editais-de-promocao","status":"publish","type":"page","link":"https:\/\/goias.gov.br\/meioambiente\/editais-de-promocao\/","title":{"rendered":"Editais de promo\u00e7\u00e3o"},"content":{"rendered":"<p>Esta p\u00e1gina re\u00fane os atos e documentos relacionados aos processos seletivos de promo\u00e7\u00e3o funcional dos servidores ocupantes dos cargos de T\u00e9cnico Ambiental e Analista Ambiental da Secretaria de Estado de Meio Ambiente e Desenvolvimento Sustent\u00e1vel \u2013 SEMAD.<\/p>\n<p>O espa\u00e7o tem por objetivo dar transpar\u00eancia ao processo, facilitar o acesso \u00e0s informa\u00e7\u00f5es e concentrar, em um \u00fanico local, a portaria da comiss\u00e3o, os editais, os resultados e demais comunica\u00e7\u00f5es oficiais.<\/p>\n<p><strong>Documentos dispon\u00edveis<\/strong><br \/>\n1. Comiss\u00e3o de Promo\u00e7\u00e3o \u2013 2026<br \/>\n<a href=\"https:\/\/legisla.casacivil.go.gov.br\/pesquisa_ato_infralegal\/semad\/20228\/portaria-intersecretarial-2\">Portaria Intersecretarial n\u00ba 2\/2026 &#8211; SEMAD<\/a>: Institui a Comiss\u00e3o de Promo\u00e7\u00e3o dos servidores ocupantes dos cargos de T\u00e9cnico Ambiental e Analista Ambiental, nos termos da Lei estadual n\u00ba 19.633, de 28 de abril de 2017.<\/p>\n<p>2. <a href=\"https:\/\/diariooficial.abc.go.gov.br\/portal\/visualizacoes\/html\/7118\/#e:7118\/#m:701238\">Edital de Promo\u00e7\u00e3o n\u00ba 08\/2026<\/a><br \/>\nProcesso seletivo de promo\u00e7\u00e3o funcional para os servidores dos grupos ocupacionais de T\u00e9cnico Ambiental e de Analista Ambiental da Semad.<\/p>\n","protected":false},"excerpt":{"rendered":"<p>Esta p\u00e1gina re\u00fane os atos e documentos relacionados aos processos seletivos de promo\u00e7\u00e3o funcional dos servidores ocupantes dos cargos de T\u00e9cnico Ambiental e Analista Ambiental da Secretaria de Estado de Meio Ambiente e Desenvolvimento Sustent\u00e1vel \u2013 SEMAD. O espa\u00e7o tem por objetivo dar transpar\u00eancia ao processo, facilitar o acesso \u00e0s informa\u00e7\u00f5es e concentrar, em um [&hellip;]<\/p>\n","protected":false},"author":724,"featured_media":0,"parent":0,"menu_order":0,"comment_status":"closed","ping_status":"closed","template":"","meta":{"footnotes":"","_links_to":"","_links_to_target":""},"class_list":["post-317762","page","type-page","status-publish","hentry"],"rttpg_featured_image_url":null,"rttpg_author":{"display_name":"mairarezende","author_link":"https:\/\/goias.gov.br\/meioambiente\/author\/mairarezende\/"},"rttpg_comment":0,"rttpg_category":null,"rttpg_excerpt":"Esta p\u00e1gina re\u00fane os atos e documentos relacionados aos processos seletivos de promo\u00e7\u00e3o funcional dos servidores ocupantes dos cargos de T\u00e9cnico Ambiental e Analista Ambiental da Secretaria de Estado de Meio Ambiente e Desenvolvimento Sustent\u00e1vel \u2013 SEMAD. O espa\u00e7o tem por objetivo dar transpar\u00eancia ao processo, facilitar o acesso \u00e0s informa\u00e7\u00f5es e concentrar, em um&hellip;","_links":{"self":[{"href":"https:\/\/goias.gov.br\/meioambiente\/wp-json\/wp\/v2\/pages\/317762","targetHints":{"allow":["GET"]}}],"collection":[{"href":"https:\/\/goias.gov.br\/meioambiente\/wp-json\/wp\/v2\/pages"}],"about":[{"href":"https:\/\/goias.gov.br\/meioambiente\/wp-json\/wp\/v2\/types\/page"}],"author":[{"embeddable":true,"href":"https:\/\/goias.gov.br\/meioambiente\/wp-json\/wp\/v2\/users\/724"}],"replies":[{"embeddable":true,"href":"https:\/\/goias.gov.br\/meioambiente\/wp-json\/wp\/v2\/comments?post=317762"}],"version-history":[{"count":2,"href":"https:\/\/goias.gov.br\/meioambiente\/wp-json\/wp\/v2\/pages\/317762\/revisions"}],"predecessor-version":[{"id":332133,"href":"https:\/\/goias.gov.br\/meioambiente\/wp-json\/wp\/v2\/pages\/317762\/revisions\/332133"}],"wp:attachment":[{"href":"https:\/\/goias.gov.br\/meioambiente\/wp-json\/wp\/v2\/media?parent=317762"}],"curies":[{"name":"wp","href":"https:\/\/api.w.org\/{rel}","templated":true}]}}