

{"id":30186,"date":"2024-05-14T09:00:15","date_gmt":"2024-05-14T12:00:15","guid":{"rendered":"https:\/\/goias.gov.br\/meioambiente\/?page_id=30186"},"modified":"2024-05-17T13:15:00","modified_gmt":"2024-05-17T16:15:00","slug":"sgi","status":"publish","type":"page","link":"https:\/\/goias.gov.br\/meioambiente\/sgi\/","title":{"rendered":"Superintendencia de Gest\u00e3o Integrada"},"content":{"rendered":"\n<p>Integrada \u00e0 Subsecretaria de Licenciamento, Fiscaliza\u00e7\u00e3o e Controle Ambiental, a Superintend\u00eancia de Gest\u00e3o Integrada (SGI) \u00e9 respons\u00e1vel por coordenar as atividades de gest\u00e3o de pessoas e do patrim\u00f4nio da Semad, executar a contabilidade or\u00e7ament\u00e1ria, financeira e patrimonial, os servi\u00e7os administrativos, o planejamento institucional e a tecnologia da informa\u00e7\u00e3o.<\/p>\n\n\n\n<p>A SGI coordena a proposta or\u00e7ament\u00e1ria e a formula\u00e7\u00e3o dos planos estrat\u00e9gicos e do Plano Plurianual (PPA); acompanha e avalia os resultados do \u00f3rg\u00e3o; define e coordena a execu\u00e7\u00e3o da pol\u00edtica interna de gest\u00e3o de pessoas; coordena o processo de elabora\u00e7\u00e3o e manuten\u00e7\u00e3o do regulamento da Semad e elabora e implementa o planejamento estrat\u00e9gico na secretaria.<\/p>\n\n\n\n<p>\u00c9 compet\u00eancia da SGI dispor da infraestrutura necess\u00e1ria para a implementa\u00e7\u00e3o de sistemas informatizados que suportem as atividades da Semad. A superintend\u00eancia ainda supervisiona todas as opera\u00e7\u00f5es relacionadas ao pagamento, recebimento e movimenta\u00e7\u00f5es financeiras da secretaria.<\/p>\n\n\n\n<p>Assista ao v\u00eddeo do superintendente<strong>\u00a0Brunno Brito<\/strong>\u00a0e confira abaixo informa\u00e7\u00f5es sobre cada ger\u00eancia:<\/p>\n\n\n\n<figure class=\"wp-block-embed is-type-video is-provider-youtube wp-block-embed-youtube wp-embed-aspect-16-9 wp-has-aspect-ratio\"><div class=\"wp-block-embed__wrapper\">\n<iframe title=\"Conhe\u00e7a a Superintend\u00eancia de Gest\u00e3o Integrada da Semad\" width=\"500\" height=\"281\" src=\"https:\/\/www.youtube.com\/embed\/Kyc-ht_i7nQ?feature=oembed\" frameborder=\"0\" allow=\"accelerometer; autoplay; clipboard-write; encrypted-media; gyroscope; picture-in-picture; web-share\" referrerpolicy=\"strict-origin-when-cross-origin\" allowfullscreen><\/iframe>\n<\/div><\/figure>\n\n\n\n<h2 class=\"wp-block-heading\">Ger\u00eancias da SGI:<\/h2>\n\n\n\n<ul class=\"wp-block-list\">\n<li><strong>Ger\u00eancia de Gest\u00e3o e Finan\u00e7as (Gefin)<\/strong><br>Promove o controle das contas a pagar; gerencia a movimenta\u00e7\u00e3o das contas banc\u00e1rias; controla a receita e a despesa referentes \u00e0 presta\u00e7\u00e3o de contas mensal e \u00e0 tomada de contas anual; administra o processo de concess\u00e3o de di\u00e1rias e quita\u00e7\u00e3o da folha de pagamento de servidores; gerencia a elabora\u00e7\u00e3o e a implementa\u00e7\u00e3o do planejamento estrat\u00e9gico e realiza outras atividades referentes \u00e0s finan\u00e7as.<\/li>\n<\/ul>\n\n\n\n<p><\/p>\n\n\n\n<ul class=\"wp-block-list\">\n<li><strong>Ger\u00eancia de Gest\u00e3o e Desenvolvimento de Pessoas (Gegep)<br><\/strong>Aloca e realoca os servidores e demais colaboradores partindo da an\u00e1lise de suas compet\u00eancias e da identifica\u00e7\u00e3o das necessidades de cada \u00e1rea; registra e mant\u00e9m atualizados os dados cadastrais, funcionais e financeiros dos servidores; registra e controla frequ\u00eancia, f\u00e9rias, licen\u00e7as e afastamentos de servidores; elabora a folha de pagamento; coordena as emiss\u00f5es de fichas m\u00e9dicas, ordem de servi\u00e7os e declara\u00e7\u00f5es; controla os contratos relativos a est\u00e1gios, entre outros.<\/li>\n<\/ul>\n\n\n\n<p><\/p>\n\n\n\n<ul class=\"wp-block-list\">\n<li><strong>Ger\u00eancia de Apoio Administrativo e Log\u00edstico (Gelog)<br><\/strong>Planeja a contrata\u00e7\u00e3o de servi\u00e7os log\u00edsticos; gere os contratos de limpeza, vigil\u00e2ncia, abastecimento de \u00e1gua e energia, e todos os outros relacionados \u00e0 manuten\u00e7\u00e3o predial, servi\u00e7os gerais e \u00e0 frota de ve\u00edculos; planeja a aquisi\u00e7\u00e3o de recursos materiais, gerenciando e executando seu armazenamento e distribui\u00e7\u00e3o e coordena o registro e a manuten\u00e7\u00e3o dos bens patrimoniais, m\u00f3veis e im\u00f3veis.<\/li>\n<\/ul>\n\n\n\n<p><\/p>\n\n\n\n<ul class=\"wp-block-list\">\n<li><strong>Ger\u00eancia de Compras Governamentais (Gecom)<br><\/strong>Abre procedimentos licitat\u00f3rios; acompanha o andamento dos processos de licita\u00e7\u00e3o internamente e na Procuradoria Geral do Estado; coordena e d\u00e1 suporte ao funcionamento das comiss\u00f5es permanentes de licita\u00e7\u00e3o e de preg\u00f5es. Na parte de contratos e conv\u00eanios, mant\u00e9m o arquivo com todos os documentos e informa sobre os vencimentos e submete \u00e0 aprova\u00e7\u00e3o da Procuradoria Setorial. \u00a0Monitora a execu\u00e7\u00e3o e a presta\u00e7\u00e3o de contas dos conv\u00eanios.<\/li>\n<\/ul>\n\n\n\n<p><\/p>\n\n\n\n<ul class=\"wp-block-list\">\n<li><strong>Ger\u00eancia de Tecnologia (Getec)<\/strong><br>Atende diretrizes de inform\u00e1tica como gerenciar a pol\u00edtica de processamento de informa\u00e7\u00f5es, coordenar o desenvolvimento, a implanta\u00e7\u00e3o, a operacionaliza\u00e7\u00e3o e a manuten\u00e7\u00e3o dos sistemas de informa\u00e7\u00e3o, gerenciar os servi\u00e7os de correio eletr\u00f4nico e acesso \u00e0 internet, \u00a0al\u00e9m de realizar a manuten\u00e7\u00e3o, solicitar e acompanhar consertos de equipamentos de inform\u00e1tica.<\/li>\n<\/ul>\n\n\n\n<p><\/p>\n\n\n\n<ul class=\"wp-block-list\">\n<li><strong>Ger\u00eancia de Acompanhamento de Contratos (Geaco)<\/strong><br>Cuida dos contratos garante que todas as etapas das licita\u00e7\u00f5es e a administra\u00e7\u00e3o dos acordos sejam feitas corretamente. A Geaco se certifica de que os contratos da Semad sejam bem administrados e fiscalizados, e tamb\u00e9m ajudam os outros departamentos com os contratos que est\u00e3o sob sua responsabilidade.<\/li>\n<\/ul>\n\n\n\n<p><\/p>\n\n\n\n<ul class=\"wp-block-list\">\n<li><strong>Ger\u00eancia de Contabilidade (Gecot)<\/strong> <br>Mant\u00e9m um registro preciso de todas as transa\u00e7\u00f5es financeiras da secretaria. T\u00eam o papel de responder prontamente \u00e0s solicita\u00e7\u00f5es de informa\u00e7\u00f5es feitas pelos \u00f3rg\u00e3os de controle, contribuindo para a presta\u00e7\u00e3o de contas e o cumprimento das normas regulat\u00f3rias.<\/li>\n<\/ul>\n","protected":false},"excerpt":{"rendered":"<p>Integrada \u00e0 Subsecretaria de Licenciamento, Fiscaliza\u00e7\u00e3o e Controle Ambiental, a Superintend\u00eancia de Gest\u00e3o Integrada (SGI) \u00e9 respons\u00e1vel por coordenar as atividades de gest\u00e3o de pessoas e do patrim\u00f4nio da Semad, executar a contabilidade or\u00e7ament\u00e1ria, financeira e patrimonial, os servi\u00e7os administrativos, o planejamento institucional e a tecnologia da informa\u00e7\u00e3o. A SGI coordena a proposta or\u00e7ament\u00e1ria e [&hellip;]<\/p>\n","protected":false},"author":230,"featured_media":0,"parent":0,"menu_order":0,"comment_status":"closed","ping_status":"closed","template":"","meta":{"footnotes":"","_links_to":"","_links_to_target":""},"class_list":["post-30186","page","type-page","status-publish","hentry"],"rttpg_featured_image_url":null,"rttpg_author":{"display_name":"andresfreitas","author_link":"https:\/\/goias.gov.br\/meioambiente\/author\/andresfreitas\/"},"rttpg_comment":0,"rttpg_category":null,"rttpg_excerpt":"Integrada \u00e0 Subsecretaria de Licenciamento, Fiscaliza\u00e7\u00e3o e Controle Ambiental, a Superintend\u00eancia de Gest\u00e3o Integrada (SGI) \u00e9 respons\u00e1vel por coordenar as atividades de gest\u00e3o de pessoas e do patrim\u00f4nio da Semad, executar a contabilidade or\u00e7ament\u00e1ria, financeira e patrimonial, os servi\u00e7os administrativos, o planejamento institucional e a tecnologia da informa\u00e7\u00e3o. A SGI coordena a proposta or\u00e7ament\u00e1ria e&hellip;","_links":{"self":[{"href":"https:\/\/goias.gov.br\/meioambiente\/wp-json\/wp\/v2\/pages\/30186","targetHints":{"allow":["GET"]}}],"collection":[{"href":"https:\/\/goias.gov.br\/meioambiente\/wp-json\/wp\/v2\/pages"}],"about":[{"href":"https:\/\/goias.gov.br\/meioambiente\/wp-json\/wp\/v2\/types\/page"}],"author":[{"embeddable":true,"href":"https:\/\/goias.gov.br\/meioambiente\/wp-json\/wp\/v2\/users\/230"}],"replies":[{"embeddable":true,"href":"https:\/\/goias.gov.br\/meioambiente\/wp-json\/wp\/v2\/comments?post=30186"}],"version-history":[{"count":2,"href":"https:\/\/goias.gov.br\/meioambiente\/wp-json\/wp\/v2\/pages\/30186\/revisions"}],"predecessor-version":[{"id":30242,"href":"https:\/\/goias.gov.br\/meioambiente\/wp-json\/wp\/v2\/pages\/30186\/revisions\/30242"}],"wp:attachment":[{"href":"https:\/\/goias.gov.br\/meioambiente\/wp-json\/wp\/v2\/media?parent=30186"}],"curies":[{"name":"wp","href":"https:\/\/api.w.org\/{rel}","templated":true}]}}