

{"id":30182,"date":"2024-05-14T08:41:53","date_gmt":"2024-05-14T11:41:53","guid":{"rendered":"https:\/\/goias.gov.br\/meioambiente\/?page_id=30182"},"modified":"2026-02-20T08:19:06","modified_gmt":"2026-02-20T11:19:06","slug":"suf","status":"publish","type":"page","link":"https:\/\/goias.gov.br\/meioambiente\/suf\/","title":{"rendered":"Superintend\u00eancia de Fiscaliza\u00e7\u00e3o e Controle Ambiental"},"content":{"rendered":"\n<p>Integrada \u00e0 Subsecretaria de Licenciamento, Fiscaliza\u00e7\u00e3o e Controle Ambiental, a Superintend\u00eancia de Fiscaliza\u00e7\u00e3o e Controle Ambiental (SUF) concentra as atividades de fiscaliza\u00e7\u00e3o da Secretaria. A SUF inspeciona e monitora as atividades potencialmente impactantes ao meio ambiente, verifica o cumprimento das condicionantes estabelecidas nas licen\u00e7as ambientais concedidas pela Semad, investiga e apura as den\u00fancias relacionadas a crimes ambientais, al\u00e9m de colaborar com \u00f3rg\u00e3os de fiscaliza\u00e7\u00e3o ambiental estaduais e federais em a\u00e7\u00f5es conjuntas para a prote\u00e7\u00e3o do meio ambiente. Tais atividades s\u00e3o essenciais para garantir o cumprimento da legisla\u00e7\u00e3o ambiental e a preserva\u00e7\u00e3o dos recursos naturais.<\/p>\n\n\n\n<p>Assista ao v\u00eddeo do&nbsp;superintendente <strong>Marcelo Sales<\/strong>&nbsp;e confira abaixo informa\u00e7\u00f5es sobre cada ger\u00eancia:<\/p>\n\n\n\n<figure class=\"wp-block-embed is-type-video is-provider-youtube wp-block-embed-youtube wp-embed-aspect-16-9 wp-has-aspect-ratio\"><div class=\"wp-block-embed__wrapper\">\n<iframe title=\"Conhe\u00e7a a Superintend\u00eancia de Fiscaliza\u00e7\u00e3o e Controle Ambiental da Semad\" width=\"500\" height=\"281\" src=\"https:\/\/www.youtube.com\/embed\/MFkCPhzTlbM?feature=oembed\" frameborder=\"0\" allow=\"accelerometer; autoplay; clipboard-write; encrypted-media; gyroscope; picture-in-picture; web-share\" referrerpolicy=\"strict-origin-when-cross-origin\" allowfullscreen><\/iframe>\n<\/div><\/figure>\n\n\n\n<h2 class=\"wp-block-heading\">Ger\u00eancias da SUF:<\/h2>\n\n\n\n<ul class=\"wp-block-list\">\n<li><strong>Ger\u00eancia de Regulariza\u00e7\u00e3o Ambiental (Geram)<br><\/strong>S\u00e3o tratados assuntos referentes a regulariza\u00e7\u00e3o de passivos ambientais [obriga\u00e7\u00f5es que uma empresa assume para promover o melhoramento ambiental] de im\u00f3veis rurais ou urbanos. Respons\u00e1vel pela Declara\u00e7\u00e3o Ambiental do Im\u00f3vel (DAI), instrumento pelo qual o propriet\u00e1rio prop\u00f5e a regulariza\u00e7\u00e3o dos impactos com as compensa\u00e7\u00f5es florestais, por dano, a recupera\u00e7\u00e3o da vegeta\u00e7\u00e3o nativa e a reposi\u00e7\u00e3o florestal quando cab\u00edveis.<\/li>\n<\/ul>\n\n\n\n<p><\/p>\n\n\n\n<ul class=\"wp-block-list\">\n<li><strong>Ger\u00eancia de Fiscaliza\u00e7\u00e3o Ambiental e Intelig\u00eancia (Gefai)<br><\/strong>Supervisiona as opera\u00e7\u00f5es de fiscaliza\u00e7\u00e3o, sejam elas preventivas ou ostensivas, voltadas para empreendimentos e atividades que possam causar danos ao meio ambiente. Responsabiliza comportamentos danosos ao meio ambiente por meio de medidas corretivas, imp\u00f5e san\u00e7\u00f5es e penalidades aos infratores e garante o cumprimento das leis ambientais.<\/li>\n<\/ul>\n\n\n\n<div class=\"wp-block-buttons is-layout-flex wp-block-buttons-is-layout-flex\">\n<div class=\"wp-block-button\"><a class=\"wp-block-button__link wp-element-button\" href=\"https:\/\/goias.gov.br\/meioambiente\/wp-content\/uploads\/sites\/33\/2026\/02\/PAF-Plano-Anual-Fiscalizacao-2026-Final_Publicar.pdf\"><strong>Confira aqui o Plano Anual de Fiscaliza\u00e7\u00e3o (PAF) de 2026<\/strong><\/a><\/div>\n<\/div>\n\n\n\n<p><\/p>\n\n\n\n<ul class=\"wp-block-list\">\n<li><strong>Ger\u00eancia de Seguran\u00e7a de Barragens (Geisb)<br><\/strong>Monitora e fiscaliza barragens em rela\u00e7\u00e3o \u00e0 sua seguran\u00e7a, que est\u00e3o sob a compet\u00eancia da Secretaria. Coordena, implementa e acompanha a efetividade do Cadastro de Barragens; elabora o Relat\u00f3rio Anual de Seguran\u00e7a de Barragens do Estado de Goi\u00e1s, al\u00e9m de outras atividades correlatas.<\/li>\n<\/ul>\n\n\n\n<p><\/p>\n\n\n\n<ul class=\"wp-block-list\">\n<li><strong>Ger\u00eancia do Cadastro Ambiental Rural (Gecar)<br><\/strong>Respons\u00e1vel pela gest\u00e3o do Cadastro Ambiental Rural (CAR), que \u00e9 um registro obrigat\u00f3rio com a finalidade de integrar as informa\u00e7\u00f5es&nbsp;ambientais&nbsp;das propriedades rurais. A ger\u00eancia produz, sistematiza e divulga informa\u00e7\u00f5es referentes ao CAR, al\u00e9m de ser respons\u00e1vel pela an\u00e1lise dos referidos cadastros e manifesta\u00e7\u00e3o em temas correlatos.<\/li>\n<\/ul>\n\n\n\n<p><\/p>\n\n\n\n<ul class=\"wp-block-list\">\n<li><strong>Ger\u00eancia de P\u00f3s Licen\u00e7a e P\u00f3s Outorga (Gepos)<br><\/strong>Acompanha as atividades e os empreendimentos licenciados e outorgados, para assegurar o cumprimento das condicionantes estabelecidas na licen\u00e7a, registro, autoriza\u00e7\u00e3o, portaria e declara\u00e7\u00f5es, bem como assegurar a conformidade no uso de recursos h\u00eddricos e na instala\u00e7\u00e3o e opera\u00e7\u00e3o regularizadas.<\/li>\n<\/ul>\n\n\n\n<p><\/p>\n\n\n\n<ul class=\"wp-block-list\">\n<li><strong>Ger\u00eancia de Geoprocessamento e Sensoriamento Remoto (Gegeo)<br><\/strong>Respons\u00e1vel pela fiscaliza\u00e7\u00e3o remota em Goi\u00e1s, utilizando de alertas de desmatamento e imagens de sat\u00e9lite. Respons\u00e1vel tamb\u00e9m por gerir os mapeamentos tem\u00e1ticos para tomadas de decis\u00e3o da Semad no que tange o fornecimento de dados geoambientais, e tamb\u00e9m por gerir o SIGA-GO (Sistema de Informa\u00e7\u00f5es Geogr\u00e1ficas Ambientais do Estado de Goi\u00e1s) integrando dados internos e externos e fornecendo-os aos servidores da secretaria e dos munic\u00edpios. H\u00e1 tamb\u00e9m uma \u00e1rea de desenvolvimento e ci\u00eancia de dados dentro da Gegeo, onde se criam novas tecnologias, a fim de aumentar a efetividade e assertividade das an\u00e1lises.<\/li>\n<\/ul>\n","protected":false},"excerpt":{"rendered":"<p>Integrada \u00e0 Subsecretaria de Licenciamento, Fiscaliza\u00e7\u00e3o e Controle Ambiental, a Superintend\u00eancia de Fiscaliza\u00e7\u00e3o e Controle Ambiental (SUF) concentra as atividades de fiscaliza\u00e7\u00e3o da Secretaria. A SUF inspeciona e monitora as atividades potencialmente impactantes ao meio ambiente, verifica o cumprimento das condicionantes estabelecidas nas licen\u00e7as ambientais concedidas pela Semad, investiga e apura as den\u00fancias relacionadas a [&hellip;]<\/p>\n","protected":false},"author":230,"featured_media":0,"parent":0,"menu_order":0,"comment_status":"closed","ping_status":"closed","template":"","meta":{"footnotes":"","_links_to":"","_links_to_target":""},"class_list":["post-30182","page","type-page","status-publish","hentry"],"rttpg_featured_image_url":null,"rttpg_author":{"display_name":"andresfreitas","author_link":"https:\/\/goias.gov.br\/meioambiente\/author\/andresfreitas\/"},"rttpg_comment":0,"rttpg_category":null,"rttpg_excerpt":"Integrada \u00e0 Subsecretaria de Licenciamento, Fiscaliza\u00e7\u00e3o e Controle Ambiental, a Superintend\u00eancia de Fiscaliza\u00e7\u00e3o e Controle Ambiental (SUF) concentra as atividades de fiscaliza\u00e7\u00e3o da Secretaria. A SUF inspeciona e monitora as atividades potencialmente impactantes ao meio ambiente, verifica o cumprimento das condicionantes estabelecidas nas licen\u00e7as ambientais concedidas pela Semad, investiga e apura as den\u00fancias relacionadas a&hellip;","_links":{"self":[{"href":"https:\/\/goias.gov.br\/meioambiente\/wp-json\/wp\/v2\/pages\/30182","targetHints":{"allow":["GET"]}}],"collection":[{"href":"https:\/\/goias.gov.br\/meioambiente\/wp-json\/wp\/v2\/pages"}],"about":[{"href":"https:\/\/goias.gov.br\/meioambiente\/wp-json\/wp\/v2\/types\/page"}],"author":[{"embeddable":true,"href":"https:\/\/goias.gov.br\/meioambiente\/wp-json\/wp\/v2\/users\/230"}],"replies":[{"embeddable":true,"href":"https:\/\/goias.gov.br\/meioambiente\/wp-json\/wp\/v2\/comments?post=30182"}],"version-history":[{"count":2,"href":"https:\/\/goias.gov.br\/meioambiente\/wp-json\/wp\/v2\/pages\/30182\/revisions"}],"predecessor-version":[{"id":282978,"href":"https:\/\/goias.gov.br\/meioambiente\/wp-json\/wp\/v2\/pages\/30182\/revisions\/282978"}],"wp:attachment":[{"href":"https:\/\/goias.gov.br\/meioambiente\/wp-json\/wp\/v2\/media?parent=30182"}],"curies":[{"name":"wp","href":"https:\/\/api.w.org\/{rel}","templated":true}]}}