

{"id":30178,"date":"2024-05-13T19:18:03","date_gmt":"2024-05-13T22:18:03","guid":{"rendered":"https:\/\/goias.gov.br\/meioambiente\/?page_id=30178"},"modified":"2025-09-11T08:00:41","modified_gmt":"2025-09-11T11:00:41","slug":"srh","status":"publish","type":"page","link":"https:\/\/goias.gov.br\/meioambiente\/srh\/","title":{"rendered":"Superintend\u00eancia de Recursos H\u00eddricos e Informa\u00e7\u00f5es Ambientais"},"content":{"rendered":"\n<p>Integrada \u00e0 Subsecretaria de Biodiversidade, Unidades de Conserva\u00e7\u00e3o e Seguran\u00e7a H\u00eddrica, a Superintend\u00eancia de Recursos H\u00eddricos e Informa\u00e7\u00f5es Ambientais (SRH) coordena, supervisiona, orienta e executa as atividades, projetos e a\u00e7\u00f5es da Semad relacionados \u00e0s pol\u00edticas nacional e estadual da \u00e1gua, propondo normativos, regulamentos t\u00e9cnicos e atos administrativos para promover a gest\u00e3o integrada e eficiente dos recursos h\u00eddricos. Al\u00e9m disso, coordena, orienta, acompanha e avalia a implementa\u00e7\u00e3o de planos, programas, projetos e atividades formulados pelas unidades subordinadas, Comit\u00eas de Bacias e Conselhos Nacional e Estaduais de Recursos H\u00eddricos, Saneamento e Meio Ambiente.<\/p>\n\n\n\n<p><\/p>\n\n\n\n<p>A SRH gerencia a gest\u00e3o, distribui\u00e7\u00e3o e fiscaliza\u00e7\u00e3o dos recursos h\u00eddricos para garantir o uso sustent\u00e1vel e equilibrado da \u00e1gua; emite outorgas para o uso da \u00e1gua, al\u00e9m de coordenar e orientar a cobran\u00e7a pelo uso da \u00e1gua dos usu\u00e1rios com outorga de direito de uso; planeja e institui programas e projetos de manejo e conserva\u00e7\u00e3o h\u00eddrica; monitora a qualidade da \u00e1gua em Goi\u00e1s e divulga informa\u00e7\u00f5es meteorol\u00f3gicas e hidrol\u00f3gicas do Estado.<\/p>\n\n\n\n<div class=\"wp-block-buttons is-layout-flex wp-block-buttons-is-layout-flex\">\n<div class=\"wp-block-button\"><a class=\"wp-block-button__link wp-element-button\" href=\"https:\/\/goias.gov.br\/meioambiente\/outorga\/\">Outorga<\/a><\/div>\n\n\n\n<div class=\"wp-block-button\"><a class=\"wp-block-button__link wp-element-button\" href=\"https:\/\/goias.gov.br\/meioambiente\/alocacao\/\">Aloca\u00e7\u00e3o de \u00c1gua<\/a><\/div>\n\n\n\n<div class=\"wp-block-button\"><a class=\"wp-block-button__link wp-element-button\" href=\"https:\/\/portal.meioambiente.go.gov.br\/veredas\/inicio.mago\">Sistema Veredas<\/a><\/div>\n\n\n\n<div class=\"wp-block-button\"><a class=\"wp-block-button__link wp-element-button\" href=\"https:\/\/goias.gov.br\/meioambiente\/campanha-orientativa-2025\/\">Campanha Orientativa 2025<\/a><\/div>\n\n\n<\/div>\n\n\n\n<div class=\"wp-block-buttons is-layout-flex wp-block-buttons-is-layout-flex\"><\/div>\n\n\n\n<p><\/p>\n\n\n\n<p><\/p>\n\n\n\n<p>Confira abaixo informa\u00e7\u00f5es sobre cada ger\u00eancia da SRH:<\/p>\n\n\n\n<h2 class=\"wp-block-heading\">Ger\u00eancias da SRH:<\/h2>\n\n\n\n<p><strong>\u2022 Ger\u00eancia de Gest\u00e3o e Aloca\u00e7\u00e3o dos usos de Recursos H\u00eddricos (GEURH)<br><\/strong>Atua na organiza\u00e7\u00e3o e planejamento da gest\u00e3o do uso das \u00e1guas subterr\u00e2neas e superficiais no Estado de Goi\u00e1s. Coordena a implanta\u00e7\u00e3o da <a href=\"https:\/\/goias.gov.br\/meioambiente\/alocacao\/\" target=\"_blank\" rel=\"noreferrer noopener\"><strong>aloca\u00e7\u00e3o negociada de \u00e1gua<\/strong><\/a> em bacias hidrogr\u00e1ficas cr\u00edticas, onde existem disputas pelo seu uso ou onde a demanda \u00e9 maior que a oferta h\u00eddrica em certos per\u00edodos do ano. Define, em conjunto com o <a href=\"https:\/\/goias.gov.br\/meioambiente\/cerhi\/\"><strong>Conselho Estadual de Recursos H\u00eddricos (CERHi)<\/strong><\/a> e os <a href=\"https:\/\/goias.gov.br\/meioambiente\/cbh\/\"><strong>Comit\u00eas de Bacias Hidrogr\u00e1fica (CBHs)<\/strong><\/a>, as a\u00e7\u00f5es a serem tomadas em bacias em situa\u00e7\u00e3o h\u00eddrica cr\u00edtica, visando garantir o uso m\u00faltiplo e racional das \u00e1guas. Prop\u00f5e a\u00e7\u00f5es fiscalizat\u00f3rias para a identifica\u00e7\u00e3o e notifica\u00e7\u00e3o de usu\u00e1rios de recursos h\u00eddricos irregulares localizados em bacias cr\u00edticas. Prop\u00f5e novas ferramentas hidrol\u00f3gicas para aprimorar a an\u00e1lise dos pedidos de outorga de recursos h\u00eddricos, como a base de dados estadual com informa\u00e7\u00f5es mensais sobre disponibilidade h\u00eddrica e o mapa que mostra as vaz\u00f5es subterr\u00e2neas que podem ser explotadas, permitindo an\u00e1lises detalhadas do balan\u00e7o h\u00eddrico em diferentes \u00e1reas.<\/p>\n\n\n\n<p><strong>\u2022 Ger\u00eancia de Planos, Enquadramento, Cobran\u00e7a e Apoio aos Colegiados (GEPAC)<br><\/strong>Elabora, acompanha e a avalia a <a href=\"https:\/\/portal.meioambiente.go.gov.br\/portal\/exibirPainelBITransparencia.mago?reportId=d4d541e2-9ac6-4fd3-99f6-20415d119e94\"><strong>implementa\u00e7\u00e3o<\/strong><\/a> dos <a href=\"https:\/\/goias.gov.br\/meioambiente\/planos-de-recursos-hidricos\/\"><strong>Planos de Recursos H\u00eddricos<\/strong><\/a> e do enquadramento dos corpos d\u2019\u00e1gua, ambos instrumentos de planejamento da gest\u00e3o de recursos h\u00eddricos que visam melhorar a seguran\u00e7a h\u00eddrica e a qualidade das \u00e1guas nas bacias hidrogr\u00e1ficas. Coordena e orienta a cobran\u00e7a pelo uso da \u00e1gua dos usu\u00e1rios que possuem outorga de direito de uso dos recursos h\u00eddricos. Por fim, d\u00e1 apoio t\u00e9cnico e administrativo para a instala\u00e7\u00e3o e ao funcionamento dos comit\u00eas de bacia em Goi\u00e1s (que hoje s\u00e3o 5, cobrindo cerca de 70% da \u00e1rea do Estado) e que representam a comunidade de uma bacia hidrogr\u00e1fica. \u00c9 nos comit\u00eas onde \u00e9 aprovado diretrizes e discutido os m\u00faltiplos interesses sobre o uso da \u00e1gua em uma bacia, al\u00e9m da media\u00e7\u00e3o de conflitos relacionados \u00e0 gest\u00e3o da \u00e1gua.<\/p>\n\n\n\n<p><strong>\u2022 Ger\u00eancia de Gest\u00e3o de Bacias Hidrogr\u00e1ficas e Sistema de Informa\u00e7\u00f5es de Recursos H\u00eddricos (GESIS)<br><\/strong>Trata da articula\u00e7\u00e3o institucional de implementa\u00e7\u00e3o do <strong><a href=\"https:\/\/goias.gov.br\/meioambiente\/sistema-de-informacoes-sobre-recursos-hidricos-sirhgo\/\">Sistema de Informa\u00e7\u00f5es sobre Recursos h\u00eddricos &#8211; SIRHGO<\/a><\/strong> e do Conjuntura Estadual com finalidade de coletar, organizar e divulgar a situa\u00e7\u00e3o dos recursos h\u00eddricos e de propor, planejar e instituir programas e projetos de manejo e a conserva\u00e7\u00e3o de \u00e1gua e solo nas bacias hididrogr\u00e1ficas em situa\u00e7\u00e3o cr\u00edtica do Estado de Goi\u00e1s.<\/p>\n\n\n\n<p><strong>\u2022 Centro de Informa\u00e7\u00f5es Meteorol\u00f3gicas e Hidrol\u00f3gicas de Goi\u00e1s (CIMEHGO)<br><\/strong>O centro tem o objetivo de produzir informa\u00e7\u00f5es sobre a qualidade ambiental no estado de Goi\u00e1s. Entre a <a href=\"https:\/\/abre.go.gov.br\/produtoscimehgo\"><strong>lista de servi\u00e7os<\/strong><\/a>, est\u00e1 a emiss\u00e3o de boletins informativos do tempo e clima, monitoramento hidrometeorol\u00f3gico, disponibilidade h\u00eddrica, qualidade das \u00e1guas, monitoramento da qualidade do ar, monitoramento de queimadas e secas, al\u00e9m do monitoramento de bacias cr\u00edticas.<\/p>\n\n\n\n<p><strong>\u2022 Centro de An\u00e1lises Ambientais e Laboratoriais (CEAMB)<br><\/strong>Realiza a\u00e7\u00f5es de <a href=\"https:\/\/portal.meioambiente.go.gov.br\/portal\/exibirPainelBITransparencia.mago?reportId=2e006f58-c088-443f-a0ca-47f8e0193209\">monitoramento da qualidade da \u00e1gua<\/a>. Respons\u00e1vel pelo Programa Quali\u00e1gua, desenvolvido em parceria com a Ag\u00eancia Nacional de \u00c1guas e Saneamento B\u00e1sico (ANA), com mais de 170 pontos de monitoramento no territ\u00f3rio goiano. Avalia a qualidade das \u00e1guas em pontos tur\u00edsticos de Goi\u00e1s, que \u00e9 a an\u00e1lise usada para fins de recrea\u00e7\u00e3o, como banho, mergulho e nata\u00e7\u00e3o. Apoia a\u00e7\u00f5es de controle da qualidade do meio ambiente, prestando suporte a atividades de fiscaliza\u00e7\u00e3o e licenciamento. Participa de diversas a\u00e7\u00f5es voltadas para a sociedade, com destaque para o Programa Jovens Cientistas Ambientais, desenvolvido pela Semad em parceria com a Saneago e a Secretaria de Estado da Educa\u00e7\u00e3o.<\/p>\n\n\n\n<p><strong>\u2022 Ger\u00eancia de Outorga de Recursos H\u00eddricos (GEOUT)<br><\/strong>Concede, ou n\u00e3o, outorgas (autoriza\u00e7\u00f5es ou licen\u00e7as) para o uso dos recursos h\u00eddricos. Assegura o controle dos recursos h\u00eddricos tanto em quantidade quanto em qualidade. Garante que todos os diferentes grupos de pessoas possam acessar \u00e1gua de forma eficaz, seguindo as regras definidas pelo governo federal e pelos outros grupos regionais. Realiza vistorias e o levantamento, a an\u00e1lise e o processamento de dados hidrol\u00f3gicos, necess\u00e1rios ao planejamento e \u00e0 gest\u00e3o da \u00e1gua no Estado. Elabora estudos t\u00e9cnicos que permitem melhorias nas an\u00e1lises de processos de outorga.<\/p>\n","protected":false},"excerpt":{"rendered":"<p>Integrada \u00e0 Subsecretaria de Biodiversidade, Unidades de Conserva\u00e7\u00e3o e Seguran\u00e7a H\u00eddrica, a Superintend\u00eancia de Recursos H\u00eddricos e Informa\u00e7\u00f5es Ambientais (SRH) coordena, supervisiona, orienta e executa as atividades, projetos e a\u00e7\u00f5es da Semad relacionados \u00e0s pol\u00edticas nacional e estadual da \u00e1gua, propondo normativos, regulamentos t\u00e9cnicos e atos administrativos para promover a gest\u00e3o integrada e eficiente dos [&hellip;]<\/p>\n","protected":false},"author":230,"featured_media":0,"parent":0,"menu_order":0,"comment_status":"closed","ping_status":"closed","template":"","meta":{"footnotes":"","_links_to":"","_links_to_target":""},"class_list":["post-30178","page","type-page","status-publish","hentry"],"rttpg_featured_image_url":null,"rttpg_author":{"display_name":"andresfreitas","author_link":"https:\/\/goias.gov.br\/meioambiente\/author\/andresfreitas\/"},"rttpg_comment":0,"rttpg_category":null,"rttpg_excerpt":"Integrada \u00e0 Subsecretaria de Biodiversidade, Unidades de Conserva\u00e7\u00e3o e Seguran\u00e7a H\u00eddrica, a Superintend\u00eancia de Recursos H\u00eddricos e Informa\u00e7\u00f5es Ambientais (SRH) coordena, supervisiona, orienta e executa as atividades, projetos e a\u00e7\u00f5es da Semad relacionados \u00e0s pol\u00edticas nacional e estadual da \u00e1gua, propondo normativos, regulamentos t\u00e9cnicos e atos administrativos para promover a gest\u00e3o integrada e eficiente dos&hellip;","_links":{"self":[{"href":"https:\/\/goias.gov.br\/meioambiente\/wp-json\/wp\/v2\/pages\/30178","targetHints":{"allow":["GET"]}}],"collection":[{"href":"https:\/\/goias.gov.br\/meioambiente\/wp-json\/wp\/v2\/pages"}],"about":[{"href":"https:\/\/goias.gov.br\/meioambiente\/wp-json\/wp\/v2\/types\/page"}],"author":[{"embeddable":true,"href":"https:\/\/goias.gov.br\/meioambiente\/wp-json\/wp\/v2\/users\/230"}],"replies":[{"embeddable":true,"href":"https:\/\/goias.gov.br\/meioambiente\/wp-json\/wp\/v2\/comments?post=30178"}],"version-history":[{"count":2,"href":"https:\/\/goias.gov.br\/meioambiente\/wp-json\/wp\/v2\/pages\/30178\/revisions"}],"predecessor-version":[{"id":166063,"href":"https:\/\/goias.gov.br\/meioambiente\/wp-json\/wp\/v2\/pages\/30178\/revisions\/166063"}],"wp:attachment":[{"href":"https:\/\/goias.gov.br\/meioambiente\/wp-json\/wp\/v2\/media?parent=30178"}],"curies":[{"name":"wp","href":"https:\/\/api.w.org\/{rel}","templated":true}]}}