

{"id":30163,"date":"2024-05-13T12:30:45","date_gmt":"2024-05-13T15:30:45","guid":{"rendered":"https:\/\/goias.gov.br\/meioambiente\/?page_id=30163"},"modified":"2024-05-17T13:21:13","modified_gmt":"2024-05-17T16:21:13","slug":"sla","status":"publish","type":"page","link":"https:\/\/goias.gov.br\/meioambiente\/sla\/","title":{"rendered":"Superintendencia de Licenciamento Ambiental"},"content":{"rendered":"\n<p>Integrada \u00e0 Subsecretaria de Licenciamento, Fiscaliza\u00e7\u00e3o e Controle Ambiental, a Superintend\u00eancia de Licenciamento Ambiental (SLA)<strong> <\/strong>trabalha com procedimentos de licenciamento ambiental, o processo por meio do qual ficam previamente autorizadas a constru\u00e7\u00e3o, a instala\u00e7\u00e3o, a amplia\u00e7\u00e3o e o funcionamento de empreendimentos e atividades utilizadores de recursos ambientais, efetiva ou potencialmente poluidores ou capazes, sob qualquer forma, de causar degrada\u00e7\u00e3o ambiental. Sendo assim, a SLA avalia os impactos ambientais positivos e negativos das atividades e prop\u00f5e medidas de mitiga\u00e7\u00e3o dos impactos degradantes.<\/p>\n\n\n\n<p>Assista ao v\u00eddeo do superintendente <strong>Marcelo Valerius<\/strong> e confira abaixo informa\u00e7\u00f5es sobre cada ger\u00eancia:<\/p>\n\n\n\n<figure class=\"wp-block-embed is-type-video is-provider-youtube wp-block-embed-youtube wp-embed-aspect-16-9 wp-has-aspect-ratio\"><div class=\"wp-block-embed__wrapper\">\n<iframe title=\"Conhe\u00e7a a Superintend\u00eancia de Licenciamento Ambiental da Semad\" width=\"500\" height=\"281\" src=\"https:\/\/www.youtube.com\/embed\/jkYvm1NS870?feature=oembed\" frameborder=\"0\" allow=\"accelerometer; autoplay; clipboard-write; encrypted-media; gyroscope; picture-in-picture; web-share\" referrerpolicy=\"strict-origin-when-cross-origin\" allowfullscreen><\/iframe>\n<\/div><\/figure>\n\n\n\n<h2 class=\"wp-block-heading\">Ger\u00eancias da SLA:<\/h2>\n\n\n\n<ul class=\"wp-block-list\">\n<li><strong>Ger\u00eancia de Licenciamento de Atividades Agropecu\u00e1rias e de Convers\u00e3o do Uso do Solo (Gesol)<br><\/strong>Cuida da autoriza\u00e7\u00e3o para atividades que envolvem a derrubada de vegeta\u00e7\u00e3o nativa e a cria\u00e7\u00e3o de animais, com foco principal na agricultura e pecu\u00e1ria.<\/li>\n<\/ul>\n\n\n\n<p><\/p>\n\n\n\n<ul class=\"wp-block-list\">\n<li><strong>Ger\u00eancia de Licenciamento de Infraestrutura e Desenvolvimento Urbano (Geinf)<br><\/strong>\u00c9 respons\u00e1vel avalia\u00e7\u00e3o de projetos de infraestrutura, como loteamentos, instala\u00e7\u00f5es de saneamento (como aterros sanit\u00e1rios, esta\u00e7\u00f5es de tratamento de esgoto e de \u00e1gua), rodovias, linhas de transmiss\u00e3o, entre outros.<\/li>\n<\/ul>\n\n\n\n<p><\/p>\n\n\n\n<ul class=\"wp-block-list\">\n<li><strong>Ger\u00eancia de Atividades Industriais, Miner\u00e1rias e Gest\u00e3o de \u00c1reas Contaminadas (Geima)<br><\/strong>Respons\u00e1vel pela avalia\u00e7\u00e3o de mineradoras de m\u00e9dio porte, ind\u00fastrias, servi\u00e7os como postos de combust\u00edveis e outras atividades com potencial para gerar \u00e1reas contaminadas.<\/li>\n<\/ul>\n\n\n\n<p><\/p>\n\n\n\n<ul class=\"wp-block-list\">\n<li><strong>Ger\u00eancia de Licenciamento de Atividades Estrat\u00e9gicas e de Significativo Impacto (Geasi)<br><\/strong>Analisa os processos de impacto ambiental significativo, tais como hidrel\u00e9tricas de grande porte, termel\u00e9tricas, grandes mineradoras e outras atividades com potencial poluidor muito elevado que requerem aten\u00e7\u00e3o especial.<\/li>\n<\/ul>\n\n\n\n<p><\/p>\n","protected":false},"excerpt":{"rendered":"<p>Integrada \u00e0 Subsecretaria de Licenciamento, Fiscaliza\u00e7\u00e3o e Controle Ambiental, a Superintend\u00eancia de Licenciamento Ambiental (SLA) trabalha com procedimentos de licenciamento ambiental, o processo por meio do qual ficam previamente autorizadas a constru\u00e7\u00e3o, a instala\u00e7\u00e3o, a amplia\u00e7\u00e3o e o funcionamento de empreendimentos e atividades utilizadores de recursos ambientais, efetiva ou potencialmente poluidores ou capazes, sob qualquer [&hellip;]<\/p>\n","protected":false},"author":230,"featured_media":0,"parent":0,"menu_order":0,"comment_status":"closed","ping_status":"closed","template":"","meta":{"footnotes":"","_links_to":"","_links_to_target":""},"class_list":["post-30163","page","type-page","status-publish","hentry"],"rttpg_featured_image_url":null,"rttpg_author":{"display_name":"andresfreitas","author_link":"https:\/\/goias.gov.br\/meioambiente\/author\/andresfreitas\/"},"rttpg_comment":0,"rttpg_category":null,"rttpg_excerpt":"Integrada \u00e0 Subsecretaria de Licenciamento, Fiscaliza\u00e7\u00e3o e Controle Ambiental, a Superintend\u00eancia de Licenciamento Ambiental (SLA) trabalha com procedimentos de licenciamento ambiental, o processo por meio do qual ficam previamente autorizadas a constru\u00e7\u00e3o, a instala\u00e7\u00e3o, a amplia\u00e7\u00e3o e o funcionamento de empreendimentos e atividades utilizadores de recursos ambientais, efetiva ou potencialmente poluidores ou capazes, sob qualquer&hellip;","_links":{"self":[{"href":"https:\/\/goias.gov.br\/meioambiente\/wp-json\/wp\/v2\/pages\/30163","targetHints":{"allow":["GET"]}}],"collection":[{"href":"https:\/\/goias.gov.br\/meioambiente\/wp-json\/wp\/v2\/pages"}],"about":[{"href":"https:\/\/goias.gov.br\/meioambiente\/wp-json\/wp\/v2\/types\/page"}],"author":[{"embeddable":true,"href":"https:\/\/goias.gov.br\/meioambiente\/wp-json\/wp\/v2\/users\/230"}],"replies":[{"embeddable":true,"href":"https:\/\/goias.gov.br\/meioambiente\/wp-json\/wp\/v2\/comments?post=30163"}],"version-history":[{"count":2,"href":"https:\/\/goias.gov.br\/meioambiente\/wp-json\/wp\/v2\/pages\/30163\/revisions"}],"predecessor-version":[{"id":30250,"href":"https:\/\/goias.gov.br\/meioambiente\/wp-json\/wp\/v2\/pages\/30163\/revisions\/30250"}],"wp:attachment":[{"href":"https:\/\/goias.gov.br\/meioambiente\/wp-json\/wp\/v2\/media?parent=30163"}],"curies":[{"name":"wp","href":"https:\/\/api.w.org\/{rel}","templated":true}]}}