

{"id":30140,"date":"2024-05-09T16:46:21","date_gmt":"2024-05-09T19:46:21","guid":{"rendered":"https:\/\/goias.gov.br\/meioambiente\/?page_id=30140"},"modified":"2024-05-17T13:20:44","modified_gmt":"2024-05-17T16:20:44","slug":"suc","status":"publish","type":"page","link":"https:\/\/goias.gov.br\/meioambiente\/home\/suc\/","title":{"rendered":"Superintend\u00eancia de Unidades de Conserva\u00e7\u00e3o, Biodiversidade e Emerg\u00eancias Ambientais"},"content":{"rendered":"\n<p>A Superintend\u00eancia de Unidades de Conserva\u00e7\u00e3o, Biodiversidade e Emerg\u00eancias Ambientais (SUC) integra a Subsecretaria de Biodiversidade, Unidades de Conserva\u00e7\u00e3o e Seguran\u00e7a H\u00eddrica e faz a gest\u00e3o das unidades de conserva\u00e7\u00e3o desde a sua cria\u00e7\u00e3o, planos de manejo, implanta\u00e7\u00e3o e os recursos humanos, al\u00e9m da gest\u00e3o da fauna silvestre, atuando nas 24 unidades de conserva\u00e7\u00e3o de Goi\u00e1s.<\/p>\n\n\n\n<p>Assista ao v\u00eddeo da&nbsp;superintendente <strong>Mariana Moura<\/strong>&nbsp;e confira abaixo informa\u00e7\u00f5es sobre cada ger\u00eancia:<\/p>\n\n\n\n<figure class=\"wp-block-embed is-type-video is-provider-youtube wp-block-embed-youtube wp-embed-aspect-16-9 wp-has-aspect-ratio\"><div class=\"wp-block-embed__wrapper\">\n<iframe title=\"Superintend\u00eancia de Unidades de Conserva\u00e7\u00e3o, Biodiversidade e Emerg\u00eancias Ambientais da Semad\" width=\"500\" height=\"281\" src=\"https:\/\/www.youtube.com\/embed\/rlzNaE-XYEg?feature=oembed\" frameborder=\"0\" allow=\"accelerometer; autoplay; clipboard-write; encrypted-media; gyroscope; picture-in-picture; web-share\" referrerpolicy=\"strict-origin-when-cross-origin\" allowfullscreen><\/iframe>\n<\/div><\/figure>\n\n\n\n<h2 class=\"wp-block-heading\">Ger\u00eancias da SUC:<\/h2>\n\n\n\n<ul class=\"wp-block-list\">\n<li><strong>Ger\u00eancia de Implanta\u00e7\u00e3o e Manejo de Unidades de Conserva\u00e7\u00e3o (Gemuc)<\/strong><br>Respons\u00e1vel por executar atividades relacionadas \u00e0 implementa\u00e7\u00e3o e gest\u00e3o de unidades de conserva\u00e7\u00e3o. O manejo refere-se \u00e0s pr\u00e1ticas adotadas para garantir a preserva\u00e7\u00e3o do local.<br>&nbsp;<\/li>\n\n\n\n<li><strong>Ger\u00eancia de Cria\u00e7\u00e3o, Regulariza\u00e7\u00e3o Fundi\u00e1ria e Suporte \u00e0 Gest\u00e3o de Unidades de Conserva\u00e7\u00e3o (Geref)<\/strong><br>Respons\u00e1vel por coordenar diversas fases de uma unidade de conserva\u00e7\u00e3o, desde a cria\u00e7\u00e3o inicial at\u00e9 os processos de desapropria\u00e7\u00e3o. Trata ainda da legaliza\u00e7\u00e3o e regulariza\u00e7\u00e3o dos terrenos, garantindo que a \u00e1rea protegida seja reconhecida legalmente.<br>&nbsp;<\/li>\n\n\n\n<li><strong>Ger\u00eancia de Conserva\u00e7\u00e3o, Biodiversidade e Fauna (Gebio)<\/strong><br>Trata da gest\u00e3o da fauna silvestre, al\u00e9m de coordenar todos os projetos relacionados \u00e0 biodiversidade. Monitora e gerencia popula\u00e7\u00f5es de animais selvagens, implementando estrat\u00e9gias para preservar a diversidade biol\u00f3gica e garantir a sa\u00fade dos ecossistemas.<br>&nbsp;<\/li>\n\n\n\n<li><strong>Ger\u00eancia de Emerg\u00eancias Ambientais e Inc\u00eandios Florestais (Gegia)<\/strong><br>Faz a gest\u00e3o dos inc\u00eandios florestais, da preven\u00e7\u00e3o, do combate, e dos acidentes ambientais dentro do Estado de Goi\u00e1s.<\/li>\n<\/ul>\n","protected":false},"excerpt":{"rendered":"<p>A Superintend\u00eancia de Unidades de Conserva\u00e7\u00e3o, Biodiversidade e Emerg\u00eancias Ambientais (SUC) integra a Subsecretaria de Biodiversidade, Unidades de Conserva\u00e7\u00e3o e Seguran\u00e7a H\u00eddrica e faz a gest\u00e3o das unidades de conserva\u00e7\u00e3o desde a sua cria\u00e7\u00e3o, planos de manejo, implanta\u00e7\u00e3o e os recursos humanos, al\u00e9m da gest\u00e3o da fauna silvestre, atuando nas 24 unidades de conserva\u00e7\u00e3o de [&hellip;]<\/p>\n","protected":false},"author":230,"featured_media":0,"parent":28338,"menu_order":0,"comment_status":"closed","ping_status":"closed","template":"","meta":{"footnotes":"","_links_to":"","_links_to_target":""},"class_list":["post-30140","page","type-page","status-publish","hentry"],"rttpg_featured_image_url":null,"rttpg_author":{"display_name":"andresfreitas","author_link":"https:\/\/goias.gov.br\/meioambiente\/author\/andresfreitas\/"},"rttpg_comment":0,"rttpg_category":null,"rttpg_excerpt":"A Superintend\u00eancia de Unidades de Conserva\u00e7\u00e3o, Biodiversidade e Emerg\u00eancias Ambientais (SUC) integra a Subsecretaria de Biodiversidade, Unidades de Conserva\u00e7\u00e3o e Seguran\u00e7a H\u00eddrica e faz a gest\u00e3o das unidades de conserva\u00e7\u00e3o desde a sua cria\u00e7\u00e3o, planos de manejo, implanta\u00e7\u00e3o e os recursos humanos, al\u00e9m da gest\u00e3o da fauna silvestre, atuando nas 24 unidades de conserva\u00e7\u00e3o de&hellip;","_links":{"self":[{"href":"https:\/\/goias.gov.br\/meioambiente\/wp-json\/wp\/v2\/pages\/30140","targetHints":{"allow":["GET"]}}],"collection":[{"href":"https:\/\/goias.gov.br\/meioambiente\/wp-json\/wp\/v2\/pages"}],"about":[{"href":"https:\/\/goias.gov.br\/meioambiente\/wp-json\/wp\/v2\/types\/page"}],"author":[{"embeddable":true,"href":"https:\/\/goias.gov.br\/meioambiente\/wp-json\/wp\/v2\/users\/230"}],"replies":[{"embeddable":true,"href":"https:\/\/goias.gov.br\/meioambiente\/wp-json\/wp\/v2\/comments?post=30140"}],"version-history":[{"count":2,"href":"https:\/\/goias.gov.br\/meioambiente\/wp-json\/wp\/v2\/pages\/30140\/revisions"}],"predecessor-version":[{"id":30249,"href":"https:\/\/goias.gov.br\/meioambiente\/wp-json\/wp\/v2\/pages\/30140\/revisions\/30249"}],"up":[{"embeddable":true,"href":"https:\/\/goias.gov.br\/meioambiente\/wp-json\/wp\/v2\/pages\/28338"}],"wp:attachment":[{"href":"https:\/\/goias.gov.br\/meioambiente\/wp-json\/wp\/v2\/media?parent=30140"}],"curies":[{"name":"wp","href":"https:\/\/api.w.org\/{rel}","templated":true}]}}