

{"id":29588,"date":"2024-03-21T15:30:39","date_gmt":"2024-03-21T18:30:39","guid":{"rendered":"https:\/\/goias.gov.br\/meioambiente\/?page_id=29588"},"modified":"2025-05-02T12:44:51","modified_gmt":"2025-05-02T15:44:51","slug":"goias-sustentavel","status":"publish","type":"page","link":"https:\/\/goias.gov.br\/meioambiente\/goias-sustentavel\/","title":{"rendered":"Pr\u00eamio Goi\u00e1s Sustent\u00e1vel"},"content":{"rendered":"\n<figure class=\"wp-block-image size-full\"><img fetchpriority=\"high\" decoding=\"async\" width=\"948\" height=\"560\" src=\"https:\/\/goias.gov.br\/meioambiente\/wp-content\/uploads\/sites\/33\/2024\/03\/image-4.png\" alt=\"\" class=\"wp-image-29682\"\/><\/figure>\n\n\n\n<p>A Secretaria de Estado do Meio Ambiente e Desenvolvimento Sustent\u00e1vel de Goi\u00e1s (<strong>Semad<\/strong>) est\u00e1 com inscri\u00e7\u00f5es abertas at\u00e9 14 de maio para o <strong>Pr\u00eamio Goi\u00e1s Sustent\u00e1vel 2025<\/strong>. A inscri\u00e7\u00e3o \u00e9 gratuita e deve ser realizada online por meio <strong><em><a href=\"https:\/\/docs.google.com\/forms\/d\/e\/1FAIpQLSd8GjvkIDWFAlmk9kMY4WPwyleqjrd1GSi2GleuHGX1y1CXzQ\/viewform\" target=\"_blank\" rel=\"noreferrer noopener\">desse link<\/a><\/em><\/strong>. A iniciativa, institu\u00edda por portaria, tem como objetivo premiar, reconhecer e divulgar pr\u00e1ticas relevantes relacionadas \u00e0 sustentabilidade, iniciadas ou desenvolvidas a partir de 2019, que contribuam para a melhoria da qualidade de vida da popula\u00e7\u00e3o goiana.<\/p>\n\n\n\n<h2 class=\"wp-block-heading\">Quem pode participar?<\/h2>\n\n\n\n<p>Podem participar do <strong>pr\u00eamio <\/strong>quaisquer empresas p\u00fablicas, mistas ou privadas, \u00f3rg\u00e3os p\u00fablicos, autarquias, terceiro setor, pesquisadores, professores, produtores rurais, empreendedores e servidores p\u00fablicos e autoridades p\u00fablicas.<\/p>\n\n\n\n<p>\u00c9 preciso que o participante tenha feito trabalhos cujos resultados contribuam para o desenvolvimento sustent\u00e1vel.&nbsp;Para concorrer ao projeto, a iniciativa deve ter sido realizada no <strong>territ\u00f3rio goiano<\/strong>. A inscri\u00e7\u00e3o ser\u00e1 feita com o preenchimento do formul\u00e1rio e o envio dos documentos correspondentes.<\/p>\n\n\n\n<p>Estudantes podem se inscrever desde que anexem no formul\u00e1rio um v\u00ednculo (matr\u00edcula) com a institui\u00e7\u00e3o de ensino e preencham todas as informa\u00e7\u00f5es solicitadas, anexando uma declara\u00e7\u00e3o de ci\u00eancia emitida pela escola ou institui\u00e7\u00e3o. <em>A declara\u00e7\u00e3o pode ser acessada no final deste texto.<\/em><\/p>\n\n\n\n<p>Os representantes de pessoas jur\u00eddicas ou \u00f3rg\u00e3os p\u00fablicos, devem encaminhar no ato da inscri\u00e7\u00e3o a <strong>declara\u00e7\u00e3o de ci\u00eancia<\/strong> com assinatura do representante legal. <em>A declara\u00e7\u00e3o pode ser acessada no final deste texto.<\/em><\/p>\n\n\n\n<p>Os concorrentes podem inscrever mais de um projeto, mas devem observar os crit\u00e9rios dispostos no <strong>regulamento<\/strong>. Cada inscri\u00e7\u00e3o deve ser destinada a uma categoria distinta. Caso o participante envie duas inscri\u00e7\u00f5es para a mesma categoria, ser\u00e1 considerada apenas a \u00faltima.<\/p>\n\n\n\n<h2 class=\"wp-block-heading\">Categorias<\/h2>\n\n\n\n<p>Ao todo, s\u00e3o <strong>sete categorias<\/strong> para que os candidatos possam inscrever seus projetos. Cada uma delas nomear\u00e1 um vencedor, que levar\u00e1 para casa o trof\u00e9u do Pr\u00eamio Goi\u00e1s Sustent\u00e1vel 2025.<strong>&nbsp;<\/strong>As categorias s\u00e3o: Inova\u00e7\u00e3o; Ci\u00eancias e Educa\u00e7\u00e3o; Sociobiodiversidade; Atividade Rural; Atividade Empresarial; Pol\u00edticas P\u00fablicas, Institui\u00e7\u00e3o P\u00fablica; Terceiro Setor; Imprensa; Estudante e A\u00e7\u00f5es pelo Clima.&nbsp;<\/p>\n\n\n\n<h2 class=\"wp-block-heading\">Finalistas e premia\u00e7\u00e3o<\/h2>\n\n\n\n<p>A divulga\u00e7\u00e3o dos finalistas ser\u00e1 feita no dia <strong>21 de maio<\/strong>, sendo que os tr\u00eas finalistas de cada categoria receber\u00e3o um certificado atestando sua condi\u00e7\u00e3o de finalista do concurso.<\/p>\n\n\n\n<p>A premia\u00e7\u00e3o acontece no dia <strong>4 de junho<\/strong>, durante a programa\u00e7\u00e3o da Semana do Meio Ambiente, em local e hor\u00e1rio a serem divulgados nos canais de comunica\u00e7\u00e3o da <strong>Semad<\/strong>. Durante a solenidade de premia\u00e7\u00e3o ser\u00e1 feito o an\u00fancio do vencedor de cada categoria e a entrega dos trof\u00e9us.<\/p>\n\n\n\n<p>Para os vencedores e finalistas, ser\u00e3o concedidos os direitos de uso dos \u201cSelo Pr\u00eamio Goi\u00e1s Sustent\u00e1vel: Finalista\u201d, \u201cSelo Pr\u00eamio Goi\u00e1s Sustent\u00e1vel: Vencedor\u201d e do Selo Pr\u00eamio Goi\u00e1s Sustent\u00e1vel: Vencedor Geral\u201d.<\/p>\n\n\n\n<p><strong><em>\u2022<a href=\"https:\/\/docs.google.com\/forms\/d\/e\/1FAIpQLSd8GjvkIDWFAlmk9kMY4WPwyleqjrd1GSi2GleuHGX1y1CXzQ\/viewform\" target=\"_blank\" rel=\"noreferrer noopener\">Clique aqui eiInscreva-se no Pr\u00eamio Goi\u00e1s Sustent\u00e1vel&nbsp;2025<\/a><\/em><\/strong><\/p>\n\n\n\n<p>\u2022 <strong>Estudantes e representantes de pessoas jur\u00eddicas ou \u00f3rg\u00e3os p\u00fablicos, fa\u00e7a o download da declara\u00e7\u00e3o de ci\u00eancia:<\/strong><\/p>\n\n\n\n<div class=\"wp-block-file\"><a id=\"wp-block-file--media-18d0a7d7-85fe-4d31-ac08-04e186c7a8ae\" href=\"https:\/\/goias.gov.br\/meioambiente\/wp-content\/uploads\/sites\/33\/2024\/03\/MODELO-DE-DECLARACAO-DE-CIENCIA-1-1.docx\">MODELO-DE-DECLARACAO-DE-CIENCIA-1-1<\/a><a href=\"https:\/\/goias.gov.br\/meioambiente\/wp-content\/uploads\/sites\/33\/2024\/03\/MODELO-DE-DECLARACAO-DE-CIENCIA-1-1.docx\" class=\"wp-block-file__button wp-element-button\" download aria-describedby=\"wp-block-file--media-18d0a7d7-85fe-4d31-ac08-04e186c7a8ae\">Baixar<\/a><\/div>\n\n\n\n<p>\u2022 <strong>Confira o regulamento do Pr\u00eamio Goi\u00e1s Sustent\u00e1vel 2025:<\/strong><\/p>\n\n\n\n<div data-wp-interactive=\"core\/file\" class=\"wp-block-file\"><object data-wp-bind--hidden=\"!state.hasPdfPreview\" hidden class=\"wp-block-file__embed\" data=\"https:\/\/goias.gov.br\/meioambiente\/wp-content\/uploads\/sites\/33\/2025\/04\/diario_oficial_2025-04-14_completo-1-11-14.pdf\" type=\"application\/pdf\" style=\"width:100%;height:600px\" aria-label=\"Incorporado de diario_oficial_2025-04-14_completo (1)-11-14.\"><\/object><a id=\"wp-block-file--media-91e8c223-4e82-4772-8a63-09e6a5377b0f\" href=\"https:\/\/goias.gov.br\/meioambiente\/wp-content\/uploads\/sites\/33\/2025\/04\/diario_oficial_2025-04-14_completo-1-11-14.pdf\">diario_oficial_2025-04-14_completo (1)-11-14<\/a><a href=\"https:\/\/goias.gov.br\/meioambiente\/wp-content\/uploads\/sites\/33\/2025\/04\/diario_oficial_2025-04-14_completo-1-11-14.pdf\" class=\"wp-block-file__button wp-element-button\" download aria-describedby=\"wp-block-file--media-91e8c223-4e82-4772-8a63-09e6a5377b0f\">Baixar<\/a><\/div>\n","protected":false},"excerpt":{"rendered":"<p>A Secretaria de Estado do Meio Ambiente e Desenvolvimento Sustent\u00e1vel de Goi\u00e1s (Semad) est\u00e1 com inscri\u00e7\u00f5es abertas at\u00e9 14 de maio para o Pr\u00eamio Goi\u00e1s Sustent\u00e1vel 2025. A inscri\u00e7\u00e3o \u00e9 gratuita e deve ser realizada online por meio desse link. A iniciativa, institu\u00edda por portaria, tem como objetivo premiar, reconhecer e divulgar pr\u00e1ticas relevantes relacionadas [&hellip;]<\/p>\n","protected":false},"author":229,"featured_media":0,"parent":0,"menu_order":0,"comment_status":"closed","ping_status":"closed","template":"","meta":{"footnotes":"","_links_to":"","_links_to_target":""},"class_list":["post-29588","page","type-page","status-publish","hentry"],"rttpg_featured_image_url":null,"rttpg_author":{"display_name":"rogeriobraudes","author_link":"https:\/\/goias.gov.br\/meioambiente\/author\/rogeriobraudes\/"},"rttpg_comment":0,"rttpg_category":null,"rttpg_excerpt":"A Secretaria de Estado do Meio Ambiente e Desenvolvimento Sustent\u00e1vel de Goi\u00e1s (Semad) est\u00e1 com inscri\u00e7\u00f5es abertas at\u00e9 14 de maio para o Pr\u00eamio Goi\u00e1s Sustent\u00e1vel 2025. A inscri\u00e7\u00e3o \u00e9 gratuita e deve ser realizada online por meio desse link. A iniciativa, institu\u00edda por portaria, tem como objetivo premiar, reconhecer e divulgar pr\u00e1ticas relevantes relacionadas&hellip;","_links":{"self":[{"href":"https:\/\/goias.gov.br\/meioambiente\/wp-json\/wp\/v2\/pages\/29588","targetHints":{"allow":["GET"]}}],"collection":[{"href":"https:\/\/goias.gov.br\/meioambiente\/wp-json\/wp\/v2\/pages"}],"about":[{"href":"https:\/\/goias.gov.br\/meioambiente\/wp-json\/wp\/v2\/types\/page"}],"author":[{"embeddable":true,"href":"https:\/\/goias.gov.br\/meioambiente\/wp-json\/wp\/v2\/users\/229"}],"replies":[{"embeddable":true,"href":"https:\/\/goias.gov.br\/meioambiente\/wp-json\/wp\/v2\/comments?post=29588"}],"version-history":[{"count":2,"href":"https:\/\/goias.gov.br\/meioambiente\/wp-json\/wp\/v2\/pages\/29588\/revisions"}],"predecessor-version":[{"id":89983,"href":"https:\/\/goias.gov.br\/meioambiente\/wp-json\/wp\/v2\/pages\/29588\/revisions\/89983"}],"wp:attachment":[{"href":"https:\/\/goias.gov.br\/meioambiente\/wp-json\/wp\/v2\/media?parent=29588"}],"curies":[{"name":"wp","href":"https:\/\/api.w.org\/{rel}","templated":true}]}}