

{"id":29459,"date":"2024-03-15T07:58:31","date_gmt":"2024-03-15T10:58:31","guid":{"rendered":"https:\/\/goias.gov.br\/meioambiente\/?page_id=29459"},"modified":"2024-03-15T16:36:48","modified_gmt":"2024-03-15T19:36:48","slug":"apapireneus","status":"publish","type":"page","link":"https:\/\/goias.gov.br\/meioambiente\/home\/suc\/parques-e-unidades-de-conservacao\/apapireneus\/","title":{"rendered":"\u00c1rea de Prote\u00e7\u00e3o Ambiental dos Pireneus (APA Pireneus)"},"content":{"rendered":"\n<p><strong>Localiza\u00e7\u00e3o<\/strong><\/p>\n\n\n\n<p>Localiza-se nos munic\u00edpios de Cocalzinho de Goi\u00e1s, Corumb\u00e1 de Goi\u00e1s e Piren\u00f3polis.<\/p>\n\n\n\n<p><strong>\u00c1rea<\/strong><\/p>\n\n\n\n<figure class=\"wp-block-image\"><img fetchpriority=\"high\" decoding=\"async\" width=\"1500\" height=\"944\" src=\"https:\/\/goias.gov.br\/meioambiente\/wp-content\/uploads\/sites\/33\/2017\/02\/imagem-da-apa-dos-pirineus-fe1.jpg\" alt=\"Mapa PEA\" class=\"wp-image-24432\" title=\"Mapa PEA\" srcset=\"https:\/\/goias.gov.br\/meioambiente\/wp-content\/uploads\/sites\/33\/2017\/02\/imagem-da-apa-dos-pirineus-fe1.jpg 1500w, https:\/\/goias.gov.br\/meioambiente\/wp-content\/uploads\/sites\/33\/2017\/02\/imagem-da-apa-dos-pirineus-fe1-300x189.jpg 300w, https:\/\/goias.gov.br\/meioambiente\/wp-content\/uploads\/sites\/33\/2017\/02\/imagem-da-apa-dos-pirineus-fe1-1024x644.jpg 1024w, https:\/\/goias.gov.br\/meioambiente\/wp-content\/uploads\/sites\/33\/2017\/02\/imagem-da-apa-dos-pirineus-fe1-768x483.jpg 768w\" sizes=\"(max-width: 1500px) 100vw, 1500px\" \/><\/figure>\n\n\n\n<p>22.880 ha.<\/p>\n\n\n\n<p><a href=\"https:\/\/goias.gov.br\/meioambiente\/fiscais-da-semad-multam-e-interditam-area-de-desmatamento-ilegal-na-zona-rural-de-morrinhos\/\">Limite da APA dos Pireneus \u2013 Arquivo kmz<\/a><\/p>\n\n\n\n<p><strong>Munic\u00edpios<\/strong><\/p>\n\n\n\n<p>Cocalzinho de Goi\u00e1s, Corumb\u00e1 de Goi\u00e1s e Piren\u00f3polis.<\/p>\n\n\n\n<p><strong>Import\u00e2ncia<\/strong><\/p>\n\n\n\n<p>Proteger o entorno do&nbsp;<a href=\"http:\/\/www.semarhtemplate.go.gov.br\/conteudo\/parque-estadual-dos-pirineus-pep\" target=\"_blank\" rel=\"noreferrer noopener\">Parque Estadual dos Pireneus<\/a>.<\/p>\n\n\n\n<p><strong>Atos Legais e de Cria\u00e7\u00e3o<\/strong><\/p>\n\n\n\n<p>&nbsp;A APA dos Pireneus foi criada pelo&nbsp;<a href=\"http:\/\/www.gabinetecivil.go.gov.br\/pagina_decretos.php?id=1612\" target=\"_blank\" rel=\"noreferrer noopener\">Decreto Estadual n\u00ba 5.174, de 17 de fevereiro de 2000<\/a>.<\/p>\n\n\n\n<p><strong>Objetivo<\/strong><\/p>\n\n\n\n<p>\u2018Proteger a regi\u00e3o serrana e o entorno do Parque Estadual dos Pireneus;proteger os remanescentes de cerrado; proteger os recursos h\u00eddricos; melhorar a qualidade de vida das popula\u00e7\u00f5es residentes por meio de orienta\u00e7\u00e3o e disciplinamento das atividades econ\u00f4micas locais; disciplinar o turismo ecol\u00f3gico e fomentar a educa\u00e7\u00e3o ambiental; preservar as culturas e as tradi\u00e7\u00f5es locais.<\/p>\n\n\n\n<p><strong>Restri\u00e7\u00f5es<\/strong><\/p>\n\n\n\n<p>Ficam proibidas ou restringidas na APA dos Pireneus, dentre outras, as seguintes atividades:<\/p>\n\n\n\n<p>\u2013 implanta\u00e7\u00e3o de atividades industriais potencialmente poluidoras, que impliquem danos ao meio ambiente e afetem os mananciais de \u00e1gua;<\/p>\n\n\n\n<p>\u2013 implanta\u00e7\u00e3o de projetos de urbaniza\u00e7\u00e3o, realiza\u00e7\u00e3o de obras de terraplanagem, abertura de estradas e de canais e pr\u00e1tica de atividades agr\u00edcolas, quando essas iniciativas importarem em altera\u00e7\u00e3o das condi\u00e7\u00f5es ecol\u00f3gicas locais, principalmente das zonas de vida silvestre;<\/p>\n\n\n\n<p>\u2013 exerc\u00edcio de atividades capazes de provocar eros\u00e3o ou assoreamento das cole\u00e7\u00f5es h\u00eddricas;<\/p>\n\n\n\n<p>\u2013 exerc\u00edcio de atividades que impliquem em matan\u00e7a, captura ou molestamento de esp\u00e9cies raras da biota regional;<\/p>\n\n\n\n<p>\u2013 uso de biocidas e fertilizantes, quando indiscriminados ou em desacordo com as normas ou recomenda\u00e7\u00f5es t\u00e9cnicas oficiais;<\/p>\n\n\n\n<p>\u2013 despejo, nos cursos de \u00e1gua abrangidos pela APA, de efluentes, res\u00edduos ou detritos capazes de provocar danos ao meio ambiente.<\/p>\n\n\n\n<p><strong>Licenciamento<\/strong><\/p>\n\n\n\n<p>A implanta\u00e7\u00e3o de qualquer empreendimento no interior da APA dos Pireneus, al\u00e9m do cumprimento das normas estaduais e municipais cab\u00edveis, depender\u00e1 de licenciamento pr\u00e9vio da SEMAD&nbsp;que, para tanto, poder\u00e1 solicitar a seu crit\u00e9rio Estudo de Impacto Ambiental.<\/p>\n\n\n\n<p><strong>Plano de Manejo&nbsp;<\/strong><\/p>\n\n\n\n<div data-wp-interactive=\"core\/file\" class=\"wp-block-file\"><object data-wp-bind--hidden=\"!state.hasPdfPreview\" hidden class=\"wp-block-file__embed\" data=\"https:\/\/goias.gov.br\/meioambiente\/wp-content\/uploads\/sites\/33\/2024\/03\/PM_APA_dos_Pireneus_rev02_retificado-1-1.pdf\" type=\"application\/pdf\" style=\"width:100%;height:600px\" aria-label=\"Incorporado de PM_APA_dos_Pireneus_rev02_retificado-1-1.\"><\/object><a id=\"wp-block-file--media-355e1aeb-3c90-48cb-937e-6207f213f4ee\" href=\"https:\/\/goias.gov.br\/meioambiente\/wp-content\/uploads\/sites\/33\/2024\/03\/PM_APA_dos_Pireneus_rev02_retificado-1-1.pdf\">PM_APA_dos_Pireneus_rev02_retificado-1-1<\/a><a href=\"https:\/\/goias.gov.br\/meioambiente\/wp-content\/uploads\/sites\/33\/2024\/03\/PM_APA_dos_Pireneus_rev02_retificado-1-1.pdf\" class=\"wp-block-file__button wp-element-button\" download aria-describedby=\"wp-block-file--media-355e1aeb-3c90-48cb-937e-6207f213f4ee\">Baixar<\/a><\/div>\n\n\n\n<p><strong>Contato<\/strong><\/p>\n\n\n\n<p>Superintend\u00eancia de Unidades de Conserva\u00e7\u00e3o e Regulariza\u00e7\u00e3o Ambiental: (62) 3201-5295<br>Ger\u00eancia de Cria\u00e7\u00e3o e Manejo de Unidades de Conserva\u00e7\u00e3o: (62) 3265-1381<br>Ger\u00eancia de Uso P\u00fablico, Regulariza\u00e7\u00e3o Fundi\u00e1ria e Gest\u00e3o Socioambiental de Unidades de Conserva\u00e7\u00e3o: (62) 3265-1340<\/p>\n\n\n\n<p>Chefe da Unidade de Conserva\u00e7\u00e3o: JOS\u00c9 DIVINO DE SOUSA J\u00daNIOR<br>E-mail: jose.dsouza@goias.gov.br<\/p>\n","protected":false},"excerpt":{"rendered":"<p>Localiza\u00e7\u00e3o Localiza-se nos munic\u00edpios de Cocalzinho de Goi\u00e1s, Corumb\u00e1 de Goi\u00e1s e Piren\u00f3polis. \u00c1rea 22.880 ha. Limite da APA dos Pireneus \u2013 Arquivo kmz Munic\u00edpios Cocalzinho de Goi\u00e1s, Corumb\u00e1 de Goi\u00e1s e Piren\u00f3polis. Import\u00e2ncia Proteger o entorno do&nbsp;Parque Estadual dos Pireneus. Atos Legais e de Cria\u00e7\u00e3o &nbsp;A APA dos Pireneus foi criada pelo&nbsp;Decreto Estadual n\u00ba [&hellip;]<\/p>\n","protected":false},"author":230,"featured_media":0,"parent":28416,"menu_order":0,"comment_status":"closed","ping_status":"closed","template":"","meta":{"footnotes":"","_links_to":"","_links_to_target":""},"class_list":["post-29459","page","type-page","status-publish","hentry"],"rttpg_featured_image_url":null,"rttpg_author":{"display_name":"andresfreitas","author_link":"https:\/\/goias.gov.br\/meioambiente\/author\/andresfreitas\/"},"rttpg_comment":0,"rttpg_category":null,"rttpg_excerpt":"Localiza\u00e7\u00e3o Localiza-se nos munic\u00edpios de Cocalzinho de Goi\u00e1s, Corumb\u00e1 de Goi\u00e1s e Piren\u00f3polis. \u00c1rea 22.880 ha. Limite da APA dos Pireneus \u2013 Arquivo kmz Munic\u00edpios Cocalzinho de Goi\u00e1s, Corumb\u00e1 de Goi\u00e1s e Piren\u00f3polis. Import\u00e2ncia Proteger o entorno do&nbsp;Parque Estadual dos Pireneus. Atos Legais e de Cria\u00e7\u00e3o &nbsp;A APA dos Pireneus foi criada pelo&nbsp;Decreto Estadual n\u00ba&hellip;","_links":{"self":[{"href":"https:\/\/goias.gov.br\/meioambiente\/wp-json\/wp\/v2\/pages\/29459","targetHints":{"allow":["GET"]}}],"collection":[{"href":"https:\/\/goias.gov.br\/meioambiente\/wp-json\/wp\/v2\/pages"}],"about":[{"href":"https:\/\/goias.gov.br\/meioambiente\/wp-json\/wp\/v2\/types\/page"}],"author":[{"embeddable":true,"href":"https:\/\/goias.gov.br\/meioambiente\/wp-json\/wp\/v2\/users\/230"}],"replies":[{"embeddable":true,"href":"https:\/\/goias.gov.br\/meioambiente\/wp-json\/wp\/v2\/comments?post=29459"}],"version-history":[{"count":2,"href":"https:\/\/goias.gov.br\/meioambiente\/wp-json\/wp\/v2\/pages\/29459\/revisions"}],"predecessor-version":[{"id":29536,"href":"https:\/\/goias.gov.br\/meioambiente\/wp-json\/wp\/v2\/pages\/29459\/revisions\/29536"}],"up":[{"embeddable":true,"href":"https:\/\/goias.gov.br\/meioambiente\/wp-json\/wp\/v2\/pages\/28416"}],"wp:attachment":[{"href":"https:\/\/goias.gov.br\/meioambiente\/wp-json\/wp\/v2\/media?parent=29459"}],"curies":[{"name":"wp","href":"https:\/\/api.w.org\/{rel}","templated":true}]}}