

{"id":29229,"date":"2024-02-15T16:45:14","date_gmt":"2024-02-15T19:45:14","guid":{"rendered":"https:\/\/goias.gov.br\/meioambiente\/?page_id=29229"},"modified":"2024-02-15T17:01:52","modified_gmt":"2024-02-15T20:01:52","slug":"geinf","status":"publish","type":"page","link":"https:\/\/goias.gov.br\/meioambiente\/licenciamento-ambiental\/geinf\/","title":{"rendered":"GEINF \u2013 Ger\u00eancia de Licenciamento Ambiental de Atividades de Infraestrutura e Desenvolvimento Urbano"},"content":{"rendered":"\n<p><strong>ATIVIDADES LICENCIADAS:<\/strong><\/p>\n\n\n\n<p>A Ger\u00eancia de Licenciamento de Atividades de Infraestrutura e Desenvolvimento Urbano (GEINF) \u00e9 a respons\u00e1vel pela an\u00e1lise dos processos de licenciamento ambiental das seguintes atividades considerando os Decretos Estaduais n\u00ba <a href=\"https:\/\/legisla.casacivil.go.gov.br\/pesquisa_legislacao\/103356\" data-type=\"link\" data-id=\"https:\/\/legisla.casacivil.go.gov.br\/pesquisa_legislacao\/103356\">9.710\/2020<\/a>, <a href=\"https:\/\/legisla.casacivil.go.gov.br\/pesquisa_legislacao\/105142\" data-type=\"link\" data-id=\"https:\/\/legisla.casacivil.go.gov.br\/pesquisa_legislacao\/105142\">10.054\/2022<\/a> e <a href=\"https:\/\/legisla.casacivil.go.gov.br\/pesquisa_legislacao\/108253\" data-type=\"link\" data-id=\"https:\/\/legisla.casacivil.go.gov.br\/pesquisa_legislacao\/108253\">10.371\/202<\/a>3:<\/p>\n\n\n\n<ul class=\"wp-block-list\">\n<li>Grupo D &#8211; D1.1<\/li>\n\n\n\n<li>Grupo E &#8211; E2 (exceto E2.1 a E2.4); E4; E5; E6.4; E8.1<\/li>\n\n\n\n<li>Grupo F todas<\/li>\n\n\n\n<li>Grupo G todas<\/li>\n\n\n\n<li>Registos das Y1.7; Y1.8 e Y1.15<\/li>\n\n\n\n<li>Exceto os empreendimentos Classe 6, esses s\u00e3o de responsabilidade da GEASI.<\/li>\n<\/ul>\n\n\n\n<p>Para iniciar um processo de licenciamento, primeiramente deve-se consultar na <a href=\"https:\/\/portal.meioambiente.go.gov.br\/portal\/login.mago\" data-type=\"link\" data-id=\"https:\/\/portal.meioambiente.go.gov.br\/portal\/login.mago\">plataforma IP\u00ca<\/a> se a tipologia pretendida est\u00e1 dispon\u00edvel. Caso esteja, o empreendedor dever\u00e1 realizar o cadastro de seu empreendimento e o respons\u00e1vel t\u00e9cnico solicitar\u00e1 as licen\u00e7as necess\u00e1rias dentro da pr\u00f3pria plataforma. Caso a tipologia pretendida ou documento a ser emitido pela SEMAD n\u00e3o esteja dispon\u00edvel na plataforma IP\u00ca, a solicita\u00e7\u00e3o de licen\u00e7a ou documento ou altera\u00e7\u00e3o de licen\u00e7a j\u00e1 emitida dever\u00e1 ser feita no sistema antigo (SGA\/SEI) encaminhando os of\u00edcios, documentos e estudos para o e-mail\u00a0<a href=\"mailto:vaptvup.meioambiente@goias.gov.br\">vaptvup.meioambiente@goias.gov.br<\/a>.<\/p>\n\n\n\n<p><strong>INFORMA\u00c7\u00d5ES IMPORTANTES:<\/strong><\/p>\n\n\n\n<p>No sistema Ip\u00ea de licenciamento ambiental dispon\u00edvel em: <a href=\"https:\/\/portal.meioambiente.go.gov.br\/portal\/login.mago\">https:\/\/portal.meioambiente.go.gov.br\/portal\/login.mago<\/a> ap\u00f3s efetuado os devidos cadastros (empreendedor, empreendimento, respons\u00e1vel t\u00e9cnico) antes de formalizar o pedido de licenciamento utilize a op\u00e7\u00e3o IP\u00ca SIMULA\u00c7\u00c3O (SIMULADOR). Essa \u00e9 a ferramenta de simula\u00e7\u00e3o de licenciamento ambiental e funciona como \u201cchecklist\u201d de todas as informa\u00e7\u00f5es a serem apresentadas tais como: dados geoespaciais; documentos gerais; laudos\/estudos t\u00e9cnicos; anota\u00e7\u00f5es de responsabilidade t\u00e9cnica; projetos.<\/p>\n\n\n\n<p>Para minimizar ocorr\u00eancia de erros que podem levar ao indeferimento da solicita\u00e7\u00e3o de licenciamento ambiental requerido aten\u00e7\u00e3o a seguinte situa\u00e7\u00e3o:<\/p>\n\n\n\n<p>&#8211; Preencha conforme situa\u00e7\u00e3o real do empreendimento as abas INFORMA\u00c7\u00d5ES DE REQUERIMENTO e ao QUESTION\u00c1RIO, pois o sistema Ip\u00ea \u00e9 uma matriz de decis\u00e3o e conforme a resposta dada ser\u00e1 gerada consequ\u00eancias tais como apresentar dados geoespaciais; documentos gerais; laudos\/estudos t\u00e9cnicos; anota\u00e7\u00f5es de responsabilidade t\u00e9cnica; projetos; bem como autoriza\u00e7\u00f5es, veda\u00e7\u00f5es e condicionantes especificas.<\/p>\n\n\n\n<p><strong>CANAIS DE ATENDIMENTO DA GEINF<\/strong><\/p>\n\n\n\n<p>Email: geinf.meioambiente@goias.gov.br&nbsp;<br>Telefone: (62) 99101-8714<br>Respons\u00e1vel: Jos\u00e9 Augusto dos Reis Cruz, atendimentos feitos via mensagens no WhatsApp por Gisele Le\u00e3o.<\/p>\n","protected":false},"excerpt":{"rendered":"<p>ATIVIDADES LICENCIADAS: A Ger\u00eancia de Licenciamento de Atividades de Infraestrutura e Desenvolvimento Urbano (GEINF) \u00e9 a respons\u00e1vel pela an\u00e1lise dos processos de licenciamento ambiental das seguintes atividades considerando os Decretos Estaduais n\u00ba 9.710\/2020, 10.054\/2022 e 10.371\/2023: Para iniciar um processo de licenciamento, primeiramente deve-se consultar na plataforma IP\u00ca se a tipologia pretendida est\u00e1 dispon\u00edvel. Caso [&hellip;]<\/p>\n","protected":false},"author":230,"featured_media":0,"parent":28399,"menu_order":0,"comment_status":"closed","ping_status":"closed","template":"","meta":{"footnotes":"","_links_to":"","_links_to_target":""},"class_list":["post-29229","page","type-page","status-publish","hentry"],"rttpg_featured_image_url":null,"rttpg_author":{"display_name":"andresfreitas","author_link":"https:\/\/goias.gov.br\/meioambiente\/author\/andresfreitas\/"},"rttpg_comment":0,"rttpg_category":null,"rttpg_excerpt":"ATIVIDADES LICENCIADAS: A Ger\u00eancia de Licenciamento de Atividades de Infraestrutura e Desenvolvimento Urbano (GEINF) \u00e9 a respons\u00e1vel pela an\u00e1lise dos processos de licenciamento ambiental das seguintes atividades considerando os Decretos Estaduais n\u00ba 9.710\/2020, 10.054\/2022 e 10.371\/2023: Para iniciar um processo de licenciamento, primeiramente deve-se consultar na plataforma IP\u00ca se a tipologia pretendida est\u00e1 dispon\u00edvel. Caso&hellip;","_links":{"self":[{"href":"https:\/\/goias.gov.br\/meioambiente\/wp-json\/wp\/v2\/pages\/29229","targetHints":{"allow":["GET"]}}],"collection":[{"href":"https:\/\/goias.gov.br\/meioambiente\/wp-json\/wp\/v2\/pages"}],"about":[{"href":"https:\/\/goias.gov.br\/meioambiente\/wp-json\/wp\/v2\/types\/page"}],"author":[{"embeddable":true,"href":"https:\/\/goias.gov.br\/meioambiente\/wp-json\/wp\/v2\/users\/230"}],"replies":[{"embeddable":true,"href":"https:\/\/goias.gov.br\/meioambiente\/wp-json\/wp\/v2\/comments?post=29229"}],"version-history":[{"count":2,"href":"https:\/\/goias.gov.br\/meioambiente\/wp-json\/wp\/v2\/pages\/29229\/revisions"}],"predecessor-version":[{"id":29231,"href":"https:\/\/goias.gov.br\/meioambiente\/wp-json\/wp\/v2\/pages\/29229\/revisions\/29231"}],"up":[{"embeddable":true,"href":"https:\/\/goias.gov.br\/meioambiente\/wp-json\/wp\/v2\/pages\/28399"}],"wp:attachment":[{"href":"https:\/\/goias.gov.br\/meioambiente\/wp-json\/wp\/v2\/media?parent=29229"}],"curies":[{"name":"wp","href":"https:\/\/api.w.org\/{rel}","templated":true}]}}