

{"id":29034,"date":"2024-01-24T16:46:40","date_gmt":"2024-01-24T19:46:40","guid":{"rendered":"https:\/\/goias.gov.br\/meioambiente\/?page_id=29034"},"modified":"2026-05-05T12:18:22","modified_gmt":"2026-05-05T15:18:22","slug":"escola","status":"publish","type":"page","link":"https:\/\/goias.gov.br\/meioambiente\/escola\/","title":{"rendered":"Escola de Meio Ambiente"},"content":{"rendered":"\t\t<div data-elementor-type=\"wp-page\" data-elementor-id=\"29034\" class=\"elementor elementor-29034\">\n\t\t\t\t<div class=\"elementor-element elementor-element-2269f67 e-flex e-con-boxed e-con e-parent\" data-id=\"2269f67\" data-element_type=\"container\" data-e-type=\"container\">\n\t\t\t\t\t<div class=\"e-con-inner\">\n\t\t\t\t<div class=\"elementor-element elementor-element-b6dc80a elementor-widget elementor-widget-text-editor\" data-id=\"b6dc80a\" data-element_type=\"widget\" data-e-type=\"widget\" data-widget_type=\"text-editor.default\">\n\t\t\t\t\t\t\t\t\t<p><span style=\"font-weight: 400;\">A Escola de Meio Ambiente e Desenvolvimento Sustent\u00e1vel \u2013 EMAGO integra a estrutura institucional da Semad como unidade voltada \u00e0 forma\u00e7\u00e3o, ao aperfei\u00e7oamento profissional e \u00e0 gest\u00e3o do conhecimento, atuando de forma alinhada \u00e0 Pol\u00edtica Estadual de Capacita\u00e7\u00e3o e Desenvolvimento Profissional e \u00e0s diretrizes estrat\u00e9gicas do Poder Executivo Estadual. Sua atua\u00e7\u00e3o concentra-se no fortalecimento das capacidades institucionais, na valoriza\u00e7\u00e3o das compet\u00eancias dos servidores e na difus\u00e3o do conhecimento socioambiental.<\/span><\/p>\t\t\t\t\t\t\t\t<\/div>\n\t\t\t\t\t<\/div>\n\t\t\t\t<\/div>\n\t\t<div class=\"elementor-element elementor-element-925e596 e-con-full e-flex e-con e-parent\" data-id=\"925e596\" data-element_type=\"container\" data-e-type=\"container\">\n\t\t<div class=\"elementor-element elementor-element-6908608 e-con-full e-flex e-con e-child\" data-id=\"6908608\" data-element_type=\"container\" data-e-type=\"container\">\n\t\t\t\t<div class=\"elementor-element elementor-element-79a0071 elementor-widget elementor-widget-text-editor\" data-id=\"79a0071\" data-element_type=\"widget\" data-e-type=\"widget\" data-widget_type=\"text-editor.default\">\n\t\t\t\t\t\t\t\t\t<ul><li><a href=\"https:\/\/goias.gov.br\/meioambiente\/wp-content\/uploads\/sites\/33\/2026\/05\/Resultado-das-inscricoes-deferidas-e-indeferidas-Edital-20226_SEMAD-Selecao-interna-de-instrutores-para-Escola-de-Meio-Ambiente.docx.pdf\" target=\"_blank\" rel=\"noopener\">Resultado das inscri\u00e7\u00f5es deferidas e indeferidas<\/a><br \/><br \/><\/li><li><a href=\"https:\/\/diariooficial.abc.go.gov.br\/portal\/visualizacoes\/html\/7141\/#e:7141\/#m:704163\" target=\"_blank\" rel=\"noopener\">Edital de sele\u00e7\u00e3o para instrutores internos<\/a><\/li><\/ul>\t\t\t\t\t\t\t\t<\/div>\n\t\t\t\t<\/div>\n\t\t<div class=\"elementor-element elementor-element-0e5f7c7 e-con-full e-flex e-con e-child\" data-id=\"0e5f7c7\" data-element_type=\"container\" data-e-type=\"container\">\n\t\t\t\t<div class=\"elementor-element elementor-element-444d1f2 elementor-widget elementor-widget-image\" data-id=\"444d1f2\" data-element_type=\"widget\" data-e-type=\"widget\" data-widget_type=\"image.default\">\n\t\t\t\t\t\t\t\t\t\t\t\t\t\t\t<img fetchpriority=\"high\" decoding=\"async\" width=\"1024\" height=\"572\" src=\"https:\/\/goias.gov.br\/meioambiente\/wp-content\/uploads\/sites\/33\/2026\/04\/Gemini_Generated_Image_fgsuasfgsuasfgsu-1024x572.jpg\" class=\"attachment-large size-large wp-image-335728\" alt=\"\" srcset=\"https:\/\/goias.gov.br\/meioambiente\/wp-content\/uploads\/sites\/33\/2026\/04\/Gemini_Generated_Image_fgsuasfgsuasfgsu-1024x572.jpg 1024w, https:\/\/goias.gov.br\/meioambiente\/wp-content\/uploads\/sites\/33\/2026\/04\/Gemini_Generated_Image_fgsuasfgsuasfgsu-300x167.jpg 300w, https:\/\/goias.gov.br\/meioambiente\/wp-content\/uploads\/sites\/33\/2026\/04\/Gemini_Generated_Image_fgsuasfgsuasfgsu-768x429.jpg 768w, https:\/\/goias.gov.br\/meioambiente\/wp-content\/uploads\/sites\/33\/2026\/04\/Gemini_Generated_Image_fgsuasfgsuasfgsu.jpg 1376w\" sizes=\"(max-width: 1024px) 100vw, 1024px\" \/>\t\t\t\t\t\t\t\t\t\t\t\t\t\t\t<\/div>\n\t\t\t\t<\/div>\n\t\t\t\t<\/div>\n\t\t<div class=\"elementor-element elementor-element-3f945b8 e-flex e-con-boxed e-con e-parent\" data-id=\"3f945b8\" data-element_type=\"container\" data-e-type=\"container\">\n\t\t\t\t\t<div class=\"e-con-inner\">\n\t\t\t\t<div class=\"elementor-element elementor-element-2a278d0 elementor-widget elementor-widget-n-accordion\" data-id=\"2a278d0\" data-element_type=\"widget\" data-e-type=\"widget\" data-settings=\"{&quot;default_state&quot;:&quot;expanded&quot;,&quot;max_items_expended&quot;:&quot;one&quot;,&quot;n_accordion_animation_duration&quot;:{&quot;unit&quot;:&quot;ms&quot;,&quot;size&quot;:400,&quot;sizes&quot;:[]}}\" data-widget_type=\"nested-accordion.default\">\n\t\t\t\t\t\t\t<div class=\"e-n-accordion\" aria-label=\"Accordion. Open links with Enter or Space, close with Escape, and navigate with Arrow Keys\">\n\t\t\t\t\t\t<details id=\"e-n-accordion-item-4420\" class=\"e-n-accordion-item\" open>\n\t\t\t\t<summary class=\"e-n-accordion-item-title\" data-accordion-index=\"1\" tabindex=\"0\" aria-expanded=\"true\" aria-controls=\"e-n-accordion-item-4420\" >\n\t\t\t\t\t<span class='e-n-accordion-item-title-header'><div class=\"e-n-accordion-item-title-text\"> Capacita\u00e7\u00f5es 2026 <\/div><\/span>\n\t\t\t\t\t\t\t\t\t<\/summary>\n\t\t\t\t<div role=\"region\" aria-labelledby=\"e-n-accordion-item-4420\" class=\"elementor-element elementor-element-d8a86d9 e-con-full e-flex e-con e-child\" data-id=\"d8a86d9\" data-element_type=\"container\" data-e-type=\"container\">\n\t\t\t\t<div class=\"elementor-element elementor-element-a4499de elementor-widget elementor-widget-text-editor\" data-id=\"a4499de\" data-element_type=\"widget\" data-e-type=\"widget\" data-widget_type=\"text-editor.default\">\n\t\t\t\t\t\t\t\t\t<ul><li><span class=\"a_GcMg font-feature-liga-off font-feature-clig-off font-feature-calt-off text-decoration-none text-strikethrough-none\">02, 03 e 04\/02\/26: Curso de gerenciamento de \u00e1reas contaminadas<\/span><\/li><li><span class=\"a_GcMg font-feature-liga-off font-feature-clig-off font-feature-calt-off text-decoration-none text-strikethrough-none\">17, 18 e 19\/04\/26: Semana da \u00c1gua 2026<\/span><\/li><li><span class=\"a_GcMg font-feature-liga-off font-feature-clig-off font-feature-calt-off text-decoration-none text-strikethrough-none\">23\/03\/26: Curso &#8211; Instru\u00e7\u00e3o Normativa n\u00ba 09\/2026<\/span><\/li><\/ul>\t\t\t\t\t\t\t\t<\/div>\n\t\t\t\t<\/div>\n\t\t\t\t\t<\/details>\n\t\t\t\t\t\t<details id=\"e-n-accordion-item-4421\" class=\"e-n-accordion-item\" >\n\t\t\t\t<summary class=\"e-n-accordion-item-title\" data-accordion-index=\"2\" tabindex=\"-1\" aria-expanded=\"false\" aria-controls=\"e-n-accordion-item-4421\" >\n\t\t\t\t\t<span class='e-n-accordion-item-title-header'><div class=\"e-n-accordion-item-title-text\"> Capacita\u00e7\u00f5es 2025 <\/div><\/span>\n\t\t\t\t\t\t\t\t\t<\/summary>\n\t\t\t\t<div role=\"region\" aria-labelledby=\"e-n-accordion-item-4421\" class=\"elementor-element elementor-element-4cb26ca e-con-full e-flex e-con e-child\" data-id=\"4cb26ca\" data-element_type=\"container\" data-e-type=\"container\">\n\t\t\t\t<div class=\"elementor-element elementor-element-8f4b802 elementor-widget elementor-widget-text-editor\" data-id=\"8f4b802\" data-element_type=\"widget\" data-e-type=\"widget\" data-widget_type=\"text-editor.default\">\n\t\t\t\t\t\t\t\t\t<ul><li><span class=\"a_GcMg font-feature-liga-off font-feature-clig-off font-feature-calt-off text-decoration-none text-strikethrough-none\">10\/07\/25: Caracteriza\u00e7\u00e3o de Res\u00edduos de Minera\u00e7\u00e3o: Ensaios, Plano de Amostragem e Caracteriza\u00e7\u00e3o Conforme a ABNT 10004:2024<\/span><\/li><li><span class=\"a_GcMg font-feature-liga-off font-feature-clig-off font-feature-calt-off text-decoration-none text-strikethrough-none\">30\/07 a 01\/08 (Turma 1) e 04\/08 a 08\/08\/25 (Turma 2): Aerolevantamento com drones &#8211; Aeronaves Remotamente pilotadas &#8211; RPAs na Fiscaliza\u00e7\u00e3o Ambiental<\/span><\/li><li><span class=\"a_GcMg font-feature-liga-off font-feature-clig-off font-feature-calt-off text-decoration-none text-strikethrough-none\">10\/07\/25: Caracteriza\u00e7\u00e3o de Res\u00edduos de Minera\u00e7\u00e3o: Ensaios, Plano de Amostragem e Caracteriza\u00e7\u00e3o Conforme a ABNT 10004:2024<\/span><\/li><li><span class=\"a_GcMg font-feature-liga-off font-feature-clig-off font-feature-calt-off text-decoration-none text-strikethrough-none\">27\/05\/25: Julgamento itinerante da Comiss\u00e3o Julgadora de Recursos &#8211; Comjur, em parceria com a UEG<\/span><\/li><li><span class=\"a_GcMg font-feature-liga-off font-feature-clig-off font-feature-calt-off text-decoration-none text-strikethrough-none\">21\/11\/25: Sistema de Monitoramento de Res\u00edduos S\u00f3lidos, em parceria com a Abema<\/span><\/li><li><span class=\"a_GcMg font-feature-liga-off font-feature-clig-off font-feature-calt-off text-decoration-none text-strikethrough-none\">0\/04, 24\/04, 06\/05, 15\/05, 22\/05 e 29\/05\/25: Capacita\u00e7\u00e3o em comunidades aqu\u00e1ticas &#8211; limnologia<\/span><\/li><li><span class=\"a_GcMg font-feature-liga-off font-feature-clig-off font-feature-calt-off text-decoration-none text-strikethrough-none\">28 e 29\/08\/25: Gest\u00e3o ambiental municipal<\/span><\/li><li><span class=\"a_GcMg font-feature-liga-off font-feature-clig-off font-feature-calt-off text-decoration-none text-strikethrough-none\">08\/08\/25: Gest\u00e3o sustent\u00e1vel de res\u00edduos <\/span><span class=\"a_GcMg font-feature-liga-off font-feature-clig-off font-feature-calt-off text-decoration-none text-strikethrough-none\">s\u00f3lidos<\/span><\/li><li><span class=\"a_GcMg font-feature-liga-off font-feature-clig-off font-feature-calt-off text-decoration-none text-strikethrough-none\">12\/02\/2025: Descarte adequado de res\u00edduos s\u00f3lidos &#8211; capacita\u00e7\u00e3o com foco em terceirizados<\/span><\/li><\/ul>\t\t\t\t\t\t\t\t<\/div>\n\t\t\t\t<\/div>\n\t\t\t\t\t<\/details>\n\t\t\t\t\t\t<details id=\"e-n-accordion-item-4422\" class=\"e-n-accordion-item\" >\n\t\t\t\t<summary class=\"e-n-accordion-item-title\" data-accordion-index=\"3\" tabindex=\"-1\" aria-expanded=\"false\" aria-controls=\"e-n-accordion-item-4422\" >\n\t\t\t\t\t<span class='e-n-accordion-item-title-header'><div class=\"e-n-accordion-item-title-text\"> Not\u00edcias <\/div><\/span>\n\t\t\t\t\t\t\t\t\t<\/summary>\n\t\t\t\t<div role=\"region\" aria-labelledby=\"e-n-accordion-item-4422\" class=\"elementor-element elementor-element-b1fff47 e-con-full e-flex e-con e-child\" data-id=\"b1fff47\" data-element_type=\"container\" data-e-type=\"container\">\n\t\t\t\t<div class=\"elementor-element elementor-element-a2ca1ff elementor-widget elementor-widget-text-editor\" data-id=\"a2ca1ff\" data-element_type=\"widget\" data-e-type=\"widget\" data-widget_type=\"text-editor.default\">\n\t\t\t\t\t\t\t\t\t<ul><li><a href=\"https:\/\/agenciacoradenoticias.go.gov.br\/goiania-recebe-curso-sobre-licenciamento-de-aterros-sanitarios\/\" target=\"_blank\" rel=\"noopener\">Goi\u00e2nia recebe curso sobre licenciamento de aterros sanit\u00e1rios<\/a><\/li><li><a href=\"https:\/\/agencia.go.gov.br\/semad-capacita-representantes-de-municipios-goianos-sobre-icms-ecologico\/\" target=\"_blank\" rel=\"noopener\">Semad capacita representantes de munic\u00edpios goianos sobre ICMS Ecol\u00f3gico<\/a><\/li><li><a href=\"https:\/\/agenciacoradenoticias.go.gov.br\/corpo-de-bombeiros-participa-do-4o-curso-de-fiscalizacao-ambiental\/\" target=\"_blank\" rel=\"noopener\">Bombeiros participam do 4\u00ba Curso de Fiscaliza\u00e7\u00e3o Ambiental<\/a><\/li><\/ul>\t\t\t\t\t\t\t\t<\/div>\n\t\t\t\t<\/div>\n\t\t\t\t\t<\/details>\n\t\t\t\t\t<\/div>\n\t\t\t\t\t\t<\/div>\n\t\t\t\t\t<\/div>\n\t\t\t\t<\/div>\n\t\t<div class=\"elementor-element elementor-element-08b73d5 e-flex e-con-boxed e-con e-parent\" data-id=\"08b73d5\" data-element_type=\"container\" data-e-type=\"container\">\n\t\t\t\t\t<div class=\"e-con-inner\">\n\t\t<div class=\"elementor-element elementor-element-da37a38 e-con-full e-flex e-con e-child\" data-id=\"da37a38\" data-element_type=\"container\" data-e-type=\"container\">\n\t\t\t\t<div class=\"elementor-element elementor-element-49f8a8b elementor-view-default elementor-widget elementor-widget-icon\" data-id=\"49f8a8b\" data-element_type=\"widget\" data-e-type=\"widget\" data-widget_type=\"icon.default\">\n\t\t\t\t\t\t\t<div class=\"elementor-icon-wrapper\">\n\t\t\t<a class=\"elementor-icon\" href=\"https:\/\/open.spotify.com\/episode\/0bXM6O4DsfoTqEUNv0crKI\" target=\"_blank\">\n\t\t\t<svg aria-hidden=\"true\" class=\"e-font-icon-svg e-fab-spotify\" viewBox=\"0 0 496 512\" xmlns=\"http:\/\/www.w3.org\/2000\/svg\"><path d=\"M248 8C111.1 8 0 119.1 0 256s111.1 248 248 248 248-111.1 248-248S384.9 8 248 8zm100.7 364.9c-4.2 0-6.8-1.3-10.7-3.6-62.4-37.6-135-39.2-206.7-24.5-3.9 1-9 2.6-11.9 2.6-9.7 0-15.8-7.7-15.8-15.8 0-10.3 6.1-15.2 13.6-16.8 81.9-18.1 165.6-16.5 237 26.2 6.1 3.9 9.7 7.4 9.7 16.5s-7.1 15.4-15.2 15.4zm26.9-65.6c-5.2 0-8.7-2.3-12.3-4.2-62.5-37-155.7-51.9-238.6-29.4-4.8 1.3-7.4 2.6-11.9 2.6-10.7 0-19.4-8.7-19.4-19.4s5.2-17.8 15.5-20.7c27.8-7.8 56.2-13.6 97.8-13.6 64.9 0 127.6 16.1 177 45.5 8.1 4.8 11.3 11 11.3 19.7-.1 10.8-8.5 19.5-19.4 19.5zm31-76.2c-5.2 0-8.4-1.3-12.9-3.9-71.2-42.5-198.5-52.7-280.9-29.7-3.6 1-8.1 2.6-12.9 2.6-13.2 0-23.3-10.3-23.3-23.6 0-13.6 8.4-21.3 17.4-23.9 35.2-10.3 74.6-15.2 117.5-15.2 73 0 149.5 15.2 205.4 47.8 7.8 4.5 12.9 10.7 12.9 22.6 0 13.6-11 23.3-23.2 23.3z\"><\/path><\/svg>\t\t\t<\/a>\n\t\t<\/div>\n\t\t\t\t\t\t<\/div>\n\t\t\t\t<\/div>\n\t\t<div class=\"elementor-element elementor-element-45f3bee e-con-full e-flex e-con e-child\" data-id=\"45f3bee\" data-element_type=\"container\" data-e-type=\"container\">\n\t\t\t\t<div class=\"elementor-element elementor-element-054fbea elementor-widget elementor-widget-text-editor\" data-id=\"054fbea\" data-element_type=\"widget\" data-e-type=\"widget\" data-widget_type=\"text-editor.default\">\n\t\t\t\t\t\t\t\t\t<p>Saiba mais sobre a EMAGO<\/p>\t\t\t\t\t\t\t\t<\/div>\n\t\t\t\t<\/div>\n\t\t\t\t\t<\/div>\n\t\t\t\t<\/div>\n\t\t<div class=\"elementor-element elementor-element-013903e e-flex e-con-boxed e-con e-parent\" data-id=\"013903e\" data-element_type=\"container\" data-e-type=\"container\">\n\t\t\t\t\t<div class=\"e-con-inner\">\n\t\t\t\t\t<\/div>\n\t\t\t\t<\/div>\n\t\t<div class=\"elementor-element elementor-element-8c680a5 e-flex e-con-boxed e-con e-parent\" data-id=\"8c680a5\" data-element_type=\"container\" data-e-type=\"container\">\n\t\t\t\t\t<div class=\"e-con-inner\">\n\t\t<div class=\"elementor-element elementor-element-b64e247 e-con-full e-flex e-con e-child\" data-id=\"b64e247\" data-element_type=\"container\" data-e-type=\"container\">\n\t\t\t\t<div class=\"elementor-element elementor-element-3a55912 elementor-widget elementor-widget-text-editor\" data-id=\"3a55912\" data-element_type=\"widget\" data-e-type=\"widget\" data-widget_type=\"text-editor.default\">\n\t\t\t\t\t\t\t\t\t<p>Contatos da EMAGO<br \/>escola.meioambiente@goias.gov.br<br \/>(62) 3201-5225 \/ (62) 99288-9876 (somente Whatsapp)<br \/>SEI 21145<br \/>Av. Jos\u00e9 Leandro da Cruz, 1578 \u2013 Parque Amaz\u00f4nia, Goi\u00e2nia \u2013 GO, 74843-010<\/p>\t\t\t\t\t\t\t\t<\/div>\n\t\t\t\t<\/div>\n\t\t<div class=\"elementor-element elementor-element-27c6fff e-con-full e-flex e-con e-child\" data-id=\"27c6fff\" data-element_type=\"container\" data-e-type=\"container\">\n\t\t\t\t<div class=\"elementor-element elementor-element-6085b93 elementor-widget elementor-widget-google_maps\" data-id=\"6085b93\" data-element_type=\"widget\" data-e-type=\"widget\" data-widget_type=\"google_maps.default\">\n\t\t\t\t\t\t\t<div class=\"elementor-custom-embed\">\n\t\t\t<iframe loading=\"lazy\"\n\t\t\t\t\tsrc=\"https:\/\/maps.google.com\/maps?q=Av.%20Jos%C3%A9%20Leandro%20da%20Cruz%2C%201578%20%E2%80%93%20Parque%20Amaz%C3%B4nia%2C%20Goi%C3%A2nia%20%E2%80%93%20GO%2C%2074843-010&#038;t=m&#038;z=13&#038;output=embed&#038;iwloc=near\"\n\t\t\t\t\ttitle=\"Av. Jos\u00e9 Leandro da Cruz, 1578 \u2013 Parque Amaz\u00f4nia, Goi\u00e2nia \u2013 GO, 74843-010\"\n\t\t\t\t\taria-label=\"Av. Jos\u00e9 Leandro da Cruz, 1578 \u2013 Parque Amaz\u00f4nia, Goi\u00e2nia \u2013 GO, 74843-010\"\n\t\t\t><\/iframe>\n\t\t<\/div>\n\t\t\t\t\t\t<\/div>\n\t\t\t\t<\/div>\n\t\t\t\t\t<\/div>\n\t\t\t\t<\/div>\n\t\t\t\t<\/div>\n\t\t","protected":false},"excerpt":{"rendered":"<p>A Escola de Meio Ambiente e Desenvolvimento Sustent\u00e1vel \u2013 EMAGO integra a estrutura institucional da Semad como unidade voltada \u00e0 forma\u00e7\u00e3o, ao aperfei\u00e7oamento profissional e \u00e0 gest\u00e3o do conhecimento, atuando de forma alinhada \u00e0 Pol\u00edtica Estadual de Capacita\u00e7\u00e3o e Desenvolvimento Profissional e \u00e0s diretrizes estrat\u00e9gicas do Poder Executivo Estadual. Sua atua\u00e7\u00e3o concentra-se no fortalecimento das [&hellip;]<\/p>\n","protected":false},"author":5,"featured_media":0,"parent":0,"menu_order":0,"comment_status":"closed","ping_status":"closed","template":"","meta":{"footnotes":"","_links_to":"","_links_to_target":""},"class_list":["post-29034","page","type-page","status-publish","hentry"],"rttpg_featured_image_url":null,"rttpg_author":{"display_name":"jamyscosta","author_link":"https:\/\/goias.gov.br\/meioambiente\/author\/jamyscosta\/"},"rttpg_comment":0,"rttpg_category":null,"rttpg_excerpt":"A Escola de Meio Ambiente e Desenvolvimento Sustent\u00e1vel \u2013 EMAGO integra a estrutura institucional da Semad como unidade voltada \u00e0 forma\u00e7\u00e3o, ao aperfei\u00e7oamento profissional e \u00e0 gest\u00e3o do conhecimento, atuando de forma alinhada \u00e0 Pol\u00edtica Estadual de Capacita\u00e7\u00e3o e Desenvolvimento Profissional e \u00e0s diretrizes estrat\u00e9gicas do Poder Executivo Estadual. Sua atua\u00e7\u00e3o concentra-se no fortalecimento das&hellip;","_links":{"self":[{"href":"https:\/\/goias.gov.br\/meioambiente\/wp-json\/wp\/v2\/pages\/29034","targetHints":{"allow":["GET"]}}],"collection":[{"href":"https:\/\/goias.gov.br\/meioambiente\/wp-json\/wp\/v2\/pages"}],"about":[{"href":"https:\/\/goias.gov.br\/meioambiente\/wp-json\/wp\/v2\/types\/page"}],"author":[{"embeddable":true,"href":"https:\/\/goias.gov.br\/meioambiente\/wp-json\/wp\/v2\/users\/5"}],"replies":[{"embeddable":true,"href":"https:\/\/goias.gov.br\/meioambiente\/wp-json\/wp\/v2\/comments?post=29034"}],"version-history":[{"count":2,"href":"https:\/\/goias.gov.br\/meioambiente\/wp-json\/wp\/v2\/pages\/29034\/revisions"}],"predecessor-version":[{"id":342229,"href":"https:\/\/goias.gov.br\/meioambiente\/wp-json\/wp\/v2\/pages\/29034\/revisions\/342229"}],"wp:attachment":[{"href":"https:\/\/goias.gov.br\/meioambiente\/wp-json\/wp\/v2\/media?parent=29034"}],"curies":[{"name":"wp","href":"https:\/\/api.w.org\/{rel}","templated":true}]}}