

{"id":28529,"date":"2023-11-23T09:37:26","date_gmt":"2023-11-23T12:37:26","guid":{"rendered":"https:\/\/siteshom.goias.gov.br\/meioambiente\/agenda-de-autoridades\/"},"modified":"2026-05-03T23:10:36","modified_gmt":"2026-05-04T02:10:36","slug":"agenda-de-autoridades","status":"publish","type":"page","link":"https:\/\/goias.gov.br\/meioambiente\/agenda-de-autoridades\/","title":{"rendered":"Agenda de Autoridades"},"content":{"rendered":"<p><strong style='margin-block-end: -1.8rem'><a href='https:\/\/goias.gov.br\/meioambiente\/secretaria-de-estado\/'>Secret\u00e1ria de Estado<\/a><\/strong><br \/>ANDREA VULCANIS<\/p>\n<p><strong style='margin-block-end: -1.8rem'><a href='https:\/\/goias.gov.br\/meioambiente\/chefe-de-gabinete\/'>Chefe de Gabinete<\/a><\/strong><br \/>PAULA GOMIDE NAVES GOULART<\/p>\n<p><strong style='margin-block-end: -1.8rem'><a href='https:\/\/goias.gov.br\/meioambiente\/subsecretario-de-biodiversidade-conservacao-seguranca-hidrica-e-saneamento\/'>Subsecret\u00e1rio de Biodiversidade, Conserva\u00e7\u00e3o, Seguran\u00e7a H\u00eddrica e Saneamento<\/a><\/strong><br \/>BRUNNO ALVES DE OLIVEIRA BRITO<\/p>\n<p><strong style='margin-block-end: -1.8rem'><a href='https:\/\/goias.gov.br\/meioambiente\/subsecretario-de-planejamento-gestao-ambiental-e-desenvolvimento-sustentavel\/'>Subsecret\u00e1rio de Planejamento, Gest\u00e3o Ambiental e Desenvolvimento Sustent\u00e1vel<\/a><\/strong><br \/>JOSE BENTO DA ROCHA<\/p>\n<p><strong style='margin-block-end: -1.8rem'><a href='https:\/\/goias.gov.br\/meioambiente\/subsecretario-de-licenciamento-fiscalizacao-e-controle-ambiental\/'>Subsecret\u00e1rio de Licenciamento, Fiscaliza\u00e7\u00e3o e Controle Ambiental<\/a><\/strong><br \/>ROBSON DISARZ<\/p>\n<p><strong style='margin-block-end: -1.8rem'><a href='https:\/\/goias.gov.br\/meioambiente\/chefe-da-comunicacao-setorial\/'>Chefe da Comunica\u00e7\u00e3o Setorial<\/a><\/strong><br \/>ALEXANDRE MARQUEZ BITTENCOURT<\/p>\n<p><strong style='margin-block-end: -1.8rem'><a href='https:\/\/goias.gov.br\/meioambiente\/chefe-do-escritorio-de-projetos-setorial\/'>Chefe do Escrit\u00f3rio de Projetos Setorial<\/a><\/strong><br \/>THAYS BENICIO LEANDRO<\/p>\n<p><strong style='margin-block-end: -1.8rem'><a href='https:\/\/goias.gov.br\/meioambiente\/chefe-da-procuradoria-setorial\/'>Chefe da Procuradoria Setorial<\/a><\/strong><br \/>VITOR RODRIGUES SAMPAIO BARBOSA<\/p>\n<p><strong style='margin-block-end: -1.8rem'><a href='https:\/\/goias.gov.br\/meioambiente\/superintendente-de-gestao-integrada\/'>Superintendente de Gest\u00e3o Integrada<\/a><\/strong><br \/>DANIELLE MARTINS DA COSTA<\/p>\n<p><strong style='margin-block-end: -1.8rem'><a href='https:\/\/goias.gov.br\/meioambiente\/superintendente-de-planejamento-formulacao-e-gestao-ambiental\/'>Superintendente de Planejamento, Formula\u00e7\u00e3o e Gest\u00e3o Ambiental<\/a><\/strong><br \/>NATALIA CRISTINA LINO<\/p>\n<p><strong style='margin-block-end: -1.8rem'><a href='https:\/\/goias.gov.br\/meioambiente\/superintendencia-de-desenvolvimento-sustentavel-e-residuos-solidos\/'>Superintend\u00eancia de Desenvolvimento Sustent\u00e1vel e Res\u00edduos S\u00f3lidos<\/a><\/strong><br \/>KAOARA BATISTA DE SA<\/p>\n<p><strong style='margin-block-end: -1.8rem'><a href='https:\/\/goias.gov.br\/meioambiente\/superintendente-de-fiscalizacao-e-controle-ambiental\/'>Superintendente de Fiscaliza\u00e7\u00e3o e Controle Ambiental<\/a><\/strong><br \/>MARCELO MARTINES SALES<\/p>\n<p><strong style='margin-block-end: -1.8rem'><a href='https:\/\/goias.gov.br\/meioambiente\/superintendente-de-licenciamento-ambiental\/'>Superintendente de Licenciamento Ambiental<\/a><\/strong><br \/>IALDO ORAQUE DE QUEIROZ<\/p>\n<p><strong style='margin-block-end: -1.8rem'><a href='https:\/\/goias.gov.br\/meioambiente\/superintendente-de-unidades-de-conservacao-biodiversidade-e-regularizacao-ambiental\/'>Superintendente de Unidades de Conserva\u00e7\u00e3o, Biodiversidade e Regulariza\u00e7\u00e3o Ambiental<\/a><\/strong><br \/>ZILMA ALVES MAIA<\/p>\n<p><strong style='margin-block-end: -1.8rem'><a href='https:\/\/goias.gov.br\/meioambiente\/superintendente-de-recursos-hidricos-e-informacoes-ambientais\/'>Superintendente de Recursos H\u00eddricos e Informa\u00e7\u00f5es Ambientais<\/a><\/strong><br \/>ALAN MOSELE TONIN<\/p>\n<p><strong style='margin-block-end: -1.8rem'><a href='https:\/\/goias.gov.br\/meioambiente\/superintendencia-de-gestao-ambiental\/'>Superintend\u00eancia de Gest\u00e3o Ambiental<\/a><\/strong><br \/>LEONARDO SERPA SCHALLENBERGER<\/p>\n","protected":false},"excerpt":{"rendered":"<p>Secret\u00e1ria de EstadoANDREA VULCANIS Chefe de GabinetePAULA GOMIDE NAVES GOULART Subsecret\u00e1rio de Biodiversidade, Conserva\u00e7\u00e3o, Seguran\u00e7a H\u00eddrica e SaneamentoBRUNNO ALVES DE OLIVEIRA BRITO Subsecret\u00e1rio de Planejamento, Gest\u00e3o Ambiental e Desenvolvimento Sustent\u00e1velJOSE BENTO DA ROCHA Subsecret\u00e1rio de Licenciamento, Fiscaliza\u00e7\u00e3o e Controle AmbientalROBSON DISARZ Chefe da Comunica\u00e7\u00e3o SetorialALEXANDRE MARQUEZ BITTENCOURT Chefe do Escrit\u00f3rio de Projetos SetorialTHAYS BENICIO LEANDRO [&hellip;]<\/p>\n","protected":false},"author":33,"featured_media":0,"parent":0,"menu_order":0,"comment_status":"closed","ping_status":"closed","template":"","meta":{"footnotes":"","_links_to":"","_links_to_target":""},"class_list":["post-28529","page","type-page","status-publish","hentry"],"rttpg_featured_image_url":null,"rttpg_author":{"display_name":"ricardocosta","author_link":"https:\/\/goias.gov.br\/meioambiente\/author\/ricardocosta\/"},"rttpg_comment":0,"rttpg_category":null,"rttpg_excerpt":"Secret\u00e1ria de EstadoANDREA VULCANIS Chefe de GabinetePAULA GOMIDE NAVES GOULART Subsecret\u00e1rio de Biodiversidade, Conserva\u00e7\u00e3o, Seguran\u00e7a H\u00eddrica e SaneamentoBRUNNO ALVES DE OLIVEIRA BRITO Subsecret\u00e1rio de Planejamento, Gest\u00e3o Ambiental e Desenvolvimento Sustent\u00e1velJOSE BENTO DA ROCHA Subsecret\u00e1rio de Licenciamento, Fiscaliza\u00e7\u00e3o e Controle AmbientalROBSON DISARZ Chefe da Comunica\u00e7\u00e3o SetorialALEXANDRE MARQUEZ BITTENCOURT Chefe do Escrit\u00f3rio de Projetos SetorialTHAYS BENICIO LEANDRO&hellip;","_links":{"self":[{"href":"https:\/\/goias.gov.br\/meioambiente\/wp-json\/wp\/v2\/pages\/28529","targetHints":{"allow":["GET"]}}],"collection":[{"href":"https:\/\/goias.gov.br\/meioambiente\/wp-json\/wp\/v2\/pages"}],"about":[{"href":"https:\/\/goias.gov.br\/meioambiente\/wp-json\/wp\/v2\/types\/page"}],"author":[{"embeddable":true,"href":"https:\/\/goias.gov.br\/meioambiente\/wp-json\/wp\/v2\/users\/33"}],"replies":[{"embeddable":true,"href":"https:\/\/goias.gov.br\/meioambiente\/wp-json\/wp\/v2\/comments?post=28529"}],"version-history":[{"count":2,"href":"https:\/\/goias.gov.br\/meioambiente\/wp-json\/wp\/v2\/pages\/28529\/revisions"}],"predecessor-version":[{"id":341715,"href":"https:\/\/goias.gov.br\/meioambiente\/wp-json\/wp\/v2\/pages\/28529\/revisions\/341715"}],"wp:attachment":[{"href":"https:\/\/goias.gov.br\/meioambiente\/wp-json\/wp\/v2\/media?parent=28529"}],"curies":[{"name":"wp","href":"https:\/\/api.w.org\/{rel}","templated":true}]}}