

{"id":28405,"date":"2023-11-17T15:41:18","date_gmt":"2023-11-17T18:41:18","guid":{"rendered":"https:\/\/siteshom.goias.gov.br\/meioambiente\/?page_id=28405"},"modified":"2026-03-06T13:43:24","modified_gmt":"2026-03-06T16:43:24","slug":"outorga","status":"publish","type":"page","link":"https:\/\/goias.gov.br\/meioambiente\/outorga\/","title":{"rendered":"Outorga"},"content":{"rendered":"\t\t<div data-elementor-type=\"wp-page\" data-elementor-id=\"28405\" class=\"elementor elementor-28405\">\n\t\t\t\t<div class=\"elementor-element elementor-element-b922cd8 e-flex e-con-boxed e-con e-parent\" data-id=\"b922cd8\" data-element_type=\"container\" data-e-type=\"container\">\n\t\t\t\t\t<div class=\"e-con-inner\">\n\t\t\t\t<div class=\"elementor-element elementor-element-55ce15c elementor-widget elementor-widget-heading\" data-id=\"55ce15c\" data-element_type=\"widget\" data-e-type=\"widget\" data-widget_type=\"heading.default\">\n\t\t\t\t\t<h2 class=\"elementor-heading-title elementor-size-default\">Outorga do uso da \u00e1gua\n<\/h2>\t\t\t\t<\/div>\n\t\t\t\t\t<\/div>\n\t\t\t\t<\/div>\n\t\t<div class=\"elementor-element elementor-element-3c22b2f e-flex e-con-boxed e-con e-parent\" data-id=\"3c22b2f\" data-element_type=\"container\" data-e-type=\"container\">\n\t\t\t\t\t<div class=\"e-con-inner\">\n\t\t<div class=\"elementor-element elementor-element-1404a33 e-con-full e-flex e-con e-child\" data-id=\"1404a33\" data-element_type=\"container\" data-e-type=\"container\">\n\t\t\t\t<div class=\"elementor-element elementor-element-0cc8e36 elementor-widget elementor-widget-shortcode\" data-id=\"0cc8e36\" data-element_type=\"widget\" data-e-type=\"widget\" data-widget_type=\"shortcode.default\">\n\t\t\t\t\t\t\t<div class=\"elementor-shortcode\"><div data-post-id=\"24740\" class=\"insert-page insert-page-24740 \"><p class=\"nomargintop\">A \u00e1gua \u00e9 um recurso natural e limitado, imprescind\u00edvel \u00e0 vida e a todas as atividades exercidas pelo homem. Ela precisa ser gerida de forma racional, com planejamento, de forma articulada, pensando no uso m\u00faltiplo, fazendo com que todos tenham acesso a ela, em quantidade e qualidade necess\u00e1rios \u00e0s suas atividades, e inclusive para que se possa garantir, em caso de escassez, os usos priorit\u00e1rios.<\/p>\n<p>A outorga de direito de uso de recursos h\u00eddricos \u00e9 um dos instrumentos da Pol\u00edtica Nacional de Recursos H\u00eddricos, <a href=\"http:\/\/www.planalto.gov.br\/ccivil_03\/leis\/l9433.htm\">Lei Federal n\u00ba 9.433, de 08 de janeiro de 1997<\/a>. Esse instrumento tem como objetivo assegurar o controle quantitativo e qualitativo dos usos da \u00e1gua e o efetivo exerc\u00edcio dos direitos de acesso aos recursos h\u00eddricos. E o\u00a0direito de uso da \u00e1gua n\u00e3o significa que o usu\u00e1rio seja o propriet\u00e1rio ou que ocorra aliena\u00e7\u00e3o desse recurso.<\/p>\n<p style=\"text-align: left;\"><a href=\"https:\/\/goias.gov.br\/meioambiente\/legislacao-de-recursos-hidricos\/\">Conhe\u00e7a a legisla\u00e7\u00e3o referente a gest\u00e3o dos recursos h\u00eddricos do Estado<\/a><\/p>\n<h2 class=\"h4\">Quais usos\u00a0precisam\u00a0de outorga<\/h2>\n<ul>\n<li>A deriva\u00e7\u00e3o ou capta\u00e7\u00e3o de parcela da \u00e1gua existente em um corpo d&#8217;\u00e1gua para consumo final, inclusive abastecimento p\u00fablico, ou insumo de processo produtivo;<\/li>\n<li>A extra\u00e7\u00e3o de \u00e1gua de aq\u00fc\u00edfero subterr\u00e2neo para consumo final ou insumo de processo produtivo;<\/li>\n<li>Lan\u00e7amento em corpo de \u00e1gua de esgotos e demais res\u00edduos l\u00edquidos ou gasosos, tratados ou n\u00e3o, com o fim de sua dilui\u00e7\u00e3o, transporte ou disposi\u00e7\u00e3o final;<\/li>\n<li>Uso de recursos h\u00eddricos com fins de aproveitamento dos potenciais hidrel\u00e9tricos;<\/li>\n<li>Outros usos que alterem o regime, a quantidade ou a qualidade da \u00e1gua existente em um corpo de \u00e1gua.<\/li>\n<\/ul>\n<h3 class=\"h6\">Como solicitar a outorga<\/h3>\n<ol>\n<li><strong><strong>A solicita\u00e7\u00e3o de outorga dever\u00e1 ser feita pelo Sistema Veredas<br \/><\/strong><\/strong><a href=\"https:\/\/portal.meioambiente.go.gov.br\/veredas\/inicio.mago\"><img decoding=\"async\" class=\"\" src=\"https:\/\/goias.gov.br\/meioambiente\/wp-content\/uploads\/sites\/33\/2025\/09\/Veredas.jpg\" width=\"245\" height=\"77\" \/><\/a><\/li>\n<li>Solicita\u00e7\u00e3o para os Usu\u00e1rios da Bacia Hidrogr\u00e1fica do Rio S\u00e3o Marcos* Apenas para a regulariza\u00e7\u00e3o dos usos da \u00e1gua que independem de outorga para os usu\u00e1rios da Bacia Hidrogr\u00e1fica do Alto Rio S\u00e3o Marcos, cujas vaz\u00f5es m\u00e9dias di\u00e1rias de capta\u00e7\u00e3o sejam de at\u00e9 1 L\/s (86.400 L\/dia).<\/li>\n<li>Os normativos\u00a0<\/li>\n<li><strong style=\"font-size: revert; color: initial;\">Instru\u00e7\u00e3o<\/strong> <strong style=\"font-size: revert; color: initial;\">Normativa<\/strong><span style=\"font-size: revert; color: initial;\"><span style=\"font-size: revert; color: initial;\"> que trata dos procedimentos para a solicita\u00e7\u00e3o de an\u00e1lise priorit\u00e1ria dos requerimentos de outorga de direito de uso dos recursos h\u00eddricos.<\/span><\/span>IN 04\/2023\u00a0<a style=\"font-size: revert;\" href=\"https:\/\/goias.gov.br\/meioambiente\/wp-content\/uploads\/sites\/33\/2016\/01\/IN4-2023-5a1.pdf\">AQUI<\/a><br \/>Formul\u00e1rio de Requerimento <a style=\"font-size: revert;\" href=\"https:\/\/goias.gov.br\/meioambiente\/wp-content\/uploads\/sites\/33\/2016\/01\/Form_IN4__Prioridades-3bb.pdf\" target=\"_blank\" rel=\"noopener\">AQUI<\/a><br \/>Planilha de Requerimento de Prioriza\u00e7\u00e3o na An\u00e1lise de Outorga <a style=\"font-size: revert;\" href=\"https:\/\/goias.gov.br\/meioambiente\/wp-content\/uploads\/sites\/33\/2016\/01\/PLANILHA_PRIORIZACAO-13f.xlsx\">AQUI<\/a><\/li>\n<\/ol>\n\n\n<h3 class=\"wp-block-heading\">Painel de Acompanhamento de Dispensas e Outorgas<\/h3>\n\n\n\n<ol class=\"wp-block-list\">\n<li><strong>Portal SIRHGO<\/strong>: <a href=\"https:\/\/portal.meioambiente.go.gov.br\/transparencia-web\/sirhgo\">https:\/\/portal.meioambiente.go.gov.br\/transparencia-web\/sirhgo<\/a><\/li>\n\n\n\n<li><strong>Usos Outorgados e Dispensa &#8211; SIGA<\/strong>: <a href=\"https:\/\/siga.meioambiente.go.gov.br\/catalogue\/#\/?d=1528%3Bdataset\">https:\/\/siga.meioambiente.go.gov.br\/catalogue\/#\/?d=1528%3Bdataset<\/a><\/li>\n<\/ol>\n\n\n\n<div style=\"max-width: 100%; overflow-x: auto;\">\n  <iframe \n    src=\"https:\/\/portal.meioambiente.go.gov.br\/portal\/exibirPainelBITransparencia.mago?reportId=26f3cc07-0a08-4e55-9343-b1c6249a7b4a\" \n    width=\"100%\" \n    height=\"650\" \n    frameborder=\"0\"\n    scrolling=\"no\" \n    allowfullscreen>\n  <\/iframe>\n<\/div>\n<\/div><\/div>\n\t\t\t\t\t\t<\/div>\n\t\t\t\t<\/div>\n\t\t<div class=\"elementor-element elementor-element-374d7b7 e-con-full e-flex e-con e-child\" data-id=\"374d7b7\" data-element_type=\"container\" data-e-type=\"container\">\n\t\t\t\t<div class=\"elementor-element elementor-element-fe26955 elementor-widget elementor-widget-shortcode\" data-id=\"fe26955\" data-element_type=\"widget\" data-e-type=\"widget\" data-widget_type=\"shortcode.default\">\n\t\t\t\t\t\t\t<div class=\"elementor-shortcode\"><div data-post-id=\"23962\" class=\"insert-page insert-page-23962 \"><h1 class='insert-page-title'>Orienta\u00e7\u00f5es e manuais<\/h1>\n<ul class=\"wp-block-list\">\n<li><strong>Manual Sistema Web Outorga<\/strong>\n<ul class=\"wp-block-list\">\n<li><a href=\"https:\/\/goias.gov.br\/meioambiente\/wp-content\/uploads\/sites\/33\/2015\/05\/1Manual_Web_Outorga_Parte_I-2e4.pdf\" target=\"_blank\" rel=\"noopener\">Parte I &#8211; Cadastro de usu\u00e1rios<\/a><\/li>\n\n\n\n<li><a href=\"https:\/\/goias.gov.br\/meioambiente\/wp-content\/uploads\/sites\/33\/2015\/05\/2Manual_Web_Outorga_Parte_II-40e.pdf\" target=\"_blank\" rel=\"noopener\">Parte II &#8211; Declara\u00e7\u00f5es de Uso\u200b<\/a><\/li>\n\n\n\n<li><a href=\"https:\/\/goias.gov.br\/meioambiente\/wp-content\/uploads\/sites\/33\/2015\/05\/3Manual_Web_Outorga_Parte_III-eeb.pdf\" target=\"_blank\" rel=\"noopener\">Parte III &#8211; Processos<\/a><\/li>\n<\/ul>\n<\/li>\n<\/ul>\n\n\n\n<p><\/p>\n\n\n\n<ul class=\"wp-block-list\">\n<li><a href=\"https:\/\/goias.gov.br\/meioambiente\/wp-content\/uploads\/sites\/33\/2025\/09\/Requerimento-Basico-Empreendimentos-Hidreletricos-Instrucoes.pdf\">Empreendimentos Hidrel\u00e9tricos &#8211; Requerimento B\u00e1sico (Julho 2025)<\/a><\/li>\n\n\n\n<li><a href=\"https:\/\/goias.gov.br\/meioambiente\/wp-content\/uploads\/sites\/33\/2024\/07\/SEI_61848724_Nota_Tecnica_3_BHO_SEMAD_v1.pdf\" data-type=\"link\" data-id=\"https:\/\/goias.gov.br\/meioambiente\/wp-content\/uploads\/sites\/33\/2024\/07\/SEI_61848724_Nota_Tecnica_3_BHO_SEMAD_v1.pdf\">Nota t\u00e9cnica 03\/2024 &#8211; SEMAD\/GEURH: Apresenta a nova Base Hidrogr\u00e1fica Ottocodificada \u2013 BHO consistida para Goi\u00e1s<\/a><\/li>\n\n\n\n<li><a href=\"https:\/\/goias.gov.br\/meioambiente\/wp-content\/uploads\/sites\/33\/2025\/04\/DAC_diario_oficial_2024_02_21_pag_3.pdf\">Declara\u00e7\u00e3o de \u00c1rea Cr\u00edtica da Bacia Hidrogr\u00e1fica do Ribeir\u00e3o Arrozal (Di\u00e1rio Oficial)<\/a><\/li>\n\n\n\n<li><a href=\"https:\/\/goias.gov.br\/meioambiente\/wp-content\/uploads\/sites\/33\/2025\/04\/DAC-ARROZAL.pdf\">Parecer T\u00e9cnico de Declara\u00e7\u00e3o de \u00c1rea Cr\u00edtica &#8211; Bacia Arrozal (Parecer)<\/a><\/li>\n\n\n\n<li><a href=\"https:\/\/goias.gov.br\/meioambiente\/wp-content\/uploads\/sites\/33\/2024\/05\/Prorrogacao_prazo_DRDH.pdf\" data-type=\"attachment\" data-id=\"30011\">Prorroga\u00e7\u00e3o de prazo \u2013 DRDH<\/a><\/li>\n\n\n\n<li><a href=\"https:\/\/diariooficial.abc.go.gov.br\/portal\/visualizacoes\/pdf\/5513\/#\/p:5\/e:5513\">IN5 \u2013 Procedimento e documentos necess\u00e1rios para pedidos de outorga<\/a><b id=\"docs-internal-guid-f7e91e05-7fff-983f-5860-1a9fcdd5be43\"><\/b><\/li>\n\n\n\n<li><a href=\"https:\/\/goias.gov.br\/meioambiente\/wp-content\/uploads\/sites\/33\/2015\/05\/Decl_conf_resp_tecnica-384.doc\" target=\"_blank\" rel=\"noopener\">Declara\u00e7\u00e3o de conformidade e responsabilidade t\u00e9cnica<\/a><\/li>\n\n\n\n<li><a href=\"https:\/\/goias.gov.br\/meioambiente\/wp-content\/uploads\/sites\/33\/2015\/05\/Form_Recurso_indeferimento_v2-131.odt\" target=\"_blank\" rel=\"noopener\">Formul\u00e1rio de recurso ao indeferimento<\/a><\/li>\n\n\n\n<li><strong><a href=\"https:\/\/goias.gov.br\/meioambiente\/wp-content\/uploads\/sites\/33\/2024\/08\/Manual-de-uso-da-BHO-e-Planilhas-de-apoio.pdf\" target=\"_blank\" data-type=\"link\" data-id=\"https:\/\/goias.gov.br\/meioambiente\/wp-content\/uploads\/sites\/33\/2024\/08\/Manual-de-uso-da-BHO-e-Planilhas-de-apoio.pdf\" rel=\"noreferrer noopener\">Manual de uso das planilhas de barragem e balan\u00e7o h\u00eddrico<\/a><\/strong><\/li>\n\n\n\n<li><strong><a href=\"https:\/\/goias.gov.br\/meioambiente\/wp-content\/uploads\/sites\/33\/2024\/09\/Planilha-Modelo-Balanco-Hidrico-Sazonal.ods\" data-type=\"link\" data-id=\"https:\/\/goias.gov.br\/meioambiente\/wp-content\/uploads\/sites\/33\/2024\/09\/Planilha-Modelo-Balanco-Hidrico-Sazonal.ods\">Planilha Modelo Balan\u00e7o H\u00eddrico Sazonal<\/a><\/strong><\/li>\n\n\n\n<li><strong><a href=\"https:\/\/goias.gov.br\/meioambiente\/wp-content\/uploads\/sites\/33\/2024\/09\/Planilha-de-Calculo-de-Vazoes-Barramento.ods\" data-type=\"link\" data-id=\"https:\/\/goias.gov.br\/meioambiente\/wp-content\/uploads\/sites\/33\/2024\/09\/Planilha-de-Calculo-de-Vazoes-Barramento.ods\">Planilha de C\u00e1lculo de Vaz\u00f5es &#8211; Barramento<\/a><\/strong><\/li>\n\n\n\n<li><a href=\"https:\/\/goias.gov.br\/meioambiente\/wp-content\/uploads\/sites\/33\/2015\/05\/manual_tecnico_de_outorga_versao_01-5f0.pdf\">Manual T\u00e9cnico de Outorga<\/a><\/li>\n\n\n\n<li><a href=\"https:\/\/goias.gov.br\/meioambiente\/wp-content\/uploads\/sites\/33\/2015\/05\/Tutorial_Calculo_Vazao-480.pdf\">Passo a Passo Planilha de C\u00e1lculo de Vaz\u00f5es (Capta\u00e7\u00e3o em Acumula\u00e7\u00e3o \/ Barramento)&nbsp;<\/a><\/li>\n\n\n\n<li><a href=\"https:\/\/goias.gov.br\/meioambiente\/wp-content\/uploads\/sites\/33\/2015\/05\/manual-paratamponamento-secima-c28.pdf\">Manual para tamponamento<\/a><\/li>\n\n\n\n<li><a href=\"https:\/\/goias.gov.br\/meioambiente\/wp-content\/uploads\/sites\/33\/2015\/05\/nota-tecnica-01_2017-gou-3ff.pdf\" target=\"_blank\" rel=\"noopener\">Nota t\u00e9cnica&nbsp;referente a processos de salvamento de cana (NOTA T\u00c9CNICA 01\/2017)<\/a><\/li>\n\n\n\n<li><a href=\"https:\/\/goias.gov.br\/meioambiente\/wp-content\/uploads\/sites\/33\/2015\/05\/nota-tecnica-012013-e97.pdf\" target=\"_blank\" rel=\"noopener\">Nota T\u00e9cnica sobre Detalhamento dos c\u00e1lculos b\u00e1sicos para an\u00e1lise de processos de irriga\u00e7\u00e3o (NOTA T\u00c9CNICA 01\/2013)<\/a><\/li>\n\n\n\n<li><a href=\"https:\/\/goias.gov.br\/meioambiente\/wp-content\/uploads\/sites\/33\/2015\/05\/texto-sobre-sirgas-24a.pdf\" target=\"_blank\" rel=\"noopener\">Uso de coordenadas Geogr\u00e1ficas para Processos de Outorga &#8211; SIRGA<\/a><\/li>\n<\/ul>\n<ul class='post-meta'>\n<li><span class='post-meta-key'>tpg-post-view-count:<\/span> 1501<\/li>\n<li><span class='post-meta-key'>footnotes:<\/span> <\/li>\n<li><span class='post-meta-key'>rank_math_internal_links_processed:<\/span> 1<\/li>\n<\/ul>\n<\/div><\/div>\n\t\t\t\t\t\t<\/div>\n\t\t\t\t<div class=\"elementor-element elementor-element-85d4168 elementor-widget elementor-widget-shortcode\" data-id=\"85d4168\" data-element_type=\"widget\" data-e-type=\"widget\" data-widget_type=\"shortcode.default\">\n\t\t\t\t\t\t\t<div class=\"elementor-shortcode\"><div data-post-id=\"24796\" class=\"insert-page insert-page-24796 \"><h1><a href=\"https:\/\/goias.gov.br\/meioambiente\/duvidas-frequentes\/\">D\u00favidas Frequentes<\/a><\/h1>\n\t\t\t\t\t\t\t<p>Confira o nosso FAQ para esclarecer d\u00favidas sobre pedidos de outorga do uso de \u00e1gua, como preencher o formul\u00e1rio de requisi\u00e7\u00e3o e como acompanhar o seu processo.<\/p>\n<\/div><\/div>\n\t\t\t\t\t\t<\/div>\n\t\t\t\t<div class=\"elementor-element elementor-element-c6deb77 elementor-align-center elementor-widget elementor-widget-button\" data-id=\"c6deb77\" data-element_type=\"widget\" data-e-type=\"widget\" data-widget_type=\"button.default\">\n\t\t\t\t\t\t\t\t\t\t<a class=\"elementor-button elementor-button-link elementor-size-sm\" href=\"\/meioambiente\/duvidas-frequentes\/\">\n\t\t\t\t\t\t<span class=\"elementor-button-content-wrapper\">\n\t\t\t\t\t\t\t\t\t<span class=\"elementor-button-text\">Confira o nosso FAQ e tire suas d\u00favidas<\/span>\n\t\t\t\t\t<\/span>\n\t\t\t\t\t<\/a>\n\t\t\t\t\t\t\t\t<\/div>\n\t\t\t\t<div class=\"elementor-element elementor-element-e28446b elementor-widget elementor-widget-shortcode\" data-id=\"e28446b\" data-element_type=\"widget\" data-e-type=\"widget\" data-widget_type=\"shortcode.default\">\n\t\t\t\t\t\t\t<div class=\"elementor-shortcode\"><div data-post-id=\"24717\" class=\"insert-page insert-page-24717 \"><h1 class='insert-page-title'>Fale com a Ger\u00eancia de Outorga<\/h1><p><strong>Ger\u00eancia de Outorga de Recursos H\u00eddricos \u2013 GEOUT<\/strong><br \/>\nRespons\u00e1vel: Guilherme Matheus Coelho de Lemos<br \/>\n<a href=\"mailto:outorga.meioambiente@goias.gov.br\">outorga.meioambiente@goias.gov.br<\/a><br \/>\n(62) 9 8425-9666 | (62) 3265-1309<br \/>\nTelegram:\u00a0<a href=\"https:\/\/t.me\/joinchat\/YaaMpektesJkYmEx\">https:\/\/t.me\/joinchat\/YaaMpektesJkYmEx<\/a><br \/>\nAv. Jos\u00e9 Leandro da Cruz, 1578 \u2013 Parque Amaz\u00f4nia, Goi\u00e2nia \u2013 GO, 74843-010<\/p>\n<ul class='post-meta'>\n<li><span class='post-meta-key'>tpg-post-view-count:<\/span> 355<\/li>\n<li><span class='post-meta-key'>rank_math_internal_links_processed:<\/span> 1<\/li>\n<\/ul>\n<\/div><\/div>\n\t\t\t\t\t\t<\/div>\n\t\t\t\t<div class=\"elementor-element elementor-element-a007acf elementor-widget elementor-widget-shortcode\" data-id=\"a007acf\" data-element_type=\"widget\" data-e-type=\"widget\" data-widget_type=\"shortcode.default\">\n\t\t\t\t\t\t\t<div class=\"elementor-shortcode\"><div data-post-id=\"17305\" class=\"insert-page insert-page-17305 \"><h1><a href=\"https:\/\/goias.gov.br\/meioambiente\/outorga-emitidas-e-declaracoes-de-dispensa\/\">Atos Autorizativos &#8211; Portarias de Outorgas e Registro de Uso Insignificante<\/a><\/h1>\n\t\t\t\t\t\t\t<p>sa<\/p>\n<div>\n<ul>\t<\/p>\n<li>As autoriza\u00e7\u00f5es dos pedidos de outorga s\u00e3o emitidos por portaria e declara\u00e7\u00f5es de dispensa de outorga.<\/li>\n<\/ul>\n<ul>\n<li>As outorgas e declara\u00e7\u00f5es de isen\u00e7\u00e3o ou dispensa da outorga tamb\u00e9m est\u00e3o listadas por ano, entre 2006 e 2019.<\/li>\n<\/ul>\n<ul>\n<li>As demais portarias de outorga e certificados podem ser obtidos no Portal Transpar\u00eancia Ambiental (<strong>https:\/\/portal.meioambiente.go.gov.br\/transparencia-web\/informacoes<\/strong>)<\/li>\n<\/ul>\n<\/div>\n<\/div><\/div>\n\t\t\t\t\t\t<\/div>\n\t\t\t\t<div class=\"elementor-element elementor-element-497d3cf elementor-align-center elementor-widget elementor-widget-button\" data-id=\"497d3cf\" data-element_type=\"widget\" data-e-type=\"widget\" data-widget_type=\"button.default\">\n\t\t\t\t\t\t\t\t\t\t<a class=\"elementor-button elementor-button-link elementor-size-sm\" href=\"\/meioambiente\/outorga-emitidas-e-declaracoes-de-dispensa\/\">\n\t\t\t\t\t\t<span class=\"elementor-button-content-wrapper\">\n\t\t\t\t\t\t\t\t\t<span class=\"elementor-button-text\">Acesse as Outorgas emitidas e as Declara\u00e7\u00f5es de dispensa<\/span>\n\t\t\t\t\t<\/span>\n\t\t\t\t\t<\/a>\n\t\t\t\t\t\t\t\t<\/div>\n\t\t\t\t<\/div>\n\t\t\t\t\t<\/div>\n\t\t\t\t<\/div>\n\t\t\t\t<\/div>\n\t\t","protected":false},"excerpt":{"rendered":"<p>Outorga do uso da \u00e1gua Confira o nosso FAQ e tire suas d\u00favidas Acesse as Outorgas emitidas e as Declara\u00e7\u00f5es de dispensa<\/p>\n","protected":false},"author":7,"featured_media":0,"parent":0,"menu_order":0,"comment_status":"closed","ping_status":"closed","template":"wppb_theme_template","meta":{"footnotes":"","_links_to":"","_links_to_target":""},"class_list":["post-28405","page","type-page","status-publish","hentry"],"rttpg_featured_image_url":null,"rttpg_author":{"display_name":"gustavogoncalves","author_link":"https:\/\/goias.gov.br\/meioambiente\/author\/gustavogoncalves\/"},"rttpg_comment":0,"rttpg_category":"","rttpg_excerpt":"Outorga do uso da \u00e1gua Confira o nosso FAQ e tire suas d\u00favidas Acesse as Outorgas emitidas e as Declara\u00e7\u00f5es de dispensa","_links":{"self":[{"href":"https:\/\/goias.gov.br\/meioambiente\/wp-json\/wp\/v2\/pages\/28405","targetHints":{"allow":["GET"]}}],"collection":[{"href":"https:\/\/goias.gov.br\/meioambiente\/wp-json\/wp\/v2\/pages"}],"about":[{"href":"https:\/\/goias.gov.br\/meioambiente\/wp-json\/wp\/v2\/types\/page"}],"author":[{"embeddable":true,"href":"https:\/\/goias.gov.br\/meioambiente\/wp-json\/wp\/v2\/users\/7"}],"replies":[{"embeddable":true,"href":"https:\/\/goias.gov.br\/meioambiente\/wp-json\/wp\/v2\/comments?post=28405"}],"version-history":[{"count":2,"href":"https:\/\/goias.gov.br\/meioambiente\/wp-json\/wp\/v2\/pages\/28405\/revisions"}],"predecessor-version":[{"id":297781,"href":"https:\/\/goias.gov.br\/meioambiente\/wp-json\/wp\/v2\/pages\/28405\/revisions\/297781"}],"wp:attachment":[{"href":"https:\/\/goias.gov.br\/meioambiente\/wp-json\/wp\/v2\/media?parent=28405"}],"curies":[{"name":"wp","href":"https:\/\/api.w.org\/{rel}","templated":true}]}}