

{"id":28401,"date":"2023-11-17T15:39:27","date_gmt":"2023-11-17T18:39:27","guid":{"rendered":"https:\/\/siteshom.goias.gov.br\/meioambiente\/?page_id=28401"},"modified":"2026-03-06T13:58:21","modified_gmt":"2026-03-06T16:58:21","slug":"melhorias-sanitarias","status":"publish","type":"page","link":"https:\/\/goias.gov.br\/meioambiente\/melhorias-sanitarias\/","title":{"rendered":"Melhorias Sanit\u00e1rias"},"content":{"rendered":"\t\t<div data-elementor-type=\"wp-page\" data-elementor-id=\"28401\" class=\"elementor elementor-28401\">\n\t\t\t\t<div class=\"elementor-element elementor-element-d7ede11 e-flex e-con-boxed e-con e-parent\" data-id=\"d7ede11\" data-element_type=\"container\" data-e-type=\"container\">\n\t\t\t\t\t<div class=\"e-con-inner\">\n\t\t<div class=\"elementor-element elementor-element-d5509ab e-con-full e-flex e-con e-child\" data-id=\"d5509ab\" data-element_type=\"container\" data-e-type=\"container\">\n\t\t\t\t<div class=\"elementor-element elementor-element-1dffc24 elementor-widget elementor-widget-text-editor\" data-id=\"1dffc24\" data-element_type=\"widget\" data-e-type=\"widget\" data-widget_type=\"text-editor.default\">\n\t\t\t\t\t\t\t\t\t<p><strong>Caixa d&#8217;\u00e1gua<\/strong><\/p><p>Os reservat\u00f3rios domiciliares t\u00eam a importante fun\u00e7\u00e3o de garantir o suprimento de \u00e1gua ao im\u00f3vel, mesmo em casos de desabastecimento de \u00e1gua advinda de sistema p\u00fablico em per\u00edodos inferiores a 48 horas.<\/p><hr id=\"system-readmore\" \/><p>Constru\u00e7\u00e3o de Reservat\u00f3rios Domiciliares (Caixas d\u2019\u00e1gua) em resid\u00eancias de fam\u00edlias com renda de 0 a 3 sal\u00e1rios m\u00ednimos e que n\u00e3o possuem este benef\u00edcio, e que s\u00e3o atendidas por sistema p\u00fablico de abastecimento de \u00e1gua, operado pela Saneago.<\/p><p>Os reservat\u00f3rios domiciliares t\u00eam a importante fun\u00e7\u00e3o de garantir o suprimento de \u00e1gua ao im\u00f3vel, mesmo em casos de desabastecimento de \u00e1gua advinda de sistema p\u00fablico em per\u00edodos inferiores a 48 horas, principalmente em casos de uso comedido.<\/p><p>\u00c9 recomend\u00e1vel que todas as edifica\u00e7\u00f5es, sejam residenciais, comerciais, industriais ou p\u00fablicas sejam dotadas de reservat\u00f3rios domiciliares, com volume suficiente para armazenamento de \u00e1gua pot\u00e1vel por um per\u00edodo m\u00ednimo de 48 horas. Os reservat\u00f3rios domiciliares proporcionam regularidade na vaz\u00e3o e press\u00e3o da \u00e1gua, controlando o consumo das fam\u00edlias.<\/p><p>No Estado de Goi\u00e1s, a Saneago atende 226 munic\u00edpios com sistemas de abastecimento de \u00e1gua e nos longos per\u00edodos de estiagem que Goi\u00e1s atravessa, observa-se que os clientes que n\u00e3o possuem reservat\u00f3rios domiciliares s\u00e3o os mais prejudicados, t\u00e3o logo este se torne escasso na rede de abastecimento.<\/p><p>Estima-se que 15% das edifica\u00e7\u00f5es dotadas de liga\u00e7\u00f5es de \u00e1gua atendidas pela Saneago n\u00e3o possuem reservat\u00f3rios domiciliares, tornando os clientes insatisfeitos com eventuais falhas de abastecimento, agravadas nos per\u00edodos de estiagem.<\/p><p>Sendo assim, foi idealizado o Projeto \u201cCaixa D\u2019\u00e1gua Legal\u201d, que visa cadastrar as fam\u00edlias atendidas pela Saneago e que n\u00e3o possuem reservat\u00f3rios domiciliares, principalmente nos munic\u00edpios cujo abastecimento de \u00e1gua seja mais cr\u00edtico, de forma que o Governo do Estado de Goi\u00e1s, a Secima e a Saneago possam trazer este benef\u00edcio a tais fam\u00edlias.<\/p>\t\t\t\t\t\t\t\t<\/div>\n\t\t\t\t<\/div>\n\t\t<div class=\"elementor-element elementor-element-904df57 e-con-full e-flex e-con e-child\" data-id=\"904df57\" data-element_type=\"container\" data-e-type=\"container\">\n\t\t\t\t<div class=\"elementor-element elementor-element-2ca7964 elementor-widget elementor-widget-text-editor\" data-id=\"2ca7964\" data-element_type=\"widget\" data-e-type=\"widget\" data-widget_type=\"text-editor.default\">\n\t\t\t\t\t\t\t\t\t<p><strong>Projeto de Melhoria Sanit\u00e1ria Domiciliar<\/strong><br \/><br \/><\/p><p>O M\u00f3dulo Sanit\u00e1rio Domiciliar (MSD) \u00e9 um banheiro completo, com pia de cozinha e tanque instalados nas paredes externas, sendo que os efluentes s\u00e3o destinados ao sistema individual de tratamento de esgotos, composto de tanque s\u00e9ptico e sumidouro.<\/p><hr id=\"system-readmore\" \/><p>Melhorias Sanit\u00e1rias Domiciliares s\u00e3o interven\u00e7\u00f5es promovidas nos domic\u00edlios, com o objetivo de atender \u00e0s necessidades b\u00e1sicas de saneamento das fam\u00edlias, relacionadas ao uso da \u00e1gua, \u00e0 higiene e ao destino adequado dos esgotos domiciliares, por meio de instala\u00e7\u00f5es de banheiros.<\/p><p>Em 2011, a ent\u00e3o Secretaria de Estado das Cidades (SECIDADES), atual Secretaria de Estado de Meio Ambiente, Recursos H\u00eddricos, Infraestrutura, Cidades e Assuntos Metropolitanos (SECIMA), captou recursos junto \u00e0 Funda\u00e7\u00e3o Nacional de Sa\u00fade (FUNASA), atrav\u00e9s dos Termos de Compromisso\/Conv\u00eanio n\u00fameros TC\/PAC-0025\/2011 Amaralina\/GO, TC\/PAC-0640\/2011 Campos Verdes\/GO e TC\/PAC-0669\/2011 Trombas\/GO.<\/p><p>A finalidade destes conv\u00eanios \u00e9 atender aos cidad\u00e3os de baixa renda, moradores de munic\u00edpios n\u00e3o dotados de sistemas p\u00fablicos de esgotamento sanit\u00e1rio, e que precisam dispor seus res\u00edduos l\u00edquidos em sistemas individualizados, cuja responsabilidade pela constru\u00e7\u00e3o e manuten\u00e7\u00e3o est\u00e1 afeta aos pr\u00f3prios moradores.<\/p><p>O objeto dos Termos de Compromisso \u00e9 construir 81 (oitenta e um) M\u00f3dulos Sanit\u00e1rios Domiciliares (MSD) em cada munic\u00edpio, especificamente em resid\u00eancias desprovidas de instala\u00e7\u00f5es sanit\u00e1rias adequadas, e\/ou dotadas de instala\u00e7\u00f5es sanit\u00e1rias prec\u00e1rias, conforme Inqu\u00e9rito Sanit\u00e1rio realizado pela Prefeitura em conjunto com a SECIMA e aprovado pela FUNASA.<\/p><p>O M\u00f3dulo Sanit\u00e1rio Domiciliar (MSD) \u00e9 um banheiro completo, com pia de cozinha e tanque instalados nas paredes externas do banheiro, com a disposi\u00e7\u00e3o adequada dos efluentes ao sistema individual de tratamento de esgotos, composto de tanque s\u00e9ptico e sumidouro.<\/p><p>As metas a serem atingidas s\u00e3o:<\/p><ul><li>Melhoria da condi\u00e7\u00e3o ambiental dos munic\u00edpios;<\/li><li>Melhoria do bem estar e de sa\u00fade das fam\u00edlias beneficiadas, bem como de toda a comunidade;<\/li><li>Conscientiza\u00e7\u00e3o dos cidad\u00e3os sobre os riscos de pr\u00e1ticas incorretas na disposi\u00e7\u00e3o de res\u00edduos l\u00edquidos;<\/li><li>Orienta\u00e7\u00e3o sobre manuten\u00e7\u00e3o correta das instala\u00e7\u00f5es sanit\u00e1rias e do sistema fossa s\u00e9ptica e sumidouro;<\/li><li>Educa\u00e7\u00e3o ambiental e sanit\u00e1ria para o uso adequado do banheiro, pia e tanque;<\/li><li>Melhoria dos \u00edndices de salubridade ambiental;<\/li><li>Redu\u00e7\u00e3o de doen\u00e7as de veicula\u00e7\u00e3o h\u00eddrica e aquelas advindas de falta de higiene e de saneamento;<\/li><li>Redu\u00e7\u00e3o dos \u00edndices de mortalidade infantil;<\/li><li>Conforto e dignidade humana.<\/li><\/ul>\t\t\t\t\t\t\t\t<\/div>\n\t\t\t\t<\/div>\n\t\t\t\t\t<\/div>\n\t\t\t\t<\/div>\n\t\t\t\t<\/div>\n\t\t","protected":false},"excerpt":{"rendered":"<p>Caixa d&#8217;\u00e1gua Os reservat\u00f3rios domiciliares t\u00eam a importante fun\u00e7\u00e3o de garantir o suprimento de \u00e1gua ao im\u00f3vel, mesmo em casos de desabastecimento de \u00e1gua advinda de sistema p\u00fablico em per\u00edodos inferiores a 48 horas. Constru\u00e7\u00e3o de Reservat\u00f3rios Domiciliares (Caixas d\u2019\u00e1gua) em resid\u00eancias de fam\u00edlias com renda de 0 a 3 sal\u00e1rios m\u00ednimos e que n\u00e3o [&hellip;]<\/p>\n","protected":false},"author":7,"featured_media":0,"parent":0,"menu_order":0,"comment_status":"closed","ping_status":"closed","template":"wppb_theme_template","meta":{"footnotes":"","_links_to":"","_links_to_target":""},"class_list":["post-28401","page","type-page","status-publish","hentry"],"rttpg_featured_image_url":null,"rttpg_author":{"display_name":"gustavogoncalves","author_link":"https:\/\/goias.gov.br\/meioambiente\/author\/gustavogoncalves\/"},"rttpg_comment":0,"rttpg_category":null,"rttpg_excerpt":"Caixa d&#8217;\u00e1gua Os reservat\u00f3rios domiciliares t\u00eam a importante fun\u00e7\u00e3o de garantir o suprimento de \u00e1gua ao im\u00f3vel, mesmo em casos de desabastecimento de \u00e1gua advinda de sistema p\u00fablico em per\u00edodos inferiores a 48 horas. Constru\u00e7\u00e3o de Reservat\u00f3rios Domiciliares (Caixas d\u2019\u00e1gua) em resid\u00eancias de fam\u00edlias com renda de 0 a 3 sal\u00e1rios m\u00ednimos e que n\u00e3o&hellip;","_links":{"self":[{"href":"https:\/\/goias.gov.br\/meioambiente\/wp-json\/wp\/v2\/pages\/28401","targetHints":{"allow":["GET"]}}],"collection":[{"href":"https:\/\/goias.gov.br\/meioambiente\/wp-json\/wp\/v2\/pages"}],"about":[{"href":"https:\/\/goias.gov.br\/meioambiente\/wp-json\/wp\/v2\/types\/page"}],"author":[{"embeddable":true,"href":"https:\/\/goias.gov.br\/meioambiente\/wp-json\/wp\/v2\/users\/7"}],"replies":[{"embeddable":true,"href":"https:\/\/goias.gov.br\/meioambiente\/wp-json\/wp\/v2\/comments?post=28401"}],"version-history":[{"count":3,"href":"https:\/\/goias.gov.br\/meioambiente\/wp-json\/wp\/v2\/pages\/28401\/revisions"}],"predecessor-version":[{"id":297977,"href":"https:\/\/goias.gov.br\/meioambiente\/wp-json\/wp\/v2\/pages\/28401\/revisions\/297977"}],"wp:attachment":[{"href":"https:\/\/goias.gov.br\/meioambiente\/wp-json\/wp\/v2\/media?parent=28401"}],"curies":[{"name":"wp","href":"https:\/\/api.w.org\/{rel}","templated":true}]}}