

{"id":28399,"date":"2023-11-17T15:39:00","date_gmt":"2023-11-17T18:39:00","guid":{"rendered":"https:\/\/siteshom.goias.gov.br\/meioambiente\/?page_id=28399"},"modified":"2026-03-06T14:12:56","modified_gmt":"2026-03-06T17:12:56","slug":"licenciamento-ambiental","status":"publish","type":"page","link":"https:\/\/goias.gov.br\/meioambiente\/licenciamento-ambiental\/","title":{"rendered":"Licenciamento Ambiental"},"content":{"rendered":"\t\t<div data-elementor-type=\"wp-page\" data-elementor-id=\"28399\" class=\"elementor elementor-28399\">\n\t\t\t\t<div class=\"elementor-element elementor-element-87c8411 e-flex e-con-boxed e-con e-parent\" data-id=\"87c8411\" data-element_type=\"container\" data-e-type=\"container\">\n\t\t\t\t\t<div class=\"e-con-inner\">\n\t\t\t\t<div class=\"elementor-element elementor-element-800e14f elementor-widget elementor-widget-heading\" data-id=\"800e14f\" data-element_type=\"widget\" data-e-type=\"widget\" data-widget_type=\"heading.default\">\n\t\t\t\t\t<h2 class=\"elementor-heading-title elementor-size-default\">Licenciamento Ambiental<\/h2>\t\t\t\t<\/div>\n\t\t\t\t\t<\/div>\n\t\t\t\t<\/div>\n\t\t<div class=\"elementor-element elementor-element-8b2b4bf e-flex e-con-boxed e-con e-parent\" data-id=\"8b2b4bf\" data-element_type=\"container\" data-e-type=\"container\">\n\t\t\t\t\t<div class=\"e-con-inner\">\n\t\t<div class=\"elementor-element elementor-element-55ddea5 e-con-full e-flex e-con e-child\" data-id=\"55ddea5\" data-element_type=\"container\" data-e-type=\"container\">\n\t\t\t\t<div class=\"elementor-element elementor-element-970f967 elementor-widget elementor-widget-shortcode\" data-id=\"970f967\" data-element_type=\"widget\" data-e-type=\"widget\" data-widget_type=\"shortcode.default\">\n\t\t\t\t\t\t\t<div class=\"elementor-shortcode\"><div data-post-id=\"24851\" class=\"insert-page insert-page-24851 \"><p style=\"text-align: justify;\">O Licenciamento Ambiental \u00e9 o processo por meio do qual ficam previamente autorizadas a constru\u00e7\u00e3o, a instala\u00e7\u00e3o, a amplia\u00e7\u00e3o e o funcionamento de empreendimentos e atividades utilizadores de recursos ambientais, efetiva ou potencialmente poluidores ou capazes, sob qualquer forma, de causar degrada\u00e7\u00e3o ambiental.<\/p>\n<p style=\"text-align: justify;\">Para al\u00e9m de ser um ritual burocr\u00e1tico, o <strong>licenciamento<\/strong> <strong>ambiental<\/strong> \u00e9 instrumento fundamental na concilia\u00e7\u00e3o do desenvolvimento econ\u00f4mico com o uso dos recursos naturais, de modo a assegurar a sustentabilidade do meio ambiente, nos seus aspectos f\u00edsicos, socioculturais e econ\u00f4micos.<\/p>\n<p style=\"text-align: justify;\">Em Goi\u00e1s esse instrumento foi todo reformulado.<\/p>\n<p style=\"text-align: justify;\">Atrav\u00e9s da aprova\u00e7\u00e3o da Lei \u00a020.694\/2019 e seu Decreto regulamentador (Decreto 9.710\/2020) avan\u00e7amos para consolidarmos uma das mais completas e modernas legisla\u00e7\u00f5es ambientais em todo o pa\u00eds.<\/p>\n<p style=\"text-align: justify;\">A nova legisla\u00e7\u00e3o ambiental de Goi\u00e1s trouxe nova classifica\u00e7\u00e3o de empreendimentos, por porte e potencial poluidor, criando processos mais c\u00e9leres com licen\u00e7as \u00fanicas e par\u00e2metros mais razo\u00e1veis.<\/p>\n<p style=\"text-align: justify;\"><a href=\"https:\/\/goias.gov.br\/meioambiente\/?p=26832&amp;preview=true\">Modalidades de Licen\u00e7a Ambiental em Goi\u00e1s<\/a><\/p>\n<\/div><\/div>\n\t\t\t\t\t\t<\/div>\n\t\t\t\t<\/div>\n\t\t<div class=\"elementor-element elementor-element-cfa8f91 e-con-full e-flex e-con e-child\" data-id=\"cfa8f91\" data-element_type=\"container\" data-e-type=\"container\">\n\t\t\t\t<div class=\"elementor-element elementor-element-583c774 elementor-widget elementor-widget-heading\" data-id=\"583c774\" data-element_type=\"widget\" data-e-type=\"widget\" data-widget_type=\"heading.default\">\n\t\t\t\t\t<h2 class=\"elementor-heading-title elementor-size-default\">Manuais, Termos e Orienta\u00e7\u00f5es Normativas<\/h2>\t\t\t\t<\/div>\n\t\t\t\t<div class=\"elementor-element elementor-element-ea9726b elementor-widget elementor-widget-text-editor\" data-id=\"ea9726b\" data-element_type=\"widget\" data-e-type=\"widget\" data-widget_type=\"text-editor.default\">\n\t\t\t\t\t\t\t\t\t<ul><li><a href=\"\/meioambiente\/orientacoes-normativas\/\">Orienta\u00e7\u00f5es Normativas<\/a><\/li><li><a href=\"\/meioambiente\/documentos-orientativos-sistema-ipe\/\">Documentos Orientativos Sistema Ip\u00ea<\/a><\/li><li><a href=\"https:\/\/goias.gov.br\/meioambiente\/wp-content\/uploads\/sites\/33\/2025\/09\/ATUALIZACAO-DE-TAXAS-SEMAD-2025.xlsx\">Taxa de licenciamento ambiental atualizada &#8211; 2025<\/a><\/li><\/ul><div id=\"gtx-trans\" style=\"position: absolute; left: 269px; top: 48.3333px;\">\u00a0<\/div>\t\t\t\t\t\t\t\t<\/div>\n\t\t\t\t<div class=\"elementor-element elementor-element-d41a189 elementor-widget elementor-widget-shortcode\" data-id=\"d41a189\" data-element_type=\"widget\" data-e-type=\"widget\" data-widget_type=\"shortcode.default\">\n\t\t\t\t\t\t\t<div class=\"elementor-shortcode\"><div data-post-id=\"25181\" class=\"insert-page insert-page-25181 \"><h1 class='insert-page-title'>Processos de Licenciamento Ambiental em Tramita\u00e7\u00e3o<\/h1><p><a class=\"btn btn-primary\" href=\"https:\/\/portal.meioambiente.go.gov.br\/prodExterno\/_pubconprocesso\/index.php?action=consultar\">Consulta de Processos de Licenciamento Ambiental em tramita&ccedil;&atilde;o<\/a>&nbsp;<\/p>\n<ul class='post-meta'>\n<li><span class='post-meta-key'>tpg-post-view-count:<\/span> 496<\/li>\n<li><span class='post-meta-key'>rank_math_internal_links_processed:<\/span> 1<\/li>\n<\/ul>\n<\/div><\/div>\n\t\t\t\t\t\t<\/div>\n\t\t\t\t<\/div>\n\t\t\t\t\t<\/div>\n\t\t\t\t<\/div>\n\t\t<div class=\"elementor-element elementor-element-1226348 e-flex e-con-boxed e-con e-parent\" data-id=\"1226348\" data-element_type=\"container\" data-e-type=\"container\">\n\t\t\t\t\t<div class=\"e-con-inner\">\n\t\t\t\t<div class=\"elementor-element elementor-element-098a2a6 elementor-widget elementor-widget-heading\" data-id=\"098a2a6\" data-element_type=\"widget\" data-e-type=\"widget\" data-widget_type=\"heading.default\">\n\t\t\t\t\t<h3 class=\"elementor-heading-title elementor-size-default\">Conhe\u00e7a as ger\u00eancias que integram a Superintend\u00eancia de Licenciamento Ambiental<\/h3>\t\t\t\t<\/div>\n\t\t\t\t\t<\/div>\n\t\t\t\t<\/div>\n\t\t<div class=\"elementor-element elementor-element-2165865 e-flex e-con-boxed e-con e-parent\" data-id=\"2165865\" data-element_type=\"container\" data-e-type=\"container\">\n\t\t\t\t\t<div class=\"e-con-inner\">\n\t\t<div class=\"elementor-element elementor-element-8ad09d1 e-con-full e-flex e-con e-child\" data-id=\"8ad09d1\" data-element_type=\"container\" data-e-type=\"container\">\n\t\t\t\t<div class=\"elementor-element elementor-element-35c62e2 elementor-widget elementor-widget-image\" data-id=\"35c62e2\" data-element_type=\"widget\" data-e-type=\"widget\" data-widget_type=\"image.default\">\n\t\t\t\t\t\t\t\t\t\t\t\t\t\t\t\t<a href=\"http:\/\/goias.gov.br\/meioambiente\/gesol\" target=\"_blank\">\n\t\t\t\t\t\t\t<img decoding=\"async\" src=\"https:\/\/goias.gov.br\/meioambiente\/wp-content\/uploads\/sites\/33\/2024\/03\/gesol-2.png\" title=\"\" alt=\"\" loading=\"lazy\" \/>\t\t\t\t\t\t\t\t<\/a>\n\t\t\t\t\t\t\t\t\t\t\t\t\t\t\t<\/div>\n\t\t\t\t<\/div>\n\t\t<div class=\"elementor-element elementor-element-97006b1 e-con-full e-flex e-con e-child\" data-id=\"97006b1\" data-element_type=\"container\" data-e-type=\"container\">\n\t\t\t\t<div class=\"elementor-element elementor-element-735dcbd elementor-widget elementor-widget-image\" data-id=\"735dcbd\" data-element_type=\"widget\" data-e-type=\"widget\" data-widget_type=\"image.default\">\n\t\t\t\t\t\t\t\t\t\t\t\t\t\t\t\t<a href=\"http:\/\/goias.gov.br\/meioambiente\/geasi\" target=\"_blank\">\n\t\t\t\t\t\t\t<img decoding=\"async\" src=\"https:\/\/goias.gov.br\/meioambiente\/wp-content\/uploads\/sites\/33\/2024\/03\/geasi-1.png\" title=\"\" alt=\"\" loading=\"lazy\" \/>\t\t\t\t\t\t\t\t<\/a>\n\t\t\t\t\t\t\t\t\t\t\t\t\t\t\t<\/div>\n\t\t\t\t<\/div>\n\t\t\t\t\t<\/div>\n\t\t\t\t<\/div>\n\t\t<div class=\"elementor-element elementor-element-2e5d7b7 e-flex e-con-boxed e-con e-parent\" data-id=\"2e5d7b7\" data-element_type=\"container\" data-e-type=\"container\">\n\t\t\t\t\t<div class=\"e-con-inner\">\n\t\t<div class=\"elementor-element elementor-element-ae3ffbe e-con-full e-flex e-con e-child\" data-id=\"ae3ffbe\" data-element_type=\"container\" data-e-type=\"container\">\n\t\t\t\t<div class=\"elementor-element elementor-element-0bc8371 elementor-widget elementor-widget-image\" data-id=\"0bc8371\" data-element_type=\"widget\" data-e-type=\"widget\" data-widget_type=\"image.default\">\n\t\t\t\t\t\t\t\t\t\t\t\t\t\t\t\t<a href=\"http:\/\/goias.gov.br\/meioambiente\/geinf\" target=\"_blank\">\n\t\t\t\t\t\t\t<img decoding=\"async\" src=\"https:\/\/goias.gov.br\/meioambiente\/wp-content\/uploads\/sites\/33\/2024\/03\/geinf-3.png\" title=\"\" alt=\"\" loading=\"lazy\" \/>\t\t\t\t\t\t\t\t<\/a>\n\t\t\t\t\t\t\t\t\t\t\t\t\t\t\t<\/div>\n\t\t\t\t<\/div>\n\t\t<div class=\"elementor-element elementor-element-29c56c9 e-con-full e-flex e-con e-child\" data-id=\"29c56c9\" data-element_type=\"container\" data-e-type=\"container\">\n\t\t\t\t<div class=\"elementor-element elementor-element-b647c33 elementor-widget elementor-widget-image\" data-id=\"b647c33\" data-element_type=\"widget\" data-e-type=\"widget\" data-widget_type=\"image.default\">\n\t\t\t\t\t\t\t\t\t\t\t\t\t\t\t\t<a href=\"http:\/\/goias.gov.br\/meioambiente\/geima\" target=\"_blank\">\n\t\t\t\t\t\t\t<img decoding=\"async\" src=\"https:\/\/goias.gov.br\/meioambiente\/wp-content\/uploads\/sites\/33\/2024\/03\/geima-1.png\" title=\"\" alt=\"\" loading=\"lazy\" \/>\t\t\t\t\t\t\t\t<\/a>\n\t\t\t\t\t\t\t\t\t\t\t\t\t\t\t<\/div>\n\t\t\t\t<\/div>\n\t\t\t\t\t<\/div>\n\t\t\t\t<\/div>\n\t\t<div class=\"elementor-element elementor-element-b43a0f2 e-flex e-con-boxed e-con e-parent\" data-id=\"b43a0f2\" data-element_type=\"container\" data-e-type=\"container\">\n\t\t\t\t\t<div class=\"e-con-inner\">\n\t\t\t\t<div class=\"elementor-element elementor-element-eb619a8 elementor-widget elementor-widget-heading\" data-id=\"eb619a8\" data-element_type=\"widget\" data-e-type=\"widget\" data-widget_type=\"heading.default\">\n\t\t\t\t\t<h3 class=\"elementor-heading-title elementor-size-default\">Servi\u00e7os<\/h3>\t\t\t\t<\/div>\n\t\t\t\t\t<\/div>\n\t\t\t\t<\/div>\n\t\t<div class=\"elementor-element elementor-element-5404f7e e-flex e-con-boxed e-con e-parent\" data-id=\"5404f7e\" data-element_type=\"container\" data-e-type=\"container\">\n\t\t\t\t\t<div class=\"e-con-inner\">\n\t\t\t\t<div class=\"elementor-element elementor-element-1c8967d elementor-widget elementor-widget-image\" data-id=\"1c8967d\" data-element_type=\"widget\" data-e-type=\"widget\" data-widget_type=\"image.default\">\n\t\t\t\t\t\t\t\t\t\t\t\t<figure class=\"wp-caption\">\n\t\t\t\t\t\t\t\t\t\t\t<a href=\"https:\/\/portal.meioambiente.go.gov.br\/portal\/login.mago\" target=\"_blank\">\n\t\t\t\t\t\t\t<img decoding=\"async\" src=\"https:\/\/goias.gov.br\/meioambiente\/wp-content\/uploads\/sites\/33\/2023\/11\/ipe_prancheta-1.png\" title=\"\" alt=\"\" loading=\"lazy\" \/>\t\t\t\t\t\t\t\t<\/a>\n\t\t\t\t\t\t\t\t\t\t\t<figcaption class=\"widget-image-caption wp-caption-text\">Novo sistema de Licenciamento Ambiental para atividades de baixo impacto ao meio ambiente.\u00a0\u00a0<\/figcaption>\n\t\t\t\t\t\t\t\t\t\t<\/figure>\n\t\t\t\t\t\t\t\t\t<\/div>\n\t\t\t\t<div class=\"elementor-element elementor-element-70a21d3 elementor-widget elementor-widget-image\" data-id=\"70a21d3\" data-element_type=\"widget\" data-e-type=\"widget\" data-widget_type=\"image.default\">\n\t\t\t\t\t\t\t\t\t\t\t\t<figure class=\"wp-caption\">\n\t\t\t\t\t\t\t\t\t\t\t<a href=\"\/meioambiente\/car\/\" target=\"_blank\">\n\t\t\t\t\t\t\t<img decoding=\"async\" src=\"https:\/\/goias.gov.br\/meioambiente\/wp-content\/uploads\/sites\/33\/2023\/11\/car-cadastro-ambiental-rural-106.jpg\" title=\"\" alt=\"\" loading=\"lazy\" \/>\t\t\t\t\t\t\t\t<\/a>\n\t\t\t\t\t\t\t\t\t\t\t<figcaption class=\"widget-image-caption wp-caption-text\">\u00c9 um registro eletr\u00f4nico, obrigat\u00f3rio para todos os im\u00f3veis rurais.<\/figcaption>\n\t\t\t\t\t\t\t\t\t\t<\/figure>\n\t\t\t\t\t\t\t\t\t<\/div>\n\t\t\t\t<div class=\"elementor-element elementor-element-e677a91 elementor-widget elementor-widget-image\" data-id=\"e677a91\" data-element_type=\"widget\" data-e-type=\"widget\" data-widget_type=\"image.default\">\n\t\t\t\t\t\t\t\t\t\t\t\t<figure class=\"wp-caption\">\n\t\t\t\t\t\t\t\t\t\t\t<a href=\"https:\/\/www.go.gov.br\/servicos\/servico\/obter-licenca-de-pesca\" target=\"_blank\">\n\t\t\t\t\t\t\t<img decoding=\"async\" src=\"https:\/\/goias.gov.br\/meioambiente\/wp-content\/uploads\/sites\/33\/2023\/11\/licenca-de-pesca.jpg\" title=\"\" alt=\"\" loading=\"lazy\" \/>\t\t\t\t\t\t\t\t<\/a>\n\t\t\t\t\t\t\t\t\t\t\t<figcaption class=\"widget-image-caption wp-caption-text\">A Licen\u00e7a de Pesca \u00e9 obrigat\u00f3ria para pescadores amadores e profissionais.<\/figcaption>\n\t\t\t\t\t\t\t\t\t\t<\/figure>\n\t\t\t\t\t\t\t\t\t<\/div>\n\t\t\t\t<div class=\"elementor-element elementor-element-0b575ec elementor-widget elementor-widget-image\" data-id=\"0b575ec\" data-element_type=\"widget\" data-e-type=\"widget\" data-widget_type=\"image.default\">\n\t\t\t\t\t\t\t\t\t\t\t\t<figure class=\"wp-caption\">\n\t\t\t\t\t\t\t\t\t\t\t<a href=\"https:\/\/portal.meioambiente.go.gov.br\/weblicencas\/login.jsp\" target=\"_blank\">\n\t\t\t\t\t\t\t<img decoding=\"async\" src=\"https:\/\/goias.gov.br\/meioambiente\/wp-content\/uploads\/sites\/33\/2023\/11\/weblicencas-sistema-de-licenciamento-online.jpg\" title=\"\" alt=\"\" loading=\"lazy\" \/>\t\t\t\t\t\t\t\t<\/a>\n\t\t\t\t\t\t\t\t\t\t\t<figcaption class=\"widget-image-caption wp-caption-text\">Licenciamento ambiental para atividades de baixo impacto ao meio ambiente.<\/figcaption>\n\t\t\t\t\t\t\t\t\t\t<\/figure>\n\t\t\t\t\t\t\t\t\t<\/div>\n\t\t\t\t\t<\/div>\n\t\t\t\t<\/div>\n\t\t\t\t<\/div>\n\t\t","protected":false},"excerpt":{"rendered":"<p>Licenciamento Ambiental Manuais, Termos e Orienta\u00e7\u00f5es Normativas Orienta\u00e7\u00f5es Normativas Documentos Orientativos Sistema Ip\u00ea Taxa de licenciamento ambiental atualizada &#8211; 2025 \u00a0 Conhe\u00e7a as ger\u00eancias que integram a Superintend\u00eancia de Licenciamento Ambiental Servi\u00e7os Novo sistema de Licenciamento Ambiental para atividades de baixo impacto ao meio ambiente.\u00a0\u00a0 \u00c9 um registro eletr\u00f4nico, obrigat\u00f3rio para todos os im\u00f3veis rurais. [&hellip;]<\/p>\n","protected":false},"author":7,"featured_media":0,"parent":0,"menu_order":0,"comment_status":"closed","ping_status":"closed","template":"wppb_theme_template","meta":{"footnotes":"","_links_to":"","_links_to_target":""},"class_list":["post-28399","page","type-page","status-publish","hentry"],"rttpg_featured_image_url":null,"rttpg_author":{"display_name":"gustavogoncalves","author_link":"https:\/\/goias.gov.br\/meioambiente\/author\/gustavogoncalves\/"},"rttpg_comment":0,"rttpg_category":"","rttpg_excerpt":"Licenciamento Ambiental Manuais, Termos e Orienta\u00e7\u00f5es Normativas Orienta\u00e7\u00f5es Normativas Documentos Orientativos Sistema Ip\u00ea Taxa de licenciamento ambiental atualizada &#8211; 2025 \u00a0 Conhe\u00e7a as ger\u00eancias que integram a Superintend\u00eancia de Licenciamento Ambiental Servi\u00e7os Novo sistema de Licenciamento Ambiental para atividades de baixo impacto ao meio ambiente.\u00a0\u00a0 \u00c9 um registro eletr\u00f4nico, obrigat\u00f3rio para todos os im\u00f3veis rurais.&hellip;","_links":{"self":[{"href":"https:\/\/goias.gov.br\/meioambiente\/wp-json\/wp\/v2\/pages\/28399","targetHints":{"allow":["GET"]}}],"collection":[{"href":"https:\/\/goias.gov.br\/meioambiente\/wp-json\/wp\/v2\/pages"}],"about":[{"href":"https:\/\/goias.gov.br\/meioambiente\/wp-json\/wp\/v2\/types\/page"}],"author":[{"embeddable":true,"href":"https:\/\/goias.gov.br\/meioambiente\/wp-json\/wp\/v2\/users\/7"}],"replies":[{"embeddable":true,"href":"https:\/\/goias.gov.br\/meioambiente\/wp-json\/wp\/v2\/comments?post=28399"}],"version-history":[{"count":2,"href":"https:\/\/goias.gov.br\/meioambiente\/wp-json\/wp\/v2\/pages\/28399\/revisions"}],"predecessor-version":[{"id":298149,"href":"https:\/\/goias.gov.br\/meioambiente\/wp-json\/wp\/v2\/pages\/28399\/revisions\/298149"}],"wp:attachment":[{"href":"https:\/\/goias.gov.br\/meioambiente\/wp-json\/wp\/v2\/media?parent=28399"}],"curies":[{"name":"wp","href":"https:\/\/api.w.org\/{rel}","templated":true}]}}