

{"id":28395,"date":"2023-11-17T15:36:38","date_gmt":"2023-11-17T18:36:38","guid":{"rendered":"https:\/\/siteshom.goias.gov.br\/meioambiente\/?page_id=28395"},"modified":"2026-02-11T12:37:58","modified_gmt":"2026-02-11T15:37:58","slug":"icms-ecologico","status":"publish","type":"page","link":"https:\/\/goias.gov.br\/meioambiente\/icms-ecologico\/","title":{"rendered":"ICMS Ecol\u00f3gico"},"content":{"rendered":"\n<p>O ICMS Ecol\u00f3gico \u00e9 um mecanismo tribut\u00e1rio que possibilita aos munic\u00edpios acesso a parcelas maiores que \u00e0quelas que j\u00e1 t\u00eam direito, dos recursos financeiros arrecadados pelos Estados atrav\u00e9s do Imposto sobre Circula\u00e7\u00e3o de Mercadorias e Servi\u00e7os, o ICMS, em raz\u00e3o do atendimento de determinados crit\u00e9rios ambientais estabelecidos em leis estaduais. N\u00e3o \u00e9 um novo imposto, mas sim a introdu\u00e7\u00e3o de novos crit\u00e9rios de redistribui\u00e7\u00e3o de recursos do ICMS, que reflete o n\u00edvel da atividade econ\u00f4mica nos munic\u00edpios em conjunto com a preserva\u00e7\u00e3o do meio ambiente.  <\/p>\n\n\n\n<p>O sistema <strong>ICMS Ecol\u00f3gico<\/strong> foi desenvolvido para atender a Lei Complementar n\u00ba&nbsp;177\/2022, que visa efetuar repasses de ICMS para Munic\u00edpios que possuem em seus territ\u00f3rios Unidades de Conserva\u00e7\u00e3o devidamente cadastradas nos Sistemas Federal e ou Estadual mediante an\u00e1lise de question\u00e1rios dispon\u00edveis e publicados atrav\u00e9s do site https:\/\/www.meioambiente.go.gov.br\/ &nbsp;na p\u00e1gina do <strong>ICMS Ecol\u00f3gico<\/strong>. O Sistema \u00e9 uma ferramenta disponibilizada para que os Munic\u00edpios do estado de Goi\u00e1s possam, atrav\u00e9s da utiliza\u00e7\u00e3o da internet, se cadastrarem e receberem o incentivo.<\/p>\n\n\n\n<p>Legisla\u00e7\u00e3o que regulamenta o ICMS Ecol\u00f3gico no Estado de Goi\u00e1s.<\/p>\n\n\n\n<ul class=\"wp-block-list\">\n<li><a href=\"https:\/\/goias.gov.br\/meioambiente\/wp-content\/uploads\/sites\/33\/2015\/02\/LeiComplementar177-673.pdf\">Lei Complementar n\u00ba&nbsp;177\/2022<\/a><\/li>\n\n\n\n<li><a href=\"https:\/\/goias.gov.br\/meioambiente\/wp-content\/uploads\/sites\/33\/2015\/02\/Decreto_10190-533.pdf\">Decreto n\u00ba 10.190\/2022&nbsp;<\/a><\/li>\n\n\n\n<li><a href=\"http:\/\/www.gabinetecivil.go.gov.br\/pagina_emendas.php?id=73\" target=\"_blank\" rel=\"noreferrer noopener\">Emenda Constitucional n\u00ba 40\/2007<\/a><\/li>\n\n\n\n<li><a href=\"https:\/\/legisla.casacivil.go.gov.br\/pesquisa_ato_infralegal\/semad\/18760\/instrucao-normativa-2\">Instru\u00e7\u00e3o Normativa 02\/2026<\/a><\/li>\n\n\n\n<li><a href=\"https:\/\/goias.gov.br\/meioambiente\/wp-content\/uploads\/sites\/33\/2026\/02\/icms.pdf\">Cartilha do ICMS Ecol\u00f3gico<\/a><\/li>\n<\/ul>\n\n\n\n<p><strong>Termos de refer\u00eancia para responder ao question\u00e1rio no sistema do ICMS Ecol\u00f3gico<\/strong><\/p>\n\n\n\n<p><a href=\"https:\/\/goias.gov.br\/meioambiente\/wp-content\/uploads\/sites\/33\/2026\/01\/TR-Educacao-Ambiental.pdf\">Termo de refer\u00eancia &#8211; Educa\u00e7\u00e3o ambiental<\/a><a href=\"https:\/\/goias.gov.br\/meioambiente\/wp-content\/uploads\/sites\/33\/2025\/03\/TR-Educacao-Ambiental-Comprovacao-das-atividades-executadas.docx\"><br><\/a><a href=\"https:\/\/goias.gov.br\/meioambiente\/wp-content\/uploads\/sites\/33\/2026\/01\/TR-Residuos-Solidos.pdf\">Termo de refer\u00eancia &#8211; Res\u00edduos S\u00f3lidos<\/a><br><a href=\"https:\/\/goias.gov.br\/meioambiente\/wp-content\/uploads\/sites\/33\/2026\/01\/TR-Programas-e-Projetos-Executados.pdf\">Termo de refer\u00eancia &#8211; Programas e projetos executados<\/a><\/p>\n\n\n\n<h2 class=\"wp-block-heading\">Munic\u00edpios selecionados nos \u00faltimos anos<\/h2>\n\n\n\n<ul class=\"wp-block-list\">\n<li><a href=\"https:\/\/goias.gov.br\/meioambiente\/wp-content\/uploads\/sites\/33\/2025\/08\/ICMS-2025-ICMS-2025.pdf\">Munic\u00edpios selecionados em 2025<\/a><\/li>\n\n\n\n<li><a href=\"https:\/\/goias.gov.br\/meioambiente\/wp-content\/uploads\/sites\/33\/2024\/08\/Resultado-final-ICMS-2024-Pagina1-3.pdf\" target=\"_blank\" rel=\"noreferrer noopener\">Munic\u00edpios selecionados em 2024<\/a><\/li>\n\n\n\n<li><a href=\"https:\/\/goias.gov.br\/meioambiente\/wp-content\/uploads\/sites\/33\/2015\/02\/2023_icms_ecologico-dea.pdf\" target=\"_blank\" rel=\"noreferrer noopener\">Munic\u00edpios selecionados em 2023<\/a><\/li>\n\n\n\n<li><a href=\"https:\/\/goias.gov.br\/meioambiente\/wp-content\/uploads\/sites\/33\/2015\/02\/ICMS_2022_-988.pdf\">Munic\u00edpios selecionados em 2022<\/a><\/li>\n\n\n\n<li><a href=\"https:\/\/goias.gov.br\/meioambiente\/wp-content\/uploads\/sites\/33\/2015\/02\/RESULTADO_ICMS_ECO_2021_SITE21-69c.pdf\">Munic\u00edpios selecionados em 2021<\/a><\/li>\n\n\n\n<li><a href=\"https:\/\/goias.gov.br\/meioambiente\/wp-content\/uploads\/sites\/33\/2015\/02\/2020_RESULTADO_ICMS_ECO_2020_SITE-1a6.pdf\">Munic\u00edpios selecionados em 2020<\/a><\/li>\n\n\n\n<li><a href=\"https:\/\/goias.gov.br\/meioambiente\/wp-content\/uploads\/sites\/33\/2015\/02\/DefinitivaICMS19-0d7.pdf\">Munic\u00edpios selecionados em 2019<\/a><\/li>\n<\/ul>\n\n\n\n<h2 class=\"wp-block-heading\">Veja a cartilha produzida pela Semad com informa\u00e7\u00f5es sobre o ICMS Ecol\u00f3gico<\/h2>\n\n\n\n<p>Clique aqui para ler.<\/p>\n\n\n\n<p>Qualquer esclarecimento ou sugest\u00f5es, entrar em contato:<\/p>\n\n\n\n<p>Ger\u00eancia de Apoio aos Munic\u00edpios e Credenciamento para o Licenciamento Ambiental<br>(62) 99944-7392 (Whatsapp) \/ 3201-5234<br><a href=\"https:\/\/t.me\/joinchat\/8ozs2RzKbgxmM2Ix\" target=\"_blank\" rel=\"noreferrer noopener\">Link acesso Telegram<\/a><br>Respons\u00e1vel: N\u00fabia Maia<\/p>\n\n\n\n<p><\/p>\n","protected":false},"excerpt":{"rendered":"<p>O ICMS Ecol\u00f3gico \u00e9 um mecanismo tribut\u00e1rio que possibilita aos munic\u00edpios acesso a parcelas maiores que \u00e0quelas que j\u00e1 t\u00eam direito, dos recursos financeiros arrecadados pelos Estados atrav\u00e9s do Imposto sobre Circula\u00e7\u00e3o de Mercadorias e Servi\u00e7os, o ICMS, em raz\u00e3o do atendimento de determinados crit\u00e9rios ambientais estabelecidos em leis estaduais. N\u00e3o \u00e9 um novo imposto, [&hellip;]<\/p>\n","protected":false},"author":7,"featured_media":0,"parent":0,"menu_order":0,"comment_status":"closed","ping_status":"closed","template":"","meta":{"footnotes":"","_links_to":"","_links_to_target":""},"class_list":["post-28395","page","type-page","status-publish","hentry"],"rttpg_featured_image_url":null,"rttpg_author":{"display_name":"gustavogoncalves","author_link":"https:\/\/goias.gov.br\/meioambiente\/author\/gustavogoncalves\/"},"rttpg_comment":0,"rttpg_category":null,"rttpg_excerpt":"O ICMS Ecol\u00f3gico \u00e9 um mecanismo tribut\u00e1rio que possibilita aos munic\u00edpios acesso a parcelas maiores que \u00e0quelas que j\u00e1 t\u00eam direito, dos recursos financeiros arrecadados pelos Estados atrav\u00e9s do Imposto sobre Circula\u00e7\u00e3o de Mercadorias e Servi\u00e7os, o ICMS, em raz\u00e3o do atendimento de determinados crit\u00e9rios ambientais estabelecidos em leis estaduais. N\u00e3o \u00e9 um novo imposto,&hellip;","_links":{"self":[{"href":"https:\/\/goias.gov.br\/meioambiente\/wp-json\/wp\/v2\/pages\/28395","targetHints":{"allow":["GET"]}}],"collection":[{"href":"https:\/\/goias.gov.br\/meioambiente\/wp-json\/wp\/v2\/pages"}],"about":[{"href":"https:\/\/goias.gov.br\/meioambiente\/wp-json\/wp\/v2\/types\/page"}],"author":[{"embeddable":true,"href":"https:\/\/goias.gov.br\/meioambiente\/wp-json\/wp\/v2\/users\/7"}],"replies":[{"embeddable":true,"href":"https:\/\/goias.gov.br\/meioambiente\/wp-json\/wp\/v2\/comments?post=28395"}],"version-history":[{"count":2,"href":"https:\/\/goias.gov.br\/meioambiente\/wp-json\/wp\/v2\/pages\/28395\/revisions"}],"predecessor-version":[{"id":269705,"href":"https:\/\/goias.gov.br\/meioambiente\/wp-json\/wp\/v2\/pages\/28395\/revisions\/269705"}],"wp:attachment":[{"href":"https:\/\/goias.gov.br\/meioambiente\/wp-json\/wp\/v2\/media?parent=28395"}],"curies":[{"name":"wp","href":"https:\/\/api.w.org\/{rel}","templated":true}]}}