

{"id":28387,"date":"2023-11-17T15:29:58","date_gmt":"2023-11-17T18:29:58","guid":{"rendered":"https:\/\/siteshom.goias.gov.br\/meioambiente\/?page_id=28387"},"modified":"2026-03-06T16:03:46","modified_gmt":"2026-03-06T19:03:46","slug":"cbh","status":"publish","type":"page","link":"https:\/\/goias.gov.br\/meioambiente\/cbh\/","title":{"rendered":"CBH"},"content":{"rendered":"\t\t<div data-elementor-type=\"wp-page\" data-elementor-id=\"28387\" class=\"elementor elementor-28387\">\n\t\t\t\t<div class=\"elementor-element elementor-element-ffd5976 e-flex e-con-boxed e-con e-parent\" data-id=\"ffd5976\" data-element_type=\"container\" data-e-type=\"container\">\n\t\t\t\t\t<div class=\"e-con-inner\">\n\t\t\t\t<div class=\"elementor-element elementor-element-0ab7cc7 elementor-widget elementor-widget-shortcode\" data-id=\"0ab7cc7\" data-element_type=\"widget\" data-e-type=\"widget\" data-widget_type=\"shortcode.default\">\n\t\t\t\t\t\t\t<div class=\"elementor-shortcode\"><div data-post-id=\"24856\" class=\"insert-page insert-page-24856 \"><h1 class='insert-page-title'>Comit\u00eas de Bacia Hidrogr\u00e1fica<\/h1><p>Os Comit\u00eas de Bacia Hidrogr\u00e1fica s\u00e3o organismos colegiados que fazem parte do Sistema Nacional de Gerenciamento de Recursos H\u00eddricos e existem no Brasil desde 1988.<\/p>\n<p>A composi\u00e7\u00e3o diversificada e democr\u00e1tica dos Comit\u00eas contribui para que todos os setores da sociedade com interesse sobre a \u00e1gua na bacia hidrogr\u00e1fica de sua abrang\u00eancia, tenham representa\u00e7\u00e3o e poder de decis\u00e3o sobre sua gest\u00e3o. Os membros que comp\u00f5em o colegiado s\u00e3o escolhidos entre seus pares, sejam das organiza\u00e7\u00f5es da sociedade civil organizada, dos poderes p\u00fablicos e dos diversos setores usu\u00e1rios de recursos h\u00eddricos &#8211; abastecimento urbano, industria, irriga\u00e7\u00e3o e uso agropecu\u00e1rio, hidroeletricidade, hidrovi\u00e1rio e pesca, turismo, lazer e outros usos n\u00e3o consuntivos.<\/p>\n<p>Suas principais compet\u00eancias s\u00e3o: aprovar o Plano de Recursos H\u00eddricos da Bacia; arbitrar conflitos pelo uso da \u00e1gua, em primeira inst\u00e2ncia administrativa; estabelecer mecanismos e sugerir os valores da cobran\u00e7a pelo uso da \u00e1gua; entre outros. Ou seja,\u00a0significa o f\u00f3rum em que um grupo de pessoas se re\u00fane para discutir sobre um interesse comum \u2013\u00a0o uso d\u2019\u00e1gua na bacia.<\/p>\n<p>Entre 1997 e 2021 eram 8 comit\u00eas criados, correspondentes \u00e0s UPGRHs, Em 2021 houve a jun\u00e7\u00e3o de 2 comit\u00eas criados e de 1 em funcionamento, para formar CBH AGORA<\/p>\n<p>No ano de 2025, existem 6 comit\u00eas de bacia estaduais criados em Goi\u00e1s, sendo 5 (cinco) instalados e 1 (um) institu\u00eddo via Conselho Estadual de Recursos H\u00eddricos.<\/p>\n<p>Acesse o Sistema de Informa\u00e7\u00f5es Geogr\u00e1ficas e Ambientais da SEMAD para baixar as informa\u00e7\u00f5es dos Comit\u00eas de Bacia Estaduais. <a href=\"https:\/\/siga.meioambiente.go.gov.br\/catalogue\/uuid\/b25aa3c4-a75d-45d4-88a5-8665cdfdf9e2\">Baixe aqui.<\/a><\/p>\n<p>\u00a0<\/p>\n<p><span data-contrast=\"auto\">Comit\u00ea da Bacia Hidrogr\u00e1fica dos Afluentes Goianos do Rio Araguaia<\/span><\/p>\n<p>\u00a0<\/p>\n<p>\u00a0<\/p>\n<p>\u00a0<\/p>\n<table style=\"border-collapse: collapse; width: 100%; height: 998px;\" data-tablestyle=\"MsoTableGrid\" data-tablelook=\"1696\" aria-rowcount=\"9\">\n<tbody>\n<tr style=\"height: 30px;\" aria-rowindex=\"1\">\n<td style=\"height: 30px; text-align: center;\" data-celllook=\"0\">\n<p><strong>Comit\u00eas de Bacia Hidrogr\u00e1fica de Goi\u00e1s &#8211; CBHs\u00a0<\/strong><\/p>\n<\/td>\n<td style=\"height: 30px; text-align: center;\" data-celllook=\"0\">\n<p><strong>Ato de Cria\u00e7\u00e3o\u00a0<\/strong><\/p>\n<\/td>\n<\/tr>\n<tr style=\"height: 100px;\" aria-rowindex=\"2\">\n<td style=\"height: 100px;\" data-celllook=\"0\">\n<p><span data-contrast=\"auto\">Comit\u00ea da Bacia Hidrogr\u00e1fica dos Afluentes Goianos do Rio Araguaia<\/span><span data-ccp-props=\"{}\">\u00a0<\/span><\/p>\n<\/td>\n<td style=\"height: 100px;\" data-celllook=\"0\">\n<p><a href=\"https:\/\/legisla.casacivil.go.gov.br\/pesquisa_legislacao\/104402\"><span data-contrast=\"none\">Decreto Estadual n\u00ba 9.972\/2021<\/span><\/a><span data-ccp-props=\"{}\">\u00a0<\/span><\/p>\n<\/td>\n<\/tr>\n<tr style=\"height: 100px;\" aria-rowindex=\"3\">\n<td style=\"height: 100px;\" data-celllook=\"0\">\n<p><span data-contrast=\"none\">Comit\u00ea das Bacias Hidrogr\u00e1ficas dos Rios Corumb\u00e1, Ver\u00edssimo e da por\u00e7\u00e3o goiana do Rio S\u00e3o Marcos<\/span><span data-ccp-props=\"{}\">\u00a0<\/span><\/p>\n<\/td>\n<td style=\"height: 100px;\" data-celllook=\"0\">\n<p><a href=\"https:\/\/legisla.casacivil.go.gov.br\/pesquisa_legislacao\/65343\"><span data-contrast=\"none\">Decreto Estadual n\u00ba 7.536\/2011<\/span><\/a><span data-ccp-props=\"{}\">\u00a0<\/span><\/p>\n<\/td>\n<\/tr>\n<tr style=\"height: 100px;\" aria-rowindex=\"4\">\n<td style=\"height: 100px;\" data-celllook=\"0\">\n<p><span data-contrast=\"none\">Comit\u00ea da Bacia Hidrogr\u00e1fica do Rio Meia Ponte<\/span><span data-ccp-props=\"{}\">\u00a0<\/span><\/p>\n<\/td>\n<td style=\"height: 100px;\" data-celllook=\"0\">\n<p><a href=\"https:\/\/legisla.casacivil.go.gov.br\/pesquisa_legislacao\/82217\/lei-13123\"><span data-contrast=\"none\">Lei Estadual n\u00ba 13.123\/1997<\/span><\/a><span data-ccp-props=\"{}\">\u00a0<\/span><\/p>\n<\/td>\n<\/tr>\n<tr style=\"height: 100px;\" aria-rowindex=\"5\">\n<td style=\"height: 100px;\" data-celllook=\"0\">\n<p><span data-contrast=\"none\">Comit\u00ea da Bacia Hidrogr\u00e1fica dos Rios Turvo e dos Bois<\/span><span data-ccp-props=\"{}\">\u00a0<\/span><\/p>\n<\/td>\n<td style=\"height: 100px;\" data-celllook=\"0\">\n<p><a href=\"https:\/\/legisla.casacivil.go.gov.br\/pesquisa_legislacao\/61363\/decreto-5826\"><span data-contrast=\"none\">Decreto Estadual n\u00ba 5.826\/2003<\/span><\/a><span data-ccp-props=\"{}\">\u00a0<\/span><\/p>\n<\/td>\n<\/tr>\n<tr style=\"height: 100px;\" aria-rowindex=\"6\">\n<td style=\"height: 100px;\" data-celllook=\"0\">\n<p><span data-contrast=\"none\">Comit\u00ea das Bacias Hidrogr\u00e1ficas dos Afluentes Goianos do Baixo Parana\u00edba<\/span><span data-ccp-props=\"{}\">\u00a0<\/span><\/p>\n<\/td>\n<td style=\"height: 100px;\" data-celllook=\"0\">\n<p><a href=\"https:\/\/legisla.casacivil.go.gov.br\/pesquisa_legislacao\/65344\"><span data-contrast=\"none\">Decreto Estadual n\u00ba 7.535\/2011<\/span><\/a><span data-ccp-props=\"{}\">\u00a0<\/span><\/p>\n<\/td>\n<\/tr>\n<tr style=\"height: 68px;\">\n<td style=\"height: 68px;\">\n<p><span data-contrast=\"none\">\u00a0<\/span><\/p>\n<\/td>\n<td style=\"height: 68px;\">\n<p><span data-contrast=\"none\">\u00a0<\/span><\/p>\n<\/td>\n<\/tr>\n<tr style=\"height: 100px;\" aria-rowindex=\"7\">\n<td style=\"height: 100px;\" data-celllook=\"0\">\n<p><span data-contrast=\"auto\">Comit\u00ea das Bacias Hidrogr\u00e1ficas do Rio das Almas e Afluentes Goianos do Rio Maranh\u00e3o<\/span><span data-ccp-props=\"{&quot;134233117&quot;:false,&quot;134233118&quot;:false,&quot;335551550&quot;:0,&quot;335551620&quot;:0,&quot;335559738&quot;:0,&quot;335559739&quot;:0}\">\u00a0<\/span><\/p>\n<\/td>\n<td style=\"height: 100px;\" data-celllook=\"0\">\n<p><a href=\"https:\/\/legisla.casacivil.go.gov.br\/pesquisa_legislacao\/66457\/decreto-7958\"><span data-contrast=\"none\">Decreto Estadual n\u00ba 7.958\/2013<\/span><\/a><span data-ccp-props=\"{}\">\u00a0<\/span><\/p>\n<\/td>\n<\/tr>\n<tr style=\"height: 100px;\" aria-rowindex=\"8\">\n<td style=\"height: 100px;\" data-celllook=\"0\">\n<p><span data-contrast=\"none\">Comit\u00ea das Bacias Hidrogr\u00e1ficas dos Afluentes Goianos do Rio Paran\u00e3<\/span><span data-ccp-props=\"{&quot;335551550&quot;:0,&quot;335551620&quot;:0}\">\u00a0<\/span><\/p>\n<\/td>\n<td style=\"height: 100px;\" data-celllook=\"0\">\n<p><a href=\"https:\/\/legisla.casacivil.go.gov.br\/pesquisa_legislacao\/66455\/decreto-7956\"><span data-contrast=\"none\">Decreto Estadual n\u00ba 7.958\/2013<\/span><\/a><span data-ccp-props=\"{}\">\u00a0<\/span><\/p>\n<\/td>\n<\/tr>\n<tr style=\"height: 100px;\" aria-rowindex=\"9\">\n<td style=\"height: 100px;\" data-celllook=\"0\">\n<p><span data-contrast=\"none\">Comit\u00ea da Bacia Hidrogr\u00e1fica dos Afluentes Goianos do M\u00e9dio Tocantins<\/span><span data-ccp-props=\"{&quot;335551550&quot;:0,&quot;335551620&quot;:0}\">\u00a0<\/span><\/p>\n<\/td>\n<td style=\"height: 100px;\" data-celllook=\"0\">\n<p><a href=\"https:\/\/goias.gov.br\/meioambiente\/wp-content\/uploads\/sites\/33\/2025\/04\/CERHi-Resolucao-38-2014-Criacao-do-CBH-afluentes-Goianos-do-Medio-Tocantins.pdf\"><span data-contrast=\"none\">Resolu\u00e7\u00e3o CERHi n\u00b0 38\/2014<\/span><\/a><\/p>\n<\/td>\n<\/tr>\n<tr style=\"height: 100px;\">\n<td style=\"height: 100px;\">\n<p><span data-contrast=\"none\">\u00a0Comit\u00ea de Bacia Hidrogr\u00e1fica dos Afluentes Goianos do S\u00e3o Francisco<\/span><\/p>\n<\/td>\n<td style=\"height: 100px;\">\n<p><span data-contrast=\"none\">\u00a0<a href=\"https:\/\/goias.gov.br\/meioambiente\/wp-content\/uploads\/sites\/33\/2025\/05\/RESOLUCAO-No-039-DE-11-DE-DEZMEBRO-DE-2014-Estabelece-a-criacao-do-COMITE-DE-BACIA-HIDROGR.pdf\">Resolu\u00e7\u00e3o CERHi n\u00ba 39\/2014<\/a><\/span><\/p>\n<\/td>\n<\/tr>\n<\/tbody>\n<\/table>\n<p><span data-ccp-props=\"{}\">\u00a0<\/span><\/p>\n\n\n<figure class=\"wp-block-image size-large is-resized\"><img fetchpriority=\"high\" fetchpriority=\"high\" decoding=\"async\" width=\"853\" height=\"1280\" src=\"https:\/\/goias.gov.br\/meioambiente\/wp-content\/uploads\/sites\/33\/2025\/09\/WhatsApp-Image-2025-04-09-at-11.30.55-edited.jpeg\" alt=\"\" class=\"wp-image-165877\" style=\"aspect-ratio:0.75;object-fit:cover;width:680px;height:auto\" srcset=\"https:\/\/goias.gov.br\/meioambiente\/wp-content\/uploads\/sites\/33\/2025\/09\/WhatsApp-Image-2025-04-09-at-11.30.55-edited.jpeg 853w, https:\/\/goias.gov.br\/meioambiente\/wp-content\/uploads\/sites\/33\/2025\/09\/WhatsApp-Image-2025-04-09-at-11.30.55-edited-200x300.jpeg 200w, https:\/\/goias.gov.br\/meioambiente\/wp-content\/uploads\/sites\/33\/2025\/09\/WhatsApp-Image-2025-04-09-at-11.30.55-edited-682x1024.jpeg 682w, https:\/\/goias.gov.br\/meioambiente\/wp-content\/uploads\/sites\/33\/2025\/09\/WhatsApp-Image-2025-04-09-at-11.30.55-edited-768x1152.jpeg 768w\" sizes=\"(max-width: 853px) 100vw, 853px\" \/><\/figure>\n\n\n\n<p>Comit\u00ea da Bacia Hidrogr\u00e1fica dos Afluentes Goianos do Rio Araguaia<\/p>\n\n\n\n<ul class=\"wp-block-list\">\n<li>Comit\u00ea da Bacia Hidrogr\u00e1fica dos Afluentes Goianos do Rio Araguaia<\/li>\n\n\n\n<li>Comit\u00ea da Bacia Hidrogr\u00e1fica dos Afluentes Goianos do Rio Araguaia<\/li>\n\n\n\n<li>Comit\u00ea da Bacia Hidrogr\u00e1fica dos Afluentes Goianos do Rio Araguaia<\/li>\n<\/ul>\n\n\n\n\n\n<div class=\"wp-block-group is-layout-grid wp-container-core-group-is-layout-9649a0d9 wp-block-group-is-layout-grid\">\n<p class=\"has-text-align-center wp-container-content-69bc4bdf\"><strong>Nome<\/strong><\/p>\n\n\n\n<p class=\"has-text-align-center wp-container-content-69bc4bdf\"><strong>Cria\u00e7\u00e3o<\/strong><\/p>\n\n\n\n<p class=\"has-text-align-center\"><strong>\u00c1rea<\/strong><\/p>\n\n\n\n<p class=\"has-text-align-center\"><strong>Data de Instala\u00e7\u00e3o<\/strong><\/p>\n\n\n\n<p class=\"has-text-align-center wp-container-content-69bc4bdf\">Comit\u00ea da Bacia Hidrogr\u00e1fica dos Afluentes Goianos do Rio Araguaia<\/p>\n\n\n\n<p><a href=\"https:\/\/legisla.casacivil.go.gov.br\/pesquisa_legislacao\/104402\">Decreto Estadual n\u00ba 9.972\/2021<\/a><\/p>\n\n\n\n<p>93072.77<\/p>\n\n\n\n<p>14\/06\/2022<\/p>\n\n\n\n<p>z<\/p>\n\n\n\n<p>z<\/p>\n\n\n\n<p>z<\/p>\n\n\n\n<p>z<\/p>\n\n\n\n<p>z<\/p>\n\n\n\n<p>z<\/p>\n\n\n\n<p>z<\/p>\n\n\n\n<p>z<\/p>\n\n\n\n<p>z<\/p>\n\n\n\n<p>z<\/p>\n\n\n\n<p>z<\/p>\n\n\n\n<p>z<\/p>\n\n\n\n<p>z<\/p>\n<\/div>\n\n\n\n<p><\/p>\n\n\n\n<p><\/p>\n\n\n\n<p><\/p>\n<ul class='post-meta'>\n<li><span class='post-meta-key'>tpg-post-view-count:<\/span> 941<\/li>\n<li><span class='post-meta-key'>rank_math_internal_links_processed:<\/span> 1<\/li>\n<li><span class='post-meta-key'>footnotes:<\/span> <\/li>\n<li><span class='post-meta-key'>rank_math_og_content_image:<\/span> a:2:{s:5:\"check\";s:32:\"6be8bacf70976f35c99a3d478f07a557\";s:6:\"images\";a:1:{i:0;s:121:\"https:\/\/goias.gov.br\/meioambiente\/wp-content\/uploads\/sites\/33\/2018\/09\/WhatsApp-Image-2025-04-09-at-11.30.55-724x1024.jpeg\";}}<\/li>\n<\/ul>\n<\/div><\/div>\n\t\t\t\t\t\t<\/div>\n\t\t\t\t\t<\/div>\n\t\t\t\t<\/div>\n\t\t<div class=\"elementor-element elementor-element-5abc520 e-flex e-con-boxed e-con e-parent\" data-id=\"5abc520\" data-element_type=\"container\" data-e-type=\"container\">\n\t\t\t\t\t<div class=\"e-con-inner\">\n\t\t<div class=\"elementor-element elementor-element-8ed51ad e-con-full e-flex e-con e-child\" data-id=\"8ed51ad\" data-element_type=\"container\" data-e-type=\"container\">\n\t\t\t\t<div class=\"elementor-element elementor-element-1642924 elementor-widget elementor-widget-shortcode\" data-id=\"1642924\" data-element_type=\"widget\" data-e-type=\"widget\" data-widget_type=\"shortcode.default\">\n\t\t\t\t\t\t\t<div class=\"elementor-shortcode\"><div data-post-id=\"24775\" class=\"insert-page insert-page-24775 \"><h1 class='insert-page-title'>CBH S\u00e3o Francisco<\/h1><p>A bacia hidrogr&aacute;fica do rio S&atilde;o Francisco tem grande import&acirc;ncia para o pa&iacute;s n&atilde;o apenas pelo volume de &aacute;gua transportado em uma regi&atilde;o semi-&aacute;rida, mas, tamb&eacute;m, pelo potencial h&iacute;drico pass&iacute;vel de aproveitamento e por sua contribui&ccedil;&atilde;o hist&oacute;rica e econ&ocirc;mica para a regi&atilde;o.<\/p>\n<p><a class=\"btn btn-primary\" href=\"http:\/\/cbhsaofrancisco.org.br\/\">Acesse o Comit&ecirc; da Bacia Hidrogr&aacute;fica do Rio&nbsp;S&atilde;o Francisco<\/a><\/p>\n<ul class='post-meta'>\n<li><span class='post-meta-key'>tpg-post-view-count:<\/span> 350<\/li>\n<li><span class='post-meta-key'>rank_math_internal_links_processed:<\/span> 1<\/li>\n<\/ul>\n<\/div><\/div>\n\t\t\t\t\t\t<\/div>\n\t\t\t\t<\/div>\n\t\t<div class=\"elementor-element elementor-element-7812645 e-con-full e-flex e-con e-child\" data-id=\"7812645\" data-element_type=\"container\" data-e-type=\"container\">\n\t\t\t\t<div class=\"elementor-element elementor-element-a252a97 elementor-widget elementor-widget-shortcode\" data-id=\"a252a97\" data-element_type=\"widget\" data-e-type=\"widget\" data-widget_type=\"shortcode.default\">\n\t\t\t\t\t\t\t<div class=\"elementor-shortcode\"><div data-post-id=\"24774\" class=\"insert-page insert-page-24774 \"><h1 class='insert-page-title'>CBH Parana\u00edba<\/h1><p>A bacia hidrogr&aacute;fica do rio Parana&iacute;ba &eacute; a segunda maior unidade da Regi&atilde;o Hidrogr&aacute;fica do Paran&aacute;, ocupando 25,4% de sua &aacute;rea, e est&aacute; localizada entre os paralelos 15&deg; e 20&deg; sul e os meridianos 45&deg; e 53&deg; oeste, com uma &aacute;rea de drenagem de 222,6 mil km&sup2;.&nbsp;<\/p>\n<p><a class=\"btn btn-primary\" href=\"http:\/\/www.cbhparanaiba.org.br\/\">Acesse o Comit&ecirc; da Bacia Hidrogr&aacute;fica do Rio Parana&iacute;ba<\/a><\/p>\n<ul class='post-meta'>\n<li><span class='post-meta-key'>tpg-post-view-count:<\/span> 255<\/li>\n<li><span class='post-meta-key'>rank_math_internal_links_processed:<\/span> 1<\/li>\n<\/ul>\n<\/div><\/div>\n\t\t\t\t\t\t<\/div>\n\t\t\t\t<\/div>\n\t\t<div class=\"elementor-element elementor-element-b888631 e-con-full e-flex e-con e-child\" data-id=\"b888631\" data-element_type=\"container\" data-e-type=\"container\">\n\t\t\t\t<div class=\"elementor-element elementor-element-bd2d6dd elementor-widget elementor-widget-shortcode\" data-id=\"bd2d6dd\" data-element_type=\"widget\" data-e-type=\"widget\" data-widget_type=\"shortcode.default\">\n\t\t\t\t\t\t\t<div class=\"elementor-shortcode\"><div data-post-id=\"24623\" class=\"insert-page insert-page-24623 \"><h1><a href=\"https:\/\/goias.gov.br\/meioambiente\/cbh-meia-ponte\/\">CBH Meia Ponte<\/a><\/h1>\n\t\t\t\t\t\t\t<p>A bacia hidrogr\u00e1fica do rio Meia Ponte \u00e9 um das mais importantes do estado sustentando cerca de 50% da popula\u00e7\u00e3o. Ele \u00e9 utilizado desde abastecimento de \u00e1gua, irriga\u00e7\u00e3o de lavouras, dessedenta\u00e7\u00e3o de animais, lazer e para despejo de esgotos dom\u00e9sticos e industriais.<\/p>\n<\/div>\n\n<\/div>\n\t\t\t\t\t\t<\/div>\n\t\t\t\t<div class=\"elementor-element elementor-element-9d75f7b elementor-align-justify elementor-widget elementor-widget-button\" data-id=\"9d75f7b\" data-element_type=\"widget\" data-e-type=\"widget\" data-widget_type=\"button.default\">\n\t\t\t\t\t\t\t\t\t\t<a class=\"elementor-button elementor-button-link elementor-size-sm\" href=\"http:\/\/cbhmeiaponte.meioambiente.go.gov.br\/\">\n\t\t\t\t\t\t<span class=\"elementor-button-content-wrapper\">\n\t\t\t\t\t\t\t\t\t<span class=\"elementor-button-text\">Acesse o Comit\u00ea da Bacia Hidrogr\u00e1fica do Rio Meia Ponte<\/span>\n\t\t\t\t\t<\/span>\n\t\t\t\t\t<\/a>\n\t\t\t\t\t\t\t\t<\/div>\n\t\t\t\t<\/div>\n\t\t\t\t\t<\/div>\n\t\t\t\t<\/div>\n\t\t<div class=\"elementor-element elementor-element-e678851 e-flex e-con-boxed e-con e-parent\" data-id=\"e678851\" data-element_type=\"container\" data-e-type=\"container\">\n\t\t\t\t\t<div class=\"e-con-inner\">\n\t\t<div class=\"elementor-element elementor-element-2ddf313 e-con-full e-flex e-con e-child\" data-id=\"2ddf313\" data-element_type=\"container\" data-e-type=\"container\">\n\t\t\t\t<div class=\"elementor-element elementor-element-91faeb2 elementor-widget elementor-widget-shortcode\" data-id=\"91faeb2\" data-element_type=\"widget\" data-e-type=\"widget\" data-widget_type=\"shortcode.default\">\n\t\t\t\t\t\t\t<div class=\"elementor-shortcode\"><div data-post-id=\"24365\" class=\"insert-page insert-page-24365 \"><h1><a href=\"https:\/\/goias.gov.br\/meioambiente\/cbh-corumba-verissimo-e-sao-marcos\/\">CBH Corumb\u00e1, Ver\u00edssimo e S\u00e3o Marcos<\/a><\/h1>\n\t\t\t\t\t\t\t<p>As Bacias Hidrogr\u00e1ficas do Sudeste Goiano est\u00e3o inseridas na Bacia do Rio Parana\u00edba, na por\u00e7\u00e3o sudeste do Estado, e \u00e9 composta pelas bacias hidrogr\u00e1ficas do Rio Corumb\u00e1, do Rio Ver\u00edssimo e pela por\u00e7\u00e3o goiana do Rio S\u00e3o Marcos.<\/p>\n<\/div><\/div>\n\t\t\t\t\t\t<\/div>\n\t\t\t\t<div class=\"elementor-element elementor-element-de221cf elementor-align-justify elementor-widget elementor-widget-button\" data-id=\"de221cf\" data-element_type=\"widget\" data-e-type=\"widget\" data-widget_type=\"button.default\">\n\t\t\t\t\t\t\t\t\t\t<a class=\"elementor-button elementor-button-link elementor-size-sm\" href=\"http:\/\/cbhcvsm.meioambiente.go.gov.br\/\">\n\t\t\t\t\t\t<span class=\"elementor-button-content-wrapper\">\n\t\t\t\t\t\t\t\t\t<span class=\"elementor-button-text\">Acesse o Comit\u00ea da Bacia Hidrogr\u00e1fica dos Rios Corumb\u00e1, Ver\u00edssimo e S\u00e3o Marcos<\/span>\n\t\t\t\t\t<\/span>\n\t\t\t\t\t<\/a>\n\t\t\t\t\t\t\t\t<\/div>\n\t\t\t\t<\/div>\n\t\t<div class=\"elementor-element elementor-element-d88ae4e e-con-full e-flex e-con e-child\" data-id=\"d88ae4e\" data-element_type=\"container\" data-e-type=\"container\">\n\t\t\t\t<div class=\"elementor-element elementor-element-01de6a9 elementor-widget elementor-widget-shortcode\" data-id=\"01de6a9\" data-element_type=\"widget\" data-e-type=\"widget\" data-widget_type=\"shortcode.default\">\n\t\t\t\t\t\t\t<div class=\"elementor-shortcode\"><div data-post-id=\"28011\" class=\"insert-page insert-page-28011 \"><h1 class='insert-page-title'>CBH do Baixo Parana\u00edba<\/h1><p>As Bacias Hidrogr&aacute;ficas do Sudoeste Goiano est&atilde;o inseridas na Regi&atilde;o Hidrogr&aacute;fica do Paran&aacute;, na Bacia Hidrogr&aacute;fica do Rio Parana&iacute;ba, na por&ccedil;&atilde;o sudoeste do Estado.<\/p>\n<ul class='post-meta'>\n<li><span class='post-meta-key'>tpg-post-view-count:<\/span> 342<\/li>\n<li><span class='post-meta-key'>rank_math_internal_links_processed:<\/span> 1<\/li>\n<\/ul>\n<\/div><\/div>\n\t\t\t\t\t\t<\/div>\n\t\t\t\t<div class=\"elementor-element elementor-element-26eda40 elementor-align-justify elementor-widget elementor-widget-button\" data-id=\"26eda40\" data-element_type=\"widget\" data-e-type=\"widget\" data-widget_type=\"button.default\">\n\t\t\t\t\t\t\t\t\t\t<a class=\"elementor-button elementor-button-link elementor-size-sm\" href=\"http:\/\/cbhbaixoparanaiba.meioambiente.go.gov.br\/\">\n\t\t\t\t\t\t<span class=\"elementor-button-content-wrapper\">\n\t\t\t\t\t\t\t\t\t<span class=\"elementor-button-text\">Acesse o Comit\u00ea da Bacia Hidrogr\u00e1fica do Baixo Parana\u00edba<\/span>\n\t\t\t\t\t<\/span>\n\t\t\t\t\t<\/a>\n\t\t\t\t\t\t\t\t<\/div>\n\t\t\t\t<\/div>\n\t\t<div class=\"elementor-element elementor-element-569cf5d e-con-full e-flex e-con e-child\" data-id=\"569cf5d\" data-element_type=\"container\" data-e-type=\"container\">\n\t\t\t\t<div class=\"elementor-element elementor-element-e1411b9 elementor-widget elementor-widget-shortcode\" data-id=\"e1411b9\" data-element_type=\"widget\" data-e-type=\"widget\" data-widget_type=\"shortcode.default\">\n\t\t\t\t\t\t\t<div class=\"elementor-shortcode\"><div data-post-id=\"24192\" class=\"insert-page insert-page-24192 \"><h1><a href=\"https:\/\/goias.gov.br\/meioambiente\/cbh-bois\/\">CBH BOIS<\/a><\/h1>\n\t\t\t\t\t\t\t<p>O Rio do Bois, afluente do rio Parana\u00edba, nasce na serra dos Brand\u00f5es, no munic\u00edpio de Americano do Brasil. Seu curso tem dire\u00e7\u00e3o predominante norte-sul na maioria de sua extens\u00e3o.<\/p>\n<\/div>\n\n<\/div>\n\t\t\t\t\t\t<\/div>\n\t\t\t\t<div class=\"elementor-element elementor-element-ac99a23 elementor-align-justify elementor-widget elementor-widget-button\" data-id=\"ac99a23\" data-element_type=\"widget\" data-e-type=\"widget\" data-widget_type=\"button.default\">\n\t\t\t\t\t\t\t\t\t\t<a class=\"elementor-button elementor-button-link elementor-size-sm\" href=\"http:\/\/cbhbois.meioambiente.go.gov.br\/\">\n\t\t\t\t\t\t<span class=\"elementor-button-content-wrapper\">\n\t\t\t\t\t\t\t\t\t<span class=\"elementor-button-text\">Acesse o Comit\u00ea da Bacia Hidrogr\u00e1fica do Rio dos Bois<\/span>\n\t\t\t\t\t<\/span>\n\t\t\t\t\t<\/a>\n\t\t\t\t\t\t\t\t<\/div>\n\t\t\t\t<\/div>\n\t\t\t\t\t<\/div>\n\t\t\t\t<\/div>\n\t\t<div class=\"elementor-element elementor-element-05c3bb5 e-flex e-con-boxed e-con e-parent\" data-id=\"05c3bb5\" data-element_type=\"container\" data-e-type=\"container\">\n\t\t\t\t\t<div class=\"e-con-inner\">\n\t\t<div class=\"elementor-element elementor-element-84a5f12 e-con-full e-flex e-con e-child\" data-id=\"84a5f12\" data-element_type=\"container\" data-e-type=\"container\">\n\t\t\t\t<div class=\"elementor-element elementor-element-6e9fec3 elementor-widget elementor-widget-shortcode\" data-id=\"6e9fec3\" data-element_type=\"widget\" data-e-type=\"widget\" data-widget_type=\"shortcode.default\">\n\t\t\t\t\t\t\t<div class=\"elementor-shortcode\"><div data-post-id=\"28040\" class=\"insert-page insert-page-28040 \"><h1><a href=\"https:\/\/goias.gov.br\/meioambiente\/cbh-agora\/\">CBH Agora<\/a><\/h1>\n\t\t\t\t\t\t\t<p>Sua &aacute;rea de atua&ccedil;&atilde;o abrange as bacias hidrogr&aacute;ficas goianas afluentes do rio Araguaia e representa hoje o maior Comit&ecirc; de Bacia Hidrogr&aacute;fica no Estado de Goi&aacute;s. Ele &eacute; respons&aacute;vel por uma &aacute;rea de 101.540 Km&sup2;, que corresponde aproximadamente, 30% do territ&oacute;rio goiano e onde est&atilde;o inseridos mais de 1 milh&atilde;o de habitantes ou 14% da [&hellip;]<\/p>\n<\/div><\/div>\n\t\t\t\t\t\t<\/div>\n\t\t\t\t<div class=\"elementor-element elementor-element-e46ffff elementor-align-justify elementor-widget elementor-widget-button\" data-id=\"e46ffff\" data-element_type=\"widget\" data-e-type=\"widget\" data-widget_type=\"button.default\">\n\t\t\t\t\t\t\t\t\t\t<a class=\"elementor-button elementor-button-link elementor-size-sm\" href=\"http:\/\/cbhagora.meioambiente.go.gov.br\/\">\n\t\t\t\t\t\t<span class=\"elementor-button-content-wrapper\">\n\t\t\t\t\t\t\t\t\t<span class=\"elementor-button-text\">Acesse o Comit\u00ea das Bacias Hidrogr\u00e1ficas dos Afluentes Goianos do Rio Araguaia<\/span>\n\t\t\t\t\t<\/span>\n\t\t\t\t\t<\/a>\n\t\t\t\t\t\t\t\t<\/div>\n\t\t\t\t<\/div>\n\t\t\t\t\t<\/div>\n\t\t\t\t<\/div>\n\t\t\t\t<\/div>\n\t\t","protected":false},"excerpt":{"rendered":"<p>Acesse o Comit\u00ea da Bacia Hidrogr\u00e1fica do Rio Meia Ponte Acesse o Comit\u00ea da Bacia Hidrogr\u00e1fica dos Rios Corumb\u00e1, Ver\u00edssimo e S\u00e3o Marcos Acesse o Comit\u00ea da Bacia Hidrogr\u00e1fica do Baixo Parana\u00edba Acesse o Comit\u00ea da Bacia Hidrogr\u00e1fica do Rio dos Bois Acesse o Comit\u00ea das Bacias Hidrogr\u00e1ficas dos Afluentes Goianos do Rio Araguaia<\/p>\n","protected":false},"author":7,"featured_media":0,"parent":0,"menu_order":0,"comment_status":"closed","ping_status":"closed","template":"wppb_theme_template","meta":{"footnotes":"","_links_to":"","_links_to_target":""},"class_list":["post-28387","page","type-page","status-publish","hentry"],"rttpg_featured_image_url":null,"rttpg_author":{"display_name":"gustavogoncalves","author_link":"https:\/\/goias.gov.br\/meioambiente\/author\/gustavogoncalves\/"},"rttpg_comment":0,"rttpg_category":"","rttpg_excerpt":"Acesse o Comit\u00ea da Bacia Hidrogr\u00e1fica do Rio Meia Ponte Acesse o Comit\u00ea da Bacia Hidrogr\u00e1fica dos Rios Corumb\u00e1, Ver\u00edssimo e S\u00e3o Marcos Acesse o Comit\u00ea da Bacia Hidrogr\u00e1fica do Baixo Parana\u00edba Acesse o Comit\u00ea da Bacia Hidrogr\u00e1fica do Rio dos Bois Acesse o Comit\u00ea das Bacias Hidrogr\u00e1ficas dos Afluentes Goianos do Rio Araguaia","_links":{"self":[{"href":"https:\/\/goias.gov.br\/meioambiente\/wp-json\/wp\/v2\/pages\/28387","targetHints":{"allow":["GET"]}}],"collection":[{"href":"https:\/\/goias.gov.br\/meioambiente\/wp-json\/wp\/v2\/pages"}],"about":[{"href":"https:\/\/goias.gov.br\/meioambiente\/wp-json\/wp\/v2\/types\/page"}],"author":[{"embeddable":true,"href":"https:\/\/goias.gov.br\/meioambiente\/wp-json\/wp\/v2\/users\/7"}],"replies":[{"embeddable":true,"href":"https:\/\/goias.gov.br\/meioambiente\/wp-json\/wp\/v2\/comments?post=28387"}],"version-history":[{"count":2,"href":"https:\/\/goias.gov.br\/meioambiente\/wp-json\/wp\/v2\/pages\/28387\/revisions"}],"predecessor-version":[{"id":299874,"href":"https:\/\/goias.gov.br\/meioambiente\/wp-json\/wp\/v2\/pages\/28387\/revisions\/299874"}],"wp:attachment":[{"href":"https:\/\/goias.gov.br\/meioambiente\/wp-json\/wp\/v2\/media?parent=28387"}],"curies":[{"name":"wp","href":"https:\/\/api.w.org\/{rel}","templated":true}]}}