

{"id":28375,"date":"2023-11-17T15:20:35","date_gmt":"2023-11-17T18:20:35","guid":{"rendered":"https:\/\/siteshom.goias.gov.br\/meioambiente\/?page_id=28375"},"modified":"2026-03-09T08:25:28","modified_gmt":"2026-03-09T11:25:28","slug":"autos-de-infracoes-ambientais","status":"publish","type":"page","link":"https:\/\/goias.gov.br\/meioambiente\/autos-de-infracoes-ambientais\/","title":{"rendered":"Autos de Infra\u00e7\u00f5es Ambientais"},"content":{"rendered":"\t\t<div data-elementor-type=\"wp-page\" data-elementor-id=\"28375\" class=\"elementor elementor-28375\">\n\t\t\t\t<div class=\"elementor-element elementor-element-1e4b7d3 e-flex e-con-boxed e-con e-parent\" data-id=\"1e4b7d3\" data-element_type=\"container\" data-e-type=\"container\">\n\t\t\t\t\t<div class=\"e-con-inner\">\n\t\t\t\t<div class=\"elementor-element elementor-element-b1eb5b1 elementor-widget elementor-widget-shortcode\" data-id=\"b1eb5b1\" data-element_type=\"widget\" data-e-type=\"widget\" data-widget_type=\"shortcode.default\">\n\t\t\t\t\t\t\t<div class=\"elementor-shortcode\"><div data-post-id=\"24842\" class=\"insert-page insert-page-24842 \"><h1 class='insert-page-title'>Autos de Infra\u00e7\u00f5es Ambientais<\/h1><p class=\"nomargintop\">O Auto de Infra\u00e7\u00e3o Ambiental\u00a0\u00e9 o procedimento administrativo destinado \u00e0 apura\u00e7\u00e3o e corre\u00e7\u00e3o de toda a\u00e7\u00e3o ou omiss\u00e3o que viole as regras jur\u00eddicas de uso, gozo, promo\u00e7\u00e3o, prote\u00e7\u00e3o e recupera\u00e7\u00e3o do meio ambiente.<\/p>\n<p>As infra\u00e7\u00f5es ambientais est\u00e3o dispostas na <a href=\"http:\/\/www.gabinetecivil.goias.gov.br\/leis_ordinarias\/2013\/lei_18102.htm\" target=\"_blank\" rel=\"noopener\">Lei n\u00ba 18.102\/2013<\/a> e no <a href=\"http:\/\/www.gabinetecivil.go.gov.br\/pagina_decretos.php?id=18446\" target=\"_blank\" rel=\"noopener\">Decreto n\u00b0 9.256\/2018<\/a>, com base na <a href=\"http:\/\/www.planalto.gov.br\/ccivil_03\/LEIS\/L9605.htm\" target=\"_blank\" rel=\"noopener\">Lei Federal N\u00b0 9.605\/1998<\/a>, regulamentada pelo <a href=\"http:\/\/www.planalto.gov.br\/ccivil_03\/_Ato2007-2010\/2008\/Decreto\/D6514.htm\" target=\"_blank\" rel=\"noopener\">Decreto n\u00b0 6.514\/2008<\/a>.<\/p>\n<ul class='post-meta'>\n<li><span class='post-meta-key'>rank_math_primary_category:<\/span> 6<\/li>\n<li><span class='post-meta-key'>rank_math_seo_score:<\/span> 12<\/li>\n<li><span class='post-meta-key'>rank_math_internal_links_processed:<\/span> 1<\/li>\n<li><span class='post-meta-key'>tpg-post-view-count:<\/span> 697<\/li>\n<\/ul>\n<\/div><\/div>\n\t\t\t\t\t\t<\/div>\n\t\t\t\t\t<\/div>\n\t\t\t\t<\/div>\n\t\t<div class=\"elementor-element elementor-element-d9b88f8 e-flex e-con-boxed e-con e-parent\" data-id=\"d9b88f8\" data-element_type=\"container\" data-e-type=\"container\">\n\t\t\t\t\t<div class=\"e-con-inner\">\n\t\t<div class=\"elementor-element elementor-element-d881319 e-con-full e-flex e-con e-child\" data-id=\"d881319\" data-element_type=\"container\" data-e-type=\"container\">\n\t\t\t\t<div class=\"elementor-element elementor-element-ceec319 elementor-widget elementor-widget-text-editor\" data-id=\"ceec319\" data-element_type=\"widget\" data-e-type=\"widget\" data-widget_type=\"text-editor.default\">\n\t\t\t\t\t\t\t\t\t<div><div class=\"wppb-builder-addon wppb-addon-1700485299537\" data-addon-id=\"1700485299537\"><div class=\"wppb-addon\"><div id=\"wppb-addon-1700485299537\" class=\"clearfix\"><div class=\"insert-page insert-page-24274 \" data-post-id=\"24274\"><h1 class=\"insert-page-title\">1\u00aa Inst\u00e2ncia Julgadora<\/h1><\/div><\/div><\/div><\/div><\/div><div><div class=\"wppb-builder-addon wppb-addon-1700485323737\" data-addon-id=\"1700485323737\"><div class=\"wppb-addon\"><div id=\"wppb-addon-1700485323737\" class=\"clearfix\"><div class=\"insert-page insert-page-24274 \" data-post-id=\"24274\"><p>No prazo de 20 dias \u00e9 oferecido defesa quanto ao auto de infra\u00e7\u00e3o \u00e0 Autoridade Julgadora de 1\u00aa Inst\u00e2ncia.\u00a0<\/p><\/div><\/div><\/div><\/div><\/div><div><div class=\"wppb-builder-addon wppb-addon-1700485696927\" data-addon-id=\"1700485696927\"><div class=\"wppb-addon\"><div class=\"wppb-text-block-addon\"><div class=\"wppb-text-block-content \"><p><a href=\"https:\/\/goias.gov.br\/meioambiente\/publicacoes-1a-instancia\/\" data-cke-saved-href=\"\/component\/content\/article\/115-meio-ambiente\/infra\u00e7\u00f5es-ambientais\/961-publicacoes-1a-instancia.html?Itemid=101\">Acesse as Publica\u00e7\u00f5es da 1\u00aa Inst\u00e2ncia<\/a><\/p><\/div><\/div><\/div><\/div><\/div>\t\t\t\t\t\t\t\t<\/div>\n\t\t\t\t<\/div>\n\t\t<div class=\"elementor-element elementor-element-c065036 e-con-full e-flex e-con e-child\" data-id=\"c065036\" data-element_type=\"container\" data-e-type=\"container\">\n\t\t\t\t<div class=\"elementor-element elementor-element-696a190 elementor-widget elementor-widget-text-editor\" data-id=\"696a190\" data-element_type=\"widget\" data-e-type=\"widget\" data-widget_type=\"text-editor.default\">\n\t\t\t\t\t\t\t\t\t<div><div class=\"\\\" data-addon-id=\"\\\"><div class=\"\\\"><div id=\"\\\" class=\"\\\"><div class=\"\\\" data-post-id=\"\\\"><h1 class=\"\\\">Comiss\u00e3o Julgadora de Recursos<\/h1><\/div><\/div><\/div><\/div><\/div><div><div class=\"\\\" data-addon-id=\"\\\"><div class=\"\\\"><div id=\"\\\" class=\"\\\"><div class=\"\\\" data-post-id=\"\\\"><p>Instru\u00e7\u00e3o Normativa n\u00ba 007\/2016-GAB, publicada no DOE N\u00ba 22.418, de 29 de setembro de 2016.&#8221; por Instru\u00e7\u00e3o Normativa n\u00b0 13\/2018-GAB, publicada no DOE N\u00ba 22.916, de 18 de outubro de 2018<\/p><p><a href=\"https:\/\/goias.gov.br\/meioambiente\/comjur\/\">Saiba mais sobre a Comiss\u00e3o Julgadora de Recurso<\/a><\/p><\/div><\/div><\/div><\/div><\/div>\t\t\t\t\t\t\t\t<\/div>\n\t\t\t\t<\/div>\n\t\t\t\t\t<\/div>\n\t\t\t\t<\/div>\n\t\t\t\t<\/div>\n\t\t","protected":false},"excerpt":{"rendered":"<p>1\u00aa Inst\u00e2ncia Julgadora No prazo de 20 dias \u00e9 oferecido defesa quanto ao auto de infra\u00e7\u00e3o \u00e0 Autoridade Julgadora de 1\u00aa Inst\u00e2ncia.\u00a0 Acesse as Publica\u00e7\u00f5es da 1\u00aa Inst\u00e2ncia Comiss\u00e3o Julgadora de Recursos Instru\u00e7\u00e3o Normativa n\u00ba 007\/2016-GAB, publicada no DOE N\u00ba 22.418, de 29 de setembro de 2016.&#8221; por Instru\u00e7\u00e3o Normativa n\u00b0 13\/2018-GAB, publicada no DOE [&hellip;]<\/p>\n","protected":false},"author":7,"featured_media":0,"parent":0,"menu_order":0,"comment_status":"closed","ping_status":"closed","template":"wppb_theme_template","meta":{"footnotes":"","_links_to":"","_links_to_target":""},"class_list":["post-28375","page","type-page","status-publish","hentry"],"rttpg_featured_image_url":null,"rttpg_author":{"display_name":"gustavogoncalves","author_link":"https:\/\/goias.gov.br\/meioambiente\/author\/gustavogoncalves\/"},"rttpg_comment":0,"rttpg_category":"","rttpg_excerpt":"1\u00aa Inst\u00e2ncia Julgadora No prazo de 20 dias \u00e9 oferecido defesa quanto ao auto de infra\u00e7\u00e3o \u00e0 Autoridade Julgadora de 1\u00aa Inst\u00e2ncia.\u00a0 Acesse as Publica\u00e7\u00f5es da 1\u00aa Inst\u00e2ncia Comiss\u00e3o Julgadora de Recursos Instru\u00e7\u00e3o Normativa n\u00ba 007\/2016-GAB, publicada no DOE N\u00ba 22.418, de 29 de setembro de 2016.&#8221; por Instru\u00e7\u00e3o Normativa n\u00b0 13\/2018-GAB, publicada no DOE&hellip;","_links":{"self":[{"href":"https:\/\/goias.gov.br\/meioambiente\/wp-json\/wp\/v2\/pages\/28375","targetHints":{"allow":["GET"]}}],"collection":[{"href":"https:\/\/goias.gov.br\/meioambiente\/wp-json\/wp\/v2\/pages"}],"about":[{"href":"https:\/\/goias.gov.br\/meioambiente\/wp-json\/wp\/v2\/types\/page"}],"author":[{"embeddable":true,"href":"https:\/\/goias.gov.br\/meioambiente\/wp-json\/wp\/v2\/users\/7"}],"replies":[{"embeddable":true,"href":"https:\/\/goias.gov.br\/meioambiente\/wp-json\/wp\/v2\/comments?post=28375"}],"version-history":[{"count":2,"href":"https:\/\/goias.gov.br\/meioambiente\/wp-json\/wp\/v2\/pages\/28375\/revisions"}],"predecessor-version":[{"id":302307,"href":"https:\/\/goias.gov.br\/meioambiente\/wp-json\/wp\/v2\/pages\/28375\/revisions\/302307"}],"wp:attachment":[{"href":"https:\/\/goias.gov.br\/meioambiente\/wp-json\/wp\/v2\/media?parent=28375"}],"curies":[{"name":"wp","href":"https:\/\/api.w.org\/{rel}","templated":true}]}}