

{"id":190807,"date":"2025-09-25T12:28:59","date_gmt":"2025-09-25T15:28:59","guid":{"rendered":"https:\/\/goias.gov.br\/meioambiente\/?page_id=190807"},"modified":"2026-03-06T14:54:59","modified_gmt":"2026-03-06T17:54:59","slug":"gerencia-de-economia-verde-e-circular-3","status":"publish","type":"page","link":"https:\/\/goias.gov.br\/meioambiente\/gerencia-de-economia-verde-e-circular-3\/","title":{"rendered":"Ger\u00eancia de Economia Verde e Circular"},"content":{"rendered":"\t\t<div data-elementor-type=\"wp-page\" data-elementor-id=\"190807\" class=\"elementor elementor-190807\">\n\t\t\t\t<div class=\"elementor-element elementor-element-12f0be2 e-flex e-con-boxed e-con e-parent\" data-id=\"12f0be2\" data-element_type=\"container\" data-e-type=\"container\">\n\t\t\t\t\t<div class=\"e-con-inner\">\n\t\t<div class=\"elementor-element elementor-element-c3d7bc4 e-con-full e-flex e-con e-child\" data-id=\"c3d7bc4\" data-element_type=\"container\" data-e-type=\"container\">\n\t\t\t\t<div class=\"elementor-element elementor-element-9191c34 elementor-widget elementor-widget-text-editor\" data-id=\"9191c34\" data-element_type=\"widget\" data-e-type=\"widget\" data-widget_type=\"text-editor.default\">\n\t\t\t\t\t\t\t\t\t<div class=\"wppb-row-parent wppb-row-1740007230718 \"><div class=\"wppb-container \"><div class=\"wppb-row\"><div class=\"wppb-column-parent wppb-column-parent-view wppb-col-1740007230717 \"><div class=\"wppb-column\"><div class=\"wppb-builder-addons\"><div class=\"wppb-builder-addon wppb-addon-1740008039483\" data-addon-id=\"1740008039483\"><div class=\"wppb-addon\"><div class=\"wppb-text-block-addon\"><div class=\"wppb-text-block-content 0\"><p><span style=\"font-size: 18pt;\"><strong>Sobre a ger\u00eancia<\/strong><\/span><\/p><p>Considerando os crescentes desafios relacionados \u00e0s mudan\u00e7as clim\u00e1ticas e seus impactos diretos na disponibilidade de recursos naturais, na produ\u00e7\u00e3o agropecu\u00e1ria e na qualidade de vida da popula\u00e7\u00e3o, existe a necessidade de adotar novas formas de produ\u00e7\u00e3o ambientalmente sustent\u00e1veis. Nesse sentido, em 2023, foi estabelecida a\u00a0<strong>Ger\u00eancia de Economia Verde e Circular<\/strong>, dentro da Superintend\u00eancia de Res\u00edduos S\u00f3lidos e Desenvolvimento Sustent\u00e1vel, para atuar no fortalecimento de pol\u00edticas de transi\u00e7\u00e3o para\u00a0<strong>modelos econ\u00f4micos que combinem o crescimento econ\u00f4mico com preserva\u00e7\u00e3o ambiental e inclus\u00e3o social<\/strong>, garantindo um desenvolvimento equilibrado e resiliente para as atuais e futuras gera\u00e7\u00f5es.<\/p><p>A economia verde prop\u00f5e um modelo de crescimento baseado na conserva\u00e7\u00e3o ambiental, efici\u00eancia no uso dos recursos e gera\u00e7\u00e3o de empregos sustent\u00e1veis. Dentro desse conceito, destacamos a sociobiodiversidade e a sociobioeconomia, que valorizam os conhecimentos e os produtos dos povos e comunidades tradicionais e agricultores familiares, promovendo o uso sustent\u00e1vel da biodiversidade local e estimulando cadeias produtivas sustent\u00e1veis, que aproveitam recursos biol\u00f3gicos para gerar inova\u00e7\u00e3o e desenvolvimento, respeitando os ciclos naturais e os saberes tradicionais.<\/p><p>Entre as atribui\u00e7\u00f5es da Gevec est\u00e3o: realizar estudos e propor programas e projetos voltados ao desenvolvimento sustent\u00e1vel para o acesso sustent\u00e1vel aos recursos ambientais e o uso deles sem ignorar a preserva\u00e7\u00e3o; estimular o consumo sustent\u00e1vel, a reutiliza\u00e7\u00e3o de produtos e componentes, com o prolongamento de seu tempo de vida \u00fatil, a redu\u00e7\u00e3o da gera\u00e7\u00e3o de res\u00edduos s\u00f3lidos org\u00e2nicos nos domic\u00edlios, a compostagem domiciliar e a participa\u00e7\u00e3o da sociedade na coleta seletiva; propor diretrizes \u00e0 execu\u00e7\u00e3o das pol\u00edticas de economia sustent\u00e1vel e educa\u00e7\u00e3o ambiental como estrat\u00e9gias para conduzir a sustentabilidade socioambiental regional e local.<\/p><\/div><\/div><\/div><\/div><\/div><\/div><\/div><\/div><\/div><\/div>\t\t\t\t\t\t\t\t<\/div>\n\t\t\t\t<\/div>\n\t\t<div class=\"elementor-element elementor-element-69a4aa5 e-con-full e-flex e-con e-child\" data-id=\"69a4aa5\" data-element_type=\"container\" data-e-type=\"container\">\n\t\t\t\t<div class=\"elementor-element elementor-element-6a37f89 elementor-widget elementor-widget-image\" data-id=\"6a37f89\" data-element_type=\"widget\" data-e-type=\"widget\" data-widget_type=\"image.default\">\n\t\t\t\t\t\t\t\t\t\t\t\t<figure class=\"wp-caption\">\n\t\t\t\t\t\t\t\t\t\t<img decoding=\"async\" src=\"https:\/\/goias.gov.br\/meioambiente\/wp-content\/uploads\/sites\/33\/2025\/02\/pequi-1.jpg\" title=\"\" alt=\"\" loading=\"lazy\" \/>\t\t\t\t\t\t\t\t\t\t\t<figcaption class=\"widget-image-caption wp-caption-text\">Pequi<\/figcaption>\n\t\t\t\t\t\t\t\t\t\t<\/figure>\n\t\t\t\t\t\t\t\t\t<\/div>\n\t\t\t\t<div class=\"elementor-element elementor-element-0fb53b9 elementor-widget elementor-widget-image\" data-id=\"0fb53b9\" data-element_type=\"widget\" data-e-type=\"widget\" data-widget_type=\"image.default\">\n\t\t\t\t\t\t\t\t\t\t\t\t<figure class=\"wp-caption\">\n\t\t\t\t\t\t\t\t\t\t<img decoding=\"async\" src=\"https:\/\/goias.gov.br\/meioambiente\/wp-content\/uploads\/sites\/33\/2025\/02\/baru.jpg\" title=\"\" alt=\"\" loading=\"lazy\" \/>\t\t\t\t\t\t\t\t\t\t\t<figcaption class=\"widget-image-caption wp-caption-text\">Baru<\/figcaption>\n\t\t\t\t\t\t\t\t\t\t<\/figure>\n\t\t\t\t\t\t\t\t\t<\/div>\n\t\t\t\t<div class=\"elementor-element elementor-element-ce0da26 elementor-widget elementor-widget-text-editor\" data-id=\"ce0da26\" data-element_type=\"widget\" data-e-type=\"widget\" data-widget_type=\"text-editor.default\">\n\t\t\t\t\t\t\t\t\t<p><strong>Saiba mais:<\/strong>\u00a0<a href=\"https:\/\/legisla.casacivil.go.gov.br\/api\/v2\/pesquisa\/legislacoes\/108819\/pdf\">Clique aqui para ler o decreto 10.464, de 07 de maio de 2024.<\/a><\/p>\t\t\t\t\t\t\t\t<\/div>\n\t\t\t\t<\/div>\n\t\t\t\t\t<\/div>\n\t\t\t\t<\/div>\n\t\t<div class=\"elementor-element elementor-element-628bf1e e-flex e-con-boxed e-con e-parent\" data-id=\"628bf1e\" data-element_type=\"container\" data-e-type=\"container\">\n\t\t\t\t\t<div class=\"e-con-inner\">\n\t\t<div class=\"elementor-element elementor-element-e5ecd1b e-con-full e-flex e-con e-child\" data-id=\"e5ecd1b\" data-element_type=\"container\" data-e-type=\"container\">\n\t\t\t\t<div class=\"elementor-element elementor-element-a402393 elementor-widget elementor-widget-text-editor\" data-id=\"a402393\" data-element_type=\"widget\" data-e-type=\"widget\" data-widget_type=\"text-editor.default\">\n\t\t\t\t\t\t\t\t\t<p><strong><span style=\"font-size: 18pt;\">Editais em andamento<\/span><\/strong><\/p><p><strong><span style=\"font-size: 14pt;\">Edital de credenciamento para associa\u00e7\u00f5es e cooperativas da sociobiodiversidade do Cerrado goiano<\/span><\/strong><\/p><p>O Cerrado, segundo maior bioma da Am\u00e9rica do Sul, \u00e9 considerado a savana tropical mais biodiversa do mundo. Dentre as mais de 12 mil esp\u00e9cies de plantas do bioma, mais de 200 possuem uso aliment\u00edcio e medicinal, consumidas tanto in natura quanto processadas. O uso dessas esp\u00e9cies decorre, em grande parte, do conhecimento tradicional atrelado aos povos e comunidades tradicionais e agricultores familiares, que desenvolveram t\u00e9cnicas e pr\u00e1ticas de manejo sustent\u00e1vel no Cerrado.<\/p><p>Essa inter-rela\u00e7\u00e3o entre a diversidade biol\u00f3gica e a diversidade de sistemas socioculturais \u00e9 conhecida como sociobiodiversidade. E \u00e9 justamente dessa rela\u00e7\u00e3o intr\u00ednseca entre os modos de vida e a natureza que surgem os produtos da sociobiodiversidade, baseados no manejo sustent\u00e1vel de esp\u00e9cies nativas decorrente dos saberes tradicionais sobre a natureza. Atrav\u00e9s da comercializa\u00e7\u00e3o desses produtos, organizados em cadeias produtivas, os povos e comunidades tradicionais e agricultores familiares obt\u00eam renda e possibilitam que a popula\u00e7\u00e3o consuma produtos como baru, pequi, cagaita, cajuzinho-do-cerrado, buriti, araticum, mangaba, entre tantos outros<\/p><p>Apesar da import\u00e2ncia desses produtos da sociobiodiversidade, tanto para os povos e comunidades tradicionais e agricultores familiares quanto para os consumidores, as cadeias da sociobiodiversidade enfrentam diversos desafios.<\/p><p>Foi com vistas a fomentar as cadeias da sociobiodiversidade e proporcionar o aumento de renda para a popula\u00e7\u00e3o, que a Semad lan\u00e7ou o edital de credenciamento para associa\u00e7\u00f5es e cooperativas da sociobiodiversidade do Cerrado goiano participarem do banco de projetos da secretaria.<\/p><p>O edital \u00e9 voltado para associa\u00e7\u00f5es e cooperativas que desenvolvam atividades relacionadas aos produtos e servi\u00e7os da sociobiodiversidade no estado de Goi\u00e1s. Estar\u00e3o aptas a se credenciar todas as associa\u00e7\u00f5es e cooperativas que:<\/p><p>Estejam legalmente constitu\u00eddas h\u00e1 pelo menos 1 (um) ano;<br \/>Suas atividades estejam diretamente relacionadas \u00e0 produtos e servi\u00e7os da sociobiodiversidade do Cerrado goiano;<br \/>Tenham representante legal;<br \/>N\u00e3o tenha fins lucrativos;<br \/>Sejam constitu\u00eddas por pessoas f\u00edsicas de baixa renda;<br \/>Possuam infraestrutura f\u00edsica pr\u00f3pria, locada ou cedida para realizar os processos relacionados ao projeto proposto;<br \/>Apresentem sistema de rateio entre os associados\/cooperados;<br \/>Sejam sediadas no Estado de Goi\u00e1s.<br \/>Caso credenciada, a organiza\u00e7\u00e3o poder\u00e1 submeter um projeto, entre os valores de R$ 20 mil e R$ 120 mil, que ser\u00e3o financiados utilizando recursos da Convers\u00e3o de Multas. Assim, autua\u00e7\u00f5es originadas de infra\u00e7\u00f5es ambientais s\u00e3o revertidas em projetos que promovem o desenvolvimento sustent\u00e1vel e a melhoria da qualidade de vida da popula\u00e7\u00e3o.<\/p><p>Os projetos podem ser inscritos dentro de quatro eixos:<\/p><p>Melhorias nos processos produtivos;<br \/>Fortalecimento de neg\u00f3cios da sociobiodiversidade e estrat\u00e9gias para aumento de gera\u00e7\u00e3o de renda;<br \/>Manejo sustent\u00e1vel e condi\u00e7\u00f5es adequadas de trabalho;<br \/>Capacita\u00e7\u00e3o e treinamento t\u00e9cnico.<br \/>Para participar, basta reunir a documenta\u00e7\u00e3o necess\u00e1ria e preencher os Anexos e o Plano de Trabalho, e encaminhar para o email: secretariageral.meioambiente@goias.gov.br.<\/p>\t\t\t\t\t\t\t\t<\/div>\n\t\t\t\t<\/div>\n\t\t<div class=\"elementor-element elementor-element-b1d8ca2 e-con-full e-flex e-con e-child\" data-id=\"b1d8ca2\" data-element_type=\"container\" data-e-type=\"container\">\n\t\t\t\t<div class=\"elementor-element elementor-element-9925312 elementor-widget elementor-widget-text-editor\" data-id=\"9925312\" data-element_type=\"widget\" data-e-type=\"widget\" data-widget_type=\"text-editor.default\">\n\t\t\t\t\t\t\t\t\t<p>A equipe da Semad tamb\u00e9m preparou um material para auxiliar na participa\u00e7\u00e3o do edital.<\/p><p><strong>Downloads:<\/strong><\/p><p><a href=\"https:\/\/goias.gov.br\/meioambiente\/wp-content\/uploads\/sites\/33\/2025\/03\/cartilha.pdf\">Cartilha<\/a><\/p><p><a href=\"https:\/\/goias.gov.br\/meioambiente\/wp-content\/uploads\/sites\/33\/2025\/03\/editalsocio.pdf\">Edital<\/a><\/p><p><a href=\"https:\/\/goias.gov.br\/meioambiente\/wp-content\/uploads\/sites\/33\/2025\/09\/TR-Retificado-1.pdf\">Termo de refer\u00eancia<\/a><\/p><p><a href=\"https:\/\/goias.gov.br\/meioambiente\/wp-content\/uploads\/sites\/33\/2025\/03\/formulario-cadastral.docx\">Anexo I &#8211; Formul\u00e1rio cadastral<\/a><\/p><p><a href=\"https:\/\/goias.gov.br\/meioambiente\/wp-content\/uploads\/sites\/33\/2025\/03\/plano-de-trabalho.docx\">Anexo II &#8211; Plano de trabalho<\/a><\/p><p><a href=\"https:\/\/goias.gov.br\/meioambiente\/wp-content\/uploads\/sites\/33\/2025\/03\/declaracao-de-infraestrutura.docx\">Anexo III &#8211; Declara\u00e7\u00e3o de infraestrutura<\/a><\/p><p><a href=\"https:\/\/goias.gov.br\/meioambiente\/wp-content\/uploads\/sites\/33\/2025\/03\/declaracao-de-capacitacao.docx\">Anexo IV &#8211; Declara\u00e7\u00e3o de capacita\u00e7\u00e3o<\/a><\/p><p><a href=\"https:\/\/goias.gov.br\/meioambiente\/wp-content\/uploads\/sites\/33\/2025\/03\/declaracao-de-enquadramento.docx\">Anexo V &#8211; Declara\u00e7\u00e3o de enquadramento<\/a><\/p>\t\t\t\t\t\t\t\t<\/div>\n\t\t\t\t<div class=\"elementor-element elementor-element-2f52999 elementor-widget elementor-widget-image\" data-id=\"2f52999\" data-element_type=\"widget\" data-e-type=\"widget\" data-widget_type=\"image.default\">\n\t\t\t\t\t\t\t\t\t\t\t\t<figure class=\"wp-caption\">\n\t\t\t\t\t\t\t\t\t\t<img decoding=\"async\" src=\"https:\/\/goias.gov.br\/meioambiente\/wp-content\/uploads\/sites\/33\/2025\/02\/araticum.jpg\" title=\"\" alt=\"\" loading=\"lazy\" \/>\t\t\t\t\t\t\t\t\t\t\t<figcaption class=\"widget-image-caption wp-caption-text\">Araticum<\/figcaption>\n\t\t\t\t\t\t\t\t\t\t<\/figure>\n\t\t\t\t\t\t\t\t\t<\/div>\n\t\t\t\t<div class=\"elementor-element elementor-element-5567847 elementor-widget elementor-widget-image\" data-id=\"5567847\" data-element_type=\"widget\" data-e-type=\"widget\" data-widget_type=\"image.default\">\n\t\t\t\t\t\t\t\t\t\t\t\t<figure class=\"wp-caption\">\n\t\t\t\t\t\t\t\t\t\t<img decoding=\"async\" src=\"https:\/\/goias.gov.br\/meioambiente\/wp-content\/uploads\/sites\/33\/2025\/02\/mangaba_3340.webp\" title=\"\" alt=\"\" loading=\"lazy\" \/>\t\t\t\t\t\t\t\t\t\t\t<figcaption class=\"widget-image-caption wp-caption-text\">Mangaba<\/figcaption>\n\t\t\t\t\t\t\t\t\t\t<\/figure>\n\t\t\t\t\t\t\t\t\t<\/div>\n\t\t\t\t<\/div>\n\t\t\t\t\t<\/div>\n\t\t\t\t<\/div>\n\t\t<div class=\"elementor-element elementor-element-b112f06 e-flex e-con-boxed e-con e-parent\" data-id=\"b112f06\" data-element_type=\"container\" data-e-type=\"container\" data-settings=\"{&quot;background_background&quot;:&quot;classic&quot;}\">\n\t\t\t\t\t<div class=\"e-con-inner\">\n\t\t\t\t<div class=\"elementor-element elementor-element-1c6a36f e-transform elementor-widget elementor-widget-text-editor\" data-id=\"1c6a36f\" data-element_type=\"widget\" data-e-type=\"widget\" data-settings=\"{&quot;_transform_translateY_effect_hover&quot;:{&quot;unit&quot;:&quot;px&quot;,&quot;size&quot;:-30,&quot;sizes&quot;:[]},&quot;_transform_translateX_effect_hover&quot;:{&quot;unit&quot;:&quot;px&quot;,&quot;size&quot;:&quot;&quot;,&quot;sizes&quot;:[]},&quot;_transform_translateX_effect_hover_tablet&quot;:{&quot;unit&quot;:&quot;px&quot;,&quot;size&quot;:&quot;&quot;,&quot;sizes&quot;:[]},&quot;_transform_translateX_effect_hover_mobile&quot;:{&quot;unit&quot;:&quot;px&quot;,&quot;size&quot;:&quot;&quot;,&quot;sizes&quot;:[]},&quot;_transform_translateY_effect_hover_tablet&quot;:{&quot;unit&quot;:&quot;px&quot;,&quot;size&quot;:&quot;&quot;,&quot;sizes&quot;:[]},&quot;_transform_translateY_effect_hover_mobile&quot;:{&quot;unit&quot;:&quot;px&quot;,&quot;size&quot;:&quot;&quot;,&quot;sizes&quot;:[]}}\" data-widget_type=\"text-editor.default\">\n\t\t\t\t\t\t\t\t\t<p><span style=\"color: #ffffff; font-size: 18pt;\">Pacto Goiano de Economia Circular e Sustentabilidade<br \/><\/span><span style=\"font-size: 14pt; color: #ffffff;\">Todos unidos por uma causa justa<\/span><\/p>\t\t\t\t\t\t\t\t<\/div>\n\t\t\t\t\t<\/div>\n\t\t\t\t<\/div>\n\t\t<div class=\"elementor-element elementor-element-0b44524 e-flex e-con-boxed e-con e-parent\" data-id=\"0b44524\" data-element_type=\"container\" data-e-type=\"container\">\n\t\t\t\t\t<div class=\"e-con-inner\">\n\t\t<div class=\"elementor-element elementor-element-5fda43b e-con-full e-flex e-con e-child\" data-id=\"5fda43b\" data-element_type=\"container\" data-e-type=\"container\">\n\t\t\t\t<div class=\"elementor-element elementor-element-7638a43 elementor-widget elementor-widget-text-editor\" data-id=\"7638a43\" data-element_type=\"widget\" data-e-type=\"widget\" data-widget_type=\"text-editor.default\">\n\t\t\t\t\t\t\t\t\t<p>O Pacto Goiano de Economia Circular e Sustentabilidade \u00e9 uma alian\u00e7a estrat\u00e9gica intersetorial que re\u00fane poder p\u00fablico, setor privado, academia e sociedade civil com o objetivo de acelerar a transi\u00e7\u00e3o de Goi\u00e1s para uma economia circular, regenerativa e de baixo impacto ambiental.<\/p><p>Na pr\u00e1tica, ele incentiva a ado\u00e7\u00e3o de modelos circulares em empresas e na vida cotidiana, fortalece pol\u00edticas e regula\u00e7\u00f5es ambientais, mobiliza investimentos sustent\u00e1veis e promove educa\u00e7\u00e3o e engajamento da sociedade.<\/p><p>Um dos pontos centrais do pacto \u00e9 o engajamento ativo de todos os atores envolvidos. Empresas, cooperativas, institui\u00e7\u00f5es acad\u00eamicas e organiza\u00e7\u00f5es da sociedade civil participam da constru\u00e7\u00e3o e execu\u00e7\u00e3o das a\u00e7\u00f5es, contribuindo com experi\u00eancias, inova\u00e7\u00e3o e boas pr\u00e1ticas.<\/p><p>Estrat\u00e9gias de comunica\u00e7\u00e3o, capacita\u00e7\u00e3o e educa\u00e7\u00e3o ambiental garantem que o conhecimento seja disseminado e que cada vez mais atores possam aderir \u00e0s solu\u00e7\u00f5es circulares, fortalecendo a rede colaborativa.<\/p><p>Mais do que isso, o pacto representa o primeiro passo para o desenvolvimento de um Plano Estadual de Economia Circular, constru\u00eddo com a participa\u00e7\u00e3o efetiva de todos os atores comprometidos com a transforma\u00e7\u00e3o de Goi\u00e1s. Ele transforma a vis\u00e3o da economia circular em resultados concretos, conectando todos em torno de um desenvolvimento sustent\u00e1vel, integrado e de impacto imediato.<\/p><p><strong>Entidades participantes:<\/strong><br \/>\u2022 Secretaria de Estado de Meio Ambiente e Desenvolvimento Sustent\u00e1vel (Semad)<br \/>\u2022 Minist\u00e9rio P\u00fablico do Estado de Goi\u00e1s (MP-GO)<br \/>\u2022 Cooperativa de Reciclagem\u00a0 Cooper Rama<br \/>\u2022 Secretaria de Estado de Ci\u00eancia, Tecnologia e Inova\u00e7\u00e3o (Secti)<br \/>\u2022 Secretaria de Estado de Agricultura, Pecu\u00e1ria e Abastecimento de Goi\u00e1s (Seapa)<br \/>\u2022 Secretaria de Estado da Retomada (Retomada)<br \/>\u2022 Secretaria de Ind\u00fastria, Com\u00e9rcio e Servi\u00e7os do Estado de Goi\u00e1s (SIC)<br \/>\u2022 Federa\u00e7\u00e3o das Ind\u00fastrias do Estado de Goi\u00e1s (Fieg)<br \/>\u2022 Federa\u00e7\u00e3o da Agricultura e Pecu\u00e1ria de Goi\u00e1s (Faeg)<br \/>\u2022 Federa\u00e7\u00e3o do Com\u00e9rcio de Bens, Servi\u00e7os e Turismo do Estado de Goi\u00e1s (Fecom\u00e9rcio)<br \/>\u2022 Associa\u00e7\u00e3o Comercial, Industrial e de Servi\u00e7os do Estado de Goi\u00e1s (Acieg)<br \/>\u2022 Federa\u00e7\u00e3o Goiana de Munic\u00edpios (FGM)<br \/>\u2022 Associa\u00e7\u00e3o Goiana de Munic\u00edpios (AGM)<\/p>\t\t\t\t\t\t\t\t<\/div>\n\t\t\t\t<\/div>\n\t\t\t\t\t<\/div>\n\t\t\t\t<\/div>\n\t\t<div class=\"elementor-element elementor-element-f71d5a9 e-flex e-con-boxed e-con e-parent\" data-id=\"f71d5a9\" data-element_type=\"container\" data-e-type=\"container\">\n\t\t\t\t\t<div class=\"e-con-inner\">\n\t\t<div class=\"elementor-element elementor-element-566e245 e-con-full e-flex e-con e-child\" data-id=\"566e245\" data-element_type=\"container\" data-e-type=\"container\">\n\t\t\t\t<div class=\"elementor-element elementor-element-4cc9757 elementor-position-left elementor-vertical-align-middle elementor-widget elementor-widget-image-box\" data-id=\"4cc9757\" data-element_type=\"widget\" data-e-type=\"widget\" data-widget_type=\"image-box.default\">\n\t\t\t\t\t<div class=\"elementor-image-box-wrapper\"><figure class=\"elementor-image-box-img\"><img decoding=\"async\" src=\"https:\/\/goias.gov.br\/meioambiente\/wp-content\/uploads\/sites\/33\/2025\/06\/sede-da-semad.jpeg\" title=\"\" alt=\"\" loading=\"lazy\" \/><\/figure><div class=\"elementor-image-box-content\"><h3 class=\"elementor-image-box-title\">Ger\u00eancia de Economia Verde e Circular<\/h3><p class=\"elementor-image-box-description\">Ramon Pereira Trajano de Castro\n<br>\ngevec.meioambiente@goias.gov.br\n<br>\n(62) 3121-3164 | (62) 9 8237-5733\n\n<\/p><\/div><\/div>\t\t\t\t<\/div>\n\t\t\t\t<\/div>\n\t\t\t\t\t<\/div>\n\t\t\t\t<\/div>\n\t\t\t\t<\/div>\n\t\t","protected":false},"excerpt":{"rendered":"<p>Sobre a ger\u00eancia Considerando os crescentes desafios relacionados \u00e0s mudan\u00e7as clim\u00e1ticas e seus impactos diretos na disponibilidade de recursos naturais, na produ\u00e7\u00e3o agropecu\u00e1ria e na qualidade de vida da popula\u00e7\u00e3o, existe a necessidade de adotar novas formas de produ\u00e7\u00e3o ambientalmente sustent\u00e1veis. Nesse sentido, em 2023, foi estabelecida a\u00a0Ger\u00eancia de Economia Verde e Circular, dentro da [&hellip;]<\/p>\n","protected":false},"author":231,"featured_media":0,"parent":0,"menu_order":0,"comment_status":"closed","ping_status":"closed","template":"wppb_theme_template","meta":{"footnotes":"","_links_to":"","_links_to_target":""},"class_list":["post-190807","page","type-page","status-publish","hentry"],"rttpg_featured_image_url":null,"rttpg_author":{"display_name":"alexandrebittencourt","author_link":"https:\/\/goias.gov.br\/meioambiente\/author\/alexandrebittencourt\/"},"rttpg_comment":0,"rttpg_category":null,"rttpg_excerpt":"Sobre a ger\u00eancia Considerando os crescentes desafios relacionados \u00e0s mudan\u00e7as clim\u00e1ticas e seus impactos diretos na disponibilidade de recursos naturais, na produ\u00e7\u00e3o agropecu\u00e1ria e na qualidade de vida da popula\u00e7\u00e3o, existe a necessidade de adotar novas formas de produ\u00e7\u00e3o ambientalmente sustent\u00e1veis. Nesse sentido, em 2023, foi estabelecida a\u00a0Ger\u00eancia de Economia Verde e Circular, dentro da&hellip;","_links":{"self":[{"href":"https:\/\/goias.gov.br\/meioambiente\/wp-json\/wp\/v2\/pages\/190807","targetHints":{"allow":["GET"]}}],"collection":[{"href":"https:\/\/goias.gov.br\/meioambiente\/wp-json\/wp\/v2\/pages"}],"about":[{"href":"https:\/\/goias.gov.br\/meioambiente\/wp-json\/wp\/v2\/types\/page"}],"author":[{"embeddable":true,"href":"https:\/\/goias.gov.br\/meioambiente\/wp-json\/wp\/v2\/users\/231"}],"replies":[{"embeddable":true,"href":"https:\/\/goias.gov.br\/meioambiente\/wp-json\/wp\/v2\/comments?post=190807"}],"version-history":[{"count":2,"href":"https:\/\/goias.gov.br\/meioambiente\/wp-json\/wp\/v2\/pages\/190807\/revisions"}],"predecessor-version":[{"id":298838,"href":"https:\/\/goias.gov.br\/meioambiente\/wp-json\/wp\/v2\/pages\/190807\/revisions\/298838"}],"wp:attachment":[{"href":"https:\/\/goias.gov.br\/meioambiente\/wp-json\/wp\/v2\/media?parent=190807"}],"curies":[{"name":"wp","href":"https:\/\/api.w.org\/{rel}","templated":true}]}}