

{"id":112612,"date":"2025-06-27T21:47:05","date_gmt":"2025-06-28T00:47:05","guid":{"rendered":"https:\/\/goias.gov.br\/meioambiente\/?page_id=112612"},"modified":"2025-09-24T18:05:23","modified_gmt":"2025-09-24T21:05:23","slug":"obras-licencas-ambientais","status":"publish","type":"page","link":"https:\/\/goias.gov.br\/meioambiente\/obras-licencas-ambientais\/","title":{"rendered":"Obras &#8211; Licen\u00e7as Ambientais"},"content":{"rendered":"\n<p>A Secretaria de Estado de Meio Ambiente e Desenvolvimento Ambiental &#8211; Semad disponibiliza todas as licen\u00e7as ambientais emitidas pelo \u00f3rg\u00e3o atrav\u00e9s do <a href=\"https:\/\/portal.meioambiente.go.gov.br\/transparencia-web\/informacoes\">Transpar\u00eancia Ambiental<\/a>.<\/p>\n\n\n\n<p><br>Na aba &#8220;<a href=\"https:\/\/portal.meioambiente.go.gov.br\/transparencia-web\/informacoes\">Consultar Informa\u00e7\u00f5es<\/a>&#8220;, selecione a op\u00e7\u00e3o Pesquisa Avan\u00e7ada &gt; Licenciamento Ambiental &gt; Licen\u00e7as Ambientais &gt; Todos e, na sequ\u00eancia, filtre por munic\u00edpio e\/ou defina um intervalo de at\u00e9 31 dias.<br>Na aba &#8220;<a href=\"https:\/\/portal.meioambiente.go.gov.br\/transparencia-web\/boletim-ambiental\">Boletim Ambiental<\/a>&#8221; \u00e9 poss\u00edvel obter as licen\u00e7as emitidas definindo uma data espec\u00edfica.<\/p>\n\n\n\n<p><\/p>\n\n\n\n<p>Para licen\u00e7as ambientais emitidas a partir de 2025, tamb\u00e9m \u00e9 poss\u00edvel acessar o <a href=\"https:\/\/dadosabertos.go.gov.br\/dataset\/licencas-ambientais-ipe\">Portal Dados Abertos Goi\u00e1s<\/a>.<\/p>\n","protected":false},"excerpt":{"rendered":"<p>A Secretaria de Estado de Meio Ambiente e Desenvolvimento Ambiental &#8211; Semad disponibiliza todas as licen\u00e7as ambientais emitidas pelo \u00f3rg\u00e3o atrav\u00e9s do Transpar\u00eancia Ambiental. Na aba &#8220;Consultar Informa\u00e7\u00f5es&#8220;, selecione a op\u00e7\u00e3o Pesquisa Avan\u00e7ada &gt; Licenciamento Ambiental &gt; Licen\u00e7as Ambientais &gt; Todos e, na sequ\u00eancia, filtre por munic\u00edpio e\/ou defina um intervalo de at\u00e9 31 dias.Na [&hellip;]<\/p>\n","protected":false},"author":724,"featured_media":0,"parent":0,"menu_order":0,"comment_status":"closed","ping_status":"closed","template":"","meta":{"footnotes":"","_links_to":"","_links_to_target":""},"class_list":["post-112612","page","type-page","status-publish","hentry"],"rttpg_featured_image_url":null,"rttpg_author":{"display_name":"mairarezende","author_link":"https:\/\/goias.gov.br\/meioambiente\/author\/mairarezende\/"},"rttpg_comment":0,"rttpg_category":null,"rttpg_excerpt":"A Secretaria de Estado de Meio Ambiente e Desenvolvimento Ambiental &#8211; Semad disponibiliza todas as licen\u00e7as ambientais emitidas pelo \u00f3rg\u00e3o atrav\u00e9s do Transpar\u00eancia Ambiental. Na aba &#8220;Consultar Informa\u00e7\u00f5es&#8220;, selecione a op\u00e7\u00e3o Pesquisa Avan\u00e7ada &gt; Licenciamento Ambiental &gt; Licen\u00e7as Ambientais &gt; Todos e, na sequ\u00eancia, filtre por munic\u00edpio e\/ou defina um intervalo de at\u00e9 31 dias.Na&hellip;","_links":{"self":[{"href":"https:\/\/goias.gov.br\/meioambiente\/wp-json\/wp\/v2\/pages\/112612","targetHints":{"allow":["GET"]}}],"collection":[{"href":"https:\/\/goias.gov.br\/meioambiente\/wp-json\/wp\/v2\/pages"}],"about":[{"href":"https:\/\/goias.gov.br\/meioambiente\/wp-json\/wp\/v2\/types\/page"}],"author":[{"embeddable":true,"href":"https:\/\/goias.gov.br\/meioambiente\/wp-json\/wp\/v2\/users\/724"}],"replies":[{"embeddable":true,"href":"https:\/\/goias.gov.br\/meioambiente\/wp-json\/wp\/v2\/comments?post=112612"}],"version-history":[{"count":2,"href":"https:\/\/goias.gov.br\/meioambiente\/wp-json\/wp\/v2\/pages\/112612\/revisions"}],"predecessor-version":[{"id":189939,"href":"https:\/\/goias.gov.br\/meioambiente\/wp-json\/wp\/v2\/pages\/112612\/revisions\/189939"}],"wp:attachment":[{"href":"https:\/\/goias.gov.br\/meioambiente\/wp-json\/wp\/v2\/media?parent=112612"}],"curies":[{"name":"wp","href":"https:\/\/api.w.org\/{rel}","templated":true}]}}