

{"id":204902,"date":"2025-06-06T14:50:20","date_gmt":"2025-06-06T17:50:20","guid":{"rendered":"https:\/\/goias.gov.br\/ligo\/?page_id=204902"},"modified":"2025-06-06T14:52:11","modified_gmt":"2025-06-06T17:52:11","slug":"acessibilidade","status":"publish","type":"page","link":"https:\/\/goias.gov.br\/ligo\/acessibilidade\/","title":{"rendered":"Acessibilidade"},"content":{"rendered":"<div style=\"margin: 50px;\">\nA acessibilidade digital \u00e9 um direito fundamental que assegura a todas as pessoas, incluindo aquelas com defici\u00eancia, a plena participa\u00e7\u00e3o na sociedade da informa\u00e7\u00e3o. O Governo de Goi\u00e1s compromete-se a eliminar barreiras digitais, proporcionando um ambiente online inclusivo, conforme estabelecido pela <strong>Lei Brasileira de Inclus\u00e3o da Pessoa com Defici\u00eancia (Lei n\u00ba 13.146\/2015)<\/strong> e outras normativas pertinentes.<\/p>\n<p>Para garantir a conformidade com as melhores pr\u00e1ticas internacionais e nacionais, os portais do Governo de Goi\u00e1s seguem rigorosamente as diretrizes:<\/p>\n<ul>\n<li><strong>Modelo de Acessibilidade em Governo Eletr\u00f4nico (eMAG)<\/strong>: Conjunto de recomenda\u00e7\u00f5es que orienta o desenvolvimento de s\u00edtios e <a href=\"https:\/\/www.gov.br\/governodigital\/pt-br\/acessibilidade-e-usuario\/acessibilidade-digital\/modelo-de-acessibilidade\" target=\"_blank\" rel=\"noopener\">portais acess\u00edveis no \u00e2mbito governamental brasileiro<\/a>. A vers\u00e3o mais recente, eMAG 3.1, disponibiliza diretrizes atualizadas para a cria\u00e7\u00e3o de ambientes digitais inclusivos.<\/li>\n<li><a href=\"https:\/\/www.w3c.br\/traducoes\/wcag\/wcag21-pt-BR\/\" target=\"_blank\" rel=\"noopener\"><strong>Diretrizes de Acessibilidade para Conte\u00fado Web (WCAG) 2.1<\/strong><\/a>: Estabelece crit\u00e9rios para tornar o conte\u00fado web mais acess\u00edvel, abrangendo defici\u00eancias visuais, auditivas, motoras, cognitivas e de aprendizagem.<\/li>\n<\/ul>\n<p><strong>Compatibilidade com Leitores de Tela<\/strong>:<\/p>\n<p>Os sites institucionais do Governo de Goi\u00e1s s\u00e3o <strong>compat\u00edveis com leitores de tela<\/strong>, garantindo que o conte\u00fado seja acess\u00edvel para pessoas com defici\u00eancia visual.<\/p>\n<p>Os leitores de telas s\u00e3o programas que, interagindo com o Sistema Operacional do computador, capturam toda e qualquer informa\u00e7\u00e3o apresentada na forma de texto e a transforma em uma resposta falada utilizando um sintetizador de voz.<\/p>\n<p>O leitor de telas \u201cvarre\u201d os programas em busca de informa\u00e7\u00f5es que podem ser lidas para o usu\u00e1rio, possibilitando a navega\u00e7\u00e3o por menus, janelas e textos presentes em praticamente qualquer aplicativo.<\/p>\n<p>A navega\u00e7\u00e3o \u00e9 feita atrav\u00e9s de um teclado comum, dispensando o uso do mouse na maior parte do tempo, e o \u00e1udio \u00e9 emitido atrav\u00e9s da placa de som presente no computador. Nenhuma adapta\u00e7\u00e3o especial \u00e9 necess\u00e1ria para que o programa funcione e possibilite a utiliza\u00e7\u00e3o do computador pelo deficiente visual. Deste modo, o usu\u00e1rio pode ouvir tudo o que est\u00e1 sendo mostrado, conforme navega pelo sistema e\/ou utiliza os comandos do programa.<\/p>\n<p><strong>Leitores de tela<\/strong><\/p>\n<p>1\u00aa &#8211; NVDA (Non Visual Desktop Access)<\/p>\n<p>2\u00aa &#8211; ORCA<\/p>\n<h3><strong>Recursos de Acessibilidade Dispon\u00edveis<\/strong><\/h3>\n<p>Os portais do Governo de Goi\u00e1s oferecem diversos recursos para facilitar a navega\u00e7\u00e3o e garantir a acessibilidade:<\/p>\n<ul>\n<li><strong>Barra de Acessibilidade<\/strong>: Localizada na parte superior do site, proporciona atalhos de navega\u00e7\u00e3o e op\u00e7\u00f5es para ajuste de contraste e tamanho da fonte, al\u00e9m do acesso ao Mapa do Site.<\/li>\n<li><strong>Teclas de Atalho<\/strong>: Facilitam o acesso r\u00e1pido \u00e0s principais se\u00e7\u00f5es do site:<\/li>\n<\/ul>\n<p><strong> <\/strong><\/p>\n<p><strong>Atalhos pelo teclado:<\/strong><\/p>\n<ul>\n<li>\u00c1rea de conte\u00fado (<strong>1<\/strong>);<\/li>\n<li>Menu Principal (<strong>2<\/strong>);<\/li>\n<li>Busca (<strong>3<\/strong>);<\/li>\n<li>Rodap\u00e9 (<strong>4<\/strong>);<\/li>\n<\/ul>\n<p>Teclando-se <strong>Alt + 1<\/strong> em qualquer p\u00e1gina do site, chega-se diretamente ao come\u00e7o do conte\u00fado principal da p\u00e1gina.<\/p>\n<p>Teclando-se <strong>Alt + 2<\/strong> em qualquer p\u00e1gina do site, chega-se diretamente ao in\u00edcio do menu principal.<\/p>\n<p>Teclando-se <strong>Alt + 3<\/strong> em qualquer p\u00e1gina do site, chega-se diretamente ao campo de busca.<\/p>\n<p>Teclando-se <strong>Alt + 4<\/strong> em qualquer p\u00e1gina do site, chega-se diretamente ao rodap\u00e9.<\/p>\n<p><em>Nota<\/em>: No navegador Firefox, utilize <strong>Alt + Shift + n\u00famero<\/strong>, no Opera, <strong>Shift + Escape + n\u00famero<\/strong>.<\/p>\n<p><strong>Redimensionamento de Texto<\/strong>:<\/p>\n<ul>\n<li><strong>Ctrl + 0<\/strong>: Resetar tamanho da fonte<\/li>\n<li><strong>Ctrl + +<\/strong>: Aumentar fonte<\/li>\n<li><strong>Ctrl + &#8211;<\/strong>: Diminuir fonte<\/li>\n<\/ul>\n<p><strong> <\/strong><\/p>\n<p><strong>Ferramenta de Int\u00e9rprete de Libras (VLIBRAS)<\/strong>: Os sites do Governo de Goi\u00e1s disponibilizam a ferramenta <strong>VLIBRAS<\/strong>, que permite a tradu\u00e7\u00e3o de conte\u00fados para a L\u00edngua Brasileira de Sinais, garantindo a acessibilidade para pessoas surdas ou com defici\u00eancia auditiva. Para ativar o recurso, o usu\u00e1rio interessado dever\u00e1 clicar no \u00edcone do aplicativo V-Libras (que fica sempre do lado direito da tela na parte superior, pr\u00f3ximo \u00e0 barra de rolagem), o que abrir\u00e1 automaticamente uma janela com a tradu\u00e7\u00e3o do conte\u00fado para L\u00edngua Brasileira de Sinais.<\/p>\n<h3><strong>Conformidade com as Normas Legais<\/strong><\/h3>\n<ul>\n<li><a href=\"https:\/\/www.planalto.gov.br\/ccivil_03\/_ato2015-2018\/2015\/lei\/l13146.htm\" target=\"_blank\" rel=\"noopener\">Lei n\u00ba 13.146, de 6 de Julho de 2015<\/a> \u2013 Institui a Lei Brasileira de Inclus\u00e3o da Pessoa com Defici\u00eancia (Estatuto da Pessoa com Defici\u00eancia).<\/li>\n<li><a href=\"https:\/\/www.gov.br\/governodigital\/pt-br\/estrategia-de-governanca-digital\/do-eletronico-ao-digital\" target=\"_blank\" rel=\"noopener\">Portaria n\u00ba 03, de 07 de Maio de 2007<\/a> \u2013 formato .pdf (35,5Kb) \u2013 Institucionaliza o Modelo de Acessibilidade em Governo Eletr\u00f4nico \u2013 eMAG<\/li>\n<li><a href=\"https:\/\/www.w3.org\/Translations\/WCAG20-pt-br\/\" target=\"_blank\" rel=\"noopener\">WCAG 2.0 de 2008<\/a> \u2013 Diretrizes de Acessibilidade para Conte\u00fado Web do Cons\u00f3rcio World Wide Web.<\/li>\n<li><a href=\"https:\/\/www.planalto.gov.br\/ccivil_03\/_ato2011-2014\/2012\/decreto\/d7724.htm\" target=\"_blank\" rel=\"noopener\">Decreto n\u00ba 7.724, de 16 de Maio de 2012<\/a> \u2013 Regulamenta a Lei No 12.527, que disp\u00f5e sobre o acesso a informa\u00e7\u00f5es.<\/li>\n<li><a href=\"https:\/\/www.planalto.gov.br\/ccivil_03\/_ato2007-2010\/2009\/decreto\/d6949.htm\" target=\"_blank\" rel=\"noopener\">Decreto n\u00ba 6.949, de 25 de agosto de 2009<\/a> \u2013 Promulga a Conven\u00e7\u00e3o Internacional sobre os Direitos das Pessoas com Defici\u00eancia e seu Protocolo Facultativo, assinados em Nova York, em 30 de mar\u00e7o de 2007.<\/li>\n<li><a href=\"https:\/\/www.planalto.gov.br\/ccivil_03\/_Ato2004-2006\/2004\/Decreto\/D5296.htm\" target=\"_blank\" rel=\"noopener\">Decreto n\u00ba 5.296 de 02 de dezembro de 2004<\/a> \u2013 Regulamenta as Leis nos 10.048, de 8 de novembro de 2000, que d\u00e1 prioridade de atendimento \u00e0s pessoas que especifica, e 10.098, de 19 de dezembro de 2000, que estabelece normas gerais e crit\u00e9rios b\u00e1sicos para a promo\u00e7\u00e3o da acessibilidade das pessoas portadoras de defici\u00eancia ou com mobilidade reduzida, e d\u00e1 outras provid\u00eancias.<\/li>\n<\/ul>\n<h3><strong>Avalia\u00e7\u00e3o e Melhoria Cont\u00ednua<\/strong><\/h3>\n<p>Para garantir a efetividade das pr\u00e1ticas de acessibilidade, o Governo de Goi\u00e1s realiza avalia\u00e7\u00f5es peri\u00f3dicas utilizando ferramentas automatizadas, como o ASES (Avaliador e Simulador de Acessibilidade em S\u00edtios), e valida\u00e7\u00f5es manuais, conforme recomendado pelo <a href=\"https:\/\/emag.governoeletronico.gov.br\/\" target=\"_blank\" rel=\"noopener\">eMAG<\/a>.<\/p>\n<h3><strong>Contato para D\u00favidas, Sugest\u00f5es e Cr\u00edticas<\/strong><\/h3>\n<p>Para relatar dificuldades de acesso ou sugerir melhorias, entre em contato com a <strong>Ger\u00eancia de Governo Digital<\/strong>:<\/p>\n<ul>\n<li><strong>Endere\u00e7o<\/strong>: Avenida Vereador Jos\u00e9 Monteiro, n\u00ba 2.233, Bloco G, Setor Nova Vila \u2013 Goi\u00e2nia\/GO \u2013 CEP: 74.653-900<\/li>\n<li><strong>E-mail<\/strong>: sitesinstitucionais@goias.gov.br<\/li>\n<li><strong>Unidade SEI<\/strong>: 21188<\/li>\n<\/ul>\n<\/div>\n","protected":false},"excerpt":{"rendered":"<p>A acessibilidade digital \u00e9 um direito fundamental que assegura a todas as pessoas, incluindo aquelas com defici\u00eancia, a plena participa\u00e7\u00e3o na sociedade da informa\u00e7\u00e3o. O Governo de Goi\u00e1s compromete-se a eliminar barreiras digitais, proporcionando um ambiente online inclusivo, conforme estabelecido pela Lei Brasileira de Inclus\u00e3o da Pessoa com Defici\u00eancia (Lei n\u00ba 13.146\/2015) e outras normativas pertinentes. Para garantir a conformidade com as melhores pr\u00e1ticas internacionais e nacionais, os portais do Governo de Goi\u00e1s seguem rigorosamente as diretrizes: Modelo de Acessibilidade em Governo Eletr\u00f4nico (eMAG): Conjunto de recomenda\u00e7\u00f5es que orienta o desenvolvimento de s\u00edtios e portais acess\u00edveis no \u00e2mbito governamental brasileiro. A vers\u00e3o mais recente, eMAG 3.1, disponibiliza diretrizes atualizadas para a cria\u00e7\u00e3o de ambientes digitais inclusivos. Diretrizes de Acessibilidade para Conte\u00fado Web (WCAG) 2.1: Estabelece crit\u00e9rios para tornar o conte\u00fado web mais acess\u00edvel, abrangendo defici\u00eancias visuais, auditivas, motoras, cognitivas e de aprendizagem. Compatibilidade com Leitores de Tela: Os sites institucionais do Governo de Goi\u00e1s s\u00e3o compat\u00edveis com leitores de tela, garantindo que o conte\u00fado seja acess\u00edvel para pessoas com defici\u00eancia visual. Os leitores de telas s\u00e3o programas que, interagindo com o Sistema Operacional do computador, capturam toda e qualquer informa\u00e7\u00e3o apresentada na forma de texto e a transforma em uma resposta falada utilizando um sintetizador de voz. O leitor de telas \u201cvarre\u201d os programas em busca de informa\u00e7\u00f5es que podem ser lidas para o usu\u00e1rio, possibilitando a navega\u00e7\u00e3o por menus, janelas e textos presentes em praticamente qualquer aplicativo. A navega\u00e7\u00e3o \u00e9 feita atrav\u00e9s de um teclado comum, dispensando o uso do mouse na maior parte do tempo, e o \u00e1udio \u00e9 emitido atrav\u00e9s da placa de som presente no computador. Nenhuma adapta\u00e7\u00e3o especial \u00e9 necess\u00e1ria para que o programa funcione e possibilite a utiliza\u00e7\u00e3o do computador pelo deficiente visual. Deste modo, o usu\u00e1rio pode ouvir tudo o que est\u00e1 sendo mostrado, conforme navega pelo sistema e\/ou utiliza os comandos do programa. Leitores de tela 1\u00aa &#8211; NVDA (Non Visual Desktop Access) 2\u00aa &#8211; ORCA Recursos de Acessibilidade Dispon\u00edveis Os portais do Governo de Goi\u00e1s oferecem diversos recursos para facilitar a navega\u00e7\u00e3o e garantir a acessibilidade: Barra de Acessibilidade: Localizada na parte superior do site, proporciona atalhos de navega\u00e7\u00e3o e op\u00e7\u00f5es para ajuste de contraste e tamanho da fonte, al\u00e9m do acesso ao Mapa do Site. Teclas de Atalho: Facilitam o acesso r\u00e1pido \u00e0s principais se\u00e7\u00f5es do site: Atalhos pelo teclado: \u00c1rea de conte\u00fado (1); Menu Principal (2); Busca (3); Rodap\u00e9 (4); Teclando-se Alt + 1 em qualquer p\u00e1gina do site, chega-se diretamente ao come\u00e7o do conte\u00fado principal da p\u00e1gina. Teclando-se Alt + 2 em qualquer p\u00e1gina do site, chega-se diretamente ao in\u00edcio do menu principal. Teclando-se Alt + 3 em qualquer p\u00e1gina do site, chega-se diretamente ao campo de busca. Teclando-se Alt + 4 em qualquer p\u00e1gina do site, chega-se diretamente ao rodap\u00e9. Nota: No navegador Firefox, utilize Alt + Shift + n\u00famero, no Opera, Shift + Escape + n\u00famero. Redimensionamento de Texto: Ctrl + 0: Resetar tamanho da fonte Ctrl + +: Aumentar fonte Ctrl + &#8211;: Diminuir fonte Ferramenta de Int\u00e9rprete de Libras (VLIBRAS): Os sites do Governo de Goi\u00e1s disponibilizam a ferramenta VLIBRAS, que permite a tradu\u00e7\u00e3o de conte\u00fados para a L\u00edngua Brasileira de Sinais, garantindo a acessibilidade para pessoas surdas ou com defici\u00eancia auditiva. Para ativar o recurso, o usu\u00e1rio interessado dever\u00e1 clicar no \u00edcone do aplicativo V-Libras (que fica sempre do lado direito da tela na parte superior, pr\u00f3ximo \u00e0 barra de rolagem), o que abrir\u00e1 automaticamente uma janela com a tradu\u00e7\u00e3o do conte\u00fado para L\u00edngua Brasileira de Sinais. Conformidade com as Normas Legais Lei n\u00ba 13.146, de 6 de Julho de 2015 \u2013 Institui a Lei Brasileira de Inclus\u00e3o da Pessoa com Defici\u00eancia (Estatuto da Pessoa com Defici\u00eancia). Portaria n\u00ba 03, de 07 de Maio de 2007 \u2013 formato .pdf (35,5Kb) \u2013 Institucionaliza o Modelo de Acessibilidade em Governo Eletr\u00f4nico \u2013 eMAG WCAG 2.0 de 2008 \u2013 Diretrizes de Acessibilidade para Conte\u00fado Web do Cons\u00f3rcio World Wide Web. Decreto n\u00ba 7.724, de 16 de Maio de 2012 \u2013 Regulamenta a Lei No 12.527, que disp\u00f5e sobre o acesso a informa\u00e7\u00f5es. Decreto n\u00ba 6.949, de 25 de agosto de 2009 \u2013 Promulga a Conven\u00e7\u00e3o Internacional sobre os Direitos das Pessoas com Defici\u00eancia e seu Protocolo Facultativo, assinados em Nova York, em 30 de mar\u00e7o de 2007. Decreto n\u00ba 5.296 de 02 de dezembro de 2004 \u2013 Regulamenta as Leis nos 10.048, de 8 de novembro de 2000, que d\u00e1 prioridade de atendimento \u00e0s pessoas que especifica, e 10.098, de 19 de dezembro de 2000, que estabelece normas gerais e crit\u00e9rios b\u00e1sicos para a promo\u00e7\u00e3o da acessibilidade das pessoas portadoras de defici\u00eancia ou com mobilidade reduzida, e d\u00e1 outras provid\u00eancias. Avalia\u00e7\u00e3o e Melhoria Cont\u00ednua Para garantir a efetividade das pr\u00e1ticas de acessibilidade, o Governo de Goi\u00e1s realiza avalia\u00e7\u00f5es peri\u00f3dicas utilizando ferramentas automatizadas, como o ASES (Avaliador e Simulador de Acessibilidade em S\u00edtios), e valida\u00e7\u00f5es manuais, conforme recomendado pelo eMAG. Contato para D\u00favidas, Sugest\u00f5es e Cr\u00edticas Para relatar dificuldades de acesso ou sugerir melhorias, entre em contato com a Ger\u00eancia de Governo Digital: Endere\u00e7o: Avenida Vereador Jos\u00e9 Monteiro, n\u00ba 2.233, Bloco G, Setor Nova Vila \u2013 Goi\u00e2nia\/GO \u2013 CEP: 74.653-900 E-mail: sitesinstitucionais@goias.gov.br Unidade SEI: 21188<\/p>\n","protected":false},"author":727,"featured_media":0,"parent":0,"menu_order":0,"comment_status":"closed","ping_status":"closed","template":"","meta":{"footnotes":"","_links_to":"","_links_to_target":""},"class_list":["post-204902","page","type-page","status-publish","hentry"],"rttpg_featured_image_url":null,"rttpg_author":{"display_name":"moisesmendonca","author_link":"https:\/\/goias.gov.br\/ligo\/author\/moisesmendonca\/"},"rttpg_comment":0,"rttpg_category":null,"rttpg_excerpt":"A acessibilidade digital \u00e9 um direito fundamental que assegura a todas as pessoas, incluindo aquelas com defici\u00eancia, a plena participa\u00e7\u00e3o na sociedade da informa\u00e7\u00e3o. O Governo de Goi\u00e1s compromete-se a eliminar barreiras digitais, proporcionando um ambiente online inclusivo, conforme estabelecido pela Lei Brasileira de Inclus\u00e3o da Pessoa com Defici\u00eancia (Lei n\u00ba 13.146\/2015) e outras normativas&hellip;","_links":{"self":[{"href":"https:\/\/goias.gov.br\/ligo\/wp-json\/wp\/v2\/pages\/204902","targetHints":{"allow":["GET"]}}],"collection":[{"href":"https:\/\/goias.gov.br\/ligo\/wp-json\/wp\/v2\/pages"}],"about":[{"href":"https:\/\/goias.gov.br\/ligo\/wp-json\/wp\/v2\/types\/page"}],"author":[{"embeddable":true,"href":"https:\/\/goias.gov.br\/ligo\/wp-json\/wp\/v2\/users\/727"}],"replies":[{"embeddable":true,"href":"https:\/\/goias.gov.br\/ligo\/wp-json\/wp\/v2\/comments?post=204902"}],"version-history":[{"count":2,"href":"https:\/\/goias.gov.br\/ligo\/wp-json\/wp\/v2\/pages\/204902\/revisions"}],"predecessor-version":[{"id":204905,"href":"https:\/\/goias.gov.br\/ligo\/wp-json\/wp\/v2\/pages\/204902\/revisions\/204905"}],"wp:attachment":[{"href":"https:\/\/goias.gov.br\/ligo\/wp-json\/wp\/v2\/media?parent=204902"}],"curies":[{"name":"wp","href":"https:\/\/api.w.org\/{rel}","templated":true}]}}