

{"id":202576,"date":"2025-01-08T13:22:44","date_gmt":"2025-01-08T16:22:44","guid":{"rendered":"https:\/\/goias.gov.br\/ligo\/?page_id=202576"},"modified":"2025-02-04T11:38:15","modified_gmt":"2025-02-04T14:38:15","slug":"experimentacao","status":"publish","type":"page","link":"https:\/\/goias.gov.br\/ligo\/experimentacao\/","title":{"rendered":"Experimenta\u00e7\u00e3o"},"content":{"rendered":"\t\t<div data-elementor-type=\"wp-page\" data-elementor-id=\"202576\" class=\"elementor elementor-202576\">\n\t\t\t\t<div class=\"elementor-element elementor-element-24a5b4c e-flex e-con-boxed wpr-particle-no wpr-jarallax-no wpr-parallax-no wpr-sticky-section-no e-con e-parent\" data-id=\"24a5b4c\" data-element_type=\"container\" data-e-type=\"container\">\n\t\t\t\t\t<div class=\"e-con-inner\">\n\t\t<div class=\"elementor-element elementor-element-9daf075 e-con-full e-flex wpr-particle-no wpr-jarallax-no wpr-parallax-no wpr-sticky-section-no e-con e-child\" data-id=\"9daf075\" data-element_type=\"container\" data-e-type=\"container\">\n\t\t\t\t<div class=\"elementor-element elementor-element-99913e8 elementor-widget elementor-widget-text-editor\" data-id=\"99913e8\" data-element_type=\"widget\" data-e-type=\"widget\" data-widget_type=\"text-editor.default\">\n\t\t\t\t<div class=\"elementor-widget-container\">\n\t\t\t\t\t\t\t\t\t<p><strong>Publica\u00e7\u00f5es ligo:<\/strong> Experimenta\u00e7\u00e3o<\/p>\t\t\t\t\t\t\t\t<\/div>\n\t\t\t\t<\/div>\n\t\t\t\t<\/div>\n\t\t<div class=\"elementor-element elementor-element-81e3f43 e-con-full e-flex wpr-particle-no wpr-jarallax-no wpr-parallax-no wpr-sticky-section-no e-con e-child\" data-id=\"81e3f43\" data-element_type=\"container\" data-e-type=\"container\">\n\t\t\t\t<div class=\"elementor-element elementor-element-46b9343 elementor-widget elementor-widget-html\" data-id=\"46b9343\" data-element_type=\"widget\" data-e-type=\"widget\" data-widget_type=\"html.default\">\n\t\t\t\t<div class=\"elementor-widget-container\">\n\t\t\t\t\t<div style=\"font-family: Arial, sans-serif;\">\r\n    <form action=\"https:\/\/siteshom.goias.gov.br\/ligo\" method=\"get\" style=\"display: flex; flex-direction: column; gap: 8px;\">\r\n        <div style=\"display: flex; align-items: center; gap: 8px; border: 1px solid #ccc; border-radius: 4px; padding: 8px; width: 100%; max-width: 400px;\">\r\n            <input type=\"text\" name=\"s\" placeholder=\"Pesquisar por conte\u00fado em...\" style=\"border: none; outline: none; flex: 1;\" required \/>\r\n            <button type=\"submit\" style=\"background: none; border: none; cursor: pointer; color: green;\">\r\n                <i class=\"fas fa-search\" style=\"font-size: 16px;\"><\/i>\r\n            <\/button>\r\n        <\/div>\r\n        <div style=\"display: flex; gap: 8px; flex-wrap: wrap;\">\r\n            <label style=\"display: flex; align-items: center; gap: 4px;\">\r\n                <input type=\"checkbox\" name=\"tag[]\" value=\"artigos\" style=\"accent-color: green;\" \/>\r\n                Artigos\r\n            <\/label>\r\n            <label style=\"display: flex; align-items: center; gap: 4px;\">\r\n                <input type=\"checkbox\" name=\"tag[]\" value=\"ebooks\" style=\"accent-color: green;\" \/>\r\n                Ebooks\r\n            <\/label>\r\n            <label style=\"display: flex; align-items: center; gap: 4px;\">\r\n                <input type=\"checkbox\" name=\"tag[]\" value=\"videos\" style=\"accent-color: green;\" \/>\r\n                V\u00eddeos\r\n            <\/label>\r\n        <\/div>\r\n    <\/form>\r\n<\/div>\r\n\t\t\t\t<\/div>\n\t\t\t\t<\/div>\n\t\t\t\t<\/div>\n\t\t\t\t\t<\/div>\n\t\t\t\t<\/div>\n\t\t<div class=\"elementor-element elementor-element-d72146e e-flex e-con-boxed wpr-particle-no wpr-jarallax-no wpr-parallax-no wpr-sticky-section-no e-con e-parent\" data-id=\"d72146e\" data-element_type=\"container\" data-e-type=\"container\" data-settings=\"{&quot;background_background&quot;:&quot;classic&quot;}\">\n\t\t\t\t\t<div class=\"e-con-inner\">\n\t\t\t\t<div class=\"elementor-element elementor-element-544ce1d eael_simple_menu_hamburger_disable_selected_menu_no eael-simple-menu-hamburger-align-right eael-hamburger--tablet elementor-widget elementor-widget-eael-simple-menu\" data-id=\"544ce1d\" data-element_type=\"widget\" data-e-type=\"widget\" data-widget_type=\"eael-simple-menu.default\">\n\t\t\t\t<div class=\"elementor-widget-container\">\n\t\t\t\t\t<style>\n                        @media screen and (max-width: 1024px) {\n                            .eael-hamburger--tablet {\n                                .eael-simple-menu-horizontal,\n                                .eael-simple-menu-vertical {\n                                    display: none;\n                                }\n                            }\n                            .eael-hamburger--tablet {\n                                .eael-simple-menu-container .eael-simple-menu-toggle {\n                                    display: block;\n                                }\n                            }\n                        }\n                    <\/style>            <div data-hamburger-icon=\"&lt;svg aria-hidden=&quot;true&quot; class=&quot;e-font-icon-svg e-fas-bars&quot; viewBox=&quot;0 0 448 512&quot; xmlns=&quot;http:\/\/www.w3.org\/2000\/svg&quot;&gt;&lt;path d=&quot;M16 132h416c8.837 0 16-7.163 16-16V76c0-8.837-7.163-16-16-16H16C7.163 60 0 67.163 0 76v40c0 8.837 7.163 16 16 16zm0 160h416c8.837 0 16-7.163 16-16v-40c0-8.837-7.163-16-16-16H16c-8.837 0-16 7.163-16 16v40c0 8.837 7.163 16 16 16zm0 160h416c8.837 0 16-7.163 16-16v-40c0-8.837-7.163-16-16-16H16c-8.837 0-16 7.163-16 16v40c0 8.837 7.163 16 16 16z&quot;&gt;&lt;\/path&gt;&lt;\/svg&gt;\" data-indicator-icon=\"&lt;svg aria-hidden=&quot;true&quot; class=&quot;e-font-icon-svg e-fas-angle-down&quot; viewBox=&quot;0 0 320 512&quot; xmlns=&quot;http:\/\/www.w3.org\/2000\/svg&quot;&gt;&lt;path d=&quot;M143 352.3L7 216.3c-9.4-9.4-9.4-24.6 0-33.9l22.6-22.6c9.4-9.4 24.6-9.4 33.9 0l96.4 96.4 96.4-96.4c9.4-9.4 24.6-9.4 33.9 0l22.6 22.6c9.4 9.4 9.4 24.6 0 33.9l-136 136c-9.2 9.4-24.4 9.4-33.8 0z&quot;&gt;&lt;\/path&gt;&lt;\/svg&gt;\" data-dropdown-indicator-icon=\"&lt;svg class=&quot;e-font-icon-svg e-fas-angle-down&quot; viewBox=&quot;0 0 320 512&quot; xmlns=&quot;http:\/\/www.w3.org\/2000\/svg&quot;&gt;&lt;path d=&quot;M143 352.3L7 216.3c-9.4-9.4-9.4-24.6 0-33.9l22.6-22.6c9.4-9.4 24.6-9.4 33.9 0l96.4 96.4 96.4-96.4c9.4-9.4 24.6-9.4 33.9 0l22.6 22.6c9.4 9.4 9.4 24.6 0 33.9l-136 136c-9.2 9.4-24.4 9.4-33.8 0z&quot;&gt;&lt;\/path&gt;&lt;\/svg&gt;\" class=\"eael-simple-menu-container eael-simple-menu-align-left eael-simple-menu-dropdown-align-left preset-1\" data-hamburger-breakpoints=\"{&quot;mobile&quot;:&quot;Dispositivos m\\u00f3veis no modo retrato (&gt; 767px)&quot;,&quot;tablet&quot;:&quot;Tablet no modo retrato (&gt; 1024px)&quot;,&quot;desktop&quot;:&quot;Desktop (&gt; 2400px)&quot;,&quot;none&quot;:&quot;Nenhum&quot;}\" data-hamburger-device=\"tablet\">\n                <ul id=\"menu-publicacoes-ligo\" class=\"eael-simple-menu eael-simple-menu-dropdown-animate-to-top eael-simple-menu-indicator eael-simple-menu-horizontal\"><li id=\"menu-item-202655\" class=\"menu-item menu-item-type-post_type menu-item-object-page menu-item-202655\"><a href=\"https:\/\/goias.gov.br\/ligo\/inovacao-2\/\">INOVA\u00c7\u00c3O<\/a><\/li>\n<li id=\"menu-item-202653\" class=\"menu-item menu-item-type-post_type menu-item-object-page menu-item-202653\"><a href=\"https:\/\/goias.gov.br\/ligo\/tecnologia\/\">TECNOLOGIA<\/a><\/li>\n<li id=\"menu-item-202654\" class=\"menu-item menu-item-type-post_type menu-item-object-page menu-item-202654\"><a href=\"https:\/\/goias.gov.br\/ligo\/ciencia_de_dados\/\">CI\u00caNCIA DE DADOS<\/a><\/li>\n<li id=\"menu-item-202877\" class=\"menu-item menu-item-type-post_type menu-item-object-page menu-item-202877\"><a href=\"https:\/\/goias.gov.br\/ligo\/inteligencia_artificial\/\">INTELIG\u00caNCIA ARTIFICIAL<\/a><\/li>\n<li id=\"menu-item-202869\" class=\"menu-item menu-item-type-post_type menu-item-object-page menu-item-202869\"><a href=\"https:\/\/goias.gov.br\/ligo\/programacao\/\">PROGRAMA\u00c7\u00c3O<\/a><\/li>\n<li id=\"menu-item-202652\" class=\"menu-item menu-item-type-post_type menu-item-object-page menu-item-202652\"><a href=\"https:\/\/goias.gov.br\/ligo\/experimentacao\/\">EXPERIMENTA\u00c7\u00c3O<\/a><\/li>\n<\/ul>                <button class=\"eael-simple-menu-toggle\">\n                    <span class=\"sr-only \">Menu de altern\u00e2ncia de hamb\u00farguer<\/span>\n                    <svg aria-hidden=\"true\" class=\"e-font-icon-svg e-fas-bars\" viewBox=\"0 0 448 512\" xmlns=\"http:\/\/www.w3.org\/2000\/svg\"><path d=\"M16 132h416c8.837 0 16-7.163 16-16V76c0-8.837-7.163-16-16-16H16C7.163 60 0 67.163 0 76v40c0 8.837 7.163 16 16 16zm0 160h416c8.837 0 16-7.163 16-16v-40c0-8.837-7.163-16-16-16H16c-8.837 0-16 7.163-16 16v40c0 8.837 7.163 16 16 16zm0 160h416c8.837 0 16-7.163 16-16v-40c0-8.837-7.163-16-16-16H16c-8.837 0-16 7.163-16 16v40c0 8.837 7.163 16 16 16z\"><\/path><\/svg>                <\/button>\n            <\/div>\n            \t\t\t\t<\/div>\n\t\t\t\t<\/div>\n\t\t\t\t\t<\/div>\n\t\t\t\t<\/div>\n\t\t<div class=\"elementor-element elementor-element-a3ace76 e-flex e-con-boxed wpr-particle-no wpr-jarallax-no wpr-parallax-no wpr-sticky-section-no e-con e-parent\" data-id=\"a3ace76\" data-element_type=\"container\" data-e-type=\"container\">\n\t\t\t\t\t<div class=\"e-con-inner\">\n\t\t<div class=\"elementor-element elementor-element-7815db9 e-con-full e-flex wpr-particle-no wpr-jarallax-no wpr-parallax-no wpr-sticky-section-no e-con e-child\" data-id=\"7815db9\" data-element_type=\"container\" data-e-type=\"container\">\n\t\t<div class=\"elementor-element elementor-element-0d1f053 e-con-full e-flex wpr-particle-no wpr-jarallax-no wpr-parallax-no wpr-sticky-section-no e-con e-child\" data-id=\"0d1f053\" data-element_type=\"container\" data-e-type=\"container\" id=\"publicacoes-list-ligo\">\n\t\t\t\t<div class=\"elementor-element elementor-element-494de4b elementor-widget elementor-widget-shortcode\" data-id=\"494de4b\" data-element_type=\"widget\" data-e-type=\"widget\" data-widget_type=\"shortcode.default\">\n\t\t\t\t<div class=\"elementor-widget-container\">\n\t\t\t\t\t\t\t<div class=\"elementor-shortcode\"><div class=\"posts-destaque\"><p>N\u00e3o h\u00e1 posts para exibir nesta categoria.<\/p><\/div><\/div>\n\t\t\t\t\t\t<\/div>\n\t\t\t\t<\/div>\n\t\t\t\t<\/div>\n\t\t\t\t<\/div>\n\t\t<div class=\"elementor-element elementor-element-bfff63b e-con-full e-flex wpr-particle-no wpr-jarallax-no wpr-parallax-no wpr-sticky-section-no e-con e-child\" data-id=\"bfff63b\" data-element_type=\"container\" data-e-type=\"container\">\n\t\t<div class=\"elementor-element elementor-element-bcbe883 e-con-full e-flex wpr-particle-no wpr-jarallax-no wpr-parallax-no wpr-sticky-section-no e-con e-child\" data-id=\"bcbe883\" data-element_type=\"container\" data-e-type=\"container\">\n\t\t\t\t<div class=\"elementor-element elementor-element-da82d0e elementor-widget elementor-widget-text-editor\" data-id=\"da82d0e\" data-element_type=\"widget\" data-e-type=\"widget\" data-widget_type=\"text-editor.default\">\n\t\t\t\t<div class=\"elementor-widget-container\">\n\t\t\t\t\t\t\t\t\t<p>PRINCIPAIS T\u00d3PICOS<\/p>\t\t\t\t\t\t\t\t<\/div>\n\t\t\t\t<\/div>\n\t\t\t\t<div class=\"elementor-element elementor-element-5db5838 elementor-widget elementor-widget-shortcode\" data-id=\"5db5838\" data-element_type=\"widget\" data-e-type=\"widget\" data-widget_type=\"shortcode.default\">\n\t\t\t\t<div class=\"elementor-widget-container\">\n\t\t\t\t\t\t\t<div class=\"elementor-shortcode\"><div class=\"top-authors\"><div class=\"author-card\"><a href=\"https:\/\/goias.gov.br\/ligo\/author\/cesarpacheco\/\" class=\"author-avatar-link\"><img decoding=\"async\" src=\"https:\/\/goias.gov.br\/ligo\/wp-content\/uploads\/sites\/61\/2025\/04\/cesarpacheco_avatar-96x96.jpg\" alt=\"C\u00e9sar Augusto\" class=\"author-avatar2\"><\/a><div class=\"author-info\"><a href=\"https:\/\/goias.gov.br\/ligo\/author\/cesarpacheco\/\"><h4>C\u00e9sar Augusto<\/h4><\/a><a href=\"https:\/\/goias.gov.br\/ligo\/author\/cesarpacheco\/\"><p><\/p><\/a><\/div><div class=\"article-count\">1 artigos<\/div><\/div><div class=\"author-card\"><a href=\"https:\/\/goias.gov.br\/ligo\/author\/adrianorodrigues\/\" class=\"author-avatar-link\"><img decoding=\"async\" src=\"https:\/\/goias.gov.br\/ligo\/wp-content\/uploads\/sites\/61\/2025\/08\/adrianorodrigues_avatar-96x96.jpg\" alt=\"Adriano Pericles\" class=\"author-avatar2\"><\/a><div class=\"author-info\"><a href=\"https:\/\/goias.gov.br\/ligo\/author\/adrianorodrigues\/\"><h4>Adriano Pericles<\/h4><\/a><a href=\"https:\/\/goias.gov.br\/ligo\/author\/adrianorodrigues\/\"><p><\/p><\/a><\/div><div class=\"article-count\">4 artigos<\/div><\/div><div class=\"author-card\"><a href=\"https:\/\/goias.gov.br\/ligo\/author\/hellemsantos\/\" class=\"author-avatar-link\"><img decoding=\"async\" src=\"https:\/\/goias.gov.br\/ligo\/wp-content\/uploads\/sites\/61\/2025\/12\/hellemsantos_avatar-96x96.jpg\" alt=\"Hellem Correa\" class=\"author-avatar2\"><\/a><div class=\"author-info\"><a href=\"https:\/\/goias.gov.br\/ligo\/author\/hellemsantos\/\"><h4>Hellem Correa<\/h4><\/a><a href=\"https:\/\/goias.gov.br\/ligo\/author\/hellemsantos\/\"><p>Bacharel em Estat\u00edstica pela Universidade Federal de...<\/p><\/a><\/div><div class=\"article-count\">4 artigos<\/div><\/div><\/div><\/div>\n\t\t\t\t\t\t<\/div>\n\t\t\t\t<\/div>\n\t\t\t\t<\/div>\n\t\t<div class=\"elementor-element elementor-element-1ec7589 e-con-full e-flex wpr-particle-no wpr-jarallax-no wpr-parallax-no wpr-sticky-section-no e-con e-child\" data-id=\"1ec7589\" data-element_type=\"container\" data-e-type=\"container\">\n\t\t\t\t<div class=\"elementor-element elementor-element-167d247 elementor-widget elementor-widget-text-editor\" data-id=\"167d247\" data-element_type=\"widget\" data-e-type=\"widget\" data-widget_type=\"text-editor.default\">\n\t\t\t\t<div class=\"elementor-widget-container\">\n\t\t\t\t\t\t\t\t\t<p>PRINCIPAIS T\u00d3PICOS<\/p>\t\t\t\t\t\t\t\t<\/div>\n\t\t\t\t<\/div>\n\t\t\t\t<div class=\"elementor-element elementor-element-d7b9f6d wpr-taxonomy-list-horizontal elementor-widget elementor-widget-wpr-taxonomy-list\" data-id=\"d7b9f6d\" data-element_type=\"widget\" data-e-type=\"widget\" data-widget_type=\"wpr-taxonomy-list.default\">\n\t\t\t\t<div class=\"elementor-widget-container\">\n\t\t\t\t\t<ul class=\"wpr-taxonomy-list\" data-show-on-click=\"\"><li class=\"wpr-taxonomy\"data-term-id=\"45\"><a target=\"_blank\" href=\"https:\/\/goias.gov.br\/ligo\/tags\/cpgoias4\/\"><span class=\"wpr-tax-wrap\"> <span><\/span><span>#CPGoi\u00e1s4<\/span><\/span><\/a><\/li><li class=\"wpr-taxonomy\"data-term-id=\"31\"><a target=\"_blank\" href=\"https:\/\/goias.gov.br\/ligo\/tags\/administrador-adjunto\/\"><span class=\"wpr-tax-wrap\"> <span><\/span><span>Administrador Adjunto<\/span><\/span><\/a><\/li><li class=\"wpr-taxonomy\"data-term-id=\"27\"><a target=\"_blank\" href=\"https:\/\/goias.gov.br\/ligo\/tags\/big-data\/\"><span class=\"wpr-tax-wrap\"> <span><\/span><span>Big Data<\/span><\/span><\/a><\/li><li class=\"wpr-taxonomy\"data-term-id=\"65\"><a target=\"_blank\" href=\"https:\/\/goias.gov.br\/ligo\/tags\/capacita-ia\/\"><span class=\"wpr-tax-wrap\"> <span><\/span><span>Capacita IA<\/span><\/span><\/a><\/li><li class=\"wpr-taxonomy\"data-term-id=\"30\"><a target=\"_blank\" href=\"https:\/\/goias.gov.br\/ligo\/tags\/controladoria-geral-do-estado\/\"><span class=\"wpr-tax-wrap\"> <span><\/span><span>Controladoria Geral do Estado<\/span><\/span><\/a><\/li><li class=\"wpr-taxonomy\"data-term-id=\"63\"><a target=\"_blank\" href=\"https:\/\/goias.gov.br\/ligo\/tags\/curso\/\"><span class=\"wpr-tax-wrap\"> <span><\/span><span>Curso<\/span><\/span><\/a><\/li><li class=\"wpr-taxonomy\"data-term-id=\"62\"><a target=\"_blank\" href=\"https:\/\/goias.gov.br\/ligo\/tags\/cursos-de-tecnologia\/\"><span class=\"wpr-tax-wrap\"> <span><\/span><span>Cursos de Tecnologia<\/span><\/span><\/a><\/li><li class=\"wpr-taxonomy\"data-term-id=\"75\"><a target=\"_blank\" href=\"https:\/\/goias.gov.br\/ligo\/tags\/experiencia-do-usuario\/\"><span class=\"wpr-tax-wrap\"> <span><\/span><span>Experi\u00eancia do Usu\u00e1rio<\/span><\/span><\/a><\/li><li class=\"wpr-taxonomy\"data-term-id=\"32\"><a target=\"_blank\" href=\"https:\/\/goias.gov.br\/ligo\/tags\/gestora-de-rh\/\"><span class=\"wpr-tax-wrap\"> <span><\/span><span>Gestora de RH<\/span><\/span><\/a><\/li><li class=\"wpr-taxonomy\"data-term-id=\"17\"><a target=\"_blank\" href=\"https:\/\/goias.gov.br\/ligo\/tags\/inovacao\/\"><span class=\"wpr-tax-wrap\"> <span><\/span><span>Inova\u00e7\u00e3o<\/span><\/span><\/a><\/li><li class=\"wpr-taxonomy\"data-term-id=\"61\"><a target=\"_blank\" href=\"https:\/\/goias.gov.br\/ligo\/tags\/inteligencia-artificial\/\"><span class=\"wpr-tax-wrap\"> <span><\/span><span>Intelig\u00eancia Artificial<\/span><\/span><\/a><\/li><li class=\"wpr-taxonomy\"data-term-id=\"60\"><a target=\"_blank\" href=\"https:\/\/goias.gov.br\/ligo\/tags\/investimento\/\"><span class=\"wpr-tax-wrap\"> <span><\/span><span>Investimento<\/span><\/span><\/a><\/li><li class=\"wpr-taxonomy\"data-term-id=\"59\"><a target=\"_blank\" href=\"https:\/\/goias.gov.br\/ligo\/tags\/parceria\/\"><span class=\"wpr-tax-wrap\"> <span><\/span><span>Parceria<\/span><\/span><\/a><\/li><li class=\"wpr-taxonomy\"data-term-id=\"46\"><a target=\"_blank\" href=\"https:\/\/goias.gov.br\/ligo\/tags\/robotica\/\"><span class=\"wpr-tax-wrap\"> <span><\/span><span>Rob\u00f3tica<\/span><\/span><\/a><\/li><li class=\"wpr-taxonomy\"data-term-id=\"64\"><a target=\"_blank\" href=\"https:\/\/goias.gov.br\/ligo\/tags\/secop-2025\/\"><span class=\"wpr-tax-wrap\"> <span><\/span><span>SECOP 2025<\/span><\/span><\/a><\/li><li class=\"wpr-taxonomy\"data-term-id=\"66\"><a target=\"_blank\" href=\"https:\/\/goias.gov.br\/ligo\/tags\/servicos-digitais\/\"><span class=\"wpr-tax-wrap\"> <span><\/span><span>Servi\u00e7os Digitais<\/span><\/span><\/a><\/li><\/ul>\t\t\t\t<\/div>\n\t\t\t\t<\/div>\n\t\t\t\t<\/div>\n\t\t\t\t<\/div>\n\t\t\t\t\t<\/div>\n\t\t\t\t<\/div>\n\t\t<div class=\"elementor-element elementor-element-94946e5 e-flex e-con-boxed wpr-particle-no wpr-jarallax-no wpr-parallax-no wpr-sticky-section-no e-con e-parent\" data-id=\"94946e5\" data-element_type=\"container\" data-e-type=\"container\">\n\t\t\t\t\t<div class=\"e-con-inner\">\n\t\t\t\t\t<\/div>\n\t\t\t\t<\/div>\n\t\t<div class=\"elementor-element elementor-element-ad49df2 e-flex e-con-boxed wpr-particle-no wpr-jarallax-no wpr-parallax-no wpr-sticky-section-no e-con e-parent\" data-id=\"ad49df2\" data-element_type=\"container\" data-e-type=\"container\">\n\t\t\t\t\t<div class=\"e-con-inner\">\n\t\t\t\t\t<\/div>\n\t\t\t\t<\/div>\n\t\t\t\t<\/div>\n\t\t","protected":false},"excerpt":{"rendered":"<p>Publica\u00e7\u00f5es ligo: Experimenta\u00e7\u00e3o Artigos Ebooks V\u00eddeos INOVA\u00c7\u00c3O TECNOLOGIA CI\u00caNCIA DE DADOS INTELIG\u00caNCIA ARTIFICIAL PROGRAMA\u00c7\u00c3O WORKSHOPS OFICINAS EXPERIMENTA\u00c7\u00c3O Menu de altern\u00e2ncia de hamb\u00farguer PRINCIPAIS T\u00d3PICOS PRINCIPAIS T\u00d3PICOS #CPGoi\u00e1s4 Administrador Adjunto Big Data Controladoria Geral do Estado Gestora de RH inova\u00e7ao Projetos Rob\u00f3tica<\/p>\n","protected":false},"author":77,"featured_media":0,"parent":0,"menu_order":0,"comment_status":"closed","ping_status":"closed","template":"elementor_header_footer","meta":{"footnotes":"","_links_to":"","_links_to_target":""},"class_list":["post-202576","page","type-page","status-publish","hentry"],"rttpg_featured_image_url":null,"rttpg_author":{"display_name":"barbaragodoy","author_link":"https:\/\/goias.gov.br\/ligo\/author\/barbaragodoy\/"},"rttpg_comment":0,"rttpg_category":null,"rttpg_excerpt":"Publica\u00e7\u00f5es ligo: Experimenta\u00e7\u00e3o Artigos Ebooks V\u00eddeos INOVA\u00c7\u00c3O TECNOLOGIA CI\u00caNCIA DE DADOS INTELIG\u00caNCIA ARTIFICIAL PROGRAMA\u00c7\u00c3O WORKSHOPS OFICINAS EXPERIMENTA\u00c7\u00c3O Menu de altern\u00e2ncia de hamb\u00farguer PRINCIPAIS T\u00d3PICOS PRINCIPAIS T\u00d3PICOS #CPGoi\u00e1s4 Administrador Adjunto Big Data Controladoria Geral do Estado Gestora de RH inova\u00e7ao Projetos Rob\u00f3tica","_links":{"self":[{"href":"https:\/\/goias.gov.br\/ligo\/wp-json\/wp\/v2\/pages\/202576","targetHints":{"allow":["GET"]}}],"collection":[{"href":"https:\/\/goias.gov.br\/ligo\/wp-json\/wp\/v2\/pages"}],"about":[{"href":"https:\/\/goias.gov.br\/ligo\/wp-json\/wp\/v2\/types\/page"}],"author":[{"embeddable":true,"href":"https:\/\/goias.gov.br\/ligo\/wp-json\/wp\/v2\/users\/77"}],"replies":[{"embeddable":true,"href":"https:\/\/goias.gov.br\/ligo\/wp-json\/wp\/v2\/comments?post=202576"}],"version-history":[{"count":2,"href":"https:\/\/goias.gov.br\/ligo\/wp-json\/wp\/v2\/pages\/202576\/revisions"}],"predecessor-version":[{"id":203085,"href":"https:\/\/goias.gov.br\/ligo\/wp-json\/wp\/v2\/pages\/202576\/revisions\/203085"}],"wp:attachment":[{"href":"https:\/\/goias.gov.br\/ligo\/wp-json\/wp\/v2\/media?parent=202576"}],"curies":[{"name":"wp","href":"https:\/\/api.w.org\/{rel}","templated":true}]}}