

{"id":200867,"date":"2024-11-05T10:42:32","date_gmt":"2024-11-05T13:42:32","guid":{"rendered":"https:\/\/goias.gov.br\/ligo\/?page_id=200867"},"modified":"2025-06-03T09:58:15","modified_gmt":"2025-06-03T12:58:15","slug":"projetos","status":"publish","type":"page","link":"https:\/\/goias.gov.br\/ligo\/projetos\/","title":{"rendered":"Projetos"},"content":{"rendered":"\t\t<div data-elementor-type=\"wp-page\" data-elementor-id=\"200867\" class=\"elementor elementor-200867\">\n\t\t\t\t<div class=\"elementor-element elementor-element-24a5b4c e-flex e-con-boxed wpr-particle-no wpr-jarallax-no wpr-parallax-no wpr-sticky-section-no e-con e-parent\" data-id=\"24a5b4c\" data-element_type=\"container\" data-e-type=\"container\">\n\t\t\t\t\t<div class=\"e-con-inner\">\n\t\t<div class=\"elementor-element elementor-element-9daf075 e-con-full e-flex wpr-particle-no wpr-jarallax-no wpr-parallax-no wpr-sticky-section-no e-con e-child\" data-id=\"9daf075\" data-element_type=\"container\" data-e-type=\"container\">\n\t\t\t\t<div class=\"elementor-element elementor-element-99913e8 elementor-widget elementor-widget-text-editor\" data-id=\"99913e8\" data-element_type=\"widget\" data-e-type=\"widget\" data-widget_type=\"text-editor.default\">\n\t\t\t\t<div class=\"elementor-widget-container\">\n\t\t\t\t\t\t\t\t\t<p><strong>projetos de inova\u00e7\u00e3o: <\/strong>transformando ideias em solu\u00e7\u00f5es que impactam a sociedade<\/p>\t\t\t\t\t\t\t\t<\/div>\n\t\t\t\t<\/div>\n\t\t\t\t<\/div>\n\t\t<div class=\"elementor-element elementor-element-81e3f43 e-con-full e-flex wpr-particle-no wpr-jarallax-no wpr-parallax-no wpr-sticky-section-no e-con e-child\" data-id=\"81e3f43\" data-element_type=\"container\" data-e-type=\"container\">\n\t\t\t\t<div class=\"elementor-element elementor-element-9d98be1 elementor-widget elementor-widget-image\" data-id=\"9d98be1\" data-element_type=\"widget\" data-e-type=\"widget\" data-widget_type=\"image.default\">\n\t\t\t\t<div class=\"elementor-widget-container\">\n\t\t\t\t\t\t\t\t\t\t\t\t\t\t\t<img decoding=\"async\" width=\"240\" height=\"65\" src=\"https:\/\/goias.gov.br\/ligo\/wp-content\/uploads\/sites\/61\/2024\/11\/image.png\" class=\"attachment-large size-large wp-image-200821\" alt=\"\" \/>\t\t\t\t\t\t\t\t\t\t\t\t\t\t\t<\/div>\n\t\t\t\t<\/div>\n\t\t\t\t<\/div>\n\t\t\t\t\t<\/div>\n\t\t\t\t<\/div>\n\t\t<div class=\"elementor-element elementor-element-57e68bc e-flex e-con-boxed wpr-particle-no wpr-jarallax-no wpr-parallax-no wpr-sticky-section-no e-con e-parent\" data-id=\"57e68bc\" data-element_type=\"container\" data-e-type=\"container\">\n\t\t\t\t\t<div class=\"e-con-inner\">\n\t\t<div class=\"elementor-element elementor-element-34d462e e-con-full e-flex wpr-particle-no wpr-jarallax-no wpr-parallax-no wpr-sticky-section-no e-con e-child\" data-id=\"34d462e\" data-element_type=\"container\" data-e-type=\"container\">\n\t\t\t\t<div class=\"elementor-element elementor-element-794b58b elementor-widget elementor-widget-image\" data-id=\"794b58b\" data-element_type=\"widget\" data-e-type=\"widget\" data-widget_type=\"image.default\">\n\t\t\t\t<div class=\"elementor-widget-container\">\n\t\t\t\t\t\t\t\t\t\t\t\t\t\t\t\t<a href=\"\/ligo\/horus\/\">\n\t\t\t\t\t\t\t<img fetchpriority=\"high\" decoding=\"async\" width=\"712\" height=\"502\" src=\"https:\/\/goias.gov.br\/ligo\/wp-content\/uploads\/sites\/61\/2025\/06\/Projeto-Horus-714X502.png\" class=\"attachment-large size-large wp-image-204875\" alt=\"\" srcset=\"https:\/\/goias.gov.br\/ligo\/wp-content\/uploads\/sites\/61\/2025\/06\/Projeto-Horus-714X502.png 712w, https:\/\/goias.gov.br\/ligo\/wp-content\/uploads\/sites\/61\/2025\/06\/Projeto-Horus-714X502-300x212.png 300w\" sizes=\"(max-width: 712px) 100vw, 712px\" \/>\t\t\t\t\t\t\t\t<\/a>\n\t\t\t\t\t\t\t\t\t\t\t\t\t\t\t<\/div>\n\t\t\t\t<\/div>\n\t\t\t\t<\/div>\n\t\t<div class=\"elementor-element elementor-element-a87dd15 e-con-full e-flex wpr-particle-no wpr-jarallax-no wpr-parallax-no wpr-sticky-section-no e-con e-child\" data-id=\"a87dd15\" data-element_type=\"container\" data-e-type=\"container\">\n\t\t\t\t<div class=\"elementor-element elementor-element-af44251 elementor-widget elementor-widget-image\" data-id=\"af44251\" data-element_type=\"widget\" data-e-type=\"widget\" data-widget_type=\"image.default\">\n\t\t\t\t<div class=\"elementor-widget-container\">\n\t\t\t\t\t\t\t\t\t\t\t\t\t\t\t\t<a href=\"\/ligo\/arquitetura-de-ia\/\">\n\t\t\t\t\t\t\t<img decoding=\"async\" width=\"502\" height=\"502\" src=\"https:\/\/goias.gov.br\/ligo\/wp-content\/uploads\/sites\/61\/2025\/05\/ARQUITETURA-DE-IA-502X502VERSAO.png\" class=\"attachment-large size-large wp-image-204811\" alt=\"\" srcset=\"https:\/\/goias.gov.br\/ligo\/wp-content\/uploads\/sites\/61\/2025\/05\/ARQUITETURA-DE-IA-502X502VERSAO.png 502w, https:\/\/goias.gov.br\/ligo\/wp-content\/uploads\/sites\/61\/2025\/05\/ARQUITETURA-DE-IA-502X502VERSAO-300x300.png 300w, https:\/\/goias.gov.br\/ligo\/wp-content\/uploads\/sites\/61\/2025\/05\/ARQUITETURA-DE-IA-502X502VERSAO-150x150.png 150w\" sizes=\"(max-width: 502px) 100vw, 502px\" \/>\t\t\t\t\t\t\t\t<\/a>\n\t\t\t\t\t\t\t\t\t\t\t\t\t\t\t<\/div>\n\t\t\t\t<\/div>\n\t\t\t\t<\/div>\n\t\t\t\t\t<\/div>\n\t\t\t\t<\/div>\n\t\t<div class=\"elementor-element elementor-element-22a3436 e-flex e-con-boxed wpr-particle-no wpr-jarallax-no wpr-parallax-no wpr-sticky-section-no e-con e-parent\" data-id=\"22a3436\" data-element_type=\"container\" data-e-type=\"container\">\n\t\t\t\t\t<div class=\"e-con-inner\">\n\t\t<div class=\"elementor-element elementor-element-014098e e-con-full e-flex wpr-particle-no wpr-jarallax-no wpr-parallax-no wpr-sticky-section-no e-con e-child\" data-id=\"014098e\" data-element_type=\"container\" data-e-type=\"container\">\n\t\t\t\t<div class=\"elementor-element elementor-element-63fc363 elementor-widget elementor-widget-image\" data-id=\"63fc363\" data-element_type=\"widget\" data-e-type=\"widget\" data-widget_type=\"image.default\">\n\t\t\t\t<div class=\"elementor-widget-container\">\n\t\t\t\t\t\t\t\t\t\t\t\t\t\t\t\t<a href=\"\/ligo\/validacao-facial\/\">\n\t\t\t\t\t\t\t<img loading=\"lazy\" decoding=\"async\" width=\"502\" height=\"502\" src=\"https:\/\/goias.gov.br\/ligo\/wp-content\/uploads\/sites\/61\/2025\/05\/VALIDACAO-FACIAL-502X502VERSAO.png\" class=\"attachment-large size-large wp-image-204816\" alt=\"\" srcset=\"https:\/\/goias.gov.br\/ligo\/wp-content\/uploads\/sites\/61\/2025\/05\/VALIDACAO-FACIAL-502X502VERSAO.png 502w, https:\/\/goias.gov.br\/ligo\/wp-content\/uploads\/sites\/61\/2025\/05\/VALIDACAO-FACIAL-502X502VERSAO-300x300.png 300w, https:\/\/goias.gov.br\/ligo\/wp-content\/uploads\/sites\/61\/2025\/05\/VALIDACAO-FACIAL-502X502VERSAO-150x150.png 150w\" sizes=\"(max-width: 502px) 100vw, 502px\" \/>\t\t\t\t\t\t\t\t<\/a>\n\t\t\t\t\t\t\t\t\t\t\t\t\t\t\t<\/div>\n\t\t\t\t<\/div>\n\t\t\t\t<\/div>\n\t\t<div class=\"elementor-element elementor-element-0dc26c5 e-con-full e-flex wpr-particle-no wpr-jarallax-no wpr-parallax-no wpr-sticky-section-no e-con e-child\" data-id=\"0dc26c5\" data-element_type=\"container\" data-e-type=\"container\">\n\t\t\t\t<div class=\"elementor-element elementor-element-7e47c6a elementor-widget elementor-widget-image\" data-id=\"7e47c6a\" data-element_type=\"widget\" data-e-type=\"widget\" data-widget_type=\"image.default\">\n\t\t\t\t<div class=\"elementor-widget-container\">\n\t\t\t\t\t\t\t\t\t\t\t\t\t\t\t\t<a href=\"\/ligo\/ia_da_ouvidoria\/\">\n\t\t\t\t\t\t\t<img loading=\"lazy\" decoding=\"async\" width=\"713\" height=\"502\" src=\"https:\/\/goias.gov.br\/ligo\/wp-content\/uploads\/sites\/61\/2025\/06\/IA-DA-OUVIDORIA-714X502.png\" class=\"attachment-large size-large wp-image-204874\" alt=\"\" srcset=\"https:\/\/goias.gov.br\/ligo\/wp-content\/uploads\/sites\/61\/2025\/06\/IA-DA-OUVIDORIA-714X502.png 713w, https:\/\/goias.gov.br\/ligo\/wp-content\/uploads\/sites\/61\/2025\/06\/IA-DA-OUVIDORIA-714X502-300x211.png 300w\" sizes=\"(max-width: 713px) 100vw, 713px\" \/>\t\t\t\t\t\t\t\t<\/a>\n\t\t\t\t\t\t\t\t\t\t\t\t\t\t\t<\/div>\n\t\t\t\t<\/div>\n\t\t\t\t<\/div>\n\t\t\t\t\t<\/div>\n\t\t\t\t<\/div>\n\t\t<div class=\"elementor-element elementor-element-9d69764 e-flex e-con-boxed wpr-particle-no wpr-jarallax-no wpr-parallax-no wpr-sticky-section-no e-con e-parent\" data-id=\"9d69764\" data-element_type=\"container\" data-e-type=\"container\">\n\t\t\t\t\t<div class=\"e-con-inner\">\n\t\t<div class=\"elementor-element elementor-element-5008a19 e-con-full e-flex wpr-particle-no wpr-jarallax-no wpr-parallax-no wpr-sticky-section-no e-con e-child\" data-id=\"5008a19\" data-element_type=\"container\" data-e-type=\"container\">\n\t\t\t\t<div class=\"elementor-element elementor-element-55a8033 elementor-widget elementor-widget-image\" data-id=\"55a8033\" data-element_type=\"widget\" data-e-type=\"widget\" data-widget_type=\"image.default\">\n\t\t\t\t<div class=\"elementor-widget-container\">\n\t\t\t\t\t\t\t\t\t\t\t\t\t\t\t\t<a href=\"\/ligo\/cadastro_base_cidadao\/\">\n\t\t\t\t\t\t\t<img loading=\"lazy\" decoding=\"async\" width=\"733\" height=\"516\" src=\"https:\/\/goias.gov.br\/ligo\/wp-content\/uploads\/sites\/61\/2025\/06\/CADASTRO-BASE-714X502.png\" class=\"attachment-large size-large wp-image-204872\" alt=\"\" srcset=\"https:\/\/goias.gov.br\/ligo\/wp-content\/uploads\/sites\/61\/2025\/06\/CADASTRO-BASE-714X502.png 733w, https:\/\/goias.gov.br\/ligo\/wp-content\/uploads\/sites\/61\/2025\/06\/CADASTRO-BASE-714X502-300x211.png 300w\" sizes=\"(max-width: 733px) 100vw, 733px\" \/>\t\t\t\t\t\t\t\t<\/a>\n\t\t\t\t\t\t\t\t\t\t\t\t\t\t\t<\/div>\n\t\t\t\t<\/div>\n\t\t\t\t<\/div>\n\t\t<div class=\"elementor-element elementor-element-3592866 e-con-full e-flex wpr-particle-no wpr-jarallax-no wpr-parallax-no wpr-sticky-section-no e-con e-child\" data-id=\"3592866\" data-element_type=\"container\" data-e-type=\"container\">\n\t\t\t\t<div class=\"elementor-element elementor-element-bb2361b elementor-widget elementor-widget-image\" data-id=\"bb2361b\" data-element_type=\"widget\" data-e-type=\"widget\" data-widget_type=\"image.default\">\n\t\t\t\t<div class=\"elementor-widget-container\">\n\t\t\t\t\t\t\t\t\t\t\t\t\t\t\t\t<a href=\"\/ligo\/encurtador_link_goias\/\">\n\t\t\t\t\t\t\t<img loading=\"lazy\" decoding=\"async\" width=\"502\" height=\"503\" src=\"https:\/\/goias.gov.br\/ligo\/wp-content\/uploads\/sites\/61\/2025\/05\/ENCURTADOR-DE-LINK-502X502VERSAO.png\" class=\"attachment-large size-large wp-image-204813\" alt=\"\" srcset=\"https:\/\/goias.gov.br\/ligo\/wp-content\/uploads\/sites\/61\/2025\/05\/ENCURTADOR-DE-LINK-502X502VERSAO.png 502w, https:\/\/goias.gov.br\/ligo\/wp-content\/uploads\/sites\/61\/2025\/05\/ENCURTADOR-DE-LINK-502X502VERSAO-300x300.png 300w, https:\/\/goias.gov.br\/ligo\/wp-content\/uploads\/sites\/61\/2025\/05\/ENCURTADOR-DE-LINK-502X502VERSAO-150x150.png 150w\" sizes=\"(max-width: 502px) 100vw, 502px\" \/>\t\t\t\t\t\t\t\t<\/a>\n\t\t\t\t\t\t\t\t\t\t\t\t\t\t\t<\/div>\n\t\t\t\t<\/div>\n\t\t\t\t<\/div>\n\t\t\t\t\t<\/div>\n\t\t\t\t<\/div>\n\t\t\t\t<\/div>\n\t\t","protected":false},"excerpt":{"rendered":"<p>projetos de inova\u00e7\u00e3o: transformando ideias em solu\u00e7\u00f5es que impactam a sociedade<\/p>\n","protected":false},"author":77,"featured_media":0,"parent":0,"menu_order":0,"comment_status":"closed","ping_status":"closed","template":"elementor_header_footer","meta":{"footnotes":"","_links_to":"","_links_to_target":""},"class_list":["post-200867","page","type-page","status-publish","hentry"],"rttpg_featured_image_url":null,"rttpg_author":{"display_name":"barbaragodoy","author_link":"https:\/\/goias.gov.br\/ligo\/author\/barbaragodoy\/"},"rttpg_comment":0,"rttpg_category":null,"rttpg_excerpt":"projetos de inova\u00e7\u00e3o: transformando ideias em solu\u00e7\u00f5es que impactam a sociedade","_links":{"self":[{"href":"https:\/\/goias.gov.br\/ligo\/wp-json\/wp\/v2\/pages\/200867","targetHints":{"allow":["GET"]}}],"collection":[{"href":"https:\/\/goias.gov.br\/ligo\/wp-json\/wp\/v2\/pages"}],"about":[{"href":"https:\/\/goias.gov.br\/ligo\/wp-json\/wp\/v2\/types\/page"}],"author":[{"embeddable":true,"href":"https:\/\/goias.gov.br\/ligo\/wp-json\/wp\/v2\/users\/77"}],"replies":[{"embeddable":true,"href":"https:\/\/goias.gov.br\/ligo\/wp-json\/wp\/v2\/comments?post=200867"}],"version-history":[{"count":2,"href":"https:\/\/goias.gov.br\/ligo\/wp-json\/wp\/v2\/pages\/200867\/revisions"}],"predecessor-version":[{"id":204886,"href":"https:\/\/goias.gov.br\/ligo\/wp-json\/wp\/v2\/pages\/200867\/revisions\/204886"}],"wp:attachment":[{"href":"https:\/\/goias.gov.br\/ligo\/wp-json\/wp\/v2\/media?parent=200867"}],"curies":[{"name":"wp","href":"https:\/\/api.w.org\/{rel}","templated":true}]}}