

{"id":200394,"date":"2024-11-04T08:54:10","date_gmt":"2024-11-04T11:54:10","guid":{"rendered":"https:\/\/goias.gov.br\/ligo\/?page_id=200394"},"modified":"2025-04-14T17:26:25","modified_gmt":"2025-04-14T20:26:25","slug":"workshops","status":"publish","type":"page","link":"https:\/\/goias.gov.br\/ligo\/workshops\/","title":{"rendered":"Workshops"},"content":{"rendered":"\t\t<div data-elementor-type=\"wp-page\" data-elementor-id=\"200394\" class=\"elementor elementor-200394\">\n\t\t\t\t<div class=\"elementor-element elementor-element-20e7e90 e-flex e-con-boxed wpr-particle-no wpr-jarallax-no wpr-parallax-no wpr-sticky-section-no e-con e-parent\" data-id=\"20e7e90\" data-element_type=\"container\" data-e-type=\"container\">\n\t\t\t\t\t<div class=\"e-con-inner\">\n\t\t<div class=\"elementor-element elementor-element-1ec5ccf e-con-full e-flex wpr-particle-no wpr-jarallax-no wpr-parallax-no wpr-sticky-section-no e-con e-child\" data-id=\"1ec5ccf\" data-element_type=\"container\" data-e-type=\"container\">\n\t\t\t\t<div class=\"elementor-element elementor-element-0f0ff76 elementor-widget elementor-widget-image\" data-id=\"0f0ff76\" data-element_type=\"widget\" data-e-type=\"widget\" data-widget_type=\"image.default\">\n\t\t\t\t<div class=\"elementor-widget-container\">\n\t\t\t\t\t\t\t\t\t\t\t\t\t\t\t<img decoding=\"async\" src=\"https:\/\/goias.gov.br\/ligo\/wp-content\/uploads\/sites\/61\/elementor\/thumbs\/WORKSHOP-PRETO-LARANJA-1-r40ax4zzhd5jaxe2qnixt8h7r3r54dyraqko3cbw9q.png\" title=\"WORKSHOP PRETO-LARANJA 1\" alt=\"WORKSHOP PRETO-LARANJA 1\" loading=\"lazy\" \/>\t\t\t\t\t\t\t\t\t\t\t\t\t\t\t<\/div>\n\t\t\t\t<\/div>\n\t\t\t\t<div class=\"elementor-element elementor-element-44e8577 elementor-widget elementor-widget-text-editor\" data-id=\"44e8577\" data-element_type=\"widget\" data-e-type=\"widget\" data-widget_type=\"text-editor.default\">\n\t\t\t\t<div class=\"elementor-widget-container\">\n\t\t\t\t\t\t\t\t\t<p><span style=\"font-size: 20px;\">O Workshop LIGO tem se mostrado uma ferramenta poderosa para fomentar a inova\u00e7\u00e3o no servi\u00e7o p\u00fablico, capacitando servidores com o conhecimento e as habilidades necess\u00e1rias para enfrentar os desafios tecnol\u00f3gicos de hoje e do futuro.<\/span><\/p>\t\t\t\t\t\t\t\t<\/div>\n\t\t\t\t<\/div>\n\t\t\t\t<\/div>\n\t\t<div class=\"elementor-element elementor-element-e39c713 e-con-full e-flex wpr-particle-no wpr-jarallax-no wpr-parallax-no wpr-sticky-section-no e-con e-child\" data-id=\"e39c713\" data-element_type=\"container\" data-e-type=\"container\">\n\t\t\t\t<\/div>\n\t\t\t\t\t<\/div>\n\t\t\t\t<\/div>\n\t\t<div class=\"elementor-element elementor-element-1e915ff e-flex e-con-boxed wpr-particle-no wpr-jarallax-no wpr-parallax-no wpr-sticky-section-no e-con e-parent\" data-id=\"1e915ff\" data-element_type=\"container\" data-e-type=\"container\" id=\"list-workshops\">\n\t\t\t\t\t<div class=\"e-con-inner\">\n\t\t\t\t<div class=\"elementor-element elementor-element-109564e e-n-tabs-mobile elementor-widget elementor-widget-n-tabs\" data-id=\"109564e\" data-element_type=\"widget\" data-e-type=\"widget\" data-settings=\"{&quot;tabs_justify_horizontal&quot;:&quot;end&quot;,&quot;horizontal_scroll&quot;:&quot;disable&quot;}\" data-widget_type=\"nested-tabs.default\">\n\t\t\t\t<div class=\"elementor-widget-container\">\n\t\t\t\t\t\t\t<div class=\"e-n-tabs\" data-widget-number=\"17389134\" aria-label=\"Abas. Abra itens com &quot;Enter&quot; ou &quot;Espa\u00e7o&quot;, feche com &quot;Escape&quot; e navegue usando as teclas de &quot;Seta&quot;.\">\n\t\t\t<div class=\"e-n-tabs-heading\" role=\"tablist\">\n\t\t\t\t\t<button id=\"e-n-tab-title-173891341\" data-tab-title-id=\"e-n-tab-title-173891341\" class=\"e-n-tab-title\" aria-selected=\"true\" data-tab-index=\"1\" role=\"tab\" tabindex=\"0\" aria-controls=\"e-n-tab-content-173891341\" style=\"--n-tabs-title-order: 1;\">\n\t\t\t\t\t\t<span class=\"e-n-tab-title-text\">\n\t\t\t\tEM BREVE\t\t\t<\/span>\n\t\t<\/button>\n\t\t\t\t<button id=\"e-n-tab-title-173891342\" data-tab-title-id=\"e-n-tab-title-173891342\" class=\"e-n-tab-title\" aria-selected=\"false\" data-tab-index=\"2\" role=\"tab\" tabindex=\"-1\" aria-controls=\"e-n-tab-content-173891342\" style=\"--n-tabs-title-order: 2;\">\n\t\t\t\t\t\t<span class=\"e-n-tab-title-text\">\n\t\t\t\tREALIZADOS\t\t\t<\/span>\n\t\t<\/button>\n\t\t\t\t\t<\/div>\n\t\t\t<div class=\"e-n-tabs-content\">\n\t\t\t\t<div id=\"e-n-tab-content-173891341\" role=\"tabpanel\" aria-labelledby=\"e-n-tab-title-173891341\" data-tab-index=\"1\" style=\"--n-tabs-title-order: 1;\" class=\"e-active elementor-element elementor-element-01b729f e-con-full e-flex wpr-particle-no wpr-jarallax-no wpr-parallax-no wpr-sticky-section-no e-con e-child\" data-id=\"01b729f\" data-element_type=\"container\" data-e-type=\"container\">\n\t\t<div class=\"elementor-element elementor-element-6d57b0c e-flex e-con-boxed wpr-particle-no wpr-jarallax-no wpr-parallax-no wpr-sticky-section-no e-con e-child\" data-id=\"6d57b0c\" data-element_type=\"container\" data-e-type=\"container\">\n\t\t\t\t\t<div class=\"e-con-inner\">\n\t\t\t\t<div class=\"elementor-element elementor-element-ee1dd07 elementor-widget elementor-widget-text-editor\" data-id=\"ee1dd07\" data-element_type=\"widget\" data-e-type=\"widget\" data-widget_type=\"text-editor.default\">\n\t\t\t\t<div class=\"elementor-widget-container\">\n\t\t\t\t\t\t\t\t\t<p><div class=\"em em-view-container\" id=\"em-view-1167213420\" data-view=\"list\">\r\n\t<div class=\"em pixelbones em-list em-events-list\" id=\"em-events-list-1167213420\" data-view-id=\"1167213420\">\r\n\tN\u00e3o h\u00e1 eventos\t<\/div>\r\n<\/div><\/p>\t\t\t\t\t\t\t\t<\/div>\n\t\t\t\t<\/div>\n\t\t\t\t\t<\/div>\n\t\t\t\t<\/div>\n\t\t\t\t<\/div>\n\t\t<div id=\"e-n-tab-content-173891342\" role=\"tabpanel\" aria-labelledby=\"e-n-tab-title-173891342\" data-tab-index=\"2\" style=\"--n-tabs-title-order: 2;\" class=\" elementor-element elementor-element-ac81c37 e-con-full e-flex wpr-particle-no wpr-jarallax-no wpr-parallax-no wpr-sticky-section-no e-con e-child\" data-id=\"ac81c37\" data-element_type=\"container\" data-e-type=\"container\">\n\t\t<div class=\"elementor-element elementor-element-71cc70e e-flex e-con-boxed wpr-particle-no wpr-jarallax-no wpr-parallax-no wpr-sticky-section-no e-con e-child\" data-id=\"71cc70e\" data-element_type=\"container\" data-e-type=\"container\">\n\t\t\t\t\t<div class=\"e-con-inner\">\n\t\t\t\t<div class=\"elementor-element elementor-element-1c62ec5 elementor-widget elementor-widget-text-editor\" data-id=\"1c62ec5\" data-element_type=\"widget\" data-e-type=\"widget\" data-widget_type=\"text-editor.default\">\n\t\t\t\t<div class=\"elementor-widget-container\">\n\t\t\t\t\t\t\t\t\t<p><div class=\"em em-view-container\" id=\"em-view-1774206019\" data-view=\"list\">\r\n\t<div class=\"em pixelbones em-list em-events-list\" id=\"em-events-list-1774206019\" data-view-id=\"1774206019\">\r\n\t<div class=\"em-event em-item \" style=\"--default-border:#_CATEGORYCOLOR;\">\n\t<div class=\"em-item-image \">\n\t\t\n\t\t<img src='https:\/\/goias.gov.br\/ligo\/wp-content\/uploads\/sites\/61\/2025\/10\/Workshop-Outubro-.jpg' alt='Engenharia de Equipes'\/>\n\t\t\n\t\t\n\t<\/div>\n\t<div class=\"em-item-info\">\n\t\t<h3 class=\"em-item-title\"><a href=\"https:\/\/www.youtube.com\/watch?v=QV12tqSSY8Y\">Engenharia de Equipes<\/a><\/h3>\n\t\t\n\t\t<div class=\"em-event-meta em-item-meta\">\n\t\t\t<div class=\"em-item-meta-line em-event-date em-event-meta-datetime\">\n\t\t\t\t<span class=\"em-icon-calendar em-icon\"><\/span>\n\t\t\t\t21 \/ 10 \/ 2025&nbsp;&nbsp;&nbsp;&nbsp;\n\t\t\t<\/div>\n\t\t\t<div class=\"em-item-meta-line em-event-time em-event-meta-datetime\">\n\t\t\t\t<span class=\"em-icon-clock em-icon\"><\/span>\n\t\t\t\t09:00 &#8211; 11:00\n\t\t\t<\/div>\n\t\t\t\n\t\t\t\n\t\t\t\n\t\t\t\n\t\t\t\n\t\t<\/div>\n\t\t<div class=\"em-item-desc\">\n\t\t\t\n\t\t<\/div>\n\t\t<div class=\"em-item-actions input\">\n\t\t\t<a class=\"em-item-read-more button\" href=\"https:\/\/www.youtube.com\/watch?v=QV12tqSSY8Y\">Mais Informa\u00e7\u00f5es<\/a>\n\t\t\t\n\t\t<\/div>\n\t<\/div>\n<\/div><div class=\"em-event em-item \" style=\"--default-border:#_CATEGORYCOLOR;\">\n\t<div class=\"em-item-image \">\n\t\t\n\t\t<img src='https:\/\/goias.gov.br\/ligo\/wp-content\/uploads\/sites\/61\/2025\/09\/imagem-1.jpg' alt='Gest\u00e3o da Inova\u00e7\u00e3o no Setor P\u00fablico: Desafios e Oportunidades'\/>\n\t\t\n\t\t\n\t<\/div>\n\t<div class=\"em-item-info\">\n\t\t<h3 class=\"em-item-title\"><a href=\"https:\/\/www.youtube.com\/watch?v=df8h9UeJXvE\">Gest\u00e3o da Inova\u00e7\u00e3o no Setor P\u00fablico: Desafios e Oportunidades<\/a><\/h3>\n\t\t\n\t\t<div class=\"em-event-meta em-item-meta\">\n\t\t\t<div class=\"em-item-meta-line em-event-date em-event-meta-datetime\">\n\t\t\t\t<span class=\"em-icon-calendar em-icon\"><\/span>\n\t\t\t\t23 \/ 09 \/ 2025&nbsp;&nbsp;&nbsp;&nbsp;\n\t\t\t<\/div>\n\t\t\t<div class=\"em-item-meta-line em-event-time em-event-meta-datetime\">\n\t\t\t\t<span class=\"em-icon-clock em-icon\"><\/span>\n\t\t\t\t14:30 &#8211; 16:30\n\t\t\t<\/div>\n\t\t\t\n\t\t\t\n\t\t\t\n\t\t\t\n\t\t\t\n\t\t<\/div>\n\t\t<div class=\"em-item-desc\">\n\t\t\t\n\t\t<\/div>\n\t\t<div class=\"em-item-actions input\">\n\t\t\t<a class=\"em-item-read-more button\" href=\"https:\/\/www.youtube.com\/watch?v=df8h9UeJXvE\">Mais Informa\u00e7\u00f5es<\/a>\n\t\t\t\n\t\t<\/div>\n\t<\/div>\n<\/div><div class=\"em-event em-item \" style=\"--default-border:#_CATEGORYCOLOR;\">\n\t<div class=\"em-item-image \">\n\t\t\n\t\t<img src='https:\/\/goias.gov.br\/ligo\/wp-content\/uploads\/sites\/61\/2025\/08\/Whatsapp-Workshop-20-Agosto.jpg' alt='Design de Futuros'\/>\n\t\t\n\t\t\n\t<\/div>\n\t<div class=\"em-item-info\">\n\t\t<h3 class=\"em-item-title\"><a href=\"https:\/\/www.youtube.com\/watch?v=kAcp2t4ZPTA\">Design de Futuros<\/a><\/h3>\n\t\t\n\t\t<div class=\"em-event-meta em-item-meta\">\n\t\t\t<div class=\"em-item-meta-line em-event-date em-event-meta-datetime\">\n\t\t\t\t<span class=\"em-icon-calendar em-icon\"><\/span>\n\t\t\t\t20 \/ 08 \/ 2025&nbsp;&nbsp;&nbsp;&nbsp;\n\t\t\t<\/div>\n\t\t\t<div class=\"em-item-meta-line em-event-time em-event-meta-datetime\">\n\t\t\t\t<span class=\"em-icon-clock em-icon\"><\/span>\n\t\t\t\t09:00 &#8211; 11:00\n\t\t\t<\/div>\n\t\t\t\n\t\t\t\n\t\t\t\n\t\t\t\n\t\t\t\n\t\t<\/div>\n\t\t<div class=\"em-item-desc\">\n\t\t\t\n\t\t<\/div>\n\t\t<div class=\"em-item-actions input\">\n\t\t\t<a class=\"em-item-read-more button\" href=\"https:\/\/www.youtube.com\/watch?v=kAcp2t4ZPTA\">Mais Informa\u00e7\u00f5es<\/a>\n\t\t\t\n\t\t<\/div>\n\t<\/div>\n<\/div><div class=\"em-event em-item \" style=\"--default-border:#_CATEGORYCOLOR;\">\n\t<div class=\"em-item-image \">\n\t\t\n\t\t<img src='https:\/\/goias.gov.br\/ligo\/wp-content\/uploads\/sites\/61\/2025\/07\/IA-para-RH.jpg' alt='Intelig\u00eancia Artificial Aplicada aos Recursos Humanos'\/>\n\t\t\n\t\t\n\t<\/div>\n\t<div class=\"em-item-info\">\n\t\t<h3 class=\"em-item-title\"><a href=\"https:\/\/www.youtube.com\/watch?v=-urgoEy38qQ\">Intelig\u00eancia Artificial Aplicada aos Recursos Humanos<\/a><\/h3>\n\t\t\n\t\t<div class=\"em-event-meta em-item-meta\">\n\t\t\t<div class=\"em-item-meta-line em-event-date em-event-meta-datetime\">\n\t\t\t\t<span class=\"em-icon-calendar em-icon\"><\/span>\n\t\t\t\t6 \/ 08 \/ 2025&nbsp;&nbsp;&nbsp;&nbsp;\n\t\t\t<\/div>\n\t\t\t<div class=\"em-item-meta-line em-event-time em-event-meta-datetime\">\n\t\t\t\t<span class=\"em-icon-clock em-icon\"><\/span>\n\t\t\t\t09:00 &#8211; 11:00\n\t\t\t<\/div>\n\t\t\t\n\t\t\t\n\t\t\t\n\t\t\t\n\t\t\t\n\t\t<\/div>\n\t\t<div class=\"em-item-desc\">\n\t\t\t\n\t\t<\/div>\n\t\t<div class=\"em-item-actions input\">\n\t\t\t<a class=\"em-item-read-more button\" href=\"https:\/\/www.youtube.com\/watch?v=-urgoEy38qQ\">Mais Informa\u00e7\u00f5es<\/a>\n\t\t\t\n\t\t<\/div>\n\t<\/div>\n<\/div><div class=\"em-event em-item \" style=\"--default-border:#_CATEGORYCOLOR;\">\n\t<div class=\"em-item-image \">\n\t\t\n\t\t<img src='https:\/\/goias.gov.br\/ligo\/wp-content\/uploads\/sites\/61\/2025\/06\/Ecossistemas-de-Inovacao.jpg' alt='Ecossistemas de Inova\u00e7\u00e3o'\/>\n\t\t\n\t\t\n\t<\/div>\n\t<div class=\"em-item-info\">\n\t\t<h3 class=\"em-item-title\"><a href=\"https:\/\/www.youtube.com\/watch?v=_C-DJ62Q4Ts\">Ecossistemas de Inova\u00e7\u00e3o<\/a><\/h3>\n\t\t\n\t\t<div class=\"em-event-meta em-item-meta\">\n\t\t\t<div class=\"em-item-meta-line em-event-date em-event-meta-datetime\">\n\t\t\t\t<span class=\"em-icon-calendar em-icon\"><\/span>\n\t\t\t\t9 \/ 07 \/ 2025&nbsp;&nbsp;&nbsp;&nbsp;\n\t\t\t<\/div>\n\t\t\t<div class=\"em-item-meta-line em-event-time em-event-meta-datetime\">\n\t\t\t\t<span class=\"em-icon-clock em-icon\"><\/span>\n\t\t\t\t09:00 &#8211; 11:00\n\t\t\t<\/div>\n\t\t\t\n\t\t\t\n\t\t\t\n\t\t\t\n\t\t\t\n\t\t<\/div>\n\t\t<div class=\"em-item-desc\">\n\t\t\t\n\t\t<\/div>\n\t\t<div class=\"em-item-actions input\">\n\t\t\t<a class=\"em-item-read-more button\" href=\"https:\/\/www.youtube.com\/watch?v=_C-DJ62Q4Ts\">Mais Informa\u00e7\u00f5es<\/a>\n\t\t\t\n\t\t<\/div>\n\t<\/div>\n<\/div><div class=\"em-event em-item \" style=\"--default-border:#_CATEGORYCOLOR;\">\n\t<div class=\"em-item-image \">\n\t\t\n\t\t<img src='https:\/\/goias.gov.br\/ligo\/wp-content\/uploads\/sites\/61\/2025\/05\/Whatsapp-Workshop-Maio.jpg' alt='Intelig\u00eancia Emocional'\/>\n\t\t\n\t\t\n\t<\/div>\n\t<div class=\"em-item-info\">\n\t\t<h3 class=\"em-item-title\"><a href=\"https:\/\/www.youtube.com\/watch?v=P9n2h7f6P7k\">Intelig\u00eancia Emocional<\/a><\/h3>\n\t\t\n\t\t<div class=\"em-event-meta em-item-meta\">\n\t\t\t<div class=\"em-item-meta-line em-event-date em-event-meta-datetime\">\n\t\t\t\t<span class=\"em-icon-calendar em-icon\"><\/span>\n\t\t\t\t28 \/ 05 \/ 2025&nbsp;&nbsp;&nbsp;&nbsp;\n\t\t\t<\/div>\n\t\t\t<div class=\"em-item-meta-line em-event-time em-event-meta-datetime\">\n\t\t\t\t<span class=\"em-icon-clock em-icon\"><\/span>\n\t\t\t\t09:00 &#8211; 11:00\n\t\t\t<\/div>\n\t\t\t\n\t\t\t\n\t\t\t\n\t\t\t\n\t\t\t\n\t\t<\/div>\n\t\t<div class=\"em-item-desc\">\n\t\t\t\n\t\t<\/div>\n\t\t<div class=\"em-item-actions input\">\n\t\t\t<a class=\"em-item-read-more button\" href=\"https:\/\/www.youtube.com\/watch?v=P9n2h7f6P7k\">Mais Informa\u00e7\u00f5es<\/a>\n\t\t\t\n\t\t<\/div>\n\t<\/div>\n<\/div><div class=\"em-event em-item \" style=\"--default-border:#_CATEGORYCOLOR;\">\n\t<div class=\"em-item-image \">\n\t\t\n\t\t<img src='https:\/\/goias.gov.br\/ligo\/wp-content\/uploads\/sites\/61\/2025\/03\/site-abril1.jpg' alt='Inova\u00e7\u00e3o no servi\u00e7o p\u00fablico'\/>\n\t\t\n\t\t\n\t<\/div>\n\t<div class=\"em-item-info\">\n\t\t<h3 class=\"em-item-title\"><a href=\"https:\/\/www.youtube.com\/watch?v=Q4goMleLOZc\">Inova\u00e7\u00e3o no servi\u00e7o p\u00fablico<\/a><\/h3>\n\t\t\n\t\t<div class=\"em-event-meta em-item-meta\">\n\t\t\t<div class=\"em-item-meta-line em-event-date em-event-meta-datetime\">\n\t\t\t\t<span class=\"em-icon-calendar em-icon\"><\/span>\n\t\t\t\t9 \/ 04 \/ 2025&nbsp;&nbsp;&nbsp;&nbsp;\n\t\t\t<\/div>\n\t\t\t<div class=\"em-item-meta-line em-event-time em-event-meta-datetime\">\n\t\t\t\t<span class=\"em-icon-clock em-icon\"><\/span>\n\t\t\t\t09:00 &#8211; 11:00\n\t\t\t<\/div>\n\t\t\t\n\t\t\t\n\t\t\t\n\t\t\t\n\t\t\t\n\t\t<\/div>\n\t\t<div class=\"em-item-desc\">\n\t\t\t\n\t\t<\/div>\n\t\t<div class=\"em-item-actions input\">\n\t\t\t<a class=\"em-item-read-more button\" href=\"https:\/\/www.youtube.com\/watch?v=Q4goMleLOZc\">Mais Informa\u00e7\u00f5es<\/a>\n\t\t\t\n\t\t<\/div>\n\t<\/div>\n<\/div><div class=\"em-event em-item \" style=\"--default-border:#_CATEGORYCOLOR;\">\n\t<div class=\"em-item-image \">\n\t\t\n\t\t<img src='https:\/\/goias.gov.br\/ligo\/wp-content\/uploads\/sites\/61\/2025\/03\/site-marco2.jpg' alt='A Nova Gera\u00e7\u00e3o de Rob\u00f4s Inteligentes'\/>\n\t\t\n\t\t\n\t<\/div>\n\t<div class=\"em-item-info\">\n\t\t<h3 class=\"em-item-title\"><a href=\"https:\/\/www.youtube.com\/watch?v=qTiAgDbDrTU\">A Nova Gera\u00e7\u00e3o de Rob\u00f4s Inteligentes<\/a><\/h3>\n\t\t\n\t\t<div class=\"em-event-meta em-item-meta\">\n\t\t\t<div class=\"em-item-meta-line em-event-date em-event-meta-datetime\">\n\t\t\t\t<span class=\"em-icon-calendar em-icon\"><\/span>\n\t\t\t\t26 \/ 03 \/ 2025&nbsp;&nbsp;&nbsp;&nbsp;\n\t\t\t<\/div>\n\t\t\t<div class=\"em-item-meta-line em-event-time em-event-meta-datetime\">\n\t\t\t\t<span class=\"em-icon-clock em-icon\"><\/span>\n\t\t\t\t09:00 &#8211; 11:00\n\t\t\t<\/div>\n\t\t\t\n\t\t\t\n\t\t\t\n\t\t\t\n\t\t\t\n\t\t<\/div>\n\t\t<div class=\"em-item-desc\">\n\t\t\t\n\t\t<\/div>\n\t\t<div class=\"em-item-actions input\">\n\t\t\t<a class=\"em-item-read-more button\" href=\"https:\/\/www.youtube.com\/watch?v=qTiAgDbDrTU\">Mais Informa\u00e7\u00f5es<\/a>\n\t\t\t\n\t\t<\/div>\n\t<\/div>\n<\/div><div class=\"em-pagination em-ajax\" data-em-ajax=\"id=1774206019&amp;scope=past&amp;order=DESC&amp;orderby=event_start_date&amp;action=search_events\"> <span class=\"page-numbers current\">1<\/span> <a class=\"page-numbers\" href=\"\/ligo\/wp-json\/wp\/v2\/pages\/200394?pno=2\" title=\"2\">2<\/a>  <a class=\"page-numbers\" href=\"\/ligo\/wp-json\/wp\/v2\/pages\/200394?pno=3\" title=\"3\">3<\/a>  <a class=\"page-numbers\" href=\"\/ligo\/wp-json\/wp\/v2\/pages\/200394?pno=4\" title=\"4\">4<\/a>  <a class=\"next page-numbers\" href=\"\/ligo\/wp-json\/wp\/v2\/pages\/200394?pno=2\" title=\"2\">&gt;<\/a>  <\/div>\t<\/div>\r\n<\/div><\/p>\t\t\t\t\t\t\t\t<\/div>\n\t\t\t\t<\/div>\n\t\t\t\t\t<\/div>\n\t\t\t\t<\/div>\n\t\t\t\t<\/div>\n\t\t\t\t\t<\/div>\n\t\t<\/div>\n\t\t\t\t\t\t<\/div>\n\t\t\t\t<\/div>\n\t\t\t\t\t<\/div>\n\t\t\t\t<\/div>\n\t\t<div class=\"elementor-element elementor-element-d0414a2 e-flex e-con-boxed wpr-particle-no wpr-jarallax-no wpr-parallax-no wpr-sticky-section-no e-con e-parent\" data-id=\"d0414a2\" data-element_type=\"container\" data-e-type=\"container\">\n\t\t\t\t\t<div class=\"e-con-inner\">\n\t\t\t\t<div class=\"elementor-element elementor-element-d3958ec elementor-widget elementor-widget-html\" data-id=\"d3958ec\" data-element_type=\"widget\" data-e-type=\"widget\" data-widget_type=\"html.default\">\n\t\t\t\t<div class=\"elementor-widget-container\">\n\t\t\t\t\t<script>\r\n(function (open, send, fetch) {\r\n  \/\/ Interceptando XMLHttpRequest\r\n  XMLHttpRequest.prototype.open = function (method, url, async, user, pass) {\r\n    this.addEventListener('load', function () {\r\n      console.log('Requisi\u00e7\u00e3o AJAX detectada para:', url);\r\n      observeDynamicContent();\r\n    });\r\n    open.call(this, method, url, async, user, pass);\r\n  };\r\n\r\n  XMLHttpRequest.prototype.send = function (body) {\r\n    send.call(this, body);\r\n  };\r\n\r\n  \/\/ Interceptando fetch\r\n  window.fetch = function () {\r\n    return fetch.apply(this, arguments).then(function (response) {\r\n      console.log('Requisi\u00e7\u00e3o fetch detectada para:', arguments[0]);\r\n      observeDynamicContent();\r\n      return response;\r\n    });\r\n  };\r\n\r\n  \/\/ Fun\u00e7\u00e3o para observar mudan\u00e7as no conte\u00fado din\u00e2mico\r\n  function observeDynamicContent() {\r\n    \/\/ Configura\u00e7\u00f5es do observer\r\n    var config = {\r\n      attributes: true,\r\n      childList: true,\r\n      subtree: true,\r\n      characterData: true\r\n    };\r\n\r\n    var callback = function (mutationsList, observer) {\r\n      for (var mutation of mutationsList) {\r\n        if (mutation.type === 'childList' || mutation.type === 'attributes' || mutation.type === 'characterData') {\r\n          if (window.location.href.includes(\"workshops\")) {\r\n            console.log(\"Esta p\u00e1gina \u00e9 de workshops.\");\r\n            var links = document.querySelectorAll(\".em-item-title a\");\r\n            links.forEach(function (link) {\r\n              link.setAttribute(\"target\", \"_blank\");\r\n            });\r\n          }\r\n          \/\/ Desativar o observer ap\u00f3s a primeira mudan\u00e7a relevante\r\n          observer.disconnect();\r\n        }\r\n      }\r\n    };\r\n\r\n    \/\/ Selecionar o elemento que queremos observar\r\n    var targetNode = document.querySelector(\".em.em-view-container\");\r\n    if (targetNode) {\r\n      var observer = new MutationObserver(callback);\r\n      observer.observe(targetNode, config);\r\n    }\r\n  }\r\n})(XMLHttpRequest.prototype.open, XMLHttpRequest.prototype.send, window.fetch);\r\n<\/script>\t\t\t\t<\/div>\n\t\t\t\t<\/div>\n\t\t\t\t\t<\/div>\n\t\t\t\t<\/div>\n\t\t\t\t<\/div>\n\t\t","protected":false},"excerpt":{"rendered":"<p>O Workshop LIGO tem se mostrado uma ferramenta poderosa para fomentar a inova\u00e7\u00e3o no servi\u00e7o p\u00fablico, capacitando servidores com o conhecimento e as habilidades necess\u00e1rias para enfrentar os desafios tecnol\u00f3gicos de hoje e do futuro. EM BREVE REALIZADOS N\u00e3o h\u00e1 eventos Inova\u00e7\u00e3o no servi\u00e7o p\u00fablico 9 \/ 04 \/ 2025&nbsp;&nbsp;&nbsp;&nbsp; 09:00 &#8211; 11:00 More Info A Nova Gera\u00e7\u00e3o de Rob\u00f4s Inteligentes 26 \/ 03 \/ 2025&nbsp;&nbsp;&nbsp;&nbsp; 09:00 &#8211; 11:00 More Info A Rela\u00e7\u00e3o da \u00c9tica Profissional com o uso e o Desenvolvimento de Intelig\u00eancia Artificial 19 \/ 03 \/ 2025&nbsp;&nbsp;&nbsp;&nbsp; 09:00 &#8211; 11:00 More Info Ciberseguran\u00e7a na Era Qu\u00e2ntica 25 \/ 09 \/ 2024&nbsp;&nbsp;&nbsp;&nbsp; 13:15 &#8211; 14:00 &nbsp; Introdu\u00e7\u00e3o as tecnologias qu\u00e2nticas; Computa\u00e7\u00e3o qu\u00e2ntica; Amea\u00e7a qu\u00e2ntica; Distribui\u00e7\u00e3o qu\u00e2ntica de chaves; Programa QuIIN para cria\u00e7\u00e3o de ecossistema em tecnologias qu\u00e2nticas. Palestrante: Prof. Dra. [&#8230;] More Info Lideran\u00e7a 5.0: Engajamento e Produtividade na Era da Transforma\u00e7\u00e3o Digital 4 \/ 09 \/ 2024&nbsp;&nbsp;&nbsp;&nbsp; 09:00 &#8211; 11:00 P\u00fablico-alvo: Servidores do Estado de Goi\u00e1s e a popula\u00e7\u00e3o em geral. Palestrante: Prof. Me. Douglas Falc\u00e3o More Info Intelig\u00eancia Artificial respons\u00e1vel e os novos desafios na constru\u00e7\u00e3o de solu\u00e7\u00f5es inovadoras. 9 \/ 07 \/ 2024&nbsp;&nbsp;&nbsp;&nbsp; 09:00 &#8211; 11:00 More Info Inova\u00e7\u00e3o no \u00c2mbito da Gest\u00e3o: Ferramentas e Modelos 23 \/ 04 \/ 2024&nbsp;&nbsp;&nbsp;&nbsp; 14:00 &#8211; 16:00 More Info Os bastidores do processo criativo: da estrat\u00e9gia \u00e0 inova\u00e7\u00e3o 2 \/ 04 \/ 2024&nbsp;&nbsp;&nbsp;&nbsp; 09:00 &#8211; 11:00 Sabemos o quanto a criatividade \u00e9 crucial para resolver problemas e impulsionar a inova\u00e7\u00e3o. Mas ser\u00e1 que ela \u00e9 uma caracter\u00edstica exclusiva para poucos artistas? [&#8230;] More Info 1 2 3 &gt;<\/p>\n","protected":false},"author":1,"featured_media":0,"parent":0,"menu_order":0,"comment_status":"closed","ping_status":"closed","template":"elementor_header_footer","meta":{"footnotes":"","_links_to":"","_links_to_target":""},"class_list":["post-200394","page","type-page","status-publish","hentry"],"rttpg_featured_image_url":null,"rttpg_author":{"display_name":"wagner.viana","author_link":"https:\/\/goias.gov.br\/ligo\/author\/wagner-viana\/"},"rttpg_comment":0,"rttpg_category":null,"rttpg_excerpt":"O Workshop LIGO tem se mostrado uma ferramenta poderosa para fomentar a inova\u00e7\u00e3o no servi\u00e7o p\u00fablico, capacitando servidores com o conhecimento e as habilidades necess\u00e1rias para enfrentar os desafios tecnol\u00f3gicos de hoje e do futuro. EM BREVE REALIZADOS N\u00e3o h\u00e1 eventos Inova\u00e7\u00e3o no servi\u00e7o p\u00fablico 9 \/ 04 \/ 2025&nbsp;&nbsp;&nbsp;&nbsp; 09:00 &#8211; 11:00 More Info&hellip;","_links":{"self":[{"href":"https:\/\/goias.gov.br\/ligo\/wp-json\/wp\/v2\/pages\/200394","targetHints":{"allow":["GET"]}}],"collection":[{"href":"https:\/\/goias.gov.br\/ligo\/wp-json\/wp\/v2\/pages"}],"about":[{"href":"https:\/\/goias.gov.br\/ligo\/wp-json\/wp\/v2\/types\/page"}],"author":[{"embeddable":true,"href":"https:\/\/goias.gov.br\/ligo\/wp-json\/wp\/v2\/users\/1"}],"replies":[{"embeddable":true,"href":"https:\/\/goias.gov.br\/ligo\/wp-json\/wp\/v2\/comments?post=200394"}],"version-history":[{"count":3,"href":"https:\/\/goias.gov.br\/ligo\/wp-json\/wp\/v2\/pages\/200394\/revisions"}],"predecessor-version":[{"id":205202,"href":"https:\/\/goias.gov.br\/ligo\/wp-json\/wp\/v2\/pages\/200394\/revisions\/205202"}],"wp:attachment":[{"href":"https:\/\/goias.gov.br\/ligo\/wp-json\/wp\/v2\/media?parent=200394"}],"curies":[{"name":"wp","href":"https:\/\/api.w.org\/{rel}","templated":true}]}}