

{"id":6768,"date":"2024-10-04T13:33:01","date_gmt":"2024-10-04T16:33:01","guid":{"rendered":"https:\/\/goias.gov.br\/juceg\/?page_id=6768"},"modified":"2024-10-09T13:07:49","modified_gmt":"2024-10-09T16:07:49","slug":"ouvidoria-setorial","status":"publish","type":"page","link":"https:\/\/goias.gov.br\/juceg\/ouvidoria-setorial\/","title":{"rendered":"Ouvidoria Setorial"},"content":{"rendered":"\n<h4 class=\"wp-block-heading\"><span style=\"color: #008000;\">Atendimento Presencial<\/span><\/h4>\n\n\n\n<p>Ouvidor Setorial: <strong>ADRIANO MODESTO DE SOUSA GUIMAR\u00c3ES<\/strong><\/p>\n\n\n\n<div class=\"wp-block-group\"><div class=\"wp-block-group__inner-container is-layout-constrained wp-block-group-is-layout-constrained\">\n<p>Endere\u00e7o: Rua 260 esq. com Rua 259, Qd. 85-A Lt. 5-F<br \/>Setor Leste Universit\u00e1rio, Goi\u00e2nia-GO, CEP: 74.610-240<br \/>Hor\u00e1rio de Atendimento: 08h \u00e0s 12h e das 14h \u00e0s 18h<br \/>E-mail: <a href=\"mailto:ouvidoria@juceg.go.gov.br\">ouvidoria@juceg.go.gov.br<\/a><br \/>Telefone: (62) 3226-6529 \/ (62) 3252-9276 \/ (62) 3252-9261<br \/>Unidade SEI: 15009<\/p>\n\n\n\n<p><\/p>\n<\/div><\/div>\n","protected":false},"excerpt":{"rendered":"<p>Atendimento Presencial Ouvidor Setorial: ADRIANO MODESTO DE SOUSA GUIMAR\u00c3ES Endere\u00e7o: Rua 260 esq. com Rua 259, Qd. 85-A Lt. 5-FSetor Leste Universit\u00e1rio, Goi\u00e2nia-GO, CEP: 74.610-240Hor\u00e1rio de Atendimento: 08h \u00e0s 12h e das 14h \u00e0s 18hE-mail: ouvidoria@juceg.go.gov.brTelefone: (62) 3226-6529 \/ (62) 3252-9276 \/ (62) 3252-9261Unidade SEI: 15009<\/p>\n","protected":false},"author":62,"featured_media":0,"parent":0,"menu_order":0,"comment_status":"closed","ping_status":"closed","template":"","meta":{"footnotes":""},"class_list":["post-6768","page","type-page","status-publish","hentry"],"rttpg_featured_image_url":null,"rttpg_author":{"display_name":"italoreis","author_link":"https:\/\/goias.gov.br\/juceg\/author\/italoreis\/"},"rttpg_comment":0,"rttpg_category":null,"rttpg_excerpt":"Atendimento Presencial Ouvidor Setorial: ADRIANO MODESTO DE SOUSA GUIMAR\u00c3ES Endere\u00e7o: Rua 260 esq. com Rua 259, Qd. 85-A Lt. 5-FSetor Leste Universit\u00e1rio, Goi\u00e2nia-GO, CEP: 74.610-240Hor\u00e1rio de Atendimento: 08h \u00e0s 12h e das 14h \u00e0s 18hE-mail: ouvidoria@juceg.go.gov.brTelefone: (62) 3226-6529 \/ (62) 3252-9276 \/ (62) 3252-9261Unidade SEI: 15009","_links":{"self":[{"href":"https:\/\/goias.gov.br\/juceg\/wp-json\/wp\/v2\/pages\/6768","targetHints":{"allow":["GET"]}}],"collection":[{"href":"https:\/\/goias.gov.br\/juceg\/wp-json\/wp\/v2\/pages"}],"about":[{"href":"https:\/\/goias.gov.br\/juceg\/wp-json\/wp\/v2\/types\/page"}],"author":[{"embeddable":true,"href":"https:\/\/goias.gov.br\/juceg\/wp-json\/wp\/v2\/users\/62"}],"replies":[{"embeddable":true,"href":"https:\/\/goias.gov.br\/juceg\/wp-json\/wp\/v2\/comments?post=6768"}],"version-history":[{"count":2,"href":"https:\/\/goias.gov.br\/juceg\/wp-json\/wp\/v2\/pages\/6768\/revisions"}],"predecessor-version":[{"id":6859,"href":"https:\/\/goias.gov.br\/juceg\/wp-json\/wp\/v2\/pages\/6768\/revisions\/6859"}],"wp:attachment":[{"href":"https:\/\/goias.gov.br\/juceg\/wp-json\/wp\/v2\/media?parent=6768"}],"curies":[{"name":"wp","href":"https:\/\/api.w.org\/{rel}","templated":true}]}}