

{"id":4342,"date":"2024-06-06T16:41:55","date_gmt":"2024-06-06T19:41:55","guid":{"rendered":"https:\/\/goias.gov.br\/juceg\/?page_id=4342"},"modified":"2025-04-10T09:00:57","modified_gmt":"2025-04-10T12:00:57","slug":"canais-de-atendimento","status":"publish","type":"page","link":"https:\/\/goias.gov.br\/juceg\/canais-de-atendimento\/","title":{"rendered":"Endere\u00e7os, Telefones, E-mails e Hor\u00e1rios de Atendimento"},"content":{"rendered":"\n<h4><span style=\"color: #008000\">Sede<\/span><\/h4>\n<p>Rua 260 esquina com Rua 259, Quadra 85-A, Lote 5-E<br \/>Setor Leste Universit\u00e1rio &#8211; Goi\u00e2nia\/GO &#8211; CEP 74.610-240<br \/>Localiza\u00e7\u00e3o: <a href=\"https:\/\/goo.gl\/maps\/rjjcBD44BYsF5adf8\">Google Maps<\/a><br \/>Atendimento: 08h \u00e0s 12h e 14h \u00e0s 18h<\/p>\n<p><strong>Atendimento ao Cidad\u00e3o<br \/><\/strong>Telefone: (62) 3252-9200 (Sede)<br \/>E-mail: <a href=\"mailto:atendimento@juceg.go.gov.br\">atendimento@juceg.go.gov.br<\/a><\/p>\n<p><strong>Ouvidoria Setorial<\/strong><br \/>Telefone: (62) 3252- 9276<strong><br \/><\/strong>E-mail: <a href=\"mailto:ouvidoria@juceg.go.gov.br\">ouvidoria@juceg.go.gov.br<\/a><\/p>\n<p><strong>Imprensa<\/strong><br \/>Telefone: (62) 3252-9275<strong><br \/><\/strong>E-mail: <a href=\"mailto:comunicacao@juceg.go.gov.br\">comunicacao@juceg.go.gov.br<\/a><\/p>\n<h4><span style=\"color: #008000\"><br \/>Gabinete do Presidente<\/span><\/h4>\n<p>Telefone: (62) 3252-9239 \/ (62) 3252-9238<br \/><strong>E-mails:<\/strong>\u00a0<a href=\"mailto:presidente.euclides@juceg.go.gov.br\">presidente.euclides@juceg.go.gov.br<\/a><br \/>\u00a0 \u00a0 \u00a0 \u00a0 \u00a0 \u00a0 \u00a0 <a href=\"mailto:presidencia@juceg.go.gov.br\">presidencia@juceg.go.gov.br<\/a><\/p>\n<p><strong><span style=\"color: #000000\">Gabinete do Vice-Presidente<\/span><\/strong><\/p>\n<p>Telefone: (62) 3252-9294<br \/>E-mail: <a href=\"mailto:vicepresidencia@juceg.go.gov.br\">vicepresidencia@juceg.go.gov.br<\/a><\/p>\n<p><strong><span style=\"color: #000000\">Chefia de Gabinete<\/span><\/strong><\/p>\n<p>Telefone: (62) 3252-9266<br \/>E-mail: <a href=\"mailto:chefiadegabinete@juceg.go.gov.br\">chefiadegabinete@juceg.go.gov.br<\/a><\/p>\n<p>\u00a0<\/p>\n<p>\u00a0<\/p>\n","protected":false},"excerpt":{"rendered":"<p>Sede Rua 260 esquina com Rua 259, Quadra 85-A, Lote 5-ESetor Leste Universit\u00e1rio &#8211; Goi\u00e2nia\/GO &#8211; CEP 74.610-240Localiza\u00e7\u00e3o: Google MapsAtendimento: 08h \u00e0s 12h e 14h \u00e0s 18h Atendimento ao Cidad\u00e3oTelefone: (62) 3252-9200 (Sede)E-mail: atendimento@juceg.go.gov.br Ouvidoria SetorialTelefone: (62) 3252- 9276E-mail: ouvidoria@juceg.go.gov.br ImprensaTelefone: (62) 3252-9275E-mail: comunicacao@juceg.go.gov.br Gabinete do Presidente Telefone: (62) 3252-9239 \/ (62) 3252-9238E-mails:\u00a0presidente.euclides@juceg.go.gov.br\u00a0 \u00a0 \u00a0 [&hellip;]<\/p>\n","protected":false},"author":62,"featured_media":0,"parent":0,"menu_order":0,"comment_status":"closed","ping_status":"closed","template":"","meta":{"footnotes":""},"class_list":["post-4342","page","type-page","status-publish","hentry"],"rttpg_featured_image_url":null,"rttpg_author":{"display_name":"italoreis","author_link":"https:\/\/goias.gov.br\/juceg\/author\/italoreis\/"},"rttpg_comment":0,"rttpg_category":null,"rttpg_excerpt":"Sede Rua 260 esquina com Rua 259, Quadra 85-A, Lote 5-ESetor Leste Universit\u00e1rio &#8211; Goi\u00e2nia\/GO &#8211; CEP 74.610-240Localiza\u00e7\u00e3o: Google MapsAtendimento: 08h \u00e0s 12h e 14h \u00e0s 18h Atendimento ao Cidad\u00e3oTelefone: (62) 3252-9200 (Sede)E-mail: atendimento@juceg.go.gov.br Ouvidoria SetorialTelefone: (62) 3252- 9276E-mail: ouvidoria@juceg.go.gov.br ImprensaTelefone: (62) 3252-9275E-mail: comunicacao@juceg.go.gov.br Gabinete do Presidente Telefone: (62) 3252-9239 \/ (62) 3252-9238E-mails:\u00a0presidente.euclides@juceg.go.gov.br\u00a0 \u00a0 \u00a0&hellip;","_links":{"self":[{"href":"https:\/\/goias.gov.br\/juceg\/wp-json\/wp\/v2\/pages\/4342","targetHints":{"allow":["GET"]}}],"collection":[{"href":"https:\/\/goias.gov.br\/juceg\/wp-json\/wp\/v2\/pages"}],"about":[{"href":"https:\/\/goias.gov.br\/juceg\/wp-json\/wp\/v2\/types\/page"}],"author":[{"embeddable":true,"href":"https:\/\/goias.gov.br\/juceg\/wp-json\/wp\/v2\/users\/62"}],"replies":[{"embeddable":true,"href":"https:\/\/goias.gov.br\/juceg\/wp-json\/wp\/v2\/comments?post=4342"}],"version-history":[{"count":2,"href":"https:\/\/goias.gov.br\/juceg\/wp-json\/wp\/v2\/pages\/4342\/revisions"}],"predecessor-version":[{"id":12696,"href":"https:\/\/goias.gov.br\/juceg\/wp-json\/wp\/v2\/pages\/4342\/revisions\/12696"}],"wp:attachment":[{"href":"https:\/\/goias.gov.br\/juceg\/wp-json\/wp\/v2\/media?parent=4342"}],"curies":[{"name":"wp","href":"https:\/\/api.w.org\/{rel}","templated":true}]}}