

{"id":4336,"date":"2024-06-06T16:26:58","date_gmt":"2024-06-06T19:26:58","guid":{"rendered":"https:\/\/goias.gov.br\/juceg\/?page_id=4336"},"modified":"2024-10-07T14:35:45","modified_gmt":"2024-10-07T17:35:45","slug":"estrutura-organizacional","status":"publish","type":"page","link":"https:\/\/goias.gov.br\/juceg\/estrutura-organizacional\/","title":{"rendered":"Estrutura Organizacional"},"content":{"rendered":"\n<figure class=\"wp-block-image size-full\"><img fetchpriority=\"high\" decoding=\"async\" width=\"2560\" height=\"1810\" src=\"https:\/\/goias.gov.br\/juceg\/wp-content\/uploads\/sites\/42\/2024\/10\/estrutura-juceg-scaled.jpg\" alt=\"\" class=\"wp-image-6815\" srcset=\"https:\/\/goias.gov.br\/juceg\/wp-content\/uploads\/sites\/42\/2024\/10\/estrutura-juceg-scaled.jpg 2560w, https:\/\/goias.gov.br\/juceg\/wp-content\/uploads\/sites\/42\/2024\/10\/estrutura-juceg-300x212.jpg 300w, https:\/\/goias.gov.br\/juceg\/wp-content\/uploads\/sites\/42\/2024\/10\/estrutura-juceg-1024x724.jpg 1024w, https:\/\/goias.gov.br\/juceg\/wp-content\/uploads\/sites\/42\/2024\/10\/estrutura-juceg-768x543.jpg 768w, https:\/\/goias.gov.br\/juceg\/wp-content\/uploads\/sites\/42\/2024\/10\/estrutura-juceg-1536x1086.jpg 1536w, https:\/\/goias.gov.br\/juceg\/wp-content\/uploads\/sites\/42\/2024\/10\/estrutura-juceg-2048x1448.jpg 2048w\" sizes=\"(max-width: 2560px) 100vw, 2560px\" \/><\/figure>\n\n\n\n<p>Fonte: \u00a0<a href=\"https:\/\/legisla.casacivil.go.gov.br\/pesquisa_legislacao\/106749\/lei-21792\" target=\"_blank\" rel=\"noopener\">Lei n\u00ba 21.792, de 16 de fevereiro de 2023<\/a><\/p>\n<p>Saiba quem s\u00e3o nossos servidores e as fun\u00e7\u00f5es que exercem:<\/p>\n<ul>\n<li><a href=\"https:\/\/goias.gov.br\/juceg\/cargos-e-seus-ocupantes\/\">Cargos e seus ocupantes<\/a><\/li>\n<li><a href=\"https:\/\/goias.gov.br\/juceg\/wp-content\/uploads\/sites\/42\/2018\/07\/DECRETO-NUMERADO-N9.596-076.pdf\">Regulamento Juceg<\/a><\/li>\n<li><a href=\"https:\/\/goias.gov.br\/juceg\/quem-somos\/\">Quem Somos?<\/a><\/li>\n<li><a href=\"https:\/\/goias.gov.br\/juceg\/wp-content\/uploads\/sites\/42\/2024\/05\/Plano-Estrategico.pdf\">Planejamento Estrat\u00e9gico<\/a><\/li>\n<\/ul>\n\n\n\n<p><\/p>\n","protected":false},"excerpt":{"rendered":"<p>Fonte: \u00a0Lei n\u00ba 21.792, de 16 de fevereiro de 2023 Saiba quem s\u00e3o nossos servidores e as fun\u00e7\u00f5es que exercem: Cargos e seus ocupantes Regulamento Juceg Quem Somos? Planejamento Estrat\u00e9gico<\/p>\n","protected":false},"author":62,"featured_media":0,"parent":0,"menu_order":0,"comment_status":"closed","ping_status":"closed","template":"","meta":{"footnotes":""},"class_list":["post-4336","page","type-page","status-publish","hentry"],"rttpg_featured_image_url":null,"rttpg_author":{"display_name":"italoreis","author_link":"https:\/\/goias.gov.br\/juceg\/author\/italoreis\/"},"rttpg_comment":0,"rttpg_category":null,"rttpg_excerpt":"Fonte: \u00a0Lei n\u00ba 21.792, de 16 de fevereiro de 2023 Saiba quem s\u00e3o nossos servidores e as fun\u00e7\u00f5es que exercem: Cargos e seus ocupantes Regulamento Juceg Quem Somos? Planejamento Estrat\u00e9gico","_links":{"self":[{"href":"https:\/\/goias.gov.br\/juceg\/wp-json\/wp\/v2\/pages\/4336","targetHints":{"allow":["GET"]}}],"collection":[{"href":"https:\/\/goias.gov.br\/juceg\/wp-json\/wp\/v2\/pages"}],"about":[{"href":"https:\/\/goias.gov.br\/juceg\/wp-json\/wp\/v2\/types\/page"}],"author":[{"embeddable":true,"href":"https:\/\/goias.gov.br\/juceg\/wp-json\/wp\/v2\/users\/62"}],"replies":[{"embeddable":true,"href":"https:\/\/goias.gov.br\/juceg\/wp-json\/wp\/v2\/comments?post=4336"}],"version-history":[{"count":2,"href":"https:\/\/goias.gov.br\/juceg\/wp-json\/wp\/v2\/pages\/4336\/revisions"}],"predecessor-version":[{"id":6816,"href":"https:\/\/goias.gov.br\/juceg\/wp-json\/wp\/v2\/pages\/4336\/revisions\/6816"}],"wp:attachment":[{"href":"https:\/\/goias.gov.br\/juceg\/wp-json\/wp\/v2\/media?parent=4336"}],"curies":[{"name":"wp","href":"https:\/\/api.w.org\/{rel}","templated":true}]}}