

{"id":4326,"date":"2024-06-06T16:05:51","date_gmt":"2024-06-06T19:05:51","guid":{"rendered":"https:\/\/goias.gov.br\/juceg\/?page_id=4326"},"modified":"2024-07-10T14:19:02","modified_gmt":"2024-07-10T17:19:02","slug":"quem-somos","status":"publish","type":"page","link":"https:\/\/goias.gov.br\/juceg\/quem-somos\/","title":{"rendered":"Quem Somos?"},"content":{"rendered":"\n<p>A Junta Comercial do Estado de Goi\u00e1s \u00e9 respons\u00e1vel por administrar e executar os servi\u00e7os de registro p\u00fablico de empresas mercantis e atividades afins, no Estado de Goi\u00e1s, efetuando o registro de atos referentes \u00e0 constitui\u00e7\u00e3o, altera\u00e7\u00e3o, dissolu\u00e7\u00e3o e extin\u00e7\u00e3o de empresas mercantis, de naturezas jur\u00eddicas individuais, cooperativas, grupo de sociedade, de declara\u00e7\u00f5es de microempresas, empresa de pequeno porte e afins; fornecendo ao empreendimento personalidade jur\u00eddica ap\u00f3s o seu registro.<\/p>\n\n\n\n<p>Criada pela Lei n\u00ba 213 de 12 de julho de 1900. A cria\u00e7\u00e3o do \u00f3rg\u00e3o ocorreu uma d\u00e9cada depois da publica\u00e7\u00e3o do decreto que cria o registro de firmas ou raz\u00f5es comerciais (Dec. 916, de 24 de outubro de 1890).<br><br>As atribui\u00e7\u00f5es da JUCEG est\u00e3o estabelecidas na Lei Estadual no 7.351sx, de 30 de junho de 1971, e na Lei Federal no 8.934, de 18 de novembro de 1994, que disp\u00f5e sobre os Servi\u00e7os de Registro P\u00fablico de Empresas Mercantis e Atividades Afins.\u00a0\u00a0<br><br>Atualmente \u00e9 um \u00f3rg\u00e3o vinculado ao Governo Federal atrav\u00e9s do Minist\u00e9rio do Desenvolvimento, Ind\u00fastria, Com\u00e9rcio e Servi\u00e7os e subordinada tecnicamente ao Departamento de Registro Empresarial e Integra\u00e7\u00e3o &#8211; DREI, \u00f3rg\u00e3o integrante \u00e0 Secretaria de Estado da Ind\u00fastria e Com\u00e9rcio.<\/p>\n","protected":false},"excerpt":{"rendered":"<p>A Junta Comercial do Estado de Goi\u00e1s \u00e9 respons\u00e1vel por administrar e executar os servi\u00e7os de registro p\u00fablico de empresas mercantis e atividades afins, no Estado de Goi\u00e1s, efetuando o registro de atos referentes \u00e0 constitui\u00e7\u00e3o, altera\u00e7\u00e3o, dissolu\u00e7\u00e3o e extin\u00e7\u00e3o de empresas mercantis, de naturezas jur\u00eddicas individuais, cooperativas, grupo de sociedade, de declara\u00e7\u00f5es de microempresas, [&hellip;]<\/p>\n","protected":false},"author":62,"featured_media":0,"parent":0,"menu_order":0,"comment_status":"closed","ping_status":"closed","template":"","meta":{"footnotes":""},"class_list":["post-4326","page","type-page","status-publish","hentry"],"rttpg_featured_image_url":null,"rttpg_author":{"display_name":"italoreis","author_link":"https:\/\/goias.gov.br\/juceg\/author\/italoreis\/"},"rttpg_comment":0,"rttpg_category":null,"rttpg_excerpt":"A Junta Comercial do Estado de Goi\u00e1s \u00e9 respons\u00e1vel por administrar e executar os servi\u00e7os de registro p\u00fablico de empresas mercantis e atividades afins, no Estado de Goi\u00e1s, efetuando o registro de atos referentes \u00e0 constitui\u00e7\u00e3o, altera\u00e7\u00e3o, dissolu\u00e7\u00e3o e extin\u00e7\u00e3o de empresas mercantis, de naturezas jur\u00eddicas individuais, cooperativas, grupo de sociedade, de declara\u00e7\u00f5es de microempresas,&hellip;","_links":{"self":[{"href":"https:\/\/goias.gov.br\/juceg\/wp-json\/wp\/v2\/pages\/4326","targetHints":{"allow":["GET"]}}],"collection":[{"href":"https:\/\/goias.gov.br\/juceg\/wp-json\/wp\/v2\/pages"}],"about":[{"href":"https:\/\/goias.gov.br\/juceg\/wp-json\/wp\/v2\/types\/page"}],"author":[{"embeddable":true,"href":"https:\/\/goias.gov.br\/juceg\/wp-json\/wp\/v2\/users\/62"}],"replies":[{"embeddable":true,"href":"https:\/\/goias.gov.br\/juceg\/wp-json\/wp\/v2\/comments?post=4326"}],"version-history":[{"count":2,"href":"https:\/\/goias.gov.br\/juceg\/wp-json\/wp\/v2\/pages\/4326\/revisions"}],"predecessor-version":[{"id":4962,"href":"https:\/\/goias.gov.br\/juceg\/wp-json\/wp\/v2\/pages\/4326\/revisions\/4962"}],"wp:attachment":[{"href":"https:\/\/goias.gov.br\/juceg\/wp-json\/wp\/v2\/media?parent=4326"}],"curies":[{"name":"wp","href":"https:\/\/api.w.org\/{rel}","templated":true}]}}