

{"id":3088,"date":"2024-02-08T16:42:17","date_gmt":"2024-02-08T19:42:17","guid":{"rendered":"https:\/\/siteshom.goias.gov.br\/juceg\/agenda-de-autoridades\/"},"modified":"2026-04-21T11:33:32","modified_gmt":"2026-04-21T14:33:32","slug":"agenda-de-autoridades","status":"publish","type":"page","link":"https:\/\/goias.gov.br\/juceg\/agenda-de-autoridades\/","title":{"rendered":"Agenda de Autoridades"},"content":{"rendered":"\t\t<div data-elementor-type=\"wp-page\" data-elementor-id=\"3088\" class=\"elementor elementor-3088\">\n\t\t\t\t<div class=\"elementor-element elementor-element-2d47e65e e-flex e-con-boxed e-con e-parent\" data-id=\"2d47e65e\" data-element_type=\"container\" data-e-type=\"container\">\n\t\t\t\t\t<div class=\"e-con-inner\">\n\t\t\t\t<div class=\"elementor-element elementor-element-21a4dccb elementor-widget elementor-widget-text-editor\" data-id=\"21a4dccb\" data-element_type=\"widget\" data-e-type=\"widget\" data-widget_type=\"text-editor.default\">\n\t\t\t\t\t\t\t\t\t<p><strong style=\"margin-block-end: -1.8rem\"><a href=\"https:\/\/goias.gov.br\/juceg\/presidente\/\">Presidente<\/a><\/strong><br>EUCLIDES BARBO SIQUEIRA<\/p>\n<p><strong style=\"margin-block-end: -1.8rem\"><a href=\"https:\/\/goias.gov.br\/juceg\/vice-presidente\/\">Vice-Presidente<\/a><\/strong><br>FRANCISCO CANINDE LOPES<\/p>\n<p><strong style=\"margin-block-end: -1.8rem\"><a href=\"https:\/\/goias.gov.br\/juceg\/chefe-de-gabinete\/\">Chefe de Gabinete<\/a><\/strong><br>MARIANA MOTTA DE OLIVEIRA E SILVA MAXIMO<\/p>\n<p><strong style=\"margin-block-end: -1.8rem\"><a href=\"https:\/\/goias.gov.br\/juceg\/diretora-de-gestao-integrada\/\">Diretora de Gest\u00e3o Integrada<\/a><\/strong><br>KATIA BUENO<\/p>\n<p><strong style=\"margin-block-end: -1.8rem\"><a href=\"https:\/\/goias.gov.br\/juceg\/diretora-tecnica-e-de-integracao\/\">Diretora T\u00e9cnica e de Integra\u00e7\u00e3o<\/a><\/strong><br>SUZANA FONTES BORGES FILETI<\/p>\n<p><strong style=\"margin-block-end: -1.8rem\"><a href=\"https:\/\/goias.gov.br\/juceg\/diretor-de-redesim\/\">Diretor de RedeSim<\/a><\/strong><br>SERGIO FLORIANO LEMOS<\/p>\n<p><strong style=\"margin-block-end: -1.8rem\"><a href=\"https:\/\/goias.gov.br\/juceg\/procuradora-setorial\/\">Procuradora Setorial<\/a><\/strong><br>MARIANNA DE SOUZA SILVEIRA<\/p>\t\t\t\t\t\t\t\t<\/div>\n\t\t\t\t\t<\/div>\n\t\t\t\t<\/div>\n\t\t\t\t<\/div>\n\t\t","protected":false},"excerpt":{"rendered":"<p>PresidenteEUCLIDES BARBO SIQUEIRA Vice-PresidenteFRANCISCO CANINDE LOPES Chefe de GabineteMARIANA MOTTA DE OLIVEIRA E SILVA MAXIMO Diretora de Gest\u00e3o IntegradaKATIA BUENO Diretora T\u00e9cnica e de Integra\u00e7\u00e3oSUZANA FONTES BORGES FILETI Diretor de RedeSimSERGIO FLORIANO LEMOS Procuradora SetorialMARIANNA DE SOUZA SILVEIRA Procuradora Setorial (hist\u00f3rico)CARLA PINHEIRO BESSA VON BENTZEN RODRIGUES<\/p>\n","protected":false},"author":349,"featured_media":0,"parent":0,"menu_order":0,"comment_status":"closed","ping_status":"closed","template":"","meta":{"footnotes":""},"class_list":["post-3088","page","type-page","status-publish","hentry"],"rttpg_featured_image_url":null,"rttpg_author":{"display_name":"albertinoraj","author_link":"https:\/\/goias.gov.br\/juceg\/author\/albertinoraj\/"},"rttpg_comment":0,"rttpg_category":null,"rttpg_excerpt":"PresidenteEUCLIDES BARBO SIQUEIRA Vice-PresidenteFRANCISCO CANINDE LOPES Chefe de GabineteMARIANA MOTTA DE OLIVEIRA E SILVA MAXIMO Diretora de Gest\u00e3o IntegradaKATIA BUENO Diretora T\u00e9cnica e de Integra\u00e7\u00e3oSUZANA FONTES BORGES FILETI Diretor de RedeSimSERGIO FLORIANO LEMOS Procuradora SetorialMARIANNA DE SOUZA SILVEIRA Procuradora Setorial (hist\u00f3rico)CARLA PINHEIRO BESSA VON BENTZEN RODRIGUES","_links":{"self":[{"href":"https:\/\/goias.gov.br\/juceg\/wp-json\/wp\/v2\/pages\/3088","targetHints":{"allow":["GET"]}}],"collection":[{"href":"https:\/\/goias.gov.br\/juceg\/wp-json\/wp\/v2\/pages"}],"about":[{"href":"https:\/\/goias.gov.br\/juceg\/wp-json\/wp\/v2\/types\/page"}],"author":[{"embeddable":true,"href":"https:\/\/goias.gov.br\/juceg\/wp-json\/wp\/v2\/users\/349"}],"replies":[{"embeddable":true,"href":"https:\/\/goias.gov.br\/juceg\/wp-json\/wp\/v2\/comments?post=3088"}],"version-history":[{"count":2,"href":"https:\/\/goias.gov.br\/juceg\/wp-json\/wp\/v2\/pages\/3088\/revisions"}],"predecessor-version":[{"id":33947,"href":"https:\/\/goias.gov.br\/juceg\/wp-json\/wp\/v2\/pages\/3088\/revisions\/33947"}],"wp:attachment":[{"href":"https:\/\/goias.gov.br\/juceg\/wp-json\/wp\/v2\/media?parent=3088"}],"curies":[{"name":"wp","href":"https:\/\/api.w.org\/{rel}","templated":true}]}}