

{"id":2946,"date":"2024-01-09T20:32:03","date_gmt":"2024-01-09T23:32:03","guid":{"rendered":"https:\/\/siteshom.goias.gov.br\/juceg\/?page_id=2946"},"modified":"2024-07-09T03:45:28","modified_gmt":"2024-07-09T06:45:28","slug":"mapa-do-site","status":"publish","type":"page","link":"https:\/\/goias.gov.br\/juceg\/mapa-do-site\/","title":{"rendered":"Mapa do Site"},"content":{"rendered":"<div id=\"custom-sitemap\" class=\"sitemap-container\"><div class='sitemap-group'><h3>A<\/h3><ul><li><a href='https:\/\/goias.gov.br\/juceg\/categoria\/atos-da-corregedoria\/' target='_blank'>ATOS DA CORREGEDORIA<\/a><\/li><li><a href='https:\/\/goias.gov.br\/juceg\/atos-da-presidencia\/' target='_blank'>ATOS DA PRESID\u00caNCIA<\/a><\/li><li><a href='https:\/\/goias.gov.br\/juceg\/atos-do-vocalato\/' target='_blank'>ATOS DO VOCALATO<\/a><\/li><li><a href='https:\/\/goias.gov.br\/juceg\/categoria\/acordaos\/' target='_blank'>ACORDAOS<\/a><\/li><li><a href='https:\/\/goias.gov.br\/juceg\/acesso-a-informacao\/' target='_blank'>ACESSO \u00c0 INFORMA\u00c7\u00c3O<\/a><\/li><li><a href='https:\/\/goias.gov.br\/juceg\/categoria\/atendimento\/' target='_blank'>ATENDIMENTO<\/a><\/li><li><a href='https:\/\/goias.gov.br\/juceg\/categoria\/atos-decisorios\/' target='_blank'>ATOS DECIS\u00d3RIOS<\/a><\/li><li><a href='https:\/\/goias.gov.br\/juceg\/acesso-a-informacao\/' target='_blank'>ACESSO A INFORMA\u00c7\u00c3O<\/a><\/li><li><a href='https:\/\/portal.al.go.leg.br\/' target='_blank'>ASSEMBLEIA LEGISLATIVA DO ESTADO DE GOI\u00c1S<\/a><\/li><li><a href='https:\/\/goias.gov.br\/juceg\/agenda-de-autoridades\/' target='_blank'>AGENDA DE AUTORIDADES<\/a><\/li><li><a href='https:\/\/goias.gov.br\/juceg\/acordos-sem-transferencia-de-recursos-filtro\/' target='_blank'>ACORDOS SEM TRANSFER\u00caNCIA DE RECURSOS<\/a><\/li><li><a href='\/juceg\/autoridade_de_monitoramento_de_aplicacao_da_lai\/' target='_blank'>AUTORIDADE DE MONITORAMENTO DE APLICA\u00c7\u00c3O DA LAI<\/a><\/li><li><a href='https:\/\/goias.gov.br\/juceg\/audiencias-publicas\/' target='_blank'>AUDI\u00caNCIAS P\u00daBLICAS<\/a><\/li><\/ul><\/div><div class='sitemap-group'><h3>B<\/h3><ul><li><a href='https:\/\/goias.gov.br\/juceg\/bens_imoveis\/' target='_blank'>BENS IM\u00d3VEIS<\/a><\/li><li><a href='https:\/\/goias.gov.br\/juceg\/wp-content\/uploads\/sites\/42\/2024\/05\/Relatorio-de-Bens-Permanentes.pdf' target='_blank'>BENS M\u00d3VEIS<\/a><\/li><li><a href='https:\/\/goias.gov.br\/juceg\/wp-content\/uploads\/sites\/42\/2021\/09\/4-balancetes_de_armazens_gerais-c58.pdf' target='_blank'>BALANCETES TRIMESTRAIS<\/a><\/li><li><a href='https:\/\/goias.gov.br\/juceg\/wp-content\/uploads\/sites\/42\/2025\/06\/Bens-Moveis-.pdf' target='_blank'>BENS M\u00d3VEIS<\/a><\/li><li><a href='https:\/\/www.transparencia.go.gov.br\/wp-content\/uploads\/sites\/2\/painel\/lai.php?painel=bens_imoveis&orgao=%20juceg' target='_blank'>BENS IM\u00d3VEIS<\/a><\/li><li><a href='https:\/\/goias.gov.br\/economia\/prestacao-de-contas-de-governo\/' target='_blank'>BALAN\u00c7O GERAL DO ESTADO<\/a><\/li><\/ul><\/div><div class='sitemap-group'><h3>C<\/h3><ul><li><a href='https:\/\/goias.gov.br\/juceg\/informacoes-para-montar-seu-processo\/' target='_blank'>COMO MONTAR SEU PROCESSO<\/a><\/li><li><a href='https:\/\/online.fliphtml5.com\/dmkfw\/hagz\/' target='_blank'>CARTILHA PARA O EMPREENDEDOR - LICENCIAMENTO FACILITADO DO CORPO DE BOMBEIROS MILITAR<\/a><\/li><li><a href='https:\/\/goias.gov.br\/juceg\/categoria\/cancelamento-por-inatividade\/' target='_blank'>CANCELAMENTO POR INATIVIDADE<\/a><\/li><li><a href='http:\/\/www.planalto.gov.br\/ccivil_03\/Constituicao\/Constituicao.htm' target='_blank'>CONSTITUI\u00c7\u00c3O FEDERAL\/88<\/a><\/li><li><a href='http:\/\/www.planalto.gov.br\/ccivil_03\/LEIS\/2002\/L10406.htm' target='_blank'>C\u00d3DIGO CIVIL<\/a><\/li><li><a href='https:\/\/goias.gov.br\/juceg\/cargos-e-seus-ocupantes\/' target='_blank'>CARGOS E SEUS OCUPANTES<\/a><\/li><li><a href='https:\/\/goias.gov.br\/juceg\/telefones-enderecos-e-horarios-de-atendimento\/' target='_blank'>CANAIS DE ATENDIMENTO<\/a><\/li><li><a href='https:\/\/www.go.gov.br\/servicos\/servicos-por-orgao\/junta-comercial-do-estado-de-goias' target='_blank'>CARTA DE SERVI\u00c7OS<\/a><\/li><li><a href='http:\/\/servicos.juceg.go.gov.br\/andamento-processo\/' target='_blank'>CONSULTAR PROCESSO<\/a><\/li><li><a href='https:\/\/arr.economia.go.gov.br\/arr-www\/view\/consultaDocumentos.jsf' target='_blank'>CONSULTAR PAGAMENTO (DARE)<\/a><\/li><li><a href='https:\/\/www.go.gov.br\/servicos\/servicos-por-orgao\/junta-comercial-do-estado-de-goias' target='_blank'>CARTA DE SERVI\u00c7OS<\/a><\/li><li><a href='https:\/\/goias.gov.br\/juceg\/informacoes-para-montar-seu-processo\/' target='_blank'>COMO MONTAR O SEU PROCESSO<\/a><\/li><li><a href='https:\/\/arr.economia.go.gov.br\/arr-www\/view\/consultaDocumentos.jsf' target='_blank'>CONSULTA DARE<\/a><\/li><li><a href='https:\/\/legisla.casacivil.go.gov.br\/pesquisa_legislacao\/103904\/decreto-9837' target='_blank'>C\u00d3DIGO DE \u00c9TICA<\/a><\/li><li><a href='https:\/\/goias.gov.br\/controladoria' target='_blank'>CONTROLADORIA-GERAL DO ESTADO DE GOI\u00c1S<\/a><\/li><li><a href='https:\/\/goias.gov.br\/governo\/cadastro-de-autoridade\/' target='_blank'>CADASTRO DE AUTORIDADES<\/a><\/li><li><a href='https:\/\/goias.gov.br\/juceg\/competencias\/' target='_blank'>COMPET\u00caNCIAS<\/a><\/li><li><a href='https:\/\/goias.gov.br\/juceg\/cargos-e-seus-ocupantes\/' target='_blank'>CARGOS E SEUS OCUPANTES <\/a><\/li><li><a href='https:\/\/goias.gov.br\/juceg\/wp-content\/uploads\/sites\/42\/2025\/05\/0declaracao-1-conselhos.pdf' target='_blank'>CONSELHOS<\/a><\/li><li><a href='https:\/\/goias.gov.br\/juceg\/convenios-recebidos\/' target='_blank'>CONV\u00caNIOS RECEBIDOS<\/a><\/li><li><a href='https:\/\/goias.gov.br\/juceg\/convenios-concedidos\/' target='_blank'>CONV\u00caNIOS CONCEDIDOS<\/a><\/li><li><a href='https:\/\/www.comprasnet.go.gov.br\/' target='_blank'>COMPRASNET<\/a><\/li><li><a href='https:\/\/www.transparencia.go.gov.br\/wp-content\/uploads\/sites\/2\/painel\/lai.php?painel=contratos_detalhamento&orgao=juceg' target='_blank'>CONTRATOS<\/a><\/li><li><a href='https:\/\/www.transparencia.go.gov.br\/wp-content\/uploads\/sites\/2\/painel\/lai.php?painel=contratos_detalhamento&orgao=juceg' target='_blank'>CONTRATOS EMERGENCIAIS<\/a><\/li><li><a href='https:\/\/goias.gov.br\/juceg\/wp-content\/uploads\/sites\/42\/2025\/05\/0declaracao-6-imoveis.pdf' target='_blank'>CONTRATOS DE LOCA\u00c7\u00c3O DE IM\u00d3VEIS<\/a><\/li><li><a href='https:\/\/goias.gov.br\/juceg\/classificacao-das-informacoes-sigilosas\/' target='_blank'>CLASSIFICA\u00c7\u00c3O DAS INFORMA\u00c7\u00d5ES SIGILOSAS<\/a><\/li><li><a href='https:\/\/goias.gov.br\/juceg\/consultas-publicas\/' target='_blank'>CONSULTAS P\u00daBLICAS<\/a><\/li><\/ul><\/div><div class='sitemap-group'><h3>D<\/h3><ul><li><a href='https:\/\/goias.gov.br\/juceg\/documentos-roubados\/' target='_blank'>DOCUMENTOS ROUBADOS<\/a><\/li><li><a href='https:\/\/goias.gov.br\/juceg\/categoria\/decisoes-singulares-e-colegiadas\/' target='_blank'>DECIS\u00d5ES SINGULARES E COLEGIADAS<\/a><\/li><li><a href='https:\/\/goias.gov.br\/juceg\/categoria\/decisoes-de-processos-administrativos\/' target='_blank'>DECISOES DE PROCESSOS ADMINISTRATIVOS<\/a><\/li><li><a href='http:\/\/www.planalto.gov.br\/ccivil_03\/decreto\/d1800.htm' target='_blank'>DECRETO N\u00ba 1800\/96<\/a><\/li><li><a href='https:\/\/dadosabertos.go.gov.br\/' target='_blank'>DADOS ABERTOS<\/a><\/li><li><a href='https:\/\/www.go.gov.br\/servicos-digitais\/cge\/nova-ouvidoria\/nova-manifestacao\/tela-negativo?orgao=24' target='_blank'>DENUNCIAS CONTRA CORRUP\u00c7\u00c3O<\/a><\/li><li><a href='http:\/\/diariooficial.abc.go.gov.br\/' target='_blank'>DI\u00c1RIO OFICIAL<\/a><\/li><li><a href='https:\/\/dadosabertos.go.gov.br\/' target='_blank'>DADOS ABERTOS GOI\u00c1S<\/a><\/li><li><a href='https:\/\/goias.gov.br\/juceg\/doacoes\/' target='_blank'>DOA\u00c7\u00d5ES<\/a><\/li><li><a href='https:\/\/www.transparencia.go.gov.br\/lai.php?painel=diarias&orgao=juceg' target='_blank'>DI\u00c1RIAS<\/a><\/li><li><a href='https:\/\/dadosabertos.go.gov.br\/organization\/juceg-junta-comercial' target='_blank'>DADOS ABERTOS\u00a0GOI\u00c1S<\/a><\/li><\/ul><\/div><div class='sitemap-group'><h3>E<\/h3><ul><li><a href='https:\/\/goias.gov.br\/juceg\/categoria\/editais\/' target='_blank'>EDITAIS<\/a><\/li><li><a href='https:\/\/www.go.gov.br\/servicos-digitais\/cge\/nova-ouvidoria\/pedido-informacao-publica?orgao=24&tipo_manifestacao=7' target='_blank'>E-SIC<\/a><\/li><li><a href='https:\/\/www.go.gov.br\/servicos-digitais\/cge\/nova-ouvidoria\/pedido-informacao-publica?orgao=24&tipo_manifestacao=7' target='_blank'>E-SIC - SERVI\u00c7O ELETR\u00d4NICO DE INFORMA\u00c7\u00c3O AO CIDAD\u00c3O<\/a><\/li><li><a href='https:\/\/www.go.gov.br\/' target='_blank'>EXPRESSO GOI\u00c1S<\/a><\/li><li><a href='https:\/\/portal.go.gov.br\/' target='_blank'>EXPRESSO APLICA\u00c7\u00d5ES<\/a><\/li><li><a href='https:\/\/www.go.gov.br\/' target='_blank'>EXPRESSO SERVIDOR<\/a><\/li><li><a href='https:\/\/goias.gov.br\/escoladegoverno\/' target='_blank'>ESCOLA DE GOVERNO<\/a><\/li><li><a href='https:\/\/goias.gov.br\/administracao\/junta-comercial-do-estado-de-goias-juceg-dados-gerais\/' target='_blank'>ESTRUTURA ORGANIZACIONAL<\/a><\/li><li><a href='https:\/\/goias.gov.br\/juceg\/telefones-enderecos-e-horarios-de-atendimento\/' target='_blank'>ENDERE\u00c7OS, TELEFONES, E-MAILS E HOR\u00c1RIOS DE ATENDIMENTO<\/a><\/li><li><a href='https:\/\/goias.gov.br\/juceg\/lista_empresas_juceg-2\/' target='_blank'>EMPRESAS P\u00daBLICAS E SOCIEDADES DE ECONOMIAS MISTAS REGISTRADAS NA JUCEG<\/a><\/li><li><a href='https:\/\/goias.gov.br\/juceg\/empresas-constituidas-por-natureza\/' target='_blank'>EMPRESAS CONSTITU\u00cdDAS POR NATUREZA<\/a><\/li><li><a href='https:\/\/www.transparencia.go.gov.br\/lai.php?painel=empenhos&orgao=juceg' target='_blank'>EMPENHOS E PAGAMENTOS<\/a><\/li><li><a href='https:\/\/www.transparencia.go.gov.br\/lai.php?painel=execucao_orcamentaria_visao_geral&orgao=juceg' target='_blank'>EXECU\u00c7\u00c3O OR\u00c7AMENT\u00c1RIA<\/a><\/li><li><a href='https:\/\/goias.gov.br\/juceg\/emendas-parlamentares-estaduais\/' target='_blank'>EMENDAS PARLAMENTARES ESTADUAIS<\/a><\/li><li><a href='https:\/\/goias.gov.br\/juceg\/emendas-parlamentares-federais\/' target='_blank'>EMENDAS PARLAMENTARES FEDERAIS<\/a><\/li><li><a href='https:\/\/www.go.gov.br\/servicos-digitais\/cge\/nova-ouvidoria\/nova-manifestacao?orgao=24' target='_blank'>E-SIC ELETR\u00d4NICO<\/a><\/li><li><a href='https:\/\/goias.gov.br\/juceg\/lei-geral-de-protecao-de-dados-2\/' target='_blank'>ENCARREGADO PELO TRATAMENTO DOS DADOS PESSOAIS<\/a><\/li><\/ul><\/div><div class='sitemap-group'><h3>F<\/h3><ul><li><a href='https:\/\/goias.gov.br\/juceg\/formularios-e-modelos\/' target='_blank'>FORMUL\u00c1RIOS E MODELOS<\/a><\/li><li><a href='https:\/\/goias.gov.br\/juceg\/fale-conosco\/' target='_blank'>FALE CONOSCO<\/a><\/li><li><a href='https:\/\/www.facebook.com\/jucegoias?mibextid=ZbWKwL' target='_blank'>FACEBOOK<\/a><\/li><li><a href='https:\/\/www.transparencia.go.gov.br\/wp-content\/uploads\/sites\/2\/painel\/lai.php?painel=folha_de_pagamento_salarios_de_servidores_ativos&orgao=juceg' target='_blank'>FOLHA DE PAGAMENTO<\/a><\/li><\/ul><\/div><div class='sitemap-group'><h3>G<\/h3><ul><li><a href='https:\/\/goias.gov.br\/juceg\/galeria-de-secretarios\/' target='_blank'>GALERIA DE SECRET\u00c1RIOS<\/a><\/li><li><a href='https:\/\/www.gov.br\/' target='_blank'>GOVERNO FEDERAL<\/a><\/li><li><a href='https:\/\/transparencia.go.gov.br\/' target='_blank'>GOI\u00c1S TRANSPAR\u00caNCIA<\/a><\/li><li><a href='https:\/\/goias.gov.br\/' target='_blank'>GOVERNO<\/a><\/li><li><a href='https:\/\/www.transparencia.go.gov.br\/lai.php?painel=gastos_governamentais&orgao=juceg' target='_blank'>GASTOS GOVERNAMENTAIS<\/a><\/li><li><a href='https:\/\/www.transparencia.go.gov.br\/lai.php?painel=publicidade_propaganda&orgao=juceg' target='_blank'>GASTOS COM PUBLICIDADE E PROPAGANDA<\/a><\/li><\/ul><\/div><div class='sitemap-group'><h3>I<\/h3><ul><li><a href='https:\/\/goias.gov.br\/juceg\/files\/Manuais\/ORIENTACOES_INCUBACOOP.pdf' target='_blank'>INCUBACOOP<\/a><\/li><li><a href='https:\/\/goias.gov.br\/juceg\/categoria\/instrucoes-de-servico\/' target='_blank'>INSTRU\u00c7\u00d5ES DE SERVI\u00c7O<\/a><\/li><li><a href='https:\/\/www.gov.br\/mdic\/pt-br\/assuntos\/drei\/legislacao\/instrucoes-normativas' target='_blank'>INSTRU\u00c7\u00d5ES NORMATIVAS DREI<\/a><\/li><li><a href='https:\/\/goias.gov.br\/juceg\/a-juceg\/' target='_blank'>INSTITUCIONAL<\/a><\/li><li><a href='https:\/\/www.instagram.com\/jucegoficial\/?igshid=NjIwNzIyMDk2Mg%3D%3D' target='_blank'>INSTAGRAM<\/a><\/li><li><a href='https:\/\/www.transparencia.go.gov.br\/lai.php?painel=pda&orgao=juceg' target='_blank'>INVENT\u00c1RIO DE DADOS<\/a><\/li><\/ul><\/div><div class='sitemap-group'><h3>J<\/h3><ul><li><a href='https:\/\/goias.gov.br\/juceg\/servico-juceg-expresso\/' target='_blank'>JUCEG EXPRESSO<\/a><\/li><li><a href='https:\/\/goias.gov.br\/juceg\/servico-juceg-expresso\/' target='_blank'>JUCEG EXPRESSO<\/a><\/li><li><a href='\/juceg\/julgamento-das-contas-pelo-tce-go\/' target='_blank'>JULGAMENTO DAS CONTAS PELO TCE-GO<\/a><\/li><\/ul><\/div><div class='sitemap-group'><h3>L<\/h3><ul><li><a href='https:\/\/goias.gov.br\/juceg\/livros-mercantis\/' target='_blank'>LIVROS MERCANTIS<\/a><\/li><li><a href='https:\/\/goias.gov.br\/juceg\/leiloeiros\/' target='_blank'>LEILOEIROS<\/a><\/li><li><a href='https:\/\/goias.gov.br\/juceg\/categoria\/licitacoes\/' target='_blank'>LICITA\u00c7\u00d5ES JUCEG<\/a><\/li><li><a href='http:\/\/www.planalto.gov.br\/ccivil_03\/leis\/L8934.htm' target='_blank'>LEI N\u00ba 8.934\/94<\/a><\/li><li><a href='http:\/\/www.planalto.gov.br\/ccivil_03\/Leis\/LCP\/Lcp123.htm' target='_blank'>LEI COMPLEMENTAR N\u00ba 123\/06, (LEI GERAL DA MICRO E PEQUENA EMPRESA)<\/a><\/li><li><a href='http:\/\/www.planalto.gov.br\/ccivil_03\/leis\/LCP\/Lcp147.htm' target='_blank'>LEI COMPLEMENTAR N\u00ba 147\/14<\/a><\/li><li><a href='http:\/\/www.planalto.gov.br\/ccivil_03\/Leis\/L5764.htm' target='_blank'>LEI N\u00ba 5.764 (COOPERATIVAS)<\/a><\/li><li><a href='http:\/\/www.planalto.gov.br\/ccivil_03\/Leis\/L6404consol.htm' target='_blank'>LEI N\u00ba 6.404 (SOCIEDADES POR A\u00c7\u00d5ES)<\/a><\/li><li><a href='https:\/\/goias.gov.br\/juceg\/lei-geral-de-protecao-de-dados\/' target='_blank'>LGPD<\/a><\/li><li><a href='https:\/\/goias.gov.br\/juceg\/legislacao-aplicavel-filtro\/' target='_blank'>LEGISLA\u00c7\u00c3O APLIC\u00c1VEL\u00a0<\/a><\/li><li><a href='https:\/\/www.transparencia.go.gov.br\/wp-content\/uploads\/sites\/2\/painel\/lai.php?painel=folha_de_pagamento_salarios_de_estagiarios_ativos&orgao=juceg' target='_blank'>LISTA DE ESTAGI\u00c1RIOS<\/a><\/li><li><a href='https:\/\/www.transparencia.go.gov.br\/lai.php?painel=licitacoes_licitacoes_concluidas&orgao=juceg' target='_blank'>LICITA\u00c7\u00d5ES - COMPRASNET<\/a><\/li><li><a href='https:\/\/www.transparencia.go.gov.br\/wp-content\/uploads\/sites\/2\/painel\/lai.php?painel=licitacoes_concluidas_sislog&orgao=juceg' target='_blank'>LICITA\u00c7\u00d5ES - SISLOG<\/a><\/li><li><a href='https:\/\/transparencia.go.gov.br\/fornecedores-impedidos\/' target='_blank'>LICITANTES SANCIONADOS ADMINISTRATIVAMENTE<\/a><\/li><li><a href='https:\/\/www.transparencia.go.gov.br\/orcamento-e-planejamento-pecas\/' target='_blank'>LDO \/ LOA <\/a><\/li><li><a href='https:\/\/legisla.casacivil.go.gov.br\/pesquisa_legislacao\/90142\/lei-18025' target='_blank'>LEI DE ACESSO \u00c0 INFORMA\u00c7\u00c3O<\/a><\/li><\/ul><\/div><div class='sitemap-group'><h3>M<\/h3><ul><li><a href='https:\/\/goias.gov.br\/juceg\/atencao-para-novas-regras-para-emissao-do-cnpj\/' target='_blank'>M\u00d3DULO ADMINISTRA\u00c7\u00c3O TRIBUT\u00c1RIA \u2013 MAT<\/a><\/li><li><a href='https:\/\/www.mpgo.mp.br\/portal\/' target='_blank'>MINIST\u00c9RIO P\u00daBLICO DO ESTADO DE GOI\u00c1S<\/a><\/li><li><a href='https:\/\/goias.gov.br\/juceg\/wp-content\/uploads\/sites\/42\/2025\/08\/Monitoramento-de-Programas-Projetos-Acoes-e-Atividades.pdf' target='_blank'>MONITORAMENTO DE PROGRAMAS, PROJETOS, A\u00c7\u00d5ES E ATIVIDADES<\/a><\/li><\/ul><\/div><div class='sitemap-group'><h3>N<\/h3><ul><li><a href='https:\/\/goias.gov.br\/juceg\/nossa-historia\/' target='_blank'>NOSSA HIST\u00d3RIA<\/a><\/li><li><a href='https:\/\/goias.gov.br\/juceg\/categoria\/noticias\/' target='_blank'>NOT\u00cdCIAS<\/a><\/li><\/ul><\/div><div class='sitemap-group'><h3>O<\/h3><ul><li><a href='https:\/\/goias.gov.br\/juceg\/relatorio-anual-da-ouvidoria-juceg-2021\/' target='_blank'>OUVIDORIA<\/a><\/li><li><a href='https:\/\/goias.gov.br\/juceg\/categoria\/orientacoes-e-modelos\/' target='_blank'>ORIENTA\u00c7\u00d5ES E MODELOS<\/a><\/li><li><a href='https:\/\/www.go.gov.br\/servicos-digitais\/cge\/nova-ouvidoria?orgao=24' target='_blank'>OUVIDORIA SETORIAL (EXPRESSO)<\/a><\/li><li><a href='https:\/\/goias.gov.br\/juceg\/ouvidoria-setorial\/' target='_blank'>OUVIDORIA SETORIAL (PRESENCIAL)<\/a><\/li><li><a href='https:\/\/www.transparencia.go.gov.br\/wp-content\/uploads\/sites\/2\/painel\/lai.php?painel=ordem_cronologica_despesas&orgao=juceg' target='_blank'>ORDEM CRONOL\u00d3GICA DE PAGAMENTOS<\/a><\/li><li><a href='https:\/\/app.powerbi.com\/view?r=eyJrIjoiOWJhM2E1YjQtMTM4Yi00NDQ2LTgzZjQtOTFhNDk2N2Y2MWQ0IiwidCI6IjY3ZmQ0MzFjLWIyYWQtNDg2Ny04MWJjLWQ3NTYyMjBiNTZkNCJ9&pageName=ReportSectiond755217298c2706b71dc' target='_blank'>OBRAS<\/a><\/li><li><a href='https:\/\/app.powerbi.com\/view?r=eyJrIjoiOWJhM2E1YjQtMTM4Yi00NDQ2LTgzZjQtOTFhNDk2N2Y2MWQ0IiwidCI6IjY3ZmQ0MzFjLWIyYWQtNDg2Ny04MWJjLWQ3NTYyMjBiNTZkNCJ9&pageName=ReportSection8f435ccde7de8820eb54' target='_blank'>OBRAS PARALISADAS<\/a><\/li><li><a href='https:\/\/goias.gov.br\/juceg\/obras-audiencias-consultas-publicas\/' target='_blank'>OBRAS - AUDI\u00caNCIAS\/CONSULTAS P\u00daBLICAS<\/a><\/li><li><a href='https:\/\/goias.gov.br\/juceg\/wp-content\/uploads\/sites\/42\/2024\/06\/Ouvidoria-Juceg-1.pdf' target='_blank'>OUVIDORIA - ATENDIMENTO PRESENCIAL<\/a><\/li><\/ul><\/div><div class='sitemap-group'><h3>P<\/h3><ul><li><a href='https:\/\/goias.gov.br\/juceg\/portarias-juceg\/' target='_blank'>PORTARIAS JUCEG<\/a><\/li><li><a href='https:\/\/goias.gov.br\/juceg\/categoria\/portarias\/' target='_blank'>PORTARIAS<\/a><\/li><li><a href='https:\/\/goias.gov.br\/juceg\/portarias-juceg\/' target='_blank'>PORTARIAS \u2013 JUCEG<\/a><\/li><li><a href='https:\/\/transparencia.go.gov.br\/' target='_blank'>PORTAL DA TRANSPAR\u00caNCIA<\/a><\/li><li><a href='https:\/\/goias.gov.br\/controladoria\/programa-de-compliance-publico-do-governo-de-goias\/' target='_blank'>PCP<\/a><\/li><li><a href='https:\/\/goias.gov.br\/procuradoria\/' target='_blank'>PROCURADORIA-GERAL DO ESTADO DE GOI\u00c1S<\/a><\/li><li><a href='https:\/\/goias.gov.br\/juceg\/programa-de-compliance-publico-pcp\/' target='_blank'>PROGRAMA DE COMPLIANCE P\u00daBLICO - PCP<\/a><\/li><li><a href='https:\/\/sislog.go.gov.br\/Pca' target='_blank'>PCA-PLANO DE CONTRATA\u00c7\u00d5ES ANUAL<\/a><\/li><li><a href='https:\/\/www.gov.br\/pncp\/pt-br\/acesso-a-informacao\/painel-pncp-em-numeros\/pncp-em-numeros-contratacoes\/pncp-em-numeros-municipio' target='_blank'>PNCP<\/a><\/li><li><a href='https:\/\/goias.gov.br\/juceg\/parceria-com-oscs-2\/' target='_blank'>PARCERIAS COM OSCS<\/a><\/li><li><a href='https:\/\/goias.gov.br\/juceg\/wp-content\/uploads\/sites\/42\/2026\/04\/JUCEG-PEI-2024-2027.pdf' target='_blank'>PLANO ESTRAT\u00c9GICO INSTITUCIONAL<\/a><\/li><li><a href='https:\/\/ppa.go.gov.br\/' target='_blank'>PPA<\/a><\/li><li><a href='http:\/\/www.planalto.gov.br\/ccivil_03\/_ato2015-2018\/2018\/lei\/l13709.htm' target='_blank'>POL\u00cdTICA DE PRIVACIDADE E PROTE\u00c7\u00c3O DE DADOS<\/a><\/li><li><a href='https:\/\/app.powerbi.com\/view?r=eyJrIjoiNmRhN2MzZmYtMWZkMi00ODdmLWJhNGQtYTJkODcwNDJlMTU4IiwidCI6IjY3ZmQ0MzFjLWIyYWQtNDg2Ny04MWJjLWQ3NTYyMjBiNTZkNCJ9' target='_blank'>PESQUISA DE SATISFA\u00c7\u00c3O<\/a><\/li><li><a href='https:\/\/transparencia.go.gov.br\/' target='_blank'>PORTAL GOI\u00c1S TRANSPARENTE<\/a><\/li><li><a href='https:\/\/goias.gov.br\/juceg\/wp-content\/uploads\/sites\/42\/2025\/06\/declaracao-8-projetos.pdf' target='_blank'>PROJETOS DE PARTICIPA\u00c7\u00c3O SOCIAL<\/a><\/li><li><a href='https:\/\/goias.gov.br\/juceg\/wp-content\/uploads\/sites\/42\/2025\/09\/inovacao-no-setor-publico.pdf' target='_blank'>PROJETOS DE INOVA\u00c7\u00c3O NO SERVI\u00c7O P\u00daBLICO<\/a><\/li><\/ul><\/div><div class='sitemap-group'><h3>R<\/h3><ul><li><a href='https:\/\/goias.gov.br\/juceg\/reativacao-de-empresas\/' target='_blank'>REATIVA\u00c7\u00c3O DE EMPRESAS<\/a><\/li><li><a href='https:\/\/goias.gov.br\/juceg\/categoria\/resolucoes\/' target='_blank'>RESOLU\u00c7\u00d5ES<\/a><\/li><li><a href='https:\/\/radardatransparencia.atricon.org.br\/' target='_blank'>RADAR DA TRANSPAR\u00caNCIA<\/a><\/li><li><a href='https:\/\/www.transparencia.go.gov.br\/wp-content\/uploads\/sites\/2\/painel\/lai.php?painel=receitas_estaduais&orgao=juceg' target='_blank'>RECEITA ESTADUAL<\/a><\/li><li><a href='https:\/\/goias.gov.br\/juceg\/servidores-terceirizados-filtro\/' target='_blank'>RELA\u00c7\u00c3O DE TERCEIRIZADOS<\/a><\/li><li><a href='https:\/\/www.transparencia.go.gov.br\/wp-content\/uploads\/sites\/2\/painel\/lai.php?painel=contratos_fiscais_e_gestores&orgao=juceg' target='_blank'>RELA\u00c7\u00c3O DOS FISCAIS DOS CONTRATOS<\/a><\/li><li><a href='https:\/\/goias.gov.br\/juceg\/wp-content\/uploads\/sites\/42\/2025\/09\/SEI-VEICULOS.pdf' target='_blank'>RELA\u00c7\u00c3O DE VE\u00cdCULOS<\/a><\/li><li><a href='\/juceg\/relatorio_de_gestao_ou_atividades\/' target='_blank'>RELAT\u00d3RIO DE GEST\u00c3O OU ATIVIDADES<\/a><\/li><li><a href='https:\/\/transparencia.go.gov.br\/gestao-fiscal-e-governamental-rgf\/' target='_blank'>RGF<\/a><\/li><li><a href='https:\/\/transparencia.go.gov.br\/rreo\/' target='_blank'>RREO<\/a><\/li><li><a href='https:\/\/www.ouvidoriageral.go.gov.br\/api\/relatorio_gestao.php?-tipo=7&orgao=24' target='_blank'>RELAT\u00d3RIO DE PEDIDOS DE ACESSO \u00c0 INFORMA\u00c7\u00c3O<\/a><\/li><li><a href='https:\/\/goias.gov.br\/juceg\/relatorios-de-gestao-de-ouvidoria\/' target='_blank'>RELAT\u00d3RIO DE GEST\u00c3O DE OUVIDORIA<\/a><\/li><\/ul><\/div><div class='sitemap-group'><h3>S<\/h3><ul><li><a href='https:\/\/goias.gov.br\/juceg\/sic-servico-de-informacao-ao-cidadao\/' target='_blank'>SIC \u2013 SERVI\u00c7O DE INFORMA\u00c7\u00c3O AO CIDAD\u00c3O<\/a><\/li><li><a href='https:\/\/goias.gov.br\/administracao\/siga-eng\/' target='_blank'>SIGA<\/a><\/li><li><a href='https:\/\/goias.gov.br\/juceg\/sic-servico-de-informacao-ao-cidadao\/' target='_blank'>SIC - SERVI\u00c7O DE INFORMA\u00c7\u00c3O AO CIDAD\u00c3O<\/a><\/li><li><a href='https:\/\/sei.go.gov.br\/sei\/modulos\/goias\/login-sei\/MdGoiasLoginSEI.php?acao=md_goias_login_SEI&sigla_orgao_sistema=GOVERNADORIA&sigla_sistema=SEI&infra_url=L3NlaS8=' target='_blank'>SEI GOVERNADORIA<\/a><\/li><li><a href='https:\/\/goias.gov.br\/juceg\/wp-content\/uploads\/sites\/42\/2025\/07\/Perguntas-frequentes-2025.pdf' target='_blank'>SOBRE A JUCEG<\/a><\/li><li><a href='https:\/\/goias.gov.br\/juceg\/wp-content\/uploads\/sites\/42\/2024\/05\/Perguntas-frequentes-ouvidoria.pdf' target='_blank'>SOBRE A OUVIDORIA<\/a><\/li><li><a href='https:\/\/goias.gov.br\/juceg\/perguntas-frequentes-sobre-transparencia-publica\/' target='_blank'>SOBRE TRANSPAR\u00caNCIA P\u00daBLICA<\/a><\/li><li><a href='https:\/\/sislog.go.gov.br\/' target='_blank'>SISLOG<\/a><\/li><li><a href='https:\/\/vaptvupt.go.gov.br\/unidades' target='_blank'>SIC F\u00cdSICO \u2013 UNIDADES DO\u00a0VAPT VUPT<\/a><\/li><\/ul><\/div><div class='sitemap-group'><h3>T<\/h3><ul><li><a href='https:\/\/goias.gov.br\/juceg\/wp-content\/uploads\/sites\/42\/2024\/12\/Tabela_de_preco_2025.pdf' target='_blank'>TABELA DE PRE\u00c7OS - DARE (ESTADUAL) - 2025<\/a><\/li><li><a href='https:\/\/goias.gov.br\/juceg\/tradutores\/' target='_blank'>TRADUTORES<\/a><\/li><li><a href='https:\/\/goias.gov.br\/juceg\/tabela-de-precos-dare\/' target='_blank'>TABELA DE PRE\u00c7OS DARE<\/a><\/li><li><a href='https:\/\/www.tjgo.jus.br\/' target='_blank'>TRIBUNAL DE JUSTI\u00c7A DO ESTADO DE GOI\u00c1S<\/a><\/li><li><a href='https:\/\/goias.gov.br\/juceg\/termos-de-colaboracao-termos-de-fomento-acordos-de-cooperacao-filtro\/' target='_blank'>TERMOS DE COLABORA\u00c7\u00c3O, TERMOS DE FOMENTO, ACORDOS DE COOPERA\u00c7\u00c3O<\/a><\/li><\/ul><\/div><div class='sitemap-group'><h3>U<\/h3><ul><li><a href='https:\/\/goias.gov.br\/juceg\/atendimento-presencial-unidades-do-vapt-vupt-disponiveis\/' target='_blank'>UNIDADES DE ATENDIMENTO<\/a><\/li><\/ul><\/div><div class='sitemap-group'><h3>V<\/h3><ul><li><a href='http:\/\/servicos.juceg.go.gov.br\/validardocumento\/' target='_blank'>VALIDAR DOCUMENTOS<\/a><\/li><\/ul><\/div><\/div>\n","protected":false},"excerpt":{"rendered":"","protected":false},"author":77,"featured_media":0,"parent":0,"menu_order":0,"comment_status":"closed","ping_status":"closed","template":"","meta":{"footnotes":""},"class_list":["post-2946","page","type-page","status-publish","hentry"],"rttpg_featured_image_url":null,"rttpg_author":{"display_name":"barbaragodoy","author_link":"https:\/\/goias.gov.br\/juceg\/author\/barbaragodoy\/"},"rttpg_comment":0,"rttpg_category":null,"rttpg_excerpt":null,"_links":{"self":[{"href":"https:\/\/goias.gov.br\/juceg\/wp-json\/wp\/v2\/pages\/2946","targetHints":{"allow":["GET"]}}],"collection":[{"href":"https:\/\/goias.gov.br\/juceg\/wp-json\/wp\/v2\/pages"}],"about":[{"href":"https:\/\/goias.gov.br\/juceg\/wp-json\/wp\/v2\/types\/page"}],"author":[{"embeddable":true,"href":"https:\/\/goias.gov.br\/juceg\/wp-json\/wp\/v2\/users\/77"}],"replies":[{"embeddable":true,"href":"https:\/\/goias.gov.br\/juceg\/wp-json\/wp\/v2\/comments?post=2946"}],"version-history":[{"count":2,"href":"https:\/\/goias.gov.br\/juceg\/wp-json\/wp\/v2\/pages\/2946\/revisions"}],"predecessor-version":[{"id":4949,"href":"https:\/\/goias.gov.br\/juceg\/wp-json\/wp\/v2\/pages\/2946\/revisions\/4949"}],"wp:attachment":[{"href":"https:\/\/goias.gov.br\/juceg\/wp-json\/wp\/v2\/media?parent=2946"}],"curies":[{"name":"wp","href":"https:\/\/api.w.org\/{rel}","templated":true}]}}