

{"id":2942,"date":"2024-01-09T20:29:29","date_gmt":"2024-01-09T23:29:29","guid":{"rendered":"https:\/\/siteshom.goias.gov.br\/juceg\/?page_id=2942"},"modified":"2026-03-10T15:40:58","modified_gmt":"2026-03-10T18:40:58","slug":"fale-conosco","status":"publish","type":"page","link":"https:\/\/goias.gov.br\/juceg\/fale-conosco\/","title":{"rendered":"Fale conosco"},"content":{"rendered":"\t\t<div data-elementor-type=\"wp-page\" data-elementor-id=\"2942\" class=\"elementor elementor-2942\">\n\t\t\t\t<div class=\"elementor-element elementor-element-eee657b e-flex e-con-boxed e-con e-parent\" data-id=\"eee657b\" data-element_type=\"container\" data-e-type=\"container\">\n\t\t\t\t\t<div class=\"e-con-inner\">\n\t\t<div class=\"elementor-element elementor-element-0a09931 e-con-full e-flex e-con e-child\" data-id=\"0a09931\" data-element_type=\"container\" data-e-type=\"container\">\n\t\t\t\t<div class=\"elementor-element elementor-element-84cfe6d elementor-widget elementor-widget-shortcode\" data-id=\"84cfe6d\" data-element_type=\"widget\" data-e-type=\"widget\" data-widget_type=\"shortcode.default\">\n\t\t\t\t\t\t\t<div class=\"elementor-shortcode\">\n<div class=\"wpcf7 no-js\" id=\"wpcf7-f3059-o1\" lang=\"pt-BR\" dir=\"ltr\" data-wpcf7-id=\"3059\">\n<div class=\"screen-reader-response\"><p role=\"status\" aria-live=\"polite\" aria-atomic=\"true\"><\/p> <ul><\/ul><\/div>\n<form action=\"\/juceg\/wp-json\/wp\/v2\/pages\/2942#wpcf7-f3059-o1\" method=\"post\" class=\"wpcf7-form init\" aria-label=\"Formul\u00e1rios de contato\" novalidate=\"novalidate\" data-status=\"init\">\n<fieldset class=\"hidden-fields-container\"><input type=\"hidden\" name=\"_wpcf7\" value=\"3059\" \/><input type=\"hidden\" name=\"_wpcf7_version\" value=\"6.1.5\" \/><input type=\"hidden\" name=\"_wpcf7_locale\" value=\"pt_BR\" \/><input type=\"hidden\" name=\"_wpcf7_unit_tag\" value=\"wpcf7-f3059-o1\" \/><input type=\"hidden\" name=\"_wpcf7_container_post\" value=\"0\" \/><input type=\"hidden\" name=\"_wpcf7_posted_data_hash\" value=\"\" \/>\n<\/fieldset>\n<p><label> Nome<br \/>\n<span class=\"wpcf7-form-control-wrap\" data-name=\"your-name\"><input size=\"40\" maxlength=\"400\" class=\"wpcf7-form-control wpcf7-text wpcf7-validates-as-required\" aria-required=\"true\" aria-invalid=\"false\" value=\"\" type=\"text\" name=\"your-name\" \/><\/span> <\/label>\n<\/p>\n<p><label> E-mail<br \/>\n<span class=\"wpcf7-form-control-wrap\" data-name=\"your-email\"><input size=\"40\" maxlength=\"400\" class=\"wpcf7-form-control wpcf7-email wpcf7-validates-as-required wpcf7-text wpcf7-validates-as-email\" aria-required=\"true\" aria-invalid=\"false\" value=\"\" type=\"email\" name=\"your-email\" \/><\/span> <\/label>\n<\/p>\n<p><label> Assunto<br \/>\n<span class=\"wpcf7-form-control-wrap\" data-name=\"your-subject\"><input size=\"40\" maxlength=\"400\" class=\"wpcf7-form-control wpcf7-text wpcf7-validates-as-required\" aria-required=\"true\" aria-invalid=\"false\" value=\"\" type=\"text\" name=\"your-subject\" \/><\/span> <\/label>\n<\/p>\n<p><label> Mensagem<br \/>\n<span class=\"wpcf7-form-control-wrap\" data-name=\"your-message\"><textarea cols=\"40\" rows=\"10\" maxlength=\"2000\" class=\"wpcf7-form-control wpcf7-textarea wpcf7-validates-as-required\" aria-required=\"true\" aria-invalid=\"false\" name=\"your-message\"><\/textarea><\/span> <\/label>\n<\/p>\n<p><input class=\"wpcf7-form-control wpcf7-submit has-spinner\" type=\"submit\" value=\"Enviar\" \/>\n<\/p><div class=\"wpcf7-response-output\" aria-hidden=\"true\"><\/div>\n<\/form>\n<\/div>\n<\/div>\n\t\t\t\t\t\t<\/div>\n\t\t\t\t<\/div>\n\t\t<div class=\"elementor-element elementor-element-a38ebb5 e-con-full e-flex e-con e-child\" data-id=\"a38ebb5\" data-element_type=\"container\" data-e-type=\"container\">\n\t\t\t\t<div class=\"elementor-element elementor-element-6bb81c1 elementor-widget elementor-widget-text-editor\" data-id=\"6bb81c1\" data-element_type=\"widget\" data-e-type=\"widget\" data-widget_type=\"text-editor.default\">\n\t\t\t\t\t\t\t\t\t<p><strong>JUCEG SEDE:<\/strong><br \/><strong>Endere\u00e7o: <\/strong>Rua 260 esquina com Rua 259, Quadra 85-A, Lote 5-E, Setor Leste Universit\u00e1rio &#8211;<br \/>Goi\u00e2nia \u2013 GO &#8211; CEP 74.610-240<br \/><strong>Fone:<\/strong> (62) 3252-9200<br \/><strong>Google maps:<\/strong> <a href=\"https:\/\/goo.gl\/maps\/rjjcBD44BYsF5adf8\" target=\"_blank\" rel=\"noopener\" data-cke-saved-href=\"https:\/\/goo.gl\/maps\/rjjcBD44BYsF5adf8\">https:\/\/goo.gl\/maps\/rjjcBD44BYsF5adf8<\/a><\/p><p><strong>Of\u00edcios e mandados judiciais:<\/strong> <a href=\"mailto:protocolo@juceg.go.gov.br\" target=\"_blank\" rel=\"noopener\">protocolo@juceg.go.gov.br<\/a><\/p><p><strong>SISTEMA DE INFORMA\u00c7\u00c3O AO CIDAD\u00c3O &#8211; SIC<br \/>Fone:<\/strong> (62) 3252-9200 (op\u00e7\u00e3o n\u00famero 9)<br \/><strong>E-mail:<\/strong> atendimento@juceg.go.gov.br<br \/><strong>Chat on-line:<\/strong> <a href=\"http:\/\/servicos.juceg.go.gov.br\/lhc_web_old\/index.php\/\">http:\/\/servicos.juceg.go.gov.br\/lhc_web_old\/index.php\/<\/a><\/p><p><strong>IMPRENSA<br \/>E-mail: <\/strong>comunicacao@juceg.go.gov.br<br \/><strong>Fone:<\/strong> (62) 3252-9275<br \/><strong>Chefe de Comunica\u00e7\u00e3o:<\/strong> Eva Taucci<\/p><p><strong>OUVIDORIA JUCEG<br \/>Fone:<\/strong> (62) 3252- 9276<br \/><strong>E-mail: <\/strong>ouvidoria@juceg.go.gov.br<\/p><p><strong>DEMAIS TELEFONES E CONTATOS<\/strong><br \/><strong>Clique aqui :<\/strong> <a href=\"\/juceg\/cargos-e-seus-ocupantes\/\" target=\"_blank\" rel=\"noopener\" data-cke-saved-href=\"https:\/\/goias.gov.br\/juceg\/a-juceg\/cargos-e-seus-ocupantes.html\">cargos e seus ocupantes<\/a><\/p>\t\t\t\t\t\t\t\t<\/div>\n\t\t\t\t<\/div>\n\t\t\t\t\t<\/div>\n\t\t\t\t<\/div>\n\t\t\t\t<\/div>\n\t\t","protected":false},"excerpt":{"rendered":"<p>JUCEG SEDE:Endere\u00e7o: Rua 260 esquina com Rua 259, Quadra 85-A, Lote 5-E, Setor Leste Universit\u00e1rio &#8211;Goi\u00e2nia \u2013 GO &#8211; CEP 74.610-240Fone: (62) 3252-9200Google maps: https:\/\/goo.gl\/maps\/rjjcBD44BYsF5adf8 Of\u00edcios e mandados judiciais: protocolo@juceg.go.gov.br SISTEMA DE INFORMA\u00c7\u00c3O AO CIDAD\u00c3O &#8211; SICFone: (62) 3252-9200 (op\u00e7\u00e3o n\u00famero 9)E-mail: atendimento@juceg.go.gov.brChat on-line: http:\/\/servicos.juceg.go.gov.br\/lhc_web_old\/index.php\/ IMPRENSAE-mail: comunicacao@juceg.go.gov.brFone: (62) 3252-9275Chefe de Comunica\u00e7\u00e3o: Eva Taucci OUVIDORIA JUCEGFone: [&hellip;]<\/p>\n","protected":false},"author":77,"featured_media":0,"parent":0,"menu_order":0,"comment_status":"closed","ping_status":"closed","template":"","meta":{"footnotes":""},"class_list":["post-2942","page","type-page","status-publish","hentry"],"rttpg_featured_image_url":null,"rttpg_author":{"display_name":"barbaragodoy","author_link":"https:\/\/goias.gov.br\/juceg\/author\/barbaragodoy\/"},"rttpg_comment":0,"rttpg_category":null,"rttpg_excerpt":"JUCEG SEDE:Endere\u00e7o: Rua 260 esquina com Rua 259, Quadra 85-A, Lote 5-E, Setor Leste Universit\u00e1rio &#8211;Goi\u00e2nia \u2013 GO &#8211; CEP 74.610-240Fone: (62) 3252-9200Google maps: https:\/\/goo.gl\/maps\/rjjcBD44BYsF5adf8 Of\u00edcios e mandados judiciais: protocolo@juceg.go.gov.br SISTEMA DE INFORMA\u00c7\u00c3O AO CIDAD\u00c3O &#8211; SICFone: (62) 3252-9200 (op\u00e7\u00e3o n\u00famero 9)E-mail: atendimento@juceg.go.gov.brChat on-line: http:\/\/servicos.juceg.go.gov.br\/lhc_web_old\/index.php\/ IMPRENSAE-mail: comunicacao@juceg.go.gov.brFone: (62) 3252-9275Chefe de Comunica\u00e7\u00e3o: Eva Taucci OUVIDORIA JUCEGFone:&hellip;","_links":{"self":[{"href":"https:\/\/goias.gov.br\/juceg\/wp-json\/wp\/v2\/pages\/2942","targetHints":{"allow":["GET"]}}],"collection":[{"href":"https:\/\/goias.gov.br\/juceg\/wp-json\/wp\/v2\/pages"}],"about":[{"href":"https:\/\/goias.gov.br\/juceg\/wp-json\/wp\/v2\/types\/page"}],"author":[{"embeddable":true,"href":"https:\/\/goias.gov.br\/juceg\/wp-json\/wp\/v2\/users\/77"}],"replies":[{"embeddable":true,"href":"https:\/\/goias.gov.br\/juceg\/wp-json\/wp\/v2\/comments?post=2942"}],"version-history":[{"count":2,"href":"https:\/\/goias.gov.br\/juceg\/wp-json\/wp\/v2\/pages\/2942\/revisions"}],"predecessor-version":[{"id":31204,"href":"https:\/\/goias.gov.br\/juceg\/wp-json\/wp\/v2\/pages\/2942\/revisions\/31204"}],"wp:attachment":[{"href":"https:\/\/goias.gov.br\/juceg\/wp-json\/wp\/v2\/media?parent=2942"}],"curies":[{"name":"wp","href":"https:\/\/api.w.org\/{rel}","templated":true}]}}